{"id":722,"date":"2021-07-02T19:27:59","date_gmt":"2021-07-02T22:27:59","guid":{"rendered":"https:\/\/lucianemonteiro.com\/?page_id=722"},"modified":"2021-07-02T19:27:59","modified_gmt":"2021-07-02T22:27:59","slug":"coleto-sorrisos","status":"publish","type":"page","link":"https:\/\/lucianemonteiro.com\/index.php\/coleto-sorrisos\/","title":{"rendered":"Coleto sorrisos"},"content":{"rendered":"\n<p>Todos os dias uma sorridente senhorinha passava pelo meu port\u00e3o. Era magra, mas n\u00e3o pequena, sempre de saia rodada e sorriso no rosto. Imaginei que sua juventude vi\u00e7osa ficou cravada na alma. A alma era jovem, por certo, pensei. Um dia, curiosa, perguntei o que ela fazia.<\/p>\n\n\n\n<p>\u201cColeto delicadezas&#8221;, respondeu tranquila. \u201cHoje o dia n\u00e3o rendeu muito, s\u00f3 tr\u00eas acenos de cabe\u00e7a, um bom dia e dois sorrisos. Sorrisos contidos, mas gentis. Levo-os comigo para casa, n\u00e3o no bolso, mas na mem\u00f3ria de que recebi pequenas delicadezas ao longo do dia. Amanh\u00e3 ser\u00e1 outro dia, amanh\u00e3 coleto mais.\u201d<\/p>\n\n\n\n<p>Fiquei curiosa sobre sua inusitada atividade di\u00e1ria. No dia seguinte, perguntei como havia sido a coleta.<\/p>\n\n\n\n<p>\u201cHoje a coleta foi pequena\u201d, respondeu-me com a mesma tranquilidade, \u201cmas n\u00e3o importa a quantidade. O importante \u00e9 colher gentilezas. Vim de um reino onde n\u00e3o se dizia bom dia e me sentia uma estrangeira. Descobri que nessa terra estranha se diz bom dia, mas voc\u00ea tem que estudar a express\u00e3o primeiro. Se identificar um ind\u00edcio positivo de sorriso, corresponda, o sorriso faz bem para a alma. N\u00e3o alimenta o corpo, a conta banc\u00e1ria, apenas a alma. \u00c9 um conforto delicado\u201d. Olhei para suas vestimentas simples e surradas, afinal sorrisos n\u00e3o pagam contas, pensei. \u201cE, amanh\u00e3, o que far\u00e1?\u201d, indaguei.<\/p>\n\n\n\n<p>\u201cAmanh\u00e3 ser\u00e1 outro dia. Solit\u00e1ria e forasteira, caminharei novamente, por ruas, lagos e montanhas. Castelos, casebres e abrigos. Neles se abrigam pessoas, quem sabe alguns anjos&#8230; Abrigam-se fam\u00edlias inteiras ou apenas habitantes solit\u00e1rios. Mas em todos os ref\u00fagios abrigam-se sonhos, como os que se abrigam em mim&#8221;, ela respondeu com o olhar quim\u00e9rico.<\/p>\n\n\n\n<p>Busquei os sonhos em mim e descobri que havia me despido de todos para caber em minha realidade. Perguntei, ent\u00e3o, o que fazia com os sorrisos coletados.<\/p>\n\n\n\n<p>\u201cEu os distribuo\u201d, respondeu, doando-me um sorriso.<\/p>\n\n\n\n<p>Segurei com carinho e guardei no peito. Mais tarde me senti aquecida e percebi que sua solid\u00e3o n\u00e3o era diferente da minha, apenas separada por um muro; eu num castelo, ela num casebre. Voltei ao port\u00e3o no dia seguinte, mas n\u00e3o do lado de dentro.<\/p>\n\n\n\n<p>\u201cDescobri que nesse reino tamb\u00e9m se abrigam fadas\u201d, eu lhe disse, acompanhando seus passos, com uma cesta imagin\u00e1ria na mente para coletar pequenas gentilezas da vida ao seu lado.<\/p>\n\n\n\n<p>Luciane Monteiro<\/p>\n\n\n\n<div class=\"wp-block-image is-style-default\"><figure class=\"aligncenter size-large is-resized\"><img loading=\"lazy\" decoding=\"async\" src=\"https:\/\/lucianemonteiro.com\/wp-content\/uploads\/2021\/01\/oil-painting-5331335_1920-683x1024.jpg\" alt=\"\" class=\"wp-image-745\" width=\"535\" height=\"802\" srcset=\"https:\/\/lucianemonteiro.com\/wp-content\/uploads\/2021\/01\/oil-painting-5331335_1920-683x1024.jpg 683w, https:\/\/lucianemonteiro.com\/wp-content\/uploads\/2021\/01\/oil-painting-5331335_1920-200x300.jpg 200w, https:\/\/lucianemonteiro.com\/wp-content\/uploads\/2021\/01\/oil-painting-5331335_1920-768x1152.jpg 768w, https:\/\/lucianemonteiro.com\/wp-content\/uploads\/2021\/01\/oil-painting-5331335_1920-1024x1536.jpg 1024w, https:\/\/lucianemonteiro.com\/wp-content\/uploads\/2021\/01\/oil-painting-5331335_1920-1140x1710.jpg 1140w, https:\/\/lucianemonteiro.com\/wp-content\/uploads\/2021\/01\/oil-painting-5331335_1920-600x900.jpg 600w, https:\/\/lucianemonteiro.com\/wp-content\/uploads\/2021\/01\/oil-painting-5331335_1920.jpg 1280w\" sizes=\"auto, (max-width: 535px) 100vw, 535px\" \/><figcaption>Imagem de <a href=\"https:\/\/pixabay.com\/pt\/users\/layers-245306\/?utm_source=link-attribution&amp;utm_medium=referral&amp;utm_campaign=image&amp;utm_content=5331335\">Layers<\/a> por <a href=\"https:\/\/pixabay.com\/pt\/?utm_source=link-attribution&amp;utm_medium=referral&amp;utm_campaign=image&amp;utm_content=5331335\">Pixabay<\/a><\/figcaption><\/figure><\/div>\n\n\n\n<ul class=\"wp-block-social-links is-style-default is-layout-flex wp-block-social-links-is-layout-flex\"><\/ul>\n\n\n\n<hr class=\"wp-block-separator\"\/>\n\n\n\n<p>#conto #contos #literaturanacional #sorrisos #delicadezas #autoranacional<\/p>\n","protected":false},"excerpt":{"rendered":"<p>Todos os dias uma sorridente senhorinha passava pelo meu port\u00e3o. Era magra, mas n\u00e3o pequena, sempre de saia rodada e sorriso no rosto. Imaginei que sua juventude vi\u00e7osa ficou cravada na alma. A alma era jovem, por certo, pensei. Um dia, curiosa, perguntei o que ela fazia. \u201cColeto delicadezas&#8221;, respondeu tranquila. \u201cHoje o dia n\u00e3o rendeu muito, s\u00f3 tr\u00eas acenos de cabe\u00e7a, um bom dia e dois sorrisos. Sorrisos contidos, mas gentis. Levo-os comigo para casa, n\u00e3o no bolso, mas na mem\u00f3ria de que recebi pequenas delicadezas ao longo do dia. Amanh\u00e3 ser\u00e1 outro dia, amanh\u00e3 coleto mais.\u201d Fiquei curiosa sobre sua inusitada atividade di\u00e1ria. No dia seguinte, perguntei como havia sido a coleta. \u201cHoje a coleta foi pequena\u201d, respondeu-me com a mesma tranquilidade, \u201cmas n\u00e3o importa a quantidade. O importante \u00e9 colher gentilezas. Vim de um reino onde n\u00e3o se dizia bom dia e me sentia uma estrangeira. Descobri que nessa terra estranha se diz bom dia, mas voc\u00ea tem que estudar a express\u00e3o primeiro. Se identificar um ind\u00edcio positivo de sorriso, corresponda, o sorriso faz bem para a alma. N\u00e3o alimenta o corpo, a conta banc\u00e1ria, apenas a alma. \u00c9 um conforto delicado\u201d. Olhei para suas vestimentas simples e surradas, afinal sorrisos n\u00e3o pagam contas, pensei. \u201cE, amanh\u00e3, o que far\u00e1?\u201d, indaguei. \u201cAmanh\u00e3 ser\u00e1 outro dia. Solit\u00e1ria e forasteira, caminharei novamente, por ruas, lagos e montanhas. Castelos, casebres e abrigos. Neles se abrigam pessoas, quem sabe alguns anjos&#8230; Abrigam-se fam\u00edlias inteiras ou apenas habitantes solit\u00e1rios. Mas em todos os ref\u00fagios abrigam-se sonhos, como os que se abrigam em mim&#8221;, ela respondeu com o olhar quim\u00e9rico. Busquei os sonhos em mim e descobri que havia me despido de todos para caber em minha realidade. Perguntei, ent\u00e3o, o que fazia com os sorrisos coletados. \u201cEu os distribuo\u201d, respondeu, doando-me um sorriso. Segurei com carinho e guardei no peito. Mais tarde me senti aquecida e percebi que sua solid\u00e3o n\u00e3o era diferente da minha, apenas separada por um muro; eu num castelo, ela num casebre. Voltei ao port\u00e3o no dia seguinte, mas n\u00e3o do lado de dentro. \u201cDescobri que nesse reino tamb\u00e9m se abrigam fadas\u201d, eu lhe disse, acompanhando seus passos, com uma cesta imagin\u00e1ria na mente para coletar pequenas gentilezas da vida ao seu lado. Luciane Monteiro #conto #contos #literaturanacional #sorrisos #delicadezas #autoranacional<\/p>\n","protected":false},"author":1,"featured_media":0,"parent":0,"menu_order":0,"comment_status":"closed","ping_status":"closed","template":"","meta":{"footnotes":""},"class_list":["post-722","page","type-page","status-publish","hentry"],"yoast_head":"<!-- This site is optimized with the Yoast SEO plugin v26.6 - https:\/\/yoast.com\/wordpress\/plugins\/seo\/ -->\n<title>Coleto sorrisos - Luciane Monteiro<\/title>\n<meta name=\"robots\" content=\"index, follow, max-snippet:-1, max-image-preview:large, max-video-preview:-1\" \/>\n<link rel=\"canonical\" href=\"https:\/\/lucianemonteiro.com\/index.php\/coleto-sorrisos\/\" \/>\n<meta property=\"og:locale\" content=\"pt_BR\" \/>\n<meta property=\"og:type\" content=\"article\" \/>\n<meta property=\"og:title\" content=\"Coleto sorrisos - Luciane Monteiro\" \/>\n<meta property=\"og:description\" content=\"Todos os dias uma sorridente senhorinha passava pelo meu port\u00e3o. Era magra, mas n\u00e3o pequena, sempre de saia rodada e sorriso no rosto. Imaginei que sua juventude vi\u00e7osa ficou cravada na alma. A alma era jovem, por certo, pensei. Um dia, curiosa, perguntei o que ela fazia. \u201cColeto delicadezas&#8221;, respondeu tranquila. \u201cHoje o dia n\u00e3o rendeu muito, s\u00f3 tr\u00eas acenos de cabe\u00e7a, um bom dia e dois sorrisos. Sorrisos contidos, mas gentis. Levo-os comigo para casa, n\u00e3o no bolso, mas na mem\u00f3ria de que recebi pequenas delicadezas ao longo do dia. Amanh\u00e3 ser\u00e1 outro dia, amanh\u00e3 coleto mais.\u201d Fiquei curiosa sobre sua inusitada atividade di\u00e1ria. No dia seguinte, perguntei como havia sido a coleta. \u201cHoje a coleta foi pequena\u201d, respondeu-me com a mesma tranquilidade, \u201cmas n\u00e3o importa a quantidade. O importante \u00e9 colher gentilezas. Vim de um reino onde n\u00e3o se dizia bom dia e me sentia uma estrangeira. Descobri que nessa terra estranha se diz bom dia, mas voc\u00ea tem que estudar a express\u00e3o primeiro. Se identificar um ind\u00edcio positivo de sorriso, corresponda, o sorriso faz bem para a alma. N\u00e3o alimenta o corpo, a conta banc\u00e1ria, apenas a alma. \u00c9 um conforto delicado\u201d. Olhei para suas vestimentas simples e surradas, afinal sorrisos n\u00e3o pagam contas, pensei. \u201cE, amanh\u00e3, o que far\u00e1?\u201d, indaguei. \u201cAmanh\u00e3 ser\u00e1 outro dia. Solit\u00e1ria e forasteira, caminharei novamente, por ruas, lagos e montanhas. Castelos, casebres e abrigos. Neles se abrigam pessoas, quem sabe alguns anjos&#8230; Abrigam-se fam\u00edlias inteiras ou apenas habitantes solit\u00e1rios. Mas em todos os ref\u00fagios abrigam-se sonhos, como os que se abrigam em mim&#8221;, ela respondeu com o olhar quim\u00e9rico. Busquei os sonhos em mim e descobri que havia me despido de todos para caber em minha realidade. Perguntei, ent\u00e3o, o que fazia com os sorrisos coletados. \u201cEu os distribuo\u201d, respondeu, doando-me um sorriso. Segurei com carinho e guardei no peito. Mais tarde me senti aquecida e percebi que sua solid\u00e3o n\u00e3o era diferente da minha, apenas separada por um muro; eu num castelo, ela num casebre. Voltei ao port\u00e3o no dia seguinte, mas n\u00e3o do lado de dentro. \u201cDescobri que nesse reino tamb\u00e9m se abrigam fadas\u201d, eu lhe disse, acompanhando seus passos, com uma cesta imagin\u00e1ria na mente para coletar pequenas gentilezas da vida ao seu lado. Luciane Monteiro #conto #contos #literaturanacional #sorrisos #delicadezas #autoranacional\" \/>\n<meta property=\"og:url\" content=\"https:\/\/lucianemonteiro.com\/index.php\/coleto-sorrisos\/\" \/>\n<meta property=\"og:site_name\" content=\"Luciane Monteiro\" \/>\n<meta property=\"og:image\" content=\"https:\/\/lucianemonteiro.com\/wp-content\/uploads\/2021\/01\/oil-painting-5331335_1920-683x1024.jpg\" \/>\n<meta name=\"twitter:card\" content=\"summary_large_image\" \/>\n<meta name=\"twitter:label1\" content=\"Est. tempo de leitura\" \/>\n\t<meta name=\"twitter:data1\" content=\"2 minutos\" \/>\n<script type=\"application\/ld+json\" class=\"yoast-schema-graph\">{\"@context\":\"https:\/\/schema.org\",\"@graph\":[{\"@type\":\"WebPage\",\"@id\":\"https:\/\/lucianemonteiro.com\/index.php\/coleto-sorrisos\/\",\"url\":\"https:\/\/lucianemonteiro.com\/index.php\/coleto-sorrisos\/\",\"name\":\"Coleto sorrisos - Luciane Monteiro\",\"isPartOf\":{\"@id\":\"https:\/\/lucianemonteiro.com\/#website\"},\"primaryImageOfPage\":{\"@id\":\"https:\/\/lucianemonteiro.com\/index.php\/coleto-sorrisos\/#primaryimage\"},\"image\":{\"@id\":\"https:\/\/lucianemonteiro.com\/index.php\/coleto-sorrisos\/#primaryimage\"},\"thumbnailUrl\":\"https:\/\/lucianemonteiro.com\/wp-content\/uploads\/2021\/01\/oil-painting-5331335_1920-683x1024.jpg\",\"datePublished\":\"2021-07-02T22:27:59+00:00\",\"breadcrumb\":{\"@id\":\"https:\/\/lucianemonteiro.com\/index.php\/coleto-sorrisos\/#breadcrumb\"},\"inLanguage\":\"pt-BR\",\"potentialAction\":[{\"@type\":\"ReadAction\",\"target\":[\"https:\/\/lucianemonteiro.com\/index.php\/coleto-sorrisos\/\"]}]},{\"@type\":\"ImageObject\",\"inLanguage\":\"pt-BR\",\"@id\":\"https:\/\/lucianemonteiro.com\/index.php\/coleto-sorrisos\/#primaryimage\",\"url\":\"https:\/\/lucianemonteiro.com\/wp-content\/uploads\/2021\/01\/oil-painting-5331335_1920.jpg\",\"contentUrl\":\"https:\/\/lucianemonteiro.com\/wp-content\/uploads\/2021\/01\/oil-painting-5331335_1920.jpg\",\"width\":1280,\"height\":1920},{\"@type\":\"BreadcrumbList\",\"@id\":\"https:\/\/lucianemonteiro.com\/index.php\/coleto-sorrisos\/#breadcrumb\",\"itemListElement\":[{\"@type\":\"ListItem\",\"position\":1,\"name\":\"In\u00edcio\",\"item\":\"https:\/\/lucianemonteiro.com\/\"},{\"@type\":\"ListItem\",\"position\":2,\"name\":\"Coleto sorrisos\"}]},{\"@type\":\"WebSite\",\"@id\":\"https:\/\/lucianemonteiro.com\/#website\",\"url\":\"https:\/\/lucianemonteiro.com\/\",\"name\":\"Luciane Monteiro\",\"description\":\"Escritos\",\"potentialAction\":[{\"@type\":\"SearchAction\",\"target\":{\"@type\":\"EntryPoint\",\"urlTemplate\":\"https:\/\/lucianemonteiro.com\/?s={search_term_string}\"},\"query-input\":{\"@type\":\"PropertyValueSpecification\",\"valueRequired\":true,\"valueName\":\"search_term_string\"}}],\"inLanguage\":\"pt-BR\"}]}<\/script>\n<!-- \/ Yoast SEO plugin. -->","yoast_head_json":{"title":"Coleto sorrisos - Luciane Monteiro","robots":{"index":"index","follow":"follow","max-snippet":"max-snippet:-1","max-image-preview":"max-image-preview:large","max-video-preview":"max-video-preview:-1"},"canonical":"https:\/\/lucianemonteiro.com\/index.php\/coleto-sorrisos\/","og_locale":"pt_BR","og_type":"article","og_title":"Coleto sorrisos - Luciane Monteiro","og_description":"Todos os dias uma sorridente senhorinha passava pelo meu port\u00e3o. Era magra, mas n\u00e3o pequena, sempre de saia rodada e sorriso no rosto. Imaginei que sua juventude vi\u00e7osa ficou cravada na alma. A alma era jovem, por certo, pensei. Um dia, curiosa, perguntei o que ela fazia. \u201cColeto delicadezas&#8221;, respondeu tranquila. \u201cHoje o dia n\u00e3o rendeu muito, s\u00f3 tr\u00eas acenos de cabe\u00e7a, um bom dia e dois sorrisos. Sorrisos contidos, mas gentis. Levo-os comigo para casa, n\u00e3o no bolso, mas na mem\u00f3ria de que recebi pequenas delicadezas ao longo do dia. Amanh\u00e3 ser\u00e1 outro dia, amanh\u00e3 coleto mais.\u201d Fiquei curiosa sobre sua inusitada atividade di\u00e1ria. No dia seguinte, perguntei como havia sido a coleta. \u201cHoje a coleta foi pequena\u201d, respondeu-me com a mesma tranquilidade, \u201cmas n\u00e3o importa a quantidade. O importante \u00e9 colher gentilezas. Vim de um reino onde n\u00e3o se dizia bom dia e me sentia uma estrangeira. Descobri que nessa terra estranha se diz bom dia, mas voc\u00ea tem que estudar a express\u00e3o primeiro. Se identificar um ind\u00edcio positivo de sorriso, corresponda, o sorriso faz bem para a alma. N\u00e3o alimenta o corpo, a conta banc\u00e1ria, apenas a alma. \u00c9 um conforto delicado\u201d. Olhei para suas vestimentas simples e surradas, afinal sorrisos n\u00e3o pagam contas, pensei. \u201cE, amanh\u00e3, o que far\u00e1?\u201d, indaguei. \u201cAmanh\u00e3 ser\u00e1 outro dia. Solit\u00e1ria e forasteira, caminharei novamente, por ruas, lagos e montanhas. Castelos, casebres e abrigos. Neles se abrigam pessoas, quem sabe alguns anjos&#8230; Abrigam-se fam\u00edlias inteiras ou apenas habitantes solit\u00e1rios. Mas em todos os ref\u00fagios abrigam-se sonhos, como os que se abrigam em mim&#8221;, ela respondeu com o olhar quim\u00e9rico. Busquei os sonhos em mim e descobri que havia me despido de todos para caber em minha realidade. Perguntei, ent\u00e3o, o que fazia com os sorrisos coletados. \u201cEu os distribuo\u201d, respondeu, doando-me um sorriso. Segurei com carinho e guardei no peito. Mais tarde me senti aquecida e percebi que sua solid\u00e3o n\u00e3o era diferente da minha, apenas separada por um muro; eu num castelo, ela num casebre. Voltei ao port\u00e3o no dia seguinte, mas n\u00e3o do lado de dentro. \u201cDescobri que nesse reino tamb\u00e9m se abrigam fadas\u201d, eu lhe disse, acompanhando seus passos, com uma cesta imagin\u00e1ria na mente para coletar pequenas gentilezas da vida ao seu lado. Luciane Monteiro #conto #contos #literaturanacional #sorrisos #delicadezas #autoranacional","og_url":"https:\/\/lucianemonteiro.com\/index.php\/coleto-sorrisos\/","og_site_name":"Luciane Monteiro","og_image":[{"url":"https:\/\/lucianemonteiro.com\/wp-content\/uploads\/2021\/01\/oil-painting-5331335_1920-683x1024.jpg","type":"","width":"","height":""}],"twitter_card":"summary_large_image","twitter_misc":{"Est. tempo de leitura":"2 minutos"},"schema":{"@context":"https:\/\/schema.org","@graph":[{"@type":"WebPage","@id":"https:\/\/lucianemonteiro.com\/index.php\/coleto-sorrisos\/","url":"https:\/\/lucianemonteiro.com\/index.php\/coleto-sorrisos\/","name":"Coleto sorrisos - Luciane Monteiro","isPartOf":{"@id":"https:\/\/lucianemonteiro.com\/#website"},"primaryImageOfPage":{"@id":"https:\/\/lucianemonteiro.com\/index.php\/coleto-sorrisos\/#primaryimage"},"image":{"@id":"https:\/\/lucianemonteiro.com\/index.php\/coleto-sorrisos\/#primaryimage"},"thumbnailUrl":"https:\/\/lucianemonteiro.com\/wp-content\/uploads\/2021\/01\/oil-painting-5331335_1920-683x1024.jpg","datePublished":"2021-07-02T22:27:59+00:00","breadcrumb":{"@id":"https:\/\/lucianemonteiro.com\/index.php\/coleto-sorrisos\/#breadcrumb"},"inLanguage":"pt-BR","potentialAction":[{"@type":"ReadAction","target":["https:\/\/lucianemonteiro.com\/index.php\/coleto-sorrisos\/"]}]},{"@type":"ImageObject","inLanguage":"pt-BR","@id":"https:\/\/lucianemonteiro.com\/index.php\/coleto-sorrisos\/#primaryimage","url":"https:\/\/lucianemonteiro.com\/wp-content\/uploads\/2021\/01\/oil-painting-5331335_1920.jpg","contentUrl":"https:\/\/lucianemonteiro.com\/wp-content\/uploads\/2021\/01\/oil-painting-5331335_1920.jpg","width":1280,"height":1920},{"@type":"BreadcrumbList","@id":"https:\/\/lucianemonteiro.com\/index.php\/coleto-sorrisos\/#breadcrumb","itemListElement":[{"@type":"ListItem","position":1,"name":"In\u00edcio","item":"https:\/\/lucianemonteiro.com\/"},{"@type":"ListItem","position":2,"name":"Coleto sorrisos"}]},{"@type":"WebSite","@id":"https:\/\/lucianemonteiro.com\/#website","url":"https:\/\/lucianemonteiro.com\/","name":"Luciane Monteiro","description":"Escritos","potentialAction":[{"@type":"SearchAction","target":{"@type":"EntryPoint","urlTemplate":"https:\/\/lucianemonteiro.com\/?s={search_term_string}"},"query-input":{"@type":"PropertyValueSpecification","valueRequired":true,"valueName":"search_term_string"}}],"inLanguage":"pt-BR"}]}},"acf":[],"_links":{"self":[{"href":"https:\/\/lucianemonteiro.com\/index.php\/wp-json\/wp\/v2\/pages\/722","targetHints":{"allow":["GET"]}}],"collection":[{"href":"https:\/\/lucianemonteiro.com\/index.php\/wp-json\/wp\/v2\/pages"}],"about":[{"href":"https:\/\/lucianemonteiro.com\/index.php\/wp-json\/wp\/v2\/types\/page"}],"author":[{"embeddable":true,"href":"https:\/\/lucianemonteiro.com\/index.php\/wp-json\/wp\/v2\/users\/1"}],"replies":[{"embeddable":true,"href":"https:\/\/lucianemonteiro.com\/index.php\/wp-json\/wp\/v2\/comments?post=722"}],"version-history":[{"count":16,"href":"https:\/\/lucianemonteiro.com\/index.php\/wp-json\/wp\/v2\/pages\/722\/revisions"}],"predecessor-version":[{"id":1200,"href":"https:\/\/lucianemonteiro.com\/index.php\/wp-json\/wp\/v2\/pages\/722\/revisions\/1200"}],"wp:attachment":[{"href":"https:\/\/lucianemonteiro.com\/index.php\/wp-json\/wp\/v2\/media?parent=722"}],"curies":[{"name":"wp","href":"https:\/\/api.w.org\/{rel}","templated":true}]}}