{"id":691,"date":"2021-01-23T22:10:18","date_gmt":"2021-01-24T01:10:18","guid":{"rendered":"https:\/\/lucianemonteiro.com\/?page_id=691"},"modified":"2021-01-24T14:34:19","modified_gmt":"2021-01-24T17:34:19","slug":"inverso-tematico","status":"publish","type":"page","link":"https:\/\/lucianemonteiro.com\/index.php\/inverso-tematico\/","title":{"rendered":"InVerso Tem\u00e1tico"},"content":{"rendered":"\n<figure class=\"wp-block-embed is-type-video is-provider-youtube wp-block-embed-youtube wp-embed-aspect-16-9 wp-has-aspect-ratio\"><div class=\"wp-block-embed__wrapper\">\n<iframe loading=\"lazy\" title=\"InVerso Tem\u00e1tico 6 - Combate \u00e0 viol\u00eancia contra a mulher\" width=\"960\" height=\"540\" src=\"https:\/\/www.youtube.com\/embed\/9zjdyEvL7YY?start=17&#038;feature=oembed\" frameborder=\"0\" allow=\"accelerometer; autoplay; clipboard-write; encrypted-media; gyroscope; picture-in-picture\" allowfullscreen><\/iframe>\n<\/div><figcaption>InVerso Tem\u00e1tico &#8211; Viol\u00eancia contra a mulher.<\/figcaption><\/figure>\n\n\n\n<p>No dia 25 de novembro &#8211; Dia do Combate \u00e0 viol\u00eancia contra a mulher, a Editora InVerso promoveu um bate-papo sobre o papel da literatura no combate \u00e0 viol\u00eancia contra a mulher. <\/p>\n\n\n\n<ul class=\"wp-block-list\"><li>Autoras: Luciane Monteiro e Maria Leticia Fagundes.<\/li><li>Leitoras: Ana Claudia di Angelo, do blog Caf\u00e9 com Leitura, e Julia Marcelice.<\/li><li>Media\u00e7\u00e3o: a jornalista Adriane Baldini e a publisher da InVerso, Cristina Jones.<\/li><\/ul>\n\n\n\n<hr class=\"wp-block-separator\"\/>\n\n\n\n<figure class=\"wp-block-gallery columns-2 is-cropped wp-block-gallery-1 is-layout-flex wp-block-gallery-is-layout-flex\"><ul class=\"blocks-gallery-grid\"><li class=\"blocks-gallery-item\"><figure><img loading=\"lazy\" decoding=\"async\" width=\"1024\" height=\"1024\" src=\"https:\/\/lucianemonteiro.com\/wp-content\/uploads\/2021\/01\/IMG_20200506_144039_828-1024x1024.jpg\" alt=\"\" data-id=\"693\" data-full-url=\"https:\/\/lucianemonteiro.com\/wp-content\/uploads\/2021\/01\/IMG_20200506_144039_828.jpg\" data-link=\"https:\/\/lucianemonteiro.com\/?attachment_id=693\" class=\"wp-image-693\" srcset=\"https:\/\/lucianemonteiro.com\/wp-content\/uploads\/2021\/01\/IMG_20200506_144039_828-1024x1024.jpg 1024w, https:\/\/lucianemonteiro.com\/wp-content\/uploads\/2021\/01\/IMG_20200506_144039_828-300x300.jpg 300w, https:\/\/lucianemonteiro.com\/wp-content\/uploads\/2021\/01\/IMG_20200506_144039_828-150x150.jpg 150w, https:\/\/lucianemonteiro.com\/wp-content\/uploads\/2021\/01\/IMG_20200506_144039_828-768x768.jpg 768w, https:\/\/lucianemonteiro.com\/wp-content\/uploads\/2021\/01\/IMG_20200506_144039_828-75x75.jpg 75w, https:\/\/lucianemonteiro.com\/wp-content\/uploads\/2021\/01\/IMG_20200506_144039_828-600x600.jpg 600w, https:\/\/lucianemonteiro.com\/wp-content\/uploads\/2021\/01\/IMG_20200506_144039_828-100x100.jpg 100w, https:\/\/lucianemonteiro.com\/wp-content\/uploads\/2021\/01\/IMG_20200506_144039_828.jpg 1080w\" sizes=\"auto, (max-width: 1024px) 100vw, 1024px\" \/><\/figure><\/li><li class=\"blocks-gallery-item\"><figure><img loading=\"lazy\" decoding=\"async\" width=\"720\" height=\"720\" src=\"https:\/\/lucianemonteiro.com\/wp-content\/uploads\/2021\/01\/IMG_20200501_105856_370.jpg\" alt=\"\" data-id=\"692\" data-full-url=\"https:\/\/lucianemonteiro.com\/wp-content\/uploads\/2021\/01\/IMG_20200501_105856_370.jpg\" data-link=\"https:\/\/lucianemonteiro.com\/?attachment_id=692\" class=\"wp-image-692\" srcset=\"https:\/\/lucianemonteiro.com\/wp-content\/uploads\/2021\/01\/IMG_20200501_105856_370.jpg 720w, https:\/\/lucianemonteiro.com\/wp-content\/uploads\/2021\/01\/IMG_20200501_105856_370-300x300.jpg 300w, https:\/\/lucianemonteiro.com\/wp-content\/uploads\/2021\/01\/IMG_20200501_105856_370-150x150.jpg 150w, https:\/\/lucianemonteiro.com\/wp-content\/uploads\/2021\/01\/IMG_20200501_105856_370-75x75.jpg 75w, https:\/\/lucianemonteiro.com\/wp-content\/uploads\/2021\/01\/IMG_20200501_105856_370-600x600.jpg 600w, https:\/\/lucianemonteiro.com\/wp-content\/uploads\/2021\/01\/IMG_20200501_105856_370-100x100.jpg 100w\" sizes=\"auto, (max-width: 720px) 100vw, 720px\" \/><\/figure><\/li><\/ul><figcaption class=\"blocks-gallery-caption\">Dia das m\u00e3es &#8211; Maternidade e mulher &#8211; ambiguidade de ser<\/figcaption><\/figure>\n\n\n\n<p>No dia das m\u00e3es, fomos convidadas para falar sobre as diversas faces da maternidade.<\/p>\n\n\n\n<ul class=\"wp-block-list\"><li> Marianna Canova &#8211; Maternidade poss\u00edvel &#8211; m\u00e3e pedagoga<\/li><li> Rosa Mariotto &#8211; Maternidade dupla &#8211; ser av\u00f3&nbsp;<\/li><li> Cl\u00e9via Westphalen &#8211; Maternidade na melhor idade &#8211; ninho vazio<\/li><li> Luciane Monteiro &#8211; Maternidade e mulher &#8211; ambiguidade de ser<\/li><li> Silvia Waltrick &#8211; Maternidade profissional &#8211; ser m\u00e3e e profissional<\/li><li> Cristina Battiston &#8211; Maternidade organizada &#8211; organiza\u00e7\u00e3o codinome de m\u00e3e<\/li><li>Mary Galv\u00e3o &#8211; Maternidade pioneira &#8211; m\u00e3e de fama e carreira<\/li><\/ul>\n\n\n\n<p>\u00c9 um tema que, com certeza, aparece muito nos meus textos. Mulheres que buscam resgatar a sua feminilidade para n\u00e3o serem vistas apenas como a gera e alimenta uma vida, mas aquela que desperta e proporciona prazer tamb\u00e9m. Ent\u00e3o, \u00e9 necess\u00e1rio esse processo de reencontro com a mulher que ela foi um dia, e continua sendo, embora muitas vezes n\u00e3o perceba.<\/p>\n\n\n\n<p><\/p>\n","protected":false},"excerpt":{"rendered":"<p>No dia 25 de novembro &#8211; Dia do Combate \u00e0 viol\u00eancia contra a mulher, a Editora InVerso promoveu um bate-papo sobre o papel da literatura no combate \u00e0 viol\u00eancia contra a mulher. Autoras: Luciane Monteiro e Maria Leticia Fagundes. Leitoras: Ana Claudia di Angelo, do blog Caf\u00e9 com Leitura, e Julia Marcelice. Media\u00e7\u00e3o: a jornalista Adriane Baldini e a publisher da InVerso, Cristina Jones. No dia das m\u00e3es, fomos convidadas para falar sobre as diversas faces da maternidade. Marianna Canova &#8211; Maternidade poss\u00edvel &#8211; m\u00e3e pedagoga Rosa Mariotto &#8211; Maternidade dupla &#8211; ser av\u00f3&nbsp; Cl\u00e9via Westphalen &#8211; Maternidade na melhor idade &#8211; ninho vazio Luciane Monteiro &#8211; Maternidade e mulher &#8211; ambiguidade de ser Silvia Waltrick &#8211; Maternidade profissional &#8211; ser m\u00e3e e profissional Cristina Battiston &#8211; Maternidade organizada &#8211; organiza\u00e7\u00e3o codinome de m\u00e3e Mary Galv\u00e3o &#8211; Maternidade pioneira &#8211; m\u00e3e de fama e carreira \u00c9 um tema que, com certeza, aparece muito nos meus textos. Mulheres que buscam resgatar a sua feminilidade para n\u00e3o serem vistas apenas como a gera e alimenta uma vida, mas aquela que desperta e proporciona prazer tamb\u00e9m. Ent\u00e3o, \u00e9 necess\u00e1rio esse processo de reencontro com a mulher que ela foi um dia, e continua sendo, embora muitas vezes n\u00e3o perceba.<\/p>\n","protected":false},"author":1,"featured_media":0,"parent":0,"menu_order":0,"comment_status":"closed","ping_status":"closed","template":"","meta":{"footnotes":""},"class_list":["post-691","page","type-page","status-publish","hentry"],"yoast_head":"<!-- This site is optimized with the Yoast SEO plugin v26.6 - https:\/\/yoast.com\/wordpress\/plugins\/seo\/ -->\n<title>InVerso Tem\u00e1tico - Luciane Monteiro<\/title>\n<meta name=\"robots\" content=\"index, follow, max-snippet:-1, max-image-preview:large, max-video-preview:-1\" \/>\n<link rel=\"canonical\" href=\"https:\/\/lucianemonteiro.com\/index.php\/inverso-tematico\/\" \/>\n<meta property=\"og:locale\" content=\"pt_BR\" \/>\n<meta property=\"og:type\" content=\"article\" \/>\n<meta property=\"og:title\" content=\"InVerso Tem\u00e1tico - Luciane Monteiro\" \/>\n<meta property=\"og:description\" content=\"No dia 25 de novembro &#8211; Dia do Combate \u00e0 viol\u00eancia contra a mulher, a Editora InVerso promoveu um bate-papo sobre o papel da literatura no combate \u00e0 viol\u00eancia contra a mulher. Autoras: Luciane Monteiro e Maria Leticia Fagundes. Leitoras: Ana Claudia di Angelo, do blog Caf\u00e9 com Leitura, e Julia Marcelice. Media\u00e7\u00e3o: a jornalista Adriane Baldini e a publisher da InVerso, Cristina Jones. No dia das m\u00e3es, fomos convidadas para falar sobre as diversas faces da maternidade. Marianna Canova &#8211; Maternidade poss\u00edvel &#8211; m\u00e3e pedagoga Rosa Mariotto &#8211; Maternidade dupla &#8211; ser av\u00f3&nbsp; Cl\u00e9via Westphalen &#8211; Maternidade na melhor idade &#8211; ninho vazio Luciane Monteiro &#8211; Maternidade e mulher &#8211; ambiguidade de ser Silvia Waltrick &#8211; Maternidade profissional &#8211; ser m\u00e3e e profissional Cristina Battiston &#8211; Maternidade organizada &#8211; organiza\u00e7\u00e3o codinome de m\u00e3e Mary Galv\u00e3o &#8211; Maternidade pioneira &#8211; m\u00e3e de fama e carreira \u00c9 um tema que, com certeza, aparece muito nos meus textos. Mulheres que buscam resgatar a sua feminilidade para n\u00e3o serem vistas apenas como a gera e alimenta uma vida, mas aquela que desperta e proporciona prazer tamb\u00e9m. Ent\u00e3o, \u00e9 necess\u00e1rio esse processo de reencontro com a mulher que ela foi um dia, e continua sendo, embora muitas vezes n\u00e3o perceba.\" \/>\n<meta property=\"og:url\" content=\"https:\/\/lucianemonteiro.com\/index.php\/inverso-tematico\/\" \/>\n<meta property=\"og:site_name\" content=\"Luciane Monteiro\" \/>\n<meta property=\"article:modified_time\" content=\"2021-01-24T17:34:19+00:00\" \/>\n<meta property=\"og:image\" content=\"https:\/\/lucianemonteiro.com\/wp-content\/uploads\/2021\/01\/IMG_20200506_144039_828.jpg\" \/>\n\t<meta property=\"og:image:width\" content=\"1080\" \/>\n\t<meta property=\"og:image:height\" content=\"1080\" \/>\n\t<meta property=\"og:image:type\" content=\"image\/jpeg\" \/>\n<meta name=\"twitter:card\" content=\"summary_large_image\" \/>\n<meta name=\"twitter:label1\" content=\"Est. tempo de leitura\" \/>\n\t<meta name=\"twitter:data1\" content=\"1 minuto\" \/>\n<script type=\"application\/ld+json\" class=\"yoast-schema-graph\">{\"@context\":\"https:\/\/schema.org\",\"@graph\":[{\"@type\":\"WebPage\",\"@id\":\"https:\/\/lucianemonteiro.com\/index.php\/inverso-tematico\/\",\"url\":\"https:\/\/lucianemonteiro.com\/index.php\/inverso-tematico\/\",\"name\":\"InVerso Tem\u00e1tico - Luciane Monteiro\",\"isPartOf\":{\"@id\":\"https:\/\/lucianemonteiro.com\/#website\"},\"primaryImageOfPage\":{\"@id\":\"https:\/\/lucianemonteiro.com\/index.php\/inverso-tematico\/#primaryimage\"},\"image\":{\"@id\":\"https:\/\/lucianemonteiro.com\/index.php\/inverso-tematico\/#primaryimage\"},\"thumbnailUrl\":\"https:\/\/lucianemonteiro.com\/wp-content\/uploads\/2021\/01\/IMG_20200506_144039_828-1024x1024.jpg\",\"datePublished\":\"2021-01-24T01:10:18+00:00\",\"dateModified\":\"2021-01-24T17:34:19+00:00\",\"breadcrumb\":{\"@id\":\"https:\/\/lucianemonteiro.com\/index.php\/inverso-tematico\/#breadcrumb\"},\"inLanguage\":\"pt-BR\",\"potentialAction\":[{\"@type\":\"ReadAction\",\"target\":[\"https:\/\/lucianemonteiro.com\/index.php\/inverso-tematico\/\"]}]},{\"@type\":\"ImageObject\",\"inLanguage\":\"pt-BR\",\"@id\":\"https:\/\/lucianemonteiro.com\/index.php\/inverso-tematico\/#primaryimage\",\"url\":\"https:\/\/lucianemonteiro.com\/wp-content\/uploads\/2021\/01\/IMG_20200506_144039_828.jpg\",\"contentUrl\":\"https:\/\/lucianemonteiro.com\/wp-content\/uploads\/2021\/01\/IMG_20200506_144039_828.jpg\",\"width\":1080,\"height\":1080},{\"@type\":\"BreadcrumbList\",\"@id\":\"https:\/\/lucianemonteiro.com\/index.php\/inverso-tematico\/#breadcrumb\",\"itemListElement\":[{\"@type\":\"ListItem\",\"position\":1,\"name\":\"In\u00edcio\",\"item\":\"https:\/\/lucianemonteiro.com\/\"},{\"@type\":\"ListItem\",\"position\":2,\"name\":\"InVerso Tem\u00e1tico\"}]},{\"@type\":\"WebSite\",\"@id\":\"https:\/\/lucianemonteiro.com\/#website\",\"url\":\"https:\/\/lucianemonteiro.com\/\",\"name\":\"Luciane Monteiro\",\"description\":\"Escritos\",\"potentialAction\":[{\"@type\":\"SearchAction\",\"target\":{\"@type\":\"EntryPoint\",\"urlTemplate\":\"https:\/\/lucianemonteiro.com\/?s={search_term_string}\"},\"query-input\":{\"@type\":\"PropertyValueSpecification\",\"valueRequired\":true,\"valueName\":\"search_term_string\"}}],\"inLanguage\":\"pt-BR\"}]}<\/script>\n<!-- \/ Yoast SEO plugin. -->","yoast_head_json":{"title":"InVerso Tem\u00e1tico - Luciane Monteiro","robots":{"index":"index","follow":"follow","max-snippet":"max-snippet:-1","max-image-preview":"max-image-preview:large","max-video-preview":"max-video-preview:-1"},"canonical":"https:\/\/lucianemonteiro.com\/index.php\/inverso-tematico\/","og_locale":"pt_BR","og_type":"article","og_title":"InVerso Tem\u00e1tico - Luciane Monteiro","og_description":"No dia 25 de novembro &#8211; Dia do Combate \u00e0 viol\u00eancia contra a mulher, a Editora InVerso promoveu um bate-papo sobre o papel da literatura no combate \u00e0 viol\u00eancia contra a mulher. Autoras: Luciane Monteiro e Maria Leticia Fagundes. Leitoras: Ana Claudia di Angelo, do blog Caf\u00e9 com Leitura, e Julia Marcelice. Media\u00e7\u00e3o: a jornalista Adriane Baldini e a publisher da InVerso, Cristina Jones. No dia das m\u00e3es, fomos convidadas para falar sobre as diversas faces da maternidade. Marianna Canova &#8211; Maternidade poss\u00edvel &#8211; m\u00e3e pedagoga Rosa Mariotto &#8211; Maternidade dupla &#8211; ser av\u00f3&nbsp; Cl\u00e9via Westphalen &#8211; Maternidade na melhor idade &#8211; ninho vazio Luciane Monteiro &#8211; Maternidade e mulher &#8211; ambiguidade de ser Silvia Waltrick &#8211; Maternidade profissional &#8211; ser m\u00e3e e profissional Cristina Battiston &#8211; Maternidade organizada &#8211; organiza\u00e7\u00e3o codinome de m\u00e3e Mary Galv\u00e3o &#8211; Maternidade pioneira &#8211; m\u00e3e de fama e carreira \u00c9 um tema que, com certeza, aparece muito nos meus textos. Mulheres que buscam resgatar a sua feminilidade para n\u00e3o serem vistas apenas como a gera e alimenta uma vida, mas aquela que desperta e proporciona prazer tamb\u00e9m. Ent\u00e3o, \u00e9 necess\u00e1rio esse processo de reencontro com a mulher que ela foi um dia, e continua sendo, embora muitas vezes n\u00e3o perceba.","og_url":"https:\/\/lucianemonteiro.com\/index.php\/inverso-tematico\/","og_site_name":"Luciane Monteiro","article_modified_time":"2021-01-24T17:34:19+00:00","og_image":[{"width":1080,"height":1080,"url":"https:\/\/lucianemonteiro.com\/wp-content\/uploads\/2021\/01\/IMG_20200506_144039_828.jpg","type":"image\/jpeg"}],"twitter_card":"summary_large_image","twitter_misc":{"Est. tempo de leitura":"1 minuto"},"schema":{"@context":"https:\/\/schema.org","@graph":[{"@type":"WebPage","@id":"https:\/\/lucianemonteiro.com\/index.php\/inverso-tematico\/","url":"https:\/\/lucianemonteiro.com\/index.php\/inverso-tematico\/","name":"InVerso Tem\u00e1tico - Luciane Monteiro","isPartOf":{"@id":"https:\/\/lucianemonteiro.com\/#website"},"primaryImageOfPage":{"@id":"https:\/\/lucianemonteiro.com\/index.php\/inverso-tematico\/#primaryimage"},"image":{"@id":"https:\/\/lucianemonteiro.com\/index.php\/inverso-tematico\/#primaryimage"},"thumbnailUrl":"https:\/\/lucianemonteiro.com\/wp-content\/uploads\/2021\/01\/IMG_20200506_144039_828-1024x1024.jpg","datePublished":"2021-01-24T01:10:18+00:00","dateModified":"2021-01-24T17:34:19+00:00","breadcrumb":{"@id":"https:\/\/lucianemonteiro.com\/index.php\/inverso-tematico\/#breadcrumb"},"inLanguage":"pt-BR","potentialAction":[{"@type":"ReadAction","target":["https:\/\/lucianemonteiro.com\/index.php\/inverso-tematico\/"]}]},{"@type":"ImageObject","inLanguage":"pt-BR","@id":"https:\/\/lucianemonteiro.com\/index.php\/inverso-tematico\/#primaryimage","url":"https:\/\/lucianemonteiro.com\/wp-content\/uploads\/2021\/01\/IMG_20200506_144039_828.jpg","contentUrl":"https:\/\/lucianemonteiro.com\/wp-content\/uploads\/2021\/01\/IMG_20200506_144039_828.jpg","width":1080,"height":1080},{"@type":"BreadcrumbList","@id":"https:\/\/lucianemonteiro.com\/index.php\/inverso-tematico\/#breadcrumb","itemListElement":[{"@type":"ListItem","position":1,"name":"In\u00edcio","item":"https:\/\/lucianemonteiro.com\/"},{"@type":"ListItem","position":2,"name":"InVerso Tem\u00e1tico"}]},{"@type":"WebSite","@id":"https:\/\/lucianemonteiro.com\/#website","url":"https:\/\/lucianemonteiro.com\/","name":"Luciane Monteiro","description":"Escritos","potentialAction":[{"@type":"SearchAction","target":{"@type":"EntryPoint","urlTemplate":"https:\/\/lucianemonteiro.com\/?s={search_term_string}"},"query-input":{"@type":"PropertyValueSpecification","valueRequired":true,"valueName":"search_term_string"}}],"inLanguage":"pt-BR"}]}},"acf":[],"_links":{"self":[{"href":"https:\/\/lucianemonteiro.com\/index.php\/wp-json\/wp\/v2\/pages\/691","targetHints":{"allow":["GET"]}}],"collection":[{"href":"https:\/\/lucianemonteiro.com\/index.php\/wp-json\/wp\/v2\/pages"}],"about":[{"href":"https:\/\/lucianemonteiro.com\/index.php\/wp-json\/wp\/v2\/types\/page"}],"author":[{"embeddable":true,"href":"https:\/\/lucianemonteiro.com\/index.php\/wp-json\/wp\/v2\/users\/1"}],"replies":[{"embeddable":true,"href":"https:\/\/lucianemonteiro.com\/index.php\/wp-json\/wp\/v2\/comments?post=691"}],"version-history":[{"count":12,"href":"https:\/\/lucianemonteiro.com\/index.php\/wp-json\/wp\/v2\/pages\/691\/revisions"}],"predecessor-version":[{"id":761,"href":"https:\/\/lucianemonteiro.com\/index.php\/wp-json\/wp\/v2\/pages\/691\/revisions\/761"}],"wp:attachment":[{"href":"https:\/\/lucianemonteiro.com\/index.php\/wp-json\/wp\/v2\/media?parent=691"}],"curies":[{"name":"wp","href":"https:\/\/api.w.org\/{rel}","templated":true}]}}