{"id":301,"date":"2021-01-17T01:21:20","date_gmt":"2021-01-17T04:21:20","guid":{"rendered":"https:\/\/lucianemonteiro.com\/?page_id=301"},"modified":"2021-10-09T22:23:20","modified_gmt":"2021-10-10T01:23:20","slug":"universo-infantil","status":"publish","type":"page","link":"https:\/\/lucianemonteiro.com\/index.php\/universo-infantil\/","title":{"rendered":"Universo infantil"},"content":{"rendered":"\n<p>Sou uma m\u00e3e e tia coruja, daquelas que encaram festinhas e viagens malucas com todos os sobrinhos e ainda inventa contos, colocando-os como personagens. <\/p>\n\n\n\n<p>Tive uma inf\u00e2ncia maravilhosa, por isso adoro mergulhar nela de novo cada vez que tem uma nova crian\u00e7a na fam\u00edlia. Quando fui m\u00e3e, assisti com minha filha a todos os filmes de cachorro, dezenas de desenhos animados, decorei as can\u00e7\u00f5es da Arca de No\u00e9 I e II, Palavra Cantada, entre outros e, \u00e9 claro, li in\u00fameros livros infantis e infantojuvenis (que eu amo, por sinal!).<\/p>\n\n\n\n<p>Intercalando nossas leituras, antes de dormir, eu inventava algumas hist\u00f3rias e colocava-a em situa\u00e7\u00f5es inusitadas para diverti-la. R\u00edamos muito com isso e, depois que ela dormia, eu corria para registrar a fim de n\u00e3o esquecer.<\/p>\n\n\n\n<p>\u201cA senhora n\u00e3o solta pum\u201d foi uma dessas hist\u00f3rias e acabou virando livro. Ele j\u00e1 est\u00e1 dispon\u00edvel em formato e-book na Amazon. E j\u00e1 que as crian\u00e7as est\u00e3o cada vez mais cedo com um tablet ou celular na m\u00e3o, vamos incentiv\u00e1-las a explorar os livros online!<\/p>\n\n\n\n<p>Mas ainda tem muitas outras, que, espero, ganhem asas tamb\u00e9m!<\/p>\n\n\n\n<div class=\"wp-block-image is-style-default\"><figure class=\"aligncenter size-large is-resized\"><img loading=\"lazy\" decoding=\"async\" src=\"https:\/\/lucianemonteiro.com\/wp-content\/uploads\/2021\/10\/New-2-1024x1024.png\" alt=\"\" class=\"wp-image-1510\" width=\"256\" height=\"256\" srcset=\"https:\/\/lucianemonteiro.com\/wp-content\/uploads\/2021\/10\/New-2-1024x1024.png 1024w, https:\/\/lucianemonteiro.com\/wp-content\/uploads\/2021\/10\/New-2-300x300.png 300w, https:\/\/lucianemonteiro.com\/wp-content\/uploads\/2021\/10\/New-2-150x150.png 150w, https:\/\/lucianemonteiro.com\/wp-content\/uploads\/2021\/10\/New-2-768x768.png 768w, https:\/\/lucianemonteiro.com\/wp-content\/uploads\/2021\/10\/New-2-75x75.png 75w, https:\/\/lucianemonteiro.com\/wp-content\/uploads\/2021\/10\/New-2-600x600.png 600w, https:\/\/lucianemonteiro.com\/wp-content\/uploads\/2021\/10\/New-2-100x100.png 100w, https:\/\/lucianemonteiro.com\/wp-content\/uploads\/2021\/10\/New-2.png 1080w\" sizes=\"auto, (max-width: 256px) 100vw, 256px\" \/><\/figure><\/div>\n","protected":false},"excerpt":{"rendered":"<p>Sou uma m\u00e3e e tia coruja, daquelas que encaram festinhas e viagens malucas com todos os sobrinhos e ainda inventa contos, colocando-os como personagens. Tive uma inf\u00e2ncia maravilhosa, por isso adoro mergulhar nela de novo cada vez que tem uma nova crian\u00e7a na fam\u00edlia. Quando fui m\u00e3e, assisti com minha filha a todos os filmes de cachorro, dezenas de desenhos animados, decorei as can\u00e7\u00f5es da Arca de No\u00e9 I e II, Palavra Cantada, entre outros e, \u00e9 claro, li in\u00fameros livros infantis e infantojuvenis (que eu amo, por sinal!). Intercalando nossas leituras, antes de dormir, eu inventava algumas hist\u00f3rias e colocava-a em situa\u00e7\u00f5es inusitadas para diverti-la. R\u00edamos muito com isso e, depois que ela dormia, eu corria para registrar a fim de n\u00e3o esquecer. \u201cA senhora n\u00e3o solta pum\u201d foi uma dessas hist\u00f3rias e acabou virando livro. Ele j\u00e1 est\u00e1 dispon\u00edvel em formato e-book na Amazon. E j\u00e1 que as crian\u00e7as est\u00e3o cada vez mais cedo com um tablet ou celular na m\u00e3o, vamos incentiv\u00e1-las a explorar os livros online! Mas ainda tem muitas outras, que, espero, ganhem asas tamb\u00e9m!<\/p>\n","protected":false},"author":1,"featured_media":0,"parent":0,"menu_order":0,"comment_status":"closed","ping_status":"closed","template":"","meta":{"footnotes":""},"class_list":["post-301","page","type-page","status-publish","hentry"],"yoast_head":"<!-- This site is optimized with the Yoast SEO plugin v26.6 - https:\/\/yoast.com\/wordpress\/plugins\/seo\/ -->\n<title>Universo infantil - Luciane Monteiro<\/title>\n<meta name=\"robots\" content=\"index, follow, max-snippet:-1, max-image-preview:large, max-video-preview:-1\" \/>\n<link rel=\"canonical\" href=\"https:\/\/lucianemonteiro.com\/index.php\/universo-infantil\/\" \/>\n<meta property=\"og:locale\" content=\"pt_BR\" \/>\n<meta property=\"og:type\" content=\"article\" \/>\n<meta property=\"og:title\" content=\"Universo infantil - Luciane Monteiro\" \/>\n<meta property=\"og:description\" content=\"Sou uma m\u00e3e e tia coruja, daquelas que encaram festinhas e viagens malucas com todos os sobrinhos e ainda inventa contos, colocando-os como personagens. Tive uma inf\u00e2ncia maravilhosa, por isso adoro mergulhar nela de novo cada vez que tem uma nova crian\u00e7a na fam\u00edlia. Quando fui m\u00e3e, assisti com minha filha a todos os filmes de cachorro, dezenas de desenhos animados, decorei as can\u00e7\u00f5es da Arca de No\u00e9 I e II, Palavra Cantada, entre outros e, \u00e9 claro, li in\u00fameros livros infantis e infantojuvenis (que eu amo, por sinal!). Intercalando nossas leituras, antes de dormir, eu inventava algumas hist\u00f3rias e colocava-a em situa\u00e7\u00f5es inusitadas para diverti-la. R\u00edamos muito com isso e, depois que ela dormia, eu corria para registrar a fim de n\u00e3o esquecer. \u201cA senhora n\u00e3o solta pum\u201d foi uma dessas hist\u00f3rias e acabou virando livro. Ele j\u00e1 est\u00e1 dispon\u00edvel em formato e-book na Amazon. E j\u00e1 que as crian\u00e7as est\u00e3o cada vez mais cedo com um tablet ou celular na m\u00e3o, vamos incentiv\u00e1-las a explorar os livros online! Mas ainda tem muitas outras, que, espero, ganhem asas tamb\u00e9m!\" \/>\n<meta property=\"og:url\" content=\"https:\/\/lucianemonteiro.com\/index.php\/universo-infantil\/\" \/>\n<meta property=\"og:site_name\" content=\"Luciane Monteiro\" \/>\n<meta property=\"article:modified_time\" content=\"2021-10-10T01:23:20+00:00\" \/>\n<meta property=\"og:image\" content=\"https:\/\/lucianemonteiro.com\/wp-content\/uploads\/2021\/10\/New-2-1024x1024.png\" \/>\n<meta name=\"twitter:card\" content=\"summary_large_image\" \/>\n<meta name=\"twitter:label1\" content=\"Est. tempo de leitura\" \/>\n\t<meta name=\"twitter:data1\" content=\"1 minuto\" \/>\n<script type=\"application\/ld+json\" class=\"yoast-schema-graph\">{\"@context\":\"https:\/\/schema.org\",\"@graph\":[{\"@type\":\"WebPage\",\"@id\":\"https:\/\/lucianemonteiro.com\/index.php\/universo-infantil\/\",\"url\":\"https:\/\/lucianemonteiro.com\/index.php\/universo-infantil\/\",\"name\":\"Universo infantil - Luciane Monteiro\",\"isPartOf\":{\"@id\":\"https:\/\/lucianemonteiro.com\/#website\"},\"primaryImageOfPage\":{\"@id\":\"https:\/\/lucianemonteiro.com\/index.php\/universo-infantil\/#primaryimage\"},\"image\":{\"@id\":\"https:\/\/lucianemonteiro.com\/index.php\/universo-infantil\/#primaryimage\"},\"thumbnailUrl\":\"https:\/\/lucianemonteiro.com\/wp-content\/uploads\/2021\/10\/New-2-1024x1024.png\",\"datePublished\":\"2021-01-17T04:21:20+00:00\",\"dateModified\":\"2021-10-10T01:23:20+00:00\",\"breadcrumb\":{\"@id\":\"https:\/\/lucianemonteiro.com\/index.php\/universo-infantil\/#breadcrumb\"},\"inLanguage\":\"pt-BR\",\"potentialAction\":[{\"@type\":\"ReadAction\",\"target\":[\"https:\/\/lucianemonteiro.com\/index.php\/universo-infantil\/\"]}]},{\"@type\":\"ImageObject\",\"inLanguage\":\"pt-BR\",\"@id\":\"https:\/\/lucianemonteiro.com\/index.php\/universo-infantil\/#primaryimage\",\"url\":\"https:\/\/lucianemonteiro.com\/wp-content\/uploads\/2021\/10\/New-2.png\",\"contentUrl\":\"https:\/\/lucianemonteiro.com\/wp-content\/uploads\/2021\/10\/New-2.png\",\"width\":1080,\"height\":1080},{\"@type\":\"BreadcrumbList\",\"@id\":\"https:\/\/lucianemonteiro.com\/index.php\/universo-infantil\/#breadcrumb\",\"itemListElement\":[{\"@type\":\"ListItem\",\"position\":1,\"name\":\"In\u00edcio\",\"item\":\"https:\/\/lucianemonteiro.com\/\"},{\"@type\":\"ListItem\",\"position\":2,\"name\":\"Universo infantil\"}]},{\"@type\":\"WebSite\",\"@id\":\"https:\/\/lucianemonteiro.com\/#website\",\"url\":\"https:\/\/lucianemonteiro.com\/\",\"name\":\"Luciane Monteiro\",\"description\":\"Escritos\",\"potentialAction\":[{\"@type\":\"SearchAction\",\"target\":{\"@type\":\"EntryPoint\",\"urlTemplate\":\"https:\/\/lucianemonteiro.com\/?s={search_term_string}\"},\"query-input\":{\"@type\":\"PropertyValueSpecification\",\"valueRequired\":true,\"valueName\":\"search_term_string\"}}],\"inLanguage\":\"pt-BR\"}]}<\/script>\n<!-- \/ Yoast SEO plugin. -->","yoast_head_json":{"title":"Universo infantil - Luciane Monteiro","robots":{"index":"index","follow":"follow","max-snippet":"max-snippet:-1","max-image-preview":"max-image-preview:large","max-video-preview":"max-video-preview:-1"},"canonical":"https:\/\/lucianemonteiro.com\/index.php\/universo-infantil\/","og_locale":"pt_BR","og_type":"article","og_title":"Universo infantil - Luciane Monteiro","og_description":"Sou uma m\u00e3e e tia coruja, daquelas que encaram festinhas e viagens malucas com todos os sobrinhos e ainda inventa contos, colocando-os como personagens. Tive uma inf\u00e2ncia maravilhosa, por isso adoro mergulhar nela de novo cada vez que tem uma nova crian\u00e7a na fam\u00edlia. Quando fui m\u00e3e, assisti com minha filha a todos os filmes de cachorro, dezenas de desenhos animados, decorei as can\u00e7\u00f5es da Arca de No\u00e9 I e II, Palavra Cantada, entre outros e, \u00e9 claro, li in\u00fameros livros infantis e infantojuvenis (que eu amo, por sinal!). Intercalando nossas leituras, antes de dormir, eu inventava algumas hist\u00f3rias e colocava-a em situa\u00e7\u00f5es inusitadas para diverti-la. R\u00edamos muito com isso e, depois que ela dormia, eu corria para registrar a fim de n\u00e3o esquecer. \u201cA senhora n\u00e3o solta pum\u201d foi uma dessas hist\u00f3rias e acabou virando livro. Ele j\u00e1 est\u00e1 dispon\u00edvel em formato e-book na Amazon. E j\u00e1 que as crian\u00e7as est\u00e3o cada vez mais cedo com um tablet ou celular na m\u00e3o, vamos incentiv\u00e1-las a explorar os livros online! Mas ainda tem muitas outras, que, espero, ganhem asas tamb\u00e9m!","og_url":"https:\/\/lucianemonteiro.com\/index.php\/universo-infantil\/","og_site_name":"Luciane Monteiro","article_modified_time":"2021-10-10T01:23:20+00:00","og_image":[{"url":"https:\/\/lucianemonteiro.com\/wp-content\/uploads\/2021\/10\/New-2-1024x1024.png","type":"","width":"","height":""}],"twitter_card":"summary_large_image","twitter_misc":{"Est. tempo de leitura":"1 minuto"},"schema":{"@context":"https:\/\/schema.org","@graph":[{"@type":"WebPage","@id":"https:\/\/lucianemonteiro.com\/index.php\/universo-infantil\/","url":"https:\/\/lucianemonteiro.com\/index.php\/universo-infantil\/","name":"Universo infantil - Luciane Monteiro","isPartOf":{"@id":"https:\/\/lucianemonteiro.com\/#website"},"primaryImageOfPage":{"@id":"https:\/\/lucianemonteiro.com\/index.php\/universo-infantil\/#primaryimage"},"image":{"@id":"https:\/\/lucianemonteiro.com\/index.php\/universo-infantil\/#primaryimage"},"thumbnailUrl":"https:\/\/lucianemonteiro.com\/wp-content\/uploads\/2021\/10\/New-2-1024x1024.png","datePublished":"2021-01-17T04:21:20+00:00","dateModified":"2021-10-10T01:23:20+00:00","breadcrumb":{"@id":"https:\/\/lucianemonteiro.com\/index.php\/universo-infantil\/#breadcrumb"},"inLanguage":"pt-BR","potentialAction":[{"@type":"ReadAction","target":["https:\/\/lucianemonteiro.com\/index.php\/universo-infantil\/"]}]},{"@type":"ImageObject","inLanguage":"pt-BR","@id":"https:\/\/lucianemonteiro.com\/index.php\/universo-infantil\/#primaryimage","url":"https:\/\/lucianemonteiro.com\/wp-content\/uploads\/2021\/10\/New-2.png","contentUrl":"https:\/\/lucianemonteiro.com\/wp-content\/uploads\/2021\/10\/New-2.png","width":1080,"height":1080},{"@type":"BreadcrumbList","@id":"https:\/\/lucianemonteiro.com\/index.php\/universo-infantil\/#breadcrumb","itemListElement":[{"@type":"ListItem","position":1,"name":"In\u00edcio","item":"https:\/\/lucianemonteiro.com\/"},{"@type":"ListItem","position":2,"name":"Universo infantil"}]},{"@type":"WebSite","@id":"https:\/\/lucianemonteiro.com\/#website","url":"https:\/\/lucianemonteiro.com\/","name":"Luciane Monteiro","description":"Escritos","potentialAction":[{"@type":"SearchAction","target":{"@type":"EntryPoint","urlTemplate":"https:\/\/lucianemonteiro.com\/?s={search_term_string}"},"query-input":{"@type":"PropertyValueSpecification","valueRequired":true,"valueName":"search_term_string"}}],"inLanguage":"pt-BR"}]}},"acf":[],"_links":{"self":[{"href":"https:\/\/lucianemonteiro.com\/index.php\/wp-json\/wp\/v2\/pages\/301","targetHints":{"allow":["GET"]}}],"collection":[{"href":"https:\/\/lucianemonteiro.com\/index.php\/wp-json\/wp\/v2\/pages"}],"about":[{"href":"https:\/\/lucianemonteiro.com\/index.php\/wp-json\/wp\/v2\/types\/page"}],"author":[{"embeddable":true,"href":"https:\/\/lucianemonteiro.com\/index.php\/wp-json\/wp\/v2\/users\/1"}],"replies":[{"embeddable":true,"href":"https:\/\/lucianemonteiro.com\/index.php\/wp-json\/wp\/v2\/comments?post=301"}],"version-history":[{"count":5,"href":"https:\/\/lucianemonteiro.com\/index.php\/wp-json\/wp\/v2\/pages\/301\/revisions"}],"predecessor-version":[{"id":1512,"href":"https:\/\/lucianemonteiro.com\/index.php\/wp-json\/wp\/v2\/pages\/301\/revisions\/1512"}],"wp:attachment":[{"href":"https:\/\/lucianemonteiro.com\/index.php\/wp-json\/wp\/v2\/media?parent=301"}],"curies":[{"name":"wp","href":"https:\/\/api.w.org\/{rel}","templated":true}]}}