{"id":2188,"date":"2025-04-22T18:30:00","date_gmt":"2025-04-22T21:30:00","guid":{"rendered":"https:\/\/lucianemonteiro.com\/?page_id=2188"},"modified":"2025-04-22T18:36:21","modified_gmt":"2025-04-22T21:36:21","slug":"racines-metissees-et-contes-voyageurs","status":"publish","type":"page","link":"https:\/\/lucianemonteiro.com\/index.php\/racines-metissees-et-contes-voyageurs\/","title":{"rendered":"Racines m\u00e9tiss\u00e9es et contes voyageurs"},"content":{"rendered":"\n<p>Uma noite de contos resgatando o folclore da Martinica, Brasil e do Quebec.  Compartilhei uma lenda brasileira e escrevi um conto em que menciono cinco dos personagens mais conhecidos do nosso folclore. Uma noite sensacional!<\/p>\n\n\n\n<p>Une soir\u00e9e de contes mettant \u00e0 l\u2019honneur le folklore de la Martinique, du Br\u00e9sil et du Qu\u00e9bec. J\u2019ai partag\u00e9 une l\u00e9gende br\u00e9silienne et pr\u00e9sent\u00e9 une histoire que j\u2019ai \u00e9crite pour l\u2019occasion, dans laquelle je mentionne cinq des personnages les plus connus de notre folklore. Une soir\u00e9e sensationnelle !<\/p>\n\n\n\n<p>Bois Caf\u00e9, St-Paulin-QC, 19 avril 2025<\/p>\n\n\n\n<figure class=\"wp-block-gallery columns-1 is-cropped wp-block-gallery-1 is-layout-flex wp-block-gallery-is-layout-flex\"><ul class=\"blocks-gallery-grid\"><li class=\"blocks-gallery-item\"><figure><img loading=\"lazy\" decoding=\"async\" width=\"1024\" height=\"768\" src=\"https:\/\/lucianemonteiro.com\/wp-content\/uploads\/2025\/04\/IMG_2914-1024x768.jpeg\" alt=\"\" data-id=\"2209\" data-full-url=\"https:\/\/lucianemonteiro.com\/wp-content\/uploads\/2025\/04\/IMG_2914.jpeg\" data-link=\"https:\/\/lucianemonteiro.com\/?attachment_id=2209\" class=\"wp-image-2209\" srcset=\"https:\/\/lucianemonteiro.com\/wp-content\/uploads\/2025\/04\/IMG_2914-1024x768.jpeg 1024w, https:\/\/lucianemonteiro.com\/wp-content\/uploads\/2025\/04\/IMG_2914-300x225.jpeg 300w, https:\/\/lucianemonteiro.com\/wp-content\/uploads\/2025\/04\/IMG_2914-768x576.jpeg 768w, https:\/\/lucianemonteiro.com\/wp-content\/uploads\/2025\/04\/IMG_2914-1536x1152.jpeg 1536w, https:\/\/lucianemonteiro.com\/wp-content\/uploads\/2025\/04\/IMG_2914-1140x855.jpeg 1140w, https:\/\/lucianemonteiro.com\/wp-content\/uploads\/2025\/04\/IMG_2914-600x450.jpeg 600w, https:\/\/lucianemonteiro.com\/wp-content\/uploads\/2025\/04\/IMG_2914.jpeg 2048w\" sizes=\"auto, (max-width: 1024px) 100vw, 1024px\" \/><\/figure><\/li><\/ul><\/figure>\n","protected":false},"excerpt":{"rendered":"<p>Uma noite de contos resgatando o folclore da Martinica, Brasil e do Quebec. Compartilhei uma lenda brasileira e escrevi um conto em que menciono cinco dos personagens mais conhecidos do nosso folclore. Uma noite sensacional! Une soir\u00e9e de contes mettant \u00e0 l\u2019honneur le folklore de la Martinique, du Br\u00e9sil et du Qu\u00e9bec. J\u2019ai partag\u00e9 une l\u00e9gende br\u00e9silienne et pr\u00e9sent\u00e9 une histoire que j\u2019ai \u00e9crite pour l\u2019occasion, dans laquelle je mentionne cinq des personnages les plus connus de notre folklore. Une soir\u00e9e sensationnelle ! Bois Caf\u00e9, St-Paulin-QC, 19 avril 2025<\/p>\n","protected":false},"author":1,"featured_media":0,"parent":0,"menu_order":0,"comment_status":"closed","ping_status":"closed","template":"","meta":{"footnotes":""},"class_list":["post-2188","page","type-page","status-publish","hentry"],"yoast_head":"<!-- This site is optimized with the Yoast SEO plugin v26.6 - https:\/\/yoast.com\/wordpress\/plugins\/seo\/ -->\n<title>Racines m\u00e9tiss\u00e9es et contes voyageurs - Luciane Monteiro<\/title>\n<meta name=\"description\" content=\"Uma noite de contos resgatando o folclore da Martinica, Brasil e do Quebec.\" \/>\n<meta name=\"robots\" content=\"index, follow, max-snippet:-1, max-image-preview:large, max-video-preview:-1\" \/>\n<link rel=\"canonical\" href=\"https:\/\/lucianemonteiro.com\/index.php\/racines-metissees-et-contes-voyageurs\/\" \/>\n<meta property=\"og:locale\" content=\"pt_BR\" \/>\n<meta property=\"og:type\" content=\"article\" \/>\n<meta property=\"og:title\" content=\"Racines m\u00e9tiss\u00e9es et contes voyageurs - Luciane Monteiro\" \/>\n<meta property=\"og:description\" content=\"Uma noite de contos resgatando o folclore da Martinica, Brasil e do Quebec.\" \/>\n<meta property=\"og:url\" content=\"https:\/\/lucianemonteiro.com\/index.php\/racines-metissees-et-contes-voyageurs\/\" \/>\n<meta property=\"og:site_name\" content=\"Luciane Monteiro\" \/>\n<meta property=\"article:modified_time\" content=\"2025-04-22T21:36:21+00:00\" \/>\n<meta property=\"og:image\" content=\"https:\/\/lucianemonteiro.com\/wp-content\/uploads\/2025\/04\/IMG_2914-1024x768.jpeg\" \/>\n<meta name=\"twitter:card\" content=\"summary_large_image\" \/>\n<meta name=\"twitter:label1\" content=\"Est. tempo de leitura\" \/>\n\t<meta name=\"twitter:data1\" content=\"1 minuto\" \/>\n<script type=\"application\/ld+json\" class=\"yoast-schema-graph\">{\"@context\":\"https:\/\/schema.org\",\"@graph\":[{\"@type\":\"WebPage\",\"@id\":\"https:\/\/lucianemonteiro.com\/index.php\/racines-metissees-et-contes-voyageurs\/\",\"url\":\"https:\/\/lucianemonteiro.com\/index.php\/racines-metissees-et-contes-voyageurs\/\",\"name\":\"Racines m\u00e9tiss\u00e9es et contes voyageurs - Luciane Monteiro\",\"isPartOf\":{\"@id\":\"https:\/\/lucianemonteiro.com\/#website\"},\"primaryImageOfPage\":{\"@id\":\"https:\/\/lucianemonteiro.com\/index.php\/racines-metissees-et-contes-voyageurs\/#primaryimage\"},\"image\":{\"@id\":\"https:\/\/lucianemonteiro.com\/index.php\/racines-metissees-et-contes-voyageurs\/#primaryimage\"},\"thumbnailUrl\":\"https:\/\/lucianemonteiro.com\/wp-content\/uploads\/2025\/04\/IMG_2914-1024x768.jpeg\",\"datePublished\":\"2025-04-22T21:30:00+00:00\",\"dateModified\":\"2025-04-22T21:36:21+00:00\",\"description\":\"Uma noite de contos resgatando o folclore da Martinica, Brasil e do Quebec.\",\"breadcrumb\":{\"@id\":\"https:\/\/lucianemonteiro.com\/index.php\/racines-metissees-et-contes-voyageurs\/#breadcrumb\"},\"inLanguage\":\"pt-BR\",\"potentialAction\":[{\"@type\":\"ReadAction\",\"target\":[\"https:\/\/lucianemonteiro.com\/index.php\/racines-metissees-et-contes-voyageurs\/\"]}]},{\"@type\":\"ImageObject\",\"inLanguage\":\"pt-BR\",\"@id\":\"https:\/\/lucianemonteiro.com\/index.php\/racines-metissees-et-contes-voyageurs\/#primaryimage\",\"url\":\"https:\/\/lucianemonteiro.com\/wp-content\/uploads\/2025\/04\/IMG_2914.jpeg\",\"contentUrl\":\"https:\/\/lucianemonteiro.com\/wp-content\/uploads\/2025\/04\/IMG_2914.jpeg\",\"width\":2048,\"height\":1536},{\"@type\":\"BreadcrumbList\",\"@id\":\"https:\/\/lucianemonteiro.com\/index.php\/racines-metissees-et-contes-voyageurs\/#breadcrumb\",\"itemListElement\":[{\"@type\":\"ListItem\",\"position\":1,\"name\":\"In\u00edcio\",\"item\":\"https:\/\/lucianemonteiro.com\/\"},{\"@type\":\"ListItem\",\"position\":2,\"name\":\"Racines m\u00e9tiss\u00e9es et contes voyageurs\"}]},{\"@type\":\"WebSite\",\"@id\":\"https:\/\/lucianemonteiro.com\/#website\",\"url\":\"https:\/\/lucianemonteiro.com\/\",\"name\":\"Luciane Monteiro\",\"description\":\"Escritos\",\"potentialAction\":[{\"@type\":\"SearchAction\",\"target\":{\"@type\":\"EntryPoint\",\"urlTemplate\":\"https:\/\/lucianemonteiro.com\/?s={search_term_string}\"},\"query-input\":{\"@type\":\"PropertyValueSpecification\",\"valueRequired\":true,\"valueName\":\"search_term_string\"}}],\"inLanguage\":\"pt-BR\"}]}<\/script>\n<!-- \/ Yoast SEO plugin. -->","yoast_head_json":{"title":"Racines m\u00e9tiss\u00e9es et contes voyageurs - Luciane Monteiro","description":"Uma noite de contos resgatando o folclore da Martinica, Brasil e do Quebec.","robots":{"index":"index","follow":"follow","max-snippet":"max-snippet:-1","max-image-preview":"max-image-preview:large","max-video-preview":"max-video-preview:-1"},"canonical":"https:\/\/lucianemonteiro.com\/index.php\/racines-metissees-et-contes-voyageurs\/","og_locale":"pt_BR","og_type":"article","og_title":"Racines m\u00e9tiss\u00e9es et contes voyageurs - Luciane Monteiro","og_description":"Uma noite de contos resgatando o folclore da Martinica, Brasil e do Quebec.","og_url":"https:\/\/lucianemonteiro.com\/index.php\/racines-metissees-et-contes-voyageurs\/","og_site_name":"Luciane Monteiro","article_modified_time":"2025-04-22T21:36:21+00:00","og_image":[{"url":"https:\/\/lucianemonteiro.com\/wp-content\/uploads\/2025\/04\/IMG_2914-1024x768.jpeg","type":"","width":"","height":""}],"twitter_card":"summary_large_image","twitter_misc":{"Est. tempo de leitura":"1 minuto"},"schema":{"@context":"https:\/\/schema.org","@graph":[{"@type":"WebPage","@id":"https:\/\/lucianemonteiro.com\/index.php\/racines-metissees-et-contes-voyageurs\/","url":"https:\/\/lucianemonteiro.com\/index.php\/racines-metissees-et-contes-voyageurs\/","name":"Racines m\u00e9tiss\u00e9es et contes voyageurs - Luciane Monteiro","isPartOf":{"@id":"https:\/\/lucianemonteiro.com\/#website"},"primaryImageOfPage":{"@id":"https:\/\/lucianemonteiro.com\/index.php\/racines-metissees-et-contes-voyageurs\/#primaryimage"},"image":{"@id":"https:\/\/lucianemonteiro.com\/index.php\/racines-metissees-et-contes-voyageurs\/#primaryimage"},"thumbnailUrl":"https:\/\/lucianemonteiro.com\/wp-content\/uploads\/2025\/04\/IMG_2914-1024x768.jpeg","datePublished":"2025-04-22T21:30:00+00:00","dateModified":"2025-04-22T21:36:21+00:00","description":"Uma noite de contos resgatando o folclore da Martinica, Brasil e do Quebec.","breadcrumb":{"@id":"https:\/\/lucianemonteiro.com\/index.php\/racines-metissees-et-contes-voyageurs\/#breadcrumb"},"inLanguage":"pt-BR","potentialAction":[{"@type":"ReadAction","target":["https:\/\/lucianemonteiro.com\/index.php\/racines-metissees-et-contes-voyageurs\/"]}]},{"@type":"ImageObject","inLanguage":"pt-BR","@id":"https:\/\/lucianemonteiro.com\/index.php\/racines-metissees-et-contes-voyageurs\/#primaryimage","url":"https:\/\/lucianemonteiro.com\/wp-content\/uploads\/2025\/04\/IMG_2914.jpeg","contentUrl":"https:\/\/lucianemonteiro.com\/wp-content\/uploads\/2025\/04\/IMG_2914.jpeg","width":2048,"height":1536},{"@type":"BreadcrumbList","@id":"https:\/\/lucianemonteiro.com\/index.php\/racines-metissees-et-contes-voyageurs\/#breadcrumb","itemListElement":[{"@type":"ListItem","position":1,"name":"In\u00edcio","item":"https:\/\/lucianemonteiro.com\/"},{"@type":"ListItem","position":2,"name":"Racines m\u00e9tiss\u00e9es et contes voyageurs"}]},{"@type":"WebSite","@id":"https:\/\/lucianemonteiro.com\/#website","url":"https:\/\/lucianemonteiro.com\/","name":"Luciane Monteiro","description":"Escritos","potentialAction":[{"@type":"SearchAction","target":{"@type":"EntryPoint","urlTemplate":"https:\/\/lucianemonteiro.com\/?s={search_term_string}"},"query-input":{"@type":"PropertyValueSpecification","valueRequired":true,"valueName":"search_term_string"}}],"inLanguage":"pt-BR"}]}},"acf":[],"_links":{"self":[{"href":"https:\/\/lucianemonteiro.com\/index.php\/wp-json\/wp\/v2\/pages\/2188","targetHints":{"allow":["GET"]}}],"collection":[{"href":"https:\/\/lucianemonteiro.com\/index.php\/wp-json\/wp\/v2\/pages"}],"about":[{"href":"https:\/\/lucianemonteiro.com\/index.php\/wp-json\/wp\/v2\/types\/page"}],"author":[{"embeddable":true,"href":"https:\/\/lucianemonteiro.com\/index.php\/wp-json\/wp\/v2\/users\/1"}],"replies":[{"embeddable":true,"href":"https:\/\/lucianemonteiro.com\/index.php\/wp-json\/wp\/v2\/comments?post=2188"}],"version-history":[{"count":5,"href":"https:\/\/lucianemonteiro.com\/index.php\/wp-json\/wp\/v2\/pages\/2188\/revisions"}],"predecessor-version":[{"id":2215,"href":"https:\/\/lucianemonteiro.com\/index.php\/wp-json\/wp\/v2\/pages\/2188\/revisions\/2215"}],"wp:attachment":[{"href":"https:\/\/lucianemonteiro.com\/index.php\/wp-json\/wp\/v2\/media?parent=2188"}],"curies":[{"name":"wp","href":"https:\/\/api.w.org\/{rel}","templated":true}]}}