{"id":2172,"date":"2025-04-02T14:53:06","date_gmt":"2025-04-02T17:53:06","guid":{"rendered":"https:\/\/lucianemonteiro.com\/?page_id=2172"},"modified":"2025-04-02T14:53:06","modified_gmt":"2025-04-02T17:53:06","slug":"concours-lise-durand","status":"publish","type":"page","link":"https:\/\/lucianemonteiro.com\/index.php\/concours-lise-durand\/","title":{"rendered":"Concours Lise-Durand"},"content":{"rendered":"\n<p>Esse ano, ganhei o primeiro lugar na 8\u00aa edi\u00e7\u00e3o do concurso liter\u00e1rio Lise Durand do SANA Trois-Rivi\u00e8res, sob o tema \u201cFranc\u00eas: vivendo a paix\u00e3o por uma l\u00edngua aprendida\u201d. Esta \u00e9 uma competi\u00e7\u00e3o para imigrantes n\u00e3o franc\u00f3fonos na regi\u00e3o da Mauricie, para a qual enviamos um texto de 200 a 500 palavras, dependendo da categoria escolhida.<\/p>\n\n\n\n<p>E a melhor novidade para mim foi saber que o texto da minha filha tamb\u00e9m foi selecionado! Ent\u00e3o fomos juntas para a revela\u00e7\u00e3o dos vencedores: eu, na categoria liter\u00e1ria, e ela, na categoria esfor\u00e7o liter\u00e1rio.<\/p>\n\n\n\n<p>Agrade\u00e7o a todos que me enviaram o link do concurso e me incentivaram a participar (n\u00e3o vou citar nomes para n\u00e3o esquecer de ningu\u00e9m). Saber que tantas pessoas confiaram na minha criatividade me encoraja a continuar exercendo minha paix\u00e3o pela escrita.&nbsp;<\/p>\n\n\n\n<p>Recebemos o \u201cPr\u00eamio Ant\u00eddoto de Qualidade da Linguagem\u201d na Feira do Livro de Trois-Rivi\u00e8res de 2025.<\/p>\n\n\n\n<p>Je suis vraiment heureuse de cette nouvelle : j&#8217;ai pris le premier prix de la 8e \u00e9dition du concours litt\u00e9raire Lise Durand du SANA Trois-Rivi\u00e8res, sous le th\u00e8me \u201c<em>Le fran\u00e7ais : vivre la passion d\u2019une langue apprise\u201d<\/em>. Il s\u2019agit d\u2019un concours destin\u00e9 aux personnes immigrantes non francophones de la Mauricie, o\u00f9 il faut soumettre un texte de 200 \u00e0 500 mots selon la cat\u00e9gorie choisie.&nbsp;<\/p>\n\n\n\n<p>Cependant, la meilleure nouvelle pour moi, c\u2019est que ma fille aussi a eu son texte s\u00e9lectionn\u00e9 ! Alors, nous sommes all\u00e9es ensemble au d\u00e9voilement des gagnants : moi, dans la cat\u00e9gorie litt\u00e9raire, et elle, dans la cat\u00e9gorie effort litt\u00e9raire.<\/p>\n\n\n\n<p>Je tiens \u00e0 remercier toutes les personnes qui m\u2019ont envoy\u00e9 le lien du concours en m&#8217;encourageant \u00e0 y participer. Cela d\u00e9montre que vous me faites confiance, et cela me rend heureuse en tant qu&#8217;\u00e9crivaine en qu\u00eate d\u2019un nouveau public loin de mon pays.<\/p>\n\n\n\n<p>Je n\u2019oserai pas mentionner de noms afin de n\u2019oublier personne, mais je vous remercie tous de penser \u00e0 moi et \u00e0 ma passion pour les mots.<\/p>\n\n\n\n<p>Nous avons re\u00e7u le \u201cPrix Antidote pour la qualit\u00e9 de la langue\u201d au Salon du livre de Trois-Rivi\u00e8res de 2025.<\/p>\n\n\n\n<p>#concourslitteraire #concursoliterario #linguafrancesa #fran\u00e7ais #concurso #lucianemonteiro #quebec #coletivoescribas #voixdepasaj #beijafloreditorial<\/p>\n\n\n\n<figure class=\"wp-block-gallery columns-3 is-cropped wp-block-gallery-1 is-layout-flex wp-block-gallery-is-layout-flex\"><ul class=\"blocks-gallery-grid\"><li class=\"blocks-gallery-item\"><figure><img loading=\"lazy\" decoding=\"async\" width=\"991\" height=\"557\" src=\"https:\/\/lucianemonteiro.com\/wp-content\/uploads\/2025\/04\/53944726-cf7d-4e8b-a290-90466649ba8e.jpeg\" alt=\"\" data-id=\"2173\" data-full-url=\"https:\/\/lucianemonteiro.com\/wp-content\/uploads\/2025\/04\/53944726-cf7d-4e8b-a290-90466649ba8e.jpeg\" data-link=\"https:\/\/lucianemonteiro.com\/?attachment_id=2173\" class=\"wp-image-2173\" srcset=\"https:\/\/lucianemonteiro.com\/wp-content\/uploads\/2025\/04\/53944726-cf7d-4e8b-a290-90466649ba8e.jpeg 991w, https:\/\/lucianemonteiro.com\/wp-content\/uploads\/2025\/04\/53944726-cf7d-4e8b-a290-90466649ba8e-300x169.jpeg 300w, https:\/\/lucianemonteiro.com\/wp-content\/uploads\/2025\/04\/53944726-cf7d-4e8b-a290-90466649ba8e-768x432.jpeg 768w, https:\/\/lucianemonteiro.com\/wp-content\/uploads\/2025\/04\/53944726-cf7d-4e8b-a290-90466649ba8e-600x337.jpeg 600w\" sizes=\"auto, (max-width: 991px) 100vw, 991px\" \/><\/figure><\/li><li class=\"blocks-gallery-item\"><figure><img loading=\"lazy\" decoding=\"async\" width=\"768\" height=\"1024\" src=\"https:\/\/lucianemonteiro.com\/wp-content\/uploads\/2025\/04\/661746b4-2218-4616-a50f-ae37ef05b703-768x1024.jpeg\" alt=\"\" data-id=\"2174\" data-full-url=\"https:\/\/lucianemonteiro.com\/wp-content\/uploads\/2025\/04\/661746b4-2218-4616-a50f-ae37ef05b703.jpeg\" data-link=\"https:\/\/lucianemonteiro.com\/?attachment_id=2174\" class=\"wp-image-2174\" srcset=\"https:\/\/lucianemonteiro.com\/wp-content\/uploads\/2025\/04\/661746b4-2218-4616-a50f-ae37ef05b703-768x1024.jpeg 768w, https:\/\/lucianemonteiro.com\/wp-content\/uploads\/2025\/04\/661746b4-2218-4616-a50f-ae37ef05b703-225x300.jpeg 225w, https:\/\/lucianemonteiro.com\/wp-content\/uploads\/2025\/04\/661746b4-2218-4616-a50f-ae37ef05b703-1152x1536.jpeg 1152w, https:\/\/lucianemonteiro.com\/wp-content\/uploads\/2025\/04\/661746b4-2218-4616-a50f-ae37ef05b703-1536x2048.jpeg 1536w, https:\/\/lucianemonteiro.com\/wp-content\/uploads\/2025\/04\/661746b4-2218-4616-a50f-ae37ef05b703-1140x1520.jpeg 1140w, https:\/\/lucianemonteiro.com\/wp-content\/uploads\/2025\/04\/661746b4-2218-4616-a50f-ae37ef05b703-600x800.jpeg 600w, https:\/\/lucianemonteiro.com\/wp-content\/uploads\/2025\/04\/661746b4-2218-4616-a50f-ae37ef05b703.jpeg 1728w\" sizes=\"auto, (max-width: 768px) 100vw, 768px\" \/><\/figure><\/li><li class=\"blocks-gallery-item\"><figure><img loading=\"lazy\" decoding=\"async\" width=\"1024\" height=\"724\" src=\"https:\/\/lucianemonteiro.com\/wp-content\/uploads\/2025\/04\/Certificat-Concour-Literaire.Luciane-Monteiro_page-0001-1024x724.jpg\" alt=\"\" data-id=\"2175\" data-full-url=\"https:\/\/lucianemonteiro.com\/wp-content\/uploads\/2025\/04\/Certificat-Concour-Literaire.Luciane-Monteiro_page-0001.jpg\" data-link=\"https:\/\/lucianemonteiro.com\/?attachment_id=2175\" class=\"wp-image-2175\" srcset=\"https:\/\/lucianemonteiro.com\/wp-content\/uploads\/2025\/04\/Certificat-Concour-Literaire.Luciane-Monteiro_page-0001-1024x724.jpg 1024w, https:\/\/lucianemonteiro.com\/wp-content\/uploads\/2025\/04\/Certificat-Concour-Literaire.Luciane-Monteiro_page-0001-300x212.jpg 300w, https:\/\/lucianemonteiro.com\/wp-content\/uploads\/2025\/04\/Certificat-Concour-Literaire.Luciane-Monteiro_page-0001-768x543.jpg 768w, https:\/\/lucianemonteiro.com\/wp-content\/uploads\/2025\/04\/Certificat-Concour-Literaire.Luciane-Monteiro_page-0001-1536x1086.jpg 1536w, https:\/\/lucianemonteiro.com\/wp-content\/uploads\/2025\/04\/Certificat-Concour-Literaire.Luciane-Monteiro_page-0001-1140x806.jpg 1140w, https:\/\/lucianemonteiro.com\/wp-content\/uploads\/2025\/04\/Certificat-Concour-Literaire.Luciane-Monteiro_page-0001-600x424.jpg 600w, https:\/\/lucianemonteiro.com\/wp-content\/uploads\/2025\/04\/Certificat-Concour-Literaire.Luciane-Monteiro_page-0001.jpg 1755w\" sizes=\"auto, (max-width: 1024px) 100vw, 1024px\" \/><\/figure><\/li><\/ul><\/figure>\n","protected":false},"excerpt":{"rendered":"<p>Esse ano, ganhei o primeiro lugar na 8\u00aa edi\u00e7\u00e3o do concurso liter\u00e1rio Lise Durand do SANA Trois-Rivi\u00e8res, sob o tema \u201cFranc\u00eas: vivendo a paix\u00e3o por uma l\u00edngua aprendida\u201d. Esta \u00e9 uma competi\u00e7\u00e3o para imigrantes n\u00e3o franc\u00f3fonos na regi\u00e3o da Mauricie, para a qual enviamos um texto de 200 a 500 palavras, dependendo da categoria escolhida. E a melhor novidade para mim foi saber que o texto da minha filha tamb\u00e9m foi selecionado! Ent\u00e3o fomos juntas para a revela\u00e7\u00e3o dos vencedores: eu, na categoria liter\u00e1ria, e ela, na categoria esfor\u00e7o liter\u00e1rio. Agrade\u00e7o a todos que me enviaram o link do concurso e me incentivaram a participar (n\u00e3o vou citar nomes para n\u00e3o esquecer de ningu\u00e9m). Saber que tantas pessoas confiaram na minha criatividade me encoraja a continuar exercendo minha paix\u00e3o pela escrita.&nbsp; Recebemos o \u201cPr\u00eamio Ant\u00eddoto de Qualidade da Linguagem\u201d na Feira do Livro de Trois-Rivi\u00e8res de 2025. Je suis vraiment heureuse de cette nouvelle : j&#8217;ai pris le premier prix de la 8e \u00e9dition du concours litt\u00e9raire Lise Durand du SANA Trois-Rivi\u00e8res, sous le th\u00e8me \u201cLe fran\u00e7ais : vivre la passion d\u2019une langue apprise\u201d. Il s\u2019agit d\u2019un concours destin\u00e9 aux personnes immigrantes non francophones de la Mauricie, o\u00f9 il faut soumettre un texte de 200 \u00e0 500 mots selon la cat\u00e9gorie choisie.&nbsp; Cependant, la meilleure nouvelle pour moi, c\u2019est que ma fille aussi a eu son texte s\u00e9lectionn\u00e9 ! Alors, nous sommes all\u00e9es ensemble au d\u00e9voilement des gagnants : moi, dans la cat\u00e9gorie litt\u00e9raire, et elle, dans la cat\u00e9gorie effort litt\u00e9raire. Je tiens \u00e0 remercier toutes les personnes qui m\u2019ont envoy\u00e9 le lien du concours en m&#8217;encourageant \u00e0 y participer. Cela d\u00e9montre que vous me faites confiance, et cela me rend heureuse en tant qu&#8217;\u00e9crivaine en qu\u00eate d\u2019un nouveau public loin de mon pays. Je n\u2019oserai pas mentionner de noms afin de n\u2019oublier personne, mais je vous remercie tous de penser \u00e0 moi et \u00e0 ma passion pour les mots. Nous avons re\u00e7u le \u201cPrix Antidote pour la qualit\u00e9 de la langue\u201d au Salon du livre de Trois-Rivi\u00e8res de 2025. #concourslitteraire #concursoliterario #linguafrancesa #fran\u00e7ais #concurso #lucianemonteiro #quebec #coletivoescribas #voixdepasaj #beijafloreditorial<\/p>\n","protected":false},"author":1,"featured_media":0,"parent":0,"menu_order":0,"comment_status":"closed","ping_status":"closed","template":"","meta":{"footnotes":""},"class_list":["post-2172","page","type-page","status-publish","hentry"],"yoast_head":"<!-- This site is optimized with the Yoast SEO plugin v26.6 - https:\/\/yoast.com\/wordpress\/plugins\/seo\/ -->\n<title>Concours Lise-Durand - Luciane Monteiro<\/title>\n<meta name=\"description\" content=\"Esse ano, ganhei o primeiro lugar na 8\u00aa edi\u00e7\u00e3o do concurso liter\u00e1rio Lise Durand do SANA Trois-Rivi\u00e8res, sob o tema \u201cFranc\u00eas: vivendo a paix\u00e3o por uma l\u00edngua aprendida\u201d.\" \/>\n<meta name=\"robots\" content=\"index, follow, max-snippet:-1, max-image-preview:large, max-video-preview:-1\" \/>\n<link rel=\"canonical\" href=\"https:\/\/lucianemonteiro.com\/index.php\/concours-lise-durand\/\" \/>\n<meta property=\"og:locale\" content=\"pt_BR\" \/>\n<meta property=\"og:type\" content=\"article\" \/>\n<meta property=\"og:title\" content=\"Concours Lise-Durand - Luciane Monteiro\" \/>\n<meta property=\"og:description\" content=\"Esse ano, ganhei o primeiro lugar na 8\u00aa edi\u00e7\u00e3o do concurso liter\u00e1rio Lise Durand do SANA Trois-Rivi\u00e8res, sob o tema \u201cFranc\u00eas: vivendo a paix\u00e3o por uma l\u00edngua aprendida\u201d.\" \/>\n<meta property=\"og:url\" content=\"https:\/\/lucianemonteiro.com\/index.php\/concours-lise-durand\/\" \/>\n<meta property=\"og:site_name\" content=\"Luciane Monteiro\" \/>\n<meta property=\"og:image\" content=\"https:\/\/lucianemonteiro.com\/wp-content\/uploads\/2025\/04\/53944726-cf7d-4e8b-a290-90466649ba8e.jpeg\" \/>\n<meta name=\"twitter:card\" content=\"summary_large_image\" \/>\n<meta name=\"twitter:label1\" content=\"Est. tempo de leitura\" \/>\n\t<meta name=\"twitter:data1\" content=\"3 minutos\" \/>\n<script type=\"application\/ld+json\" class=\"yoast-schema-graph\">{\"@context\":\"https:\/\/schema.org\",\"@graph\":[{\"@type\":\"WebPage\",\"@id\":\"https:\/\/lucianemonteiro.com\/index.php\/concours-lise-durand\/\",\"url\":\"https:\/\/lucianemonteiro.com\/index.php\/concours-lise-durand\/\",\"name\":\"Concours Lise-Durand - Luciane Monteiro\",\"isPartOf\":{\"@id\":\"https:\/\/lucianemonteiro.com\/#website\"},\"primaryImageOfPage\":{\"@id\":\"https:\/\/lucianemonteiro.com\/index.php\/concours-lise-durand\/#primaryimage\"},\"image\":{\"@id\":\"https:\/\/lucianemonteiro.com\/index.php\/concours-lise-durand\/#primaryimage\"},\"thumbnailUrl\":\"https:\/\/lucianemonteiro.com\/wp-content\/uploads\/2025\/04\/53944726-cf7d-4e8b-a290-90466649ba8e.jpeg\",\"datePublished\":\"2025-04-02T17:53:06+00:00\",\"description\":\"Esse ano, ganhei o primeiro lugar na 8\u00aa edi\u00e7\u00e3o do concurso liter\u00e1rio Lise Durand do SANA Trois-Rivi\u00e8res, sob o tema \u201cFranc\u00eas: vivendo a paix\u00e3o por uma l\u00edngua aprendida\u201d.\",\"breadcrumb\":{\"@id\":\"https:\/\/lucianemonteiro.com\/index.php\/concours-lise-durand\/#breadcrumb\"},\"inLanguage\":\"pt-BR\",\"potentialAction\":[{\"@type\":\"ReadAction\",\"target\":[\"https:\/\/lucianemonteiro.com\/index.php\/concours-lise-durand\/\"]}]},{\"@type\":\"ImageObject\",\"inLanguage\":\"pt-BR\",\"@id\":\"https:\/\/lucianemonteiro.com\/index.php\/concours-lise-durand\/#primaryimage\",\"url\":\"https:\/\/lucianemonteiro.com\/wp-content\/uploads\/2025\/04\/53944726-cf7d-4e8b-a290-90466649ba8e.jpeg\",\"contentUrl\":\"https:\/\/lucianemonteiro.com\/wp-content\/uploads\/2025\/04\/53944726-cf7d-4e8b-a290-90466649ba8e.jpeg\",\"width\":991,\"height\":557},{\"@type\":\"BreadcrumbList\",\"@id\":\"https:\/\/lucianemonteiro.com\/index.php\/concours-lise-durand\/#breadcrumb\",\"itemListElement\":[{\"@type\":\"ListItem\",\"position\":1,\"name\":\"In\u00edcio\",\"item\":\"https:\/\/lucianemonteiro.com\/\"},{\"@type\":\"ListItem\",\"position\":2,\"name\":\"Concours Lise-Durand\"}]},{\"@type\":\"WebSite\",\"@id\":\"https:\/\/lucianemonteiro.com\/#website\",\"url\":\"https:\/\/lucianemonteiro.com\/\",\"name\":\"Luciane Monteiro\",\"description\":\"Escritos\",\"potentialAction\":[{\"@type\":\"SearchAction\",\"target\":{\"@type\":\"EntryPoint\",\"urlTemplate\":\"https:\/\/lucianemonteiro.com\/?s={search_term_string}\"},\"query-input\":{\"@type\":\"PropertyValueSpecification\",\"valueRequired\":true,\"valueName\":\"search_term_string\"}}],\"inLanguage\":\"pt-BR\"}]}<\/script>\n<!-- \/ Yoast SEO plugin. -->","yoast_head_json":{"title":"Concours Lise-Durand - Luciane Monteiro","description":"Esse ano, ganhei o primeiro lugar na 8\u00aa edi\u00e7\u00e3o do concurso liter\u00e1rio Lise Durand do SANA Trois-Rivi\u00e8res, sob o tema \u201cFranc\u00eas: vivendo a paix\u00e3o por uma l\u00edngua aprendida\u201d.","robots":{"index":"index","follow":"follow","max-snippet":"max-snippet:-1","max-image-preview":"max-image-preview:large","max-video-preview":"max-video-preview:-1"},"canonical":"https:\/\/lucianemonteiro.com\/index.php\/concours-lise-durand\/","og_locale":"pt_BR","og_type":"article","og_title":"Concours Lise-Durand - Luciane Monteiro","og_description":"Esse ano, ganhei o primeiro lugar na 8\u00aa edi\u00e7\u00e3o do concurso liter\u00e1rio Lise Durand do SANA Trois-Rivi\u00e8res, sob o tema \u201cFranc\u00eas: vivendo a paix\u00e3o por uma l\u00edngua aprendida\u201d.","og_url":"https:\/\/lucianemonteiro.com\/index.php\/concours-lise-durand\/","og_site_name":"Luciane Monteiro","og_image":[{"url":"https:\/\/lucianemonteiro.com\/wp-content\/uploads\/2025\/04\/53944726-cf7d-4e8b-a290-90466649ba8e.jpeg","type":"","width":"","height":""}],"twitter_card":"summary_large_image","twitter_misc":{"Est. tempo de leitura":"3 minutos"},"schema":{"@context":"https:\/\/schema.org","@graph":[{"@type":"WebPage","@id":"https:\/\/lucianemonteiro.com\/index.php\/concours-lise-durand\/","url":"https:\/\/lucianemonteiro.com\/index.php\/concours-lise-durand\/","name":"Concours Lise-Durand - Luciane Monteiro","isPartOf":{"@id":"https:\/\/lucianemonteiro.com\/#website"},"primaryImageOfPage":{"@id":"https:\/\/lucianemonteiro.com\/index.php\/concours-lise-durand\/#primaryimage"},"image":{"@id":"https:\/\/lucianemonteiro.com\/index.php\/concours-lise-durand\/#primaryimage"},"thumbnailUrl":"https:\/\/lucianemonteiro.com\/wp-content\/uploads\/2025\/04\/53944726-cf7d-4e8b-a290-90466649ba8e.jpeg","datePublished":"2025-04-02T17:53:06+00:00","description":"Esse ano, ganhei o primeiro lugar na 8\u00aa edi\u00e7\u00e3o do concurso liter\u00e1rio Lise Durand do SANA Trois-Rivi\u00e8res, sob o tema \u201cFranc\u00eas: vivendo a paix\u00e3o por uma l\u00edngua aprendida\u201d.","breadcrumb":{"@id":"https:\/\/lucianemonteiro.com\/index.php\/concours-lise-durand\/#breadcrumb"},"inLanguage":"pt-BR","potentialAction":[{"@type":"ReadAction","target":["https:\/\/lucianemonteiro.com\/index.php\/concours-lise-durand\/"]}]},{"@type":"ImageObject","inLanguage":"pt-BR","@id":"https:\/\/lucianemonteiro.com\/index.php\/concours-lise-durand\/#primaryimage","url":"https:\/\/lucianemonteiro.com\/wp-content\/uploads\/2025\/04\/53944726-cf7d-4e8b-a290-90466649ba8e.jpeg","contentUrl":"https:\/\/lucianemonteiro.com\/wp-content\/uploads\/2025\/04\/53944726-cf7d-4e8b-a290-90466649ba8e.jpeg","width":991,"height":557},{"@type":"BreadcrumbList","@id":"https:\/\/lucianemonteiro.com\/index.php\/concours-lise-durand\/#breadcrumb","itemListElement":[{"@type":"ListItem","position":1,"name":"In\u00edcio","item":"https:\/\/lucianemonteiro.com\/"},{"@type":"ListItem","position":2,"name":"Concours Lise-Durand"}]},{"@type":"WebSite","@id":"https:\/\/lucianemonteiro.com\/#website","url":"https:\/\/lucianemonteiro.com\/","name":"Luciane Monteiro","description":"Escritos","potentialAction":[{"@type":"SearchAction","target":{"@type":"EntryPoint","urlTemplate":"https:\/\/lucianemonteiro.com\/?s={search_term_string}"},"query-input":{"@type":"PropertyValueSpecification","valueRequired":true,"valueName":"search_term_string"}}],"inLanguage":"pt-BR"}]}},"acf":[],"_links":{"self":[{"href":"https:\/\/lucianemonteiro.com\/index.php\/wp-json\/wp\/v2\/pages\/2172","targetHints":{"allow":["GET"]}}],"collection":[{"href":"https:\/\/lucianemonteiro.com\/index.php\/wp-json\/wp\/v2\/pages"}],"about":[{"href":"https:\/\/lucianemonteiro.com\/index.php\/wp-json\/wp\/v2\/types\/page"}],"author":[{"embeddable":true,"href":"https:\/\/lucianemonteiro.com\/index.php\/wp-json\/wp\/v2\/users\/1"}],"replies":[{"embeddable":true,"href":"https:\/\/lucianemonteiro.com\/index.php\/wp-json\/wp\/v2\/comments?post=2172"}],"version-history":[{"count":3,"href":"https:\/\/lucianemonteiro.com\/index.php\/wp-json\/wp\/v2\/pages\/2172\/revisions"}],"predecessor-version":[{"id":2178,"href":"https:\/\/lucianemonteiro.com\/index.php\/wp-json\/wp\/v2\/pages\/2172\/revisions\/2178"}],"wp:attachment":[{"href":"https:\/\/lucianemonteiro.com\/index.php\/wp-json\/wp\/v2\/media?parent=2172"}],"curies":[{"name":"wp","href":"https:\/\/api.w.org\/{rel}","templated":true}]}}