{"id":2157,"date":"2025-03-26T19:24:06","date_gmt":"2025-03-26T22:24:06","guid":{"rendered":"https:\/\/lucianemonteiro.com\/?page_id=2157"},"modified":"2025-03-26T19:34:48","modified_gmt":"2025-03-26T22:34:48","slug":"cafe-interculturel","status":"publish","type":"page","link":"https:\/\/lucianemonteiro.com\/index.php\/cafe-interculturel\/","title":{"rendered":"Caf\u00e9 Interculturel"},"content":{"rendered":"\n<p>Caf\u00e9 Interculturel de Voix de Pasaj, avec l&#8217;artiste d&#8217;arts visuelles Lorraine Rouillard.<\/p>\n\n\n\n<p>Les caf\u00e9s interculturels visent \u00e0 cr\u00e9er des \u00e9changes entre les nouveaux arrivants et la communaut\u00e9 d&#8217;accueil \u00e0 travers l\u2019art. Les th\u00e9matiques explor\u00e9es sous divers angles du vivre ensemble ont pour point de d\u00e9part la production artistique.<\/p>\n\n\n\n<p>Le th\u00e8me de notre caf\u00e9 du 24 mars \u00e9tait &#8220;Le F\u00e9minin dans tous ses arts&#8221;.<\/p>\n\n\n\n<p><em>Caf\u00e9 Intercultural de Voix de Pasaj, com a artista de artes visuais Lorraine Rouillard<\/em>.<\/p>\n\n\n\n<p><em>Os caf\u00e9s interculturais t\u00eam como objetivo criar trocas, por meio da arte, entre os rec\u00e9m-chegados e a comunidade local. As tem\u00e1ticas, exploradas sob diferentes \u00e2ngulos da conviv\u00eancia harmoniosa, t\u00eam como ponto de partida a produ\u00e7\u00e3o art\u00edstica.<\/em><\/p>\n\n\n\n<p><em>O tema do nosso caf\u00e9 no dia 24 de mar\u00e7o foi &#8216;O Feminino em todas as suas artes&#8217;.<\/em><\/p>\n\n\n\n<figure class=\"wp-block-gallery columns-3 is-cropped wp-block-gallery-1 is-layout-flex wp-block-gallery-is-layout-flex\"><ul class=\"blocks-gallery-grid\"><li class=\"blocks-gallery-item\"><figure><img loading=\"lazy\" decoding=\"async\" width=\"750\" height=\"414\" src=\"https:\/\/lucianemonteiro.com\/wp-content\/uploads\/2025\/03\/WhatsApp-Image-2025-03-26-at-17.36.46-1.jpeg\" alt=\"\" data-id=\"2159\" data-full-url=\"https:\/\/lucianemonteiro.com\/wp-content\/uploads\/2025\/03\/WhatsApp-Image-2025-03-26-at-17.36.46-1.jpeg\" data-link=\"https:\/\/lucianemonteiro.com\/?attachment_id=2159\" class=\"wp-image-2159\" srcset=\"https:\/\/lucianemonteiro.com\/wp-content\/uploads\/2025\/03\/WhatsApp-Image-2025-03-26-at-17.36.46-1.jpeg 750w, https:\/\/lucianemonteiro.com\/wp-content\/uploads\/2025\/03\/WhatsApp-Image-2025-03-26-at-17.36.46-1-300x166.jpeg 300w, https:\/\/lucianemonteiro.com\/wp-content\/uploads\/2025\/03\/WhatsApp-Image-2025-03-26-at-17.36.46-1-600x331.jpeg 600w\" sizes=\"auto, (max-width: 750px) 100vw, 750px\" \/><\/figure><\/li><li class=\"blocks-gallery-item\"><figure><img loading=\"lazy\" decoding=\"async\" width=\"768\" height=\"1024\" src=\"https:\/\/lucianemonteiro.com\/wp-content\/uploads\/2025\/03\/WhatsApp-Image-2025-03-26-at-17.36.45-768x1024.jpeg\" alt=\"\" data-id=\"2158\" data-full-url=\"https:\/\/lucianemonteiro.com\/wp-content\/uploads\/2025\/03\/WhatsApp-Image-2025-03-26-at-17.36.45.jpeg\" data-link=\"https:\/\/lucianemonteiro.com\/?attachment_id=2158\" class=\"wp-image-2158\" srcset=\"https:\/\/lucianemonteiro.com\/wp-content\/uploads\/2025\/03\/WhatsApp-Image-2025-03-26-at-17.36.45-768x1024.jpeg 768w, https:\/\/lucianemonteiro.com\/wp-content\/uploads\/2025\/03\/WhatsApp-Image-2025-03-26-at-17.36.45-225x300.jpeg 225w, https:\/\/lucianemonteiro.com\/wp-content\/uploads\/2025\/03\/WhatsApp-Image-2025-03-26-at-17.36.45-600x800.jpeg 600w, https:\/\/lucianemonteiro.com\/wp-content\/uploads\/2025\/03\/WhatsApp-Image-2025-03-26-at-17.36.45.jpeg 960w\" sizes=\"auto, (max-width: 768px) 100vw, 768px\" \/><\/figure><\/li><li class=\"blocks-gallery-item\"><figure><img loading=\"lazy\" decoding=\"async\" width=\"1024\" height=\"768\" src=\"https:\/\/lucianemonteiro.com\/wp-content\/uploads\/2025\/03\/WhatsApp-Image-2025-03-26-at-17.36.46-2-1024x768.jpeg\" alt=\"\" data-id=\"2160\" data-full-url=\"https:\/\/lucianemonteiro.com\/wp-content\/uploads\/2025\/03\/WhatsApp-Image-2025-03-26-at-17.36.46-2.jpeg\" data-link=\"https:\/\/lucianemonteiro.com\/?attachment_id=2160\" class=\"wp-image-2160\" srcset=\"https:\/\/lucianemonteiro.com\/wp-content\/uploads\/2025\/03\/WhatsApp-Image-2025-03-26-at-17.36.46-2-1024x768.jpeg 1024w, https:\/\/lucianemonteiro.com\/wp-content\/uploads\/2025\/03\/WhatsApp-Image-2025-03-26-at-17.36.46-2-300x225.jpeg 300w, https:\/\/lucianemonteiro.com\/wp-content\/uploads\/2025\/03\/WhatsApp-Image-2025-03-26-at-17.36.46-2-768x576.jpeg 768w, https:\/\/lucianemonteiro.com\/wp-content\/uploads\/2025\/03\/WhatsApp-Image-2025-03-26-at-17.36.46-2-1140x855.jpeg 1140w, https:\/\/lucianemonteiro.com\/wp-content\/uploads\/2025\/03\/WhatsApp-Image-2025-03-26-at-17.36.46-2-600x450.jpeg 600w, https:\/\/lucianemonteiro.com\/wp-content\/uploads\/2025\/03\/WhatsApp-Image-2025-03-26-at-17.36.46-2.jpeg 1280w\" sizes=\"auto, (max-width: 1024px) 100vw, 1024px\" \/><\/figure><\/li><li class=\"blocks-gallery-item\"><figure><img loading=\"lazy\" decoding=\"async\" width=\"1024\" height=\"768\" src=\"https:\/\/lucianemonteiro.com\/wp-content\/uploads\/2025\/03\/WhatsApp-Image-2025-03-26-at-17.36.46-3-1024x768.jpeg\" alt=\"\" data-id=\"2161\" data-full-url=\"https:\/\/lucianemonteiro.com\/wp-content\/uploads\/2025\/03\/WhatsApp-Image-2025-03-26-at-17.36.46-3.jpeg\" data-link=\"https:\/\/lucianemonteiro.com\/?attachment_id=2161\" class=\"wp-image-2161\" srcset=\"https:\/\/lucianemonteiro.com\/wp-content\/uploads\/2025\/03\/WhatsApp-Image-2025-03-26-at-17.36.46-3-1024x768.jpeg 1024w, https:\/\/lucianemonteiro.com\/wp-content\/uploads\/2025\/03\/WhatsApp-Image-2025-03-26-at-17.36.46-3-300x225.jpeg 300w, https:\/\/lucianemonteiro.com\/wp-content\/uploads\/2025\/03\/WhatsApp-Image-2025-03-26-at-17.36.46-3-768x576.jpeg 768w, https:\/\/lucianemonteiro.com\/wp-content\/uploads\/2025\/03\/WhatsApp-Image-2025-03-26-at-17.36.46-3-1140x855.jpeg 1140w, https:\/\/lucianemonteiro.com\/wp-content\/uploads\/2025\/03\/WhatsApp-Image-2025-03-26-at-17.36.46-3-600x450.jpeg 600w, https:\/\/lucianemonteiro.com\/wp-content\/uploads\/2025\/03\/WhatsApp-Image-2025-03-26-at-17.36.46-3.jpeg 1280w\" sizes=\"auto, (max-width: 1024px) 100vw, 1024px\" \/><\/figure><\/li><\/ul><\/figure>\n","protected":false},"excerpt":{"rendered":"<p>Caf\u00e9 Interculturel de Voix de Pasaj, avec l&#8217;artiste d&#8217;arts visuelles Lorraine Rouillard. Les caf\u00e9s interculturels visent \u00e0 cr\u00e9er des \u00e9changes entre les nouveaux arrivants et la communaut\u00e9 d&#8217;accueil \u00e0 travers l\u2019art. Les th\u00e9matiques explor\u00e9es sous divers angles du vivre ensemble ont pour point de d\u00e9part la production artistique. Le th\u00e8me de notre caf\u00e9 du 24 mars \u00e9tait &#8220;Le F\u00e9minin dans tous ses arts&#8221;. Caf\u00e9 Intercultural de Voix de Pasaj, com a artista de artes visuais Lorraine Rouillard. Os caf\u00e9s interculturais t\u00eam como objetivo criar trocas, por meio da arte, entre os rec\u00e9m-chegados e a comunidade local. As tem\u00e1ticas, exploradas sob diferentes \u00e2ngulos da conviv\u00eancia harmoniosa, t\u00eam como ponto de partida a produ\u00e7\u00e3o art\u00edstica. O tema do nosso caf\u00e9 no dia 24 de mar\u00e7o foi &#8216;O Feminino em todas as suas artes&#8217;.<\/p>\n","protected":false},"author":1,"featured_media":0,"parent":0,"menu_order":0,"comment_status":"closed","ping_status":"closed","template":"","meta":{"footnotes":""},"class_list":["post-2157","page","type-page","status-publish","hentry"],"yoast_head":"<!-- This site is optimized with the Yoast SEO plugin v26.6 - https:\/\/yoast.com\/wordpress\/plugins\/seo\/ -->\n<title>Caf\u00e9 Interculturel - Luciane Monteiro<\/title>\n<meta name=\"description\" content=\"Os caf\u00e9s interculturais t\u00eam como objetivo criar trocas, por meio da arte, entre os rec\u00e9m-chegados e a comunidade local. As tem\u00e1ticas, exploradas sob diferentes \u00e2ngulos da conviv\u00eancia harmoniosa, t\u00eam como ponto de partida a produ\u00e7\u00e3o art\u00edstica.\" \/>\n<meta name=\"robots\" content=\"index, follow, max-snippet:-1, max-image-preview:large, max-video-preview:-1\" \/>\n<link rel=\"canonical\" href=\"https:\/\/lucianemonteiro.com\/index.php\/cafe-interculturel\/\" \/>\n<meta property=\"og:locale\" content=\"pt_BR\" \/>\n<meta property=\"og:type\" content=\"article\" \/>\n<meta property=\"og:title\" content=\"Caf\u00e9 Interculturel - Luciane Monteiro\" \/>\n<meta property=\"og:description\" content=\"Os caf\u00e9s interculturais t\u00eam como objetivo criar trocas, por meio da arte, entre os rec\u00e9m-chegados e a comunidade local. As tem\u00e1ticas, exploradas sob diferentes \u00e2ngulos da conviv\u00eancia harmoniosa, t\u00eam como ponto de partida a produ\u00e7\u00e3o art\u00edstica.\" \/>\n<meta property=\"og:url\" content=\"https:\/\/lucianemonteiro.com\/index.php\/cafe-interculturel\/\" \/>\n<meta property=\"og:site_name\" content=\"Luciane Monteiro\" \/>\n<meta property=\"article:modified_time\" content=\"2025-03-26T22:34:48+00:00\" \/>\n<meta property=\"og:image\" content=\"https:\/\/lucianemonteiro.com\/wp-content\/uploads\/2025\/03\/WhatsApp-Image-2025-03-26-at-17.36.46-1.jpeg\" \/>\n<meta name=\"twitter:card\" content=\"summary_large_image\" \/>\n<meta name=\"twitter:label1\" content=\"Est. tempo de leitura\" \/>\n\t<meta name=\"twitter:data1\" content=\"2 minutos\" \/>\n<script type=\"application\/ld+json\" class=\"yoast-schema-graph\">{\"@context\":\"https:\/\/schema.org\",\"@graph\":[{\"@type\":\"WebPage\",\"@id\":\"https:\/\/lucianemonteiro.com\/index.php\/cafe-interculturel\/\",\"url\":\"https:\/\/lucianemonteiro.com\/index.php\/cafe-interculturel\/\",\"name\":\"Caf\u00e9 Interculturel - Luciane Monteiro\",\"isPartOf\":{\"@id\":\"https:\/\/lucianemonteiro.com\/#website\"},\"primaryImageOfPage\":{\"@id\":\"https:\/\/lucianemonteiro.com\/index.php\/cafe-interculturel\/#primaryimage\"},\"image\":{\"@id\":\"https:\/\/lucianemonteiro.com\/index.php\/cafe-interculturel\/#primaryimage\"},\"thumbnailUrl\":\"https:\/\/lucianemonteiro.com\/wp-content\/uploads\/2025\/03\/WhatsApp-Image-2025-03-26-at-17.36.46-1.jpeg\",\"datePublished\":\"2025-03-26T22:24:06+00:00\",\"dateModified\":\"2025-03-26T22:34:48+00:00\",\"description\":\"Os caf\u00e9s interculturais t\u00eam como objetivo criar trocas, por meio da arte, entre os rec\u00e9m-chegados e a comunidade local. As tem\u00e1ticas, exploradas sob diferentes \u00e2ngulos da conviv\u00eancia harmoniosa, t\u00eam como ponto de partida a produ\u00e7\u00e3o art\u00edstica.\",\"breadcrumb\":{\"@id\":\"https:\/\/lucianemonteiro.com\/index.php\/cafe-interculturel\/#breadcrumb\"},\"inLanguage\":\"pt-BR\",\"potentialAction\":[{\"@type\":\"ReadAction\",\"target\":[\"https:\/\/lucianemonteiro.com\/index.php\/cafe-interculturel\/\"]}]},{\"@type\":\"ImageObject\",\"inLanguage\":\"pt-BR\",\"@id\":\"https:\/\/lucianemonteiro.com\/index.php\/cafe-interculturel\/#primaryimage\",\"url\":\"https:\/\/lucianemonteiro.com\/wp-content\/uploads\/2025\/03\/WhatsApp-Image-2025-03-26-at-17.36.46-1.jpeg\",\"contentUrl\":\"https:\/\/lucianemonteiro.com\/wp-content\/uploads\/2025\/03\/WhatsApp-Image-2025-03-26-at-17.36.46-1.jpeg\",\"width\":750,\"height\":414},{\"@type\":\"BreadcrumbList\",\"@id\":\"https:\/\/lucianemonteiro.com\/index.php\/cafe-interculturel\/#breadcrumb\",\"itemListElement\":[{\"@type\":\"ListItem\",\"position\":1,\"name\":\"In\u00edcio\",\"item\":\"https:\/\/lucianemonteiro.com\/\"},{\"@type\":\"ListItem\",\"position\":2,\"name\":\"Caf\u00e9 Interculturel\"}]},{\"@type\":\"WebSite\",\"@id\":\"https:\/\/lucianemonteiro.com\/#website\",\"url\":\"https:\/\/lucianemonteiro.com\/\",\"name\":\"Luciane Monteiro\",\"description\":\"Escritos\",\"potentialAction\":[{\"@type\":\"SearchAction\",\"target\":{\"@type\":\"EntryPoint\",\"urlTemplate\":\"https:\/\/lucianemonteiro.com\/?s={search_term_string}\"},\"query-input\":{\"@type\":\"PropertyValueSpecification\",\"valueRequired\":true,\"valueName\":\"search_term_string\"}}],\"inLanguage\":\"pt-BR\"}]}<\/script>\n<!-- \/ Yoast SEO plugin. -->","yoast_head_json":{"title":"Caf\u00e9 Interculturel - Luciane Monteiro","description":"Os caf\u00e9s interculturais t\u00eam como objetivo criar trocas, por meio da arte, entre os rec\u00e9m-chegados e a comunidade local. As tem\u00e1ticas, exploradas sob diferentes \u00e2ngulos da conviv\u00eancia harmoniosa, t\u00eam como ponto de partida a produ\u00e7\u00e3o art\u00edstica.","robots":{"index":"index","follow":"follow","max-snippet":"max-snippet:-1","max-image-preview":"max-image-preview:large","max-video-preview":"max-video-preview:-1"},"canonical":"https:\/\/lucianemonteiro.com\/index.php\/cafe-interculturel\/","og_locale":"pt_BR","og_type":"article","og_title":"Caf\u00e9 Interculturel - Luciane Monteiro","og_description":"Os caf\u00e9s interculturais t\u00eam como objetivo criar trocas, por meio da arte, entre os rec\u00e9m-chegados e a comunidade local. As tem\u00e1ticas, exploradas sob diferentes \u00e2ngulos da conviv\u00eancia harmoniosa, t\u00eam como ponto de partida a produ\u00e7\u00e3o art\u00edstica.","og_url":"https:\/\/lucianemonteiro.com\/index.php\/cafe-interculturel\/","og_site_name":"Luciane Monteiro","article_modified_time":"2025-03-26T22:34:48+00:00","og_image":[{"url":"https:\/\/lucianemonteiro.com\/wp-content\/uploads\/2025\/03\/WhatsApp-Image-2025-03-26-at-17.36.46-1.jpeg","type":"","width":"","height":""}],"twitter_card":"summary_large_image","twitter_misc":{"Est. tempo de leitura":"2 minutos"},"schema":{"@context":"https:\/\/schema.org","@graph":[{"@type":"WebPage","@id":"https:\/\/lucianemonteiro.com\/index.php\/cafe-interculturel\/","url":"https:\/\/lucianemonteiro.com\/index.php\/cafe-interculturel\/","name":"Caf\u00e9 Interculturel - Luciane Monteiro","isPartOf":{"@id":"https:\/\/lucianemonteiro.com\/#website"},"primaryImageOfPage":{"@id":"https:\/\/lucianemonteiro.com\/index.php\/cafe-interculturel\/#primaryimage"},"image":{"@id":"https:\/\/lucianemonteiro.com\/index.php\/cafe-interculturel\/#primaryimage"},"thumbnailUrl":"https:\/\/lucianemonteiro.com\/wp-content\/uploads\/2025\/03\/WhatsApp-Image-2025-03-26-at-17.36.46-1.jpeg","datePublished":"2025-03-26T22:24:06+00:00","dateModified":"2025-03-26T22:34:48+00:00","description":"Os caf\u00e9s interculturais t\u00eam como objetivo criar trocas, por meio da arte, entre os rec\u00e9m-chegados e a comunidade local. As tem\u00e1ticas, exploradas sob diferentes \u00e2ngulos da conviv\u00eancia harmoniosa, t\u00eam como ponto de partida a produ\u00e7\u00e3o art\u00edstica.","breadcrumb":{"@id":"https:\/\/lucianemonteiro.com\/index.php\/cafe-interculturel\/#breadcrumb"},"inLanguage":"pt-BR","potentialAction":[{"@type":"ReadAction","target":["https:\/\/lucianemonteiro.com\/index.php\/cafe-interculturel\/"]}]},{"@type":"ImageObject","inLanguage":"pt-BR","@id":"https:\/\/lucianemonteiro.com\/index.php\/cafe-interculturel\/#primaryimage","url":"https:\/\/lucianemonteiro.com\/wp-content\/uploads\/2025\/03\/WhatsApp-Image-2025-03-26-at-17.36.46-1.jpeg","contentUrl":"https:\/\/lucianemonteiro.com\/wp-content\/uploads\/2025\/03\/WhatsApp-Image-2025-03-26-at-17.36.46-1.jpeg","width":750,"height":414},{"@type":"BreadcrumbList","@id":"https:\/\/lucianemonteiro.com\/index.php\/cafe-interculturel\/#breadcrumb","itemListElement":[{"@type":"ListItem","position":1,"name":"In\u00edcio","item":"https:\/\/lucianemonteiro.com\/"},{"@type":"ListItem","position":2,"name":"Caf\u00e9 Interculturel"}]},{"@type":"WebSite","@id":"https:\/\/lucianemonteiro.com\/#website","url":"https:\/\/lucianemonteiro.com\/","name":"Luciane Monteiro","description":"Escritos","potentialAction":[{"@type":"SearchAction","target":{"@type":"EntryPoint","urlTemplate":"https:\/\/lucianemonteiro.com\/?s={search_term_string}"},"query-input":{"@type":"PropertyValueSpecification","valueRequired":true,"valueName":"search_term_string"}}],"inLanguage":"pt-BR"}]}},"acf":[],"_links":{"self":[{"href":"https:\/\/lucianemonteiro.com\/index.php\/wp-json\/wp\/v2\/pages\/2157","targetHints":{"allow":["GET"]}}],"collection":[{"href":"https:\/\/lucianemonteiro.com\/index.php\/wp-json\/wp\/v2\/pages"}],"about":[{"href":"https:\/\/lucianemonteiro.com\/index.php\/wp-json\/wp\/v2\/types\/page"}],"author":[{"embeddable":true,"href":"https:\/\/lucianemonteiro.com\/index.php\/wp-json\/wp\/v2\/users\/1"}],"replies":[{"embeddable":true,"href":"https:\/\/lucianemonteiro.com\/index.php\/wp-json\/wp\/v2\/comments?post=2157"}],"version-history":[{"count":4,"href":"https:\/\/lucianemonteiro.com\/index.php\/wp-json\/wp\/v2\/pages\/2157\/revisions"}],"predecessor-version":[{"id":2170,"href":"https:\/\/lucianemonteiro.com\/index.php\/wp-json\/wp\/v2\/pages\/2157\/revisions\/2170"}],"wp:attachment":[{"href":"https:\/\/lucianemonteiro.com\/index.php\/wp-json\/wp\/v2\/media?parent=2157"}],"curies":[{"name":"wp","href":"https:\/\/api.w.org\/{rel}","templated":true}]}}