{"id":2147,"date":"2025-03-26T01:16:43","date_gmt":"2025-03-26T04:16:43","guid":{"rendered":"https:\/\/lucianemonteiro.com\/?page_id=2147"},"modified":"2025-11-04T23:47:25","modified_gmt":"2025-11-05T02:47:25","slug":"fabrique-de-liens","status":"publish","type":"page","link":"https:\/\/lucianemonteiro.com\/index.php\/fabrique-de-liens\/","title":{"rendered":"Fabrique de liens"},"content":{"rendered":"\n<p>L\u2019objectif de l\u2019atelier est d\u2019offrir aux citoyen\u00b7nes des opportunit\u00e9s vari\u00e9es de participer \u00e0 la culture et d\u2019en faire un vecteur d\u2019int\u00e9gration et de coh\u00e9sion sociale. Le projet comprend un atelier d\u2019\u00e9criture, un atelier d\u2019art visuel et la pr\u00e9paration de leurs cr\u00e9ations, qui seront pr\u00e9sent\u00e9es lors d\u2019une restitution en groupe.<\/p>\n\n\n\n<p>O objetivo da oficina \u00e9 oferecer aos cidad\u00e3os diversas oportunidades de participa\u00e7\u00e3o na cultura e torn\u00e1-la um vetor de integra\u00e7\u00e3o e coes\u00e3o social. O projeto inclui uma oficina de escrita, uma de artes visuais e uma prepara\u00e7\u00e3o em cena para as cria\u00e7\u00f5es que ser\u00e3o compartilhadas numa apresenta\u00e7\u00e3o em grupo.<\/p>\n\n\n\n<p>Premi\u00e8re session de La Fabrique de Lien : Maison des Familles de M\u00e9kinac, avril\/2025<\/p>\n\n\n\n<figure class=\"wp-block-gallery has-nested-images columns-default is-cropped wp-block-gallery-1 is-layout-flex wp-block-gallery-is-layout-flex\">\n<figure class=\"wp-block-image size-large\"><img loading=\"lazy\" decoding=\"async\" width=\"768\" height=\"1024\" data-id=\"2151\" src=\"https:\/\/lucianemonteiro.com\/wp-content\/uploads\/2025\/03\/IMG_2540-768x1024.jpeg\" alt=\"\" class=\"wp-image-2151\" srcset=\"https:\/\/lucianemonteiro.com\/wp-content\/uploads\/2025\/03\/IMG_2540-768x1024.jpeg 768w, https:\/\/lucianemonteiro.com\/wp-content\/uploads\/2025\/03\/IMG_2540-225x300.jpeg 225w, https:\/\/lucianemonteiro.com\/wp-content\/uploads\/2025\/03\/IMG_2540-1152x1536.jpeg 1152w, https:\/\/lucianemonteiro.com\/wp-content\/uploads\/2025\/03\/IMG_2540-1140x1520.jpeg 1140w, https:\/\/lucianemonteiro.com\/wp-content\/uploads\/2025\/03\/IMG_2540-600x800.jpeg 600w, https:\/\/lucianemonteiro.com\/wp-content\/uploads\/2025\/03\/IMG_2540.jpeg 1536w\" sizes=\"auto, (max-width: 768px) 100vw, 768px\" \/><\/figure>\n\n\n\n<figure class=\"wp-block-image size-large\"><img loading=\"lazy\" decoding=\"async\" width=\"768\" height=\"1024\" data-id=\"2150\" src=\"https:\/\/lucianemonteiro.com\/wp-content\/uploads\/2025\/03\/att.0cptNv4A43rsVdIUmbGZEr830PQqqFRGCFkwfvf_QrE-768x1024.jpg\" alt=\"\" class=\"wp-image-2150\" srcset=\"https:\/\/lucianemonteiro.com\/wp-content\/uploads\/2025\/03\/att.0cptNv4A43rsVdIUmbGZEr830PQqqFRGCFkwfvf_QrE-768x1024.jpg 768w, https:\/\/lucianemonteiro.com\/wp-content\/uploads\/2025\/03\/att.0cptNv4A43rsVdIUmbGZEr830PQqqFRGCFkwfvf_QrE-225x300.jpg 225w, https:\/\/lucianemonteiro.com\/wp-content\/uploads\/2025\/03\/att.0cptNv4A43rsVdIUmbGZEr830PQqqFRGCFkwfvf_QrE-1152x1536.jpg 1152w, https:\/\/lucianemonteiro.com\/wp-content\/uploads\/2025\/03\/att.0cptNv4A43rsVdIUmbGZEr830PQqqFRGCFkwfvf_QrE-1140x1520.jpg 1140w, https:\/\/lucianemonteiro.com\/wp-content\/uploads\/2025\/03\/att.0cptNv4A43rsVdIUmbGZEr830PQqqFRGCFkwfvf_QrE-600x800.jpg 600w, https:\/\/lucianemonteiro.com\/wp-content\/uploads\/2025\/03\/att.0cptNv4A43rsVdIUmbGZEr830PQqqFRGCFkwfvf_QrE.jpg 1536w\" sizes=\"auto, (max-width: 768px) 100vw, 768px\" \/><\/figure>\n\n\n\n<figure class=\"wp-block-image size-large\"><img loading=\"lazy\" decoding=\"async\" width=\"768\" height=\"1024\" data-id=\"2149\" src=\"https:\/\/lucianemonteiro.com\/wp-content\/uploads\/2025\/03\/IMG_2538-768x1024.jpeg\" alt=\"\" class=\"wp-image-2149\" srcset=\"https:\/\/lucianemonteiro.com\/wp-content\/uploads\/2025\/03\/IMG_2538-768x1024.jpeg 768w, https:\/\/lucianemonteiro.com\/wp-content\/uploads\/2025\/03\/IMG_2538-225x300.jpeg 225w, https:\/\/lucianemonteiro.com\/wp-content\/uploads\/2025\/03\/IMG_2538-1152x1536.jpeg 1152w, https:\/\/lucianemonteiro.com\/wp-content\/uploads\/2025\/03\/IMG_2538-1140x1520.jpeg 1140w, https:\/\/lucianemonteiro.com\/wp-content\/uploads\/2025\/03\/IMG_2538-600x800.jpeg 600w, https:\/\/lucianemonteiro.com\/wp-content\/uploads\/2025\/03\/IMG_2538.jpeg 1536w\" sizes=\"auto, (max-width: 768px) 100vw, 768px\" \/><\/figure>\n<\/figure>\n\n\n\n<p>Deuxi\u00e8me session de La Fabrique de Lien : Maison des Familles du Rivage, octobre et novembre\/2025<\/p>\n\n\n\n<figure class=\"wp-block-gallery has-nested-images columns-default is-cropped wp-block-gallery-2 is-layout-flex wp-block-gallery-is-layout-flex\">\n<figure class=\"wp-block-image size-large\"><img loading=\"lazy\" decoding=\"async\" width=\"852\" height=\"1024\" data-id=\"2256\" src=\"https:\/\/lucianemonteiro.com\/wp-content\/uploads\/2025\/11\/IMG_7749-1-852x1024.jpeg\" alt=\"\" class=\"wp-image-2256\" srcset=\"https:\/\/lucianemonteiro.com\/wp-content\/uploads\/2025\/11\/IMG_7749-1-852x1024.jpeg 852w, https:\/\/lucianemonteiro.com\/wp-content\/uploads\/2025\/11\/IMG_7749-1-250x300.jpeg 250w, https:\/\/lucianemonteiro.com\/wp-content\/uploads\/2025\/11\/IMG_7749-1-768x923.jpeg 768w, https:\/\/lucianemonteiro.com\/wp-content\/uploads\/2025\/11\/IMG_7749-1-1278x1536.jpeg 1278w, https:\/\/lucianemonteiro.com\/wp-content\/uploads\/2025\/11\/IMG_7749-1-1140x1371.jpeg 1140w, https:\/\/lucianemonteiro.com\/wp-content\/uploads\/2025\/11\/IMG_7749-1-600x721.jpeg 600w, https:\/\/lucianemonteiro.com\/wp-content\/uploads\/2025\/11\/IMG_7749-1.jpeg 1330w\" sizes=\"auto, (max-width: 852px) 100vw, 852px\" \/><\/figure>\n\n\n\n<figure class=\"wp-block-image size-large\"><img loading=\"lazy\" decoding=\"async\" width=\"1024\" height=\"1024\" data-id=\"2255\" src=\"https:\/\/lucianemonteiro.com\/wp-content\/uploads\/2025\/11\/IMG_8487-1-1024x1024.jpeg\" alt=\"\" class=\"wp-image-2255\" srcset=\"https:\/\/lucianemonteiro.com\/wp-content\/uploads\/2025\/11\/IMG_8487-1-1024x1024.jpeg 1024w, https:\/\/lucianemonteiro.com\/wp-content\/uploads\/2025\/11\/IMG_8487-1-300x300.jpeg 300w, https:\/\/lucianemonteiro.com\/wp-content\/uploads\/2025\/11\/IMG_8487-1-150x150.jpeg 150w, https:\/\/lucianemonteiro.com\/wp-content\/uploads\/2025\/11\/IMG_8487-1-768x768.jpeg 768w, https:\/\/lucianemonteiro.com\/wp-content\/uploads\/2025\/11\/IMG_8487-1-1536x1536.jpeg 1536w, https:\/\/lucianemonteiro.com\/wp-content\/uploads\/2025\/11\/IMG_8487-1-1140x1140.jpeg 1140w, https:\/\/lucianemonteiro.com\/wp-content\/uploads\/2025\/11\/IMG_8487-1-75x75.jpeg 75w, https:\/\/lucianemonteiro.com\/wp-content\/uploads\/2025\/11\/IMG_8487-1-600x600.jpeg 600w, https:\/\/lucianemonteiro.com\/wp-content\/uploads\/2025\/11\/IMG_8487-1-100x100.jpeg 100w, https:\/\/lucianemonteiro.com\/wp-content\/uploads\/2025\/11\/IMG_8487-1.jpeg 1772w\" sizes=\"auto, (max-width: 1024px) 100vw, 1024px\" \/><\/figure>\n\n\n\n<figure class=\"wp-block-image size-large\"><img loading=\"lazy\" decoding=\"async\" width=\"766\" height=\"1024\" data-id=\"2249\" src=\"https:\/\/lucianemonteiro.com\/wp-content\/uploads\/2025\/11\/IMG_8470-e1762310542361-766x1024.jpeg\" alt=\"\" class=\"wp-image-2249\" srcset=\"https:\/\/lucianemonteiro.com\/wp-content\/uploads\/2025\/11\/IMG_8470-e1762310542361-766x1024.jpeg 766w, https:\/\/lucianemonteiro.com\/wp-content\/uploads\/2025\/11\/IMG_8470-e1762310542361-225x300.jpeg 225w, https:\/\/lucianemonteiro.com\/wp-content\/uploads\/2025\/11\/IMG_8470-e1762310542361-768x1026.jpeg 768w, https:\/\/lucianemonteiro.com\/wp-content\/uploads\/2025\/11\/IMG_8470-e1762310542361-1150x1536.jpeg 1150w, https:\/\/lucianemonteiro.com\/wp-content\/uploads\/2025\/11\/IMG_8470-e1762310542361-1140x1523.jpeg 1140w, https:\/\/lucianemonteiro.com\/wp-content\/uploads\/2025\/11\/IMG_8470-e1762310542361-600x802.jpeg 600w, https:\/\/lucianemonteiro.com\/wp-content\/uploads\/2025\/11\/IMG_8470-e1762310542361.jpeg 1330w\" sizes=\"auto, (max-width: 766px) 100vw, 766px\" \/><\/figure>\n<\/figure>\n","protected":false},"excerpt":{"rendered":"<p>L\u2019objectif de l\u2019atelier est d\u2019offrir aux citoyen\u00b7nes des opportunit\u00e9s vari\u00e9es de participer \u00e0 la culture et d\u2019en faire un vecteur d\u2019int\u00e9gration et de coh\u00e9sion sociale. Le projet comprend un atelier d\u2019\u00e9criture, un atelier d\u2019art visuel et la pr\u00e9paration de leurs cr\u00e9ations, qui seront pr\u00e9sent\u00e9es lors d\u2019une restitution en groupe. O objetivo da oficina \u00e9 oferecer aos cidad\u00e3os diversas oportunidades de participa\u00e7\u00e3o na cultura e torn\u00e1-la um vetor de integra\u00e7\u00e3o e coes\u00e3o social. O projeto inclui uma oficina de escrita, uma de artes visuais e uma prepara\u00e7\u00e3o em cena para as cria\u00e7\u00f5es que ser\u00e3o compartilhadas numa apresenta\u00e7\u00e3o em grupo. Premi\u00e8re session de La Fabrique de Lien : Maison des Familles de M\u00e9kinac, avril\/2025 Deuxi\u00e8me session de La Fabrique de Lien : Maison des Familles du Rivage, octobre et novembre\/2025<\/p>\n","protected":false},"author":1,"featured_media":0,"parent":0,"menu_order":0,"comment_status":"closed","ping_status":"closed","template":"","meta":{"footnotes":""},"class_list":["post-2147","page","type-page","status-publish","hentry"],"yoast_head":"<!-- This site is optimized with the Yoast SEO plugin v26.6 - https:\/\/yoast.com\/wordpress\/plugins\/seo\/ -->\n<title>Fabrique de liens - Luciane Monteiro<\/title>\n<meta name=\"description\" content=\"O objetivo da oficina \u00e9 oferecer aos cidad\u00e3os diversas oportunidades de participa\u00e7\u00e3o na cultura e torn\u00e1-la um vetor de integra\u00e7\u00e3o e coes\u00e3o social.\" \/>\n<meta name=\"robots\" content=\"index, follow, max-snippet:-1, max-image-preview:large, max-video-preview:-1\" \/>\n<link rel=\"canonical\" href=\"https:\/\/lucianemonteiro.com\/index.php\/fabrique-de-liens\/\" \/>\n<meta property=\"og:locale\" content=\"pt_BR\" \/>\n<meta property=\"og:type\" content=\"article\" \/>\n<meta property=\"og:title\" content=\"Fabrique de liens - Luciane Monteiro\" \/>\n<meta property=\"og:description\" content=\"O objetivo da oficina \u00e9 oferecer aos cidad\u00e3os diversas oportunidades de participa\u00e7\u00e3o na cultura e torn\u00e1-la um vetor de integra\u00e7\u00e3o e coes\u00e3o social.\" \/>\n<meta property=\"og:url\" content=\"https:\/\/lucianemonteiro.com\/index.php\/fabrique-de-liens\/\" \/>\n<meta property=\"og:site_name\" content=\"Luciane Monteiro\" \/>\n<meta property=\"article:modified_time\" content=\"2025-11-05T02:47:25+00:00\" \/>\n<meta property=\"og:image\" content=\"https:\/\/lucianemonteiro.com\/wp-content\/uploads\/2025\/03\/IMG_2540.jpeg\" \/>\n\t<meta property=\"og:image:width\" content=\"1536\" \/>\n\t<meta property=\"og:image:height\" content=\"2048\" \/>\n\t<meta property=\"og:image:type\" content=\"image\/jpeg\" \/>\n<meta name=\"twitter:card\" content=\"summary_large_image\" \/>\n<meta name=\"twitter:label1\" content=\"Est. tempo de leitura\" \/>\n\t<meta name=\"twitter:data1\" content=\"2 minutos\" \/>\n<script type=\"application\/ld+json\" class=\"yoast-schema-graph\">{\"@context\":\"https:\/\/schema.org\",\"@graph\":[{\"@type\":\"WebPage\",\"@id\":\"https:\/\/lucianemonteiro.com\/index.php\/fabrique-de-liens\/\",\"url\":\"https:\/\/lucianemonteiro.com\/index.php\/fabrique-de-liens\/\",\"name\":\"Fabrique de liens - Luciane Monteiro\",\"isPartOf\":{\"@id\":\"https:\/\/lucianemonteiro.com\/#website\"},\"primaryImageOfPage\":{\"@id\":\"https:\/\/lucianemonteiro.com\/index.php\/fabrique-de-liens\/#primaryimage\"},\"image\":{\"@id\":\"https:\/\/lucianemonteiro.com\/index.php\/fabrique-de-liens\/#primaryimage\"},\"thumbnailUrl\":\"https:\/\/lucianemonteiro.com\/wp-content\/uploads\/2025\/03\/IMG_2540-768x1024.jpeg\",\"datePublished\":\"2025-03-26T04:16:43+00:00\",\"dateModified\":\"2025-11-05T02:47:25+00:00\",\"description\":\"O objetivo da oficina \u00e9 oferecer aos cidad\u00e3os diversas oportunidades de participa\u00e7\u00e3o na cultura e torn\u00e1-la um vetor de integra\u00e7\u00e3o e coes\u00e3o social.\",\"breadcrumb\":{\"@id\":\"https:\/\/lucianemonteiro.com\/index.php\/fabrique-de-liens\/#breadcrumb\"},\"inLanguage\":\"pt-BR\",\"potentialAction\":[{\"@type\":\"ReadAction\",\"target\":[\"https:\/\/lucianemonteiro.com\/index.php\/fabrique-de-liens\/\"]}]},{\"@type\":\"ImageObject\",\"inLanguage\":\"pt-BR\",\"@id\":\"https:\/\/lucianemonteiro.com\/index.php\/fabrique-de-liens\/#primaryimage\",\"url\":\"https:\/\/lucianemonteiro.com\/wp-content\/uploads\/2025\/03\/IMG_2540.jpeg\",\"contentUrl\":\"https:\/\/lucianemonteiro.com\/wp-content\/uploads\/2025\/03\/IMG_2540.jpeg\",\"width\":1536,\"height\":2048},{\"@type\":\"BreadcrumbList\",\"@id\":\"https:\/\/lucianemonteiro.com\/index.php\/fabrique-de-liens\/#breadcrumb\",\"itemListElement\":[{\"@type\":\"ListItem\",\"position\":1,\"name\":\"In\u00edcio\",\"item\":\"https:\/\/lucianemonteiro.com\/\"},{\"@type\":\"ListItem\",\"position\":2,\"name\":\"Fabrique de liens\"}]},{\"@type\":\"WebSite\",\"@id\":\"https:\/\/lucianemonteiro.com\/#website\",\"url\":\"https:\/\/lucianemonteiro.com\/\",\"name\":\"Luciane Monteiro\",\"description\":\"Escritos\",\"potentialAction\":[{\"@type\":\"SearchAction\",\"target\":{\"@type\":\"EntryPoint\",\"urlTemplate\":\"https:\/\/lucianemonteiro.com\/?s={search_term_string}\"},\"query-input\":{\"@type\":\"PropertyValueSpecification\",\"valueRequired\":true,\"valueName\":\"search_term_string\"}}],\"inLanguage\":\"pt-BR\"}]}<\/script>\n<!-- \/ Yoast SEO plugin. -->","yoast_head_json":{"title":"Fabrique de liens - Luciane Monteiro","description":"O objetivo da oficina \u00e9 oferecer aos cidad\u00e3os diversas oportunidades de participa\u00e7\u00e3o na cultura e torn\u00e1-la um vetor de integra\u00e7\u00e3o e coes\u00e3o social.","robots":{"index":"index","follow":"follow","max-snippet":"max-snippet:-1","max-image-preview":"max-image-preview:large","max-video-preview":"max-video-preview:-1"},"canonical":"https:\/\/lucianemonteiro.com\/index.php\/fabrique-de-liens\/","og_locale":"pt_BR","og_type":"article","og_title":"Fabrique de liens - Luciane Monteiro","og_description":"O objetivo da oficina \u00e9 oferecer aos cidad\u00e3os diversas oportunidades de participa\u00e7\u00e3o na cultura e torn\u00e1-la um vetor de integra\u00e7\u00e3o e coes\u00e3o social.","og_url":"https:\/\/lucianemonteiro.com\/index.php\/fabrique-de-liens\/","og_site_name":"Luciane Monteiro","article_modified_time":"2025-11-05T02:47:25+00:00","og_image":[{"width":1536,"height":2048,"url":"https:\/\/lucianemonteiro.com\/wp-content\/uploads\/2025\/03\/IMG_2540.jpeg","type":"image\/jpeg"}],"twitter_card":"summary_large_image","twitter_misc":{"Est. tempo de leitura":"2 minutos"},"schema":{"@context":"https:\/\/schema.org","@graph":[{"@type":"WebPage","@id":"https:\/\/lucianemonteiro.com\/index.php\/fabrique-de-liens\/","url":"https:\/\/lucianemonteiro.com\/index.php\/fabrique-de-liens\/","name":"Fabrique de liens - Luciane Monteiro","isPartOf":{"@id":"https:\/\/lucianemonteiro.com\/#website"},"primaryImageOfPage":{"@id":"https:\/\/lucianemonteiro.com\/index.php\/fabrique-de-liens\/#primaryimage"},"image":{"@id":"https:\/\/lucianemonteiro.com\/index.php\/fabrique-de-liens\/#primaryimage"},"thumbnailUrl":"https:\/\/lucianemonteiro.com\/wp-content\/uploads\/2025\/03\/IMG_2540-768x1024.jpeg","datePublished":"2025-03-26T04:16:43+00:00","dateModified":"2025-11-05T02:47:25+00:00","description":"O objetivo da oficina \u00e9 oferecer aos cidad\u00e3os diversas oportunidades de participa\u00e7\u00e3o na cultura e torn\u00e1-la um vetor de integra\u00e7\u00e3o e coes\u00e3o social.","breadcrumb":{"@id":"https:\/\/lucianemonteiro.com\/index.php\/fabrique-de-liens\/#breadcrumb"},"inLanguage":"pt-BR","potentialAction":[{"@type":"ReadAction","target":["https:\/\/lucianemonteiro.com\/index.php\/fabrique-de-liens\/"]}]},{"@type":"ImageObject","inLanguage":"pt-BR","@id":"https:\/\/lucianemonteiro.com\/index.php\/fabrique-de-liens\/#primaryimage","url":"https:\/\/lucianemonteiro.com\/wp-content\/uploads\/2025\/03\/IMG_2540.jpeg","contentUrl":"https:\/\/lucianemonteiro.com\/wp-content\/uploads\/2025\/03\/IMG_2540.jpeg","width":1536,"height":2048},{"@type":"BreadcrumbList","@id":"https:\/\/lucianemonteiro.com\/index.php\/fabrique-de-liens\/#breadcrumb","itemListElement":[{"@type":"ListItem","position":1,"name":"In\u00edcio","item":"https:\/\/lucianemonteiro.com\/"},{"@type":"ListItem","position":2,"name":"Fabrique de liens"}]},{"@type":"WebSite","@id":"https:\/\/lucianemonteiro.com\/#website","url":"https:\/\/lucianemonteiro.com\/","name":"Luciane Monteiro","description":"Escritos","potentialAction":[{"@type":"SearchAction","target":{"@type":"EntryPoint","urlTemplate":"https:\/\/lucianemonteiro.com\/?s={search_term_string}"},"query-input":{"@type":"PropertyValueSpecification","valueRequired":true,"valueName":"search_term_string"}}],"inLanguage":"pt-BR"}]}},"acf":[],"_links":{"self":[{"href":"https:\/\/lucianemonteiro.com\/index.php\/wp-json\/wp\/v2\/pages\/2147","targetHints":{"allow":["GET"]}}],"collection":[{"href":"https:\/\/lucianemonteiro.com\/index.php\/wp-json\/wp\/v2\/pages"}],"about":[{"href":"https:\/\/lucianemonteiro.com\/index.php\/wp-json\/wp\/v2\/types\/page"}],"author":[{"embeddable":true,"href":"https:\/\/lucianemonteiro.com\/index.php\/wp-json\/wp\/v2\/users\/1"}],"replies":[{"embeddable":true,"href":"https:\/\/lucianemonteiro.com\/index.php\/wp-json\/wp\/v2\/comments?post=2147"}],"version-history":[{"count":5,"href":"https:\/\/lucianemonteiro.com\/index.php\/wp-json\/wp\/v2\/pages\/2147\/revisions"}],"predecessor-version":[{"id":2257,"href":"https:\/\/lucianemonteiro.com\/index.php\/wp-json\/wp\/v2\/pages\/2147\/revisions\/2257"}],"wp:attachment":[{"href":"https:\/\/lucianemonteiro.com\/index.php\/wp-json\/wp\/v2\/media?parent=2147"}],"curies":[{"name":"wp","href":"https:\/\/api.w.org\/{rel}","templated":true}]}}