{"id":2135,"date":"2025-03-25T17:54:59","date_gmt":"2025-03-25T20:54:59","guid":{"rendered":"https:\/\/lucianemonteiro.com\/?page_id=2135"},"modified":"2025-03-25T17:54:59","modified_gmt":"2025-03-25T20:54:59","slug":"francophonie-aux-mille-couleurs","status":"publish","type":"page","link":"https:\/\/lucianemonteiro.com\/index.php\/francophonie-aux-mille-couleurs\/","title":{"rendered":"Francophonie aux Mille Couleurs"},"content":{"rendered":"\n<p>Le spectacle <em>Francophonie aux Mille Couleurs<\/em> a c\u00e9l\u00e9br\u00e9 la multiculturalit\u00e9 tout en valorisant des artistes locaux ainsi que des nouveaux arrivants dans le cadre des Journ\u00e9es internationales de la Francophonie. Musique, danse, conte et po\u00e9sie ont mis en lumi\u00e8re la langue fran\u00e7aise.\u00a0<\/p>\n\n\n\n<p>Au SANA, en collaboration avec Voix de Pasaj.<\/p>\n\n\n\n<p>O espet\u00e1culo Francophonie aux Mille Couleurs celebrou o multiculturalismo ao mesmo tempo em que promoveu artistas locais e imigrantes como parte da Jornada da Francofonia. M\u00fasica, dan\u00e7a, conto e poesia destacando a l\u00edngua francesa. Em 21 de mar\u00e7o, no SANA Shawinigan.<\/p>\n\n\n\n<figure class=\"wp-block-gallery columns-3 is-cropped wp-block-gallery-1 is-layout-flex wp-block-gallery-is-layout-flex\"><ul class=\"blocks-gallery-grid\"><li class=\"blocks-gallery-item\"><figure><img loading=\"lazy\" decoding=\"async\" width=\"590\" height=\"788\" src=\"https:\/\/lucianemonteiro.com\/wp-content\/uploads\/2025\/03\/C3681ED6-506F-4078-8E6A-F57AFA6943E4.jpg\" alt=\"\" data-id=\"2136\" data-full-url=\"https:\/\/lucianemonteiro.com\/wp-content\/uploads\/2025\/03\/C3681ED6-506F-4078-8E6A-F57AFA6943E4.jpg\" data-link=\"https:\/\/lucianemonteiro.com\/?attachment_id=2136\" class=\"wp-image-2136\" srcset=\"https:\/\/lucianemonteiro.com\/wp-content\/uploads\/2025\/03\/C3681ED6-506F-4078-8E6A-F57AFA6943E4.jpg 590w, https:\/\/lucianemonteiro.com\/wp-content\/uploads\/2025\/03\/C3681ED6-506F-4078-8E6A-F57AFA6943E4-225x300.jpg 225w\" sizes=\"auto, (max-width: 590px) 100vw, 590px\" \/><\/figure><\/li><li class=\"blocks-gallery-item\"><figure><img loading=\"lazy\" decoding=\"async\" width=\"1024\" height=\"768\" src=\"https:\/\/lucianemonteiro.com\/wp-content\/uploads\/2025\/03\/IMG_2481-1024x768.jpeg\" alt=\"\" data-id=\"2137\" data-full-url=\"https:\/\/lucianemonteiro.com\/wp-content\/uploads\/2025\/03\/IMG_2481.jpeg\" data-link=\"https:\/\/lucianemonteiro.com\/?attachment_id=2137\" class=\"wp-image-2137\" srcset=\"https:\/\/lucianemonteiro.com\/wp-content\/uploads\/2025\/03\/IMG_2481-1024x768.jpeg 1024w, https:\/\/lucianemonteiro.com\/wp-content\/uploads\/2025\/03\/IMG_2481-300x225.jpeg 300w, https:\/\/lucianemonteiro.com\/wp-content\/uploads\/2025\/03\/IMG_2481-768x576.jpeg 768w, https:\/\/lucianemonteiro.com\/wp-content\/uploads\/2025\/03\/IMG_2481-1536x1152.jpeg 1536w, https:\/\/lucianemonteiro.com\/wp-content\/uploads\/2025\/03\/IMG_2481-1140x855.jpeg 1140w, https:\/\/lucianemonteiro.com\/wp-content\/uploads\/2025\/03\/IMG_2481-600x450.jpeg 600w, https:\/\/lucianemonteiro.com\/wp-content\/uploads\/2025\/03\/IMG_2481.jpeg 2048w\" sizes=\"auto, (max-width: 1024px) 100vw, 1024px\" \/><\/figure><\/li><li class=\"blocks-gallery-item\"><figure><img loading=\"lazy\" decoding=\"async\" width=\"727\" height=\"883\" src=\"https:\/\/lucianemonteiro.com\/wp-content\/uploads\/2025\/03\/IMG_2527.jpeg\" alt=\"\" data-id=\"2138\" data-full-url=\"https:\/\/lucianemonteiro.com\/wp-content\/uploads\/2025\/03\/IMG_2527.jpeg\" data-link=\"https:\/\/lucianemonteiro.com\/?attachment_id=2138\" class=\"wp-image-2138\" srcset=\"https:\/\/lucianemonteiro.com\/wp-content\/uploads\/2025\/03\/IMG_2527.jpeg 727w, https:\/\/lucianemonteiro.com\/wp-content\/uploads\/2025\/03\/IMG_2527-247x300.jpeg 247w, https:\/\/lucianemonteiro.com\/wp-content\/uploads\/2025\/03\/IMG_2527-600x729.jpeg 600w\" sizes=\"auto, (max-width: 727px) 100vw, 727px\" \/><\/figure><\/li><\/ul><\/figure>\n\n\n\n<p><\/p>\n","protected":false},"excerpt":{"rendered":"<p>Le spectacle Francophonie aux Mille Couleurs a c\u00e9l\u00e9br\u00e9 la multiculturalit\u00e9 tout en valorisant des artistes locaux ainsi que des nouveaux arrivants dans le cadre des Journ\u00e9es internationales de la Francophonie. Musique, danse, conte et po\u00e9sie ont mis en lumi\u00e8re la langue fran\u00e7aise.\u00a0 Au SANA, en collaboration avec Voix de Pasaj. O espet\u00e1culo Francophonie aux Mille Couleurs celebrou o multiculturalismo ao mesmo tempo em que promoveu artistas locais e imigrantes como parte da Jornada da Francofonia. M\u00fasica, dan\u00e7a, conto e poesia destacando a l\u00edngua francesa. Em 21 de mar\u00e7o, no SANA Shawinigan.<\/p>\n","protected":false},"author":1,"featured_media":0,"parent":0,"menu_order":0,"comment_status":"closed","ping_status":"closed","template":"","meta":{"footnotes":""},"class_list":["post-2135","page","type-page","status-publish","hentry"],"yoast_head":"<!-- This site is optimized with the Yoast SEO plugin v26.6 - https:\/\/yoast.com\/wordpress\/plugins\/seo\/ -->\n<title>Francophonie aux Mille Couleurs - Luciane Monteiro<\/title>\n<meta name=\"description\" content=\"O espet\u00e1culo Francophonie aux Mille Couleurs celebrou o multiculturalismo ao mesmo tempo em que promoveu artistas locais e imigrantes\" \/>\n<meta name=\"robots\" content=\"index, follow, max-snippet:-1, max-image-preview:large, max-video-preview:-1\" \/>\n<link rel=\"canonical\" href=\"https:\/\/lucianemonteiro.com\/index.php\/francophonie-aux-mille-couleurs\/\" \/>\n<meta property=\"og:locale\" content=\"pt_BR\" \/>\n<meta property=\"og:type\" content=\"article\" \/>\n<meta property=\"og:title\" content=\"Francophonie aux Mille Couleurs - Luciane Monteiro\" \/>\n<meta property=\"og:description\" content=\"O espet\u00e1culo Francophonie aux Mille Couleurs celebrou o multiculturalismo ao mesmo tempo em que promoveu artistas locais e imigrantes\" \/>\n<meta property=\"og:url\" content=\"https:\/\/lucianemonteiro.com\/index.php\/francophonie-aux-mille-couleurs\/\" \/>\n<meta property=\"og:site_name\" content=\"Luciane Monteiro\" \/>\n<meta property=\"og:image\" content=\"https:\/\/lucianemonteiro.com\/wp-content\/uploads\/2025\/03\/C3681ED6-506F-4078-8E6A-F57AFA6943E4.jpg\" \/>\n<meta name=\"twitter:card\" content=\"summary_large_image\" \/>\n<meta name=\"twitter:label1\" content=\"Est. tempo de leitura\" \/>\n\t<meta name=\"twitter:data1\" content=\"1 minuto\" \/>\n<script type=\"application\/ld+json\" class=\"yoast-schema-graph\">{\"@context\":\"https:\/\/schema.org\",\"@graph\":[{\"@type\":\"WebPage\",\"@id\":\"https:\/\/lucianemonteiro.com\/index.php\/francophonie-aux-mille-couleurs\/\",\"url\":\"https:\/\/lucianemonteiro.com\/index.php\/francophonie-aux-mille-couleurs\/\",\"name\":\"Francophonie aux Mille Couleurs - Luciane Monteiro\",\"isPartOf\":{\"@id\":\"https:\/\/lucianemonteiro.com\/#website\"},\"primaryImageOfPage\":{\"@id\":\"https:\/\/lucianemonteiro.com\/index.php\/francophonie-aux-mille-couleurs\/#primaryimage\"},\"image\":{\"@id\":\"https:\/\/lucianemonteiro.com\/index.php\/francophonie-aux-mille-couleurs\/#primaryimage\"},\"thumbnailUrl\":\"https:\/\/lucianemonteiro.com\/wp-content\/uploads\/2025\/03\/C3681ED6-506F-4078-8E6A-F57AFA6943E4.jpg\",\"datePublished\":\"2025-03-25T20:54:59+00:00\",\"description\":\"O espet\u00e1culo Francophonie aux Mille Couleurs celebrou o multiculturalismo ao mesmo tempo em que promoveu artistas locais e imigrantes\",\"breadcrumb\":{\"@id\":\"https:\/\/lucianemonteiro.com\/index.php\/francophonie-aux-mille-couleurs\/#breadcrumb\"},\"inLanguage\":\"pt-BR\",\"potentialAction\":[{\"@type\":\"ReadAction\",\"target\":[\"https:\/\/lucianemonteiro.com\/index.php\/francophonie-aux-mille-couleurs\/\"]}]},{\"@type\":\"ImageObject\",\"inLanguage\":\"pt-BR\",\"@id\":\"https:\/\/lucianemonteiro.com\/index.php\/francophonie-aux-mille-couleurs\/#primaryimage\",\"url\":\"https:\/\/lucianemonteiro.com\/wp-content\/uploads\/2025\/03\/C3681ED6-506F-4078-8E6A-F57AFA6943E4.jpg\",\"contentUrl\":\"https:\/\/lucianemonteiro.com\/wp-content\/uploads\/2025\/03\/C3681ED6-506F-4078-8E6A-F57AFA6943E4.jpg\",\"width\":590,\"height\":788},{\"@type\":\"BreadcrumbList\",\"@id\":\"https:\/\/lucianemonteiro.com\/index.php\/francophonie-aux-mille-couleurs\/#breadcrumb\",\"itemListElement\":[{\"@type\":\"ListItem\",\"position\":1,\"name\":\"In\u00edcio\",\"item\":\"https:\/\/lucianemonteiro.com\/\"},{\"@type\":\"ListItem\",\"position\":2,\"name\":\"Francophonie aux Mille Couleurs\"}]},{\"@type\":\"WebSite\",\"@id\":\"https:\/\/lucianemonteiro.com\/#website\",\"url\":\"https:\/\/lucianemonteiro.com\/\",\"name\":\"Luciane Monteiro\",\"description\":\"Escritos\",\"potentialAction\":[{\"@type\":\"SearchAction\",\"target\":{\"@type\":\"EntryPoint\",\"urlTemplate\":\"https:\/\/lucianemonteiro.com\/?s={search_term_string}\"},\"query-input\":{\"@type\":\"PropertyValueSpecification\",\"valueRequired\":true,\"valueName\":\"search_term_string\"}}],\"inLanguage\":\"pt-BR\"}]}<\/script>\n<!-- \/ Yoast SEO plugin. -->","yoast_head_json":{"title":"Francophonie aux Mille Couleurs - Luciane Monteiro","description":"O espet\u00e1culo Francophonie aux Mille Couleurs celebrou o multiculturalismo ao mesmo tempo em que promoveu artistas locais e imigrantes","robots":{"index":"index","follow":"follow","max-snippet":"max-snippet:-1","max-image-preview":"max-image-preview:large","max-video-preview":"max-video-preview:-1"},"canonical":"https:\/\/lucianemonteiro.com\/index.php\/francophonie-aux-mille-couleurs\/","og_locale":"pt_BR","og_type":"article","og_title":"Francophonie aux Mille Couleurs - Luciane Monteiro","og_description":"O espet\u00e1culo Francophonie aux Mille Couleurs celebrou o multiculturalismo ao mesmo tempo em que promoveu artistas locais e imigrantes","og_url":"https:\/\/lucianemonteiro.com\/index.php\/francophonie-aux-mille-couleurs\/","og_site_name":"Luciane Monteiro","og_image":[{"url":"https:\/\/lucianemonteiro.com\/wp-content\/uploads\/2025\/03\/C3681ED6-506F-4078-8E6A-F57AFA6943E4.jpg","type":"","width":"","height":""}],"twitter_card":"summary_large_image","twitter_misc":{"Est. tempo de leitura":"1 minuto"},"schema":{"@context":"https:\/\/schema.org","@graph":[{"@type":"WebPage","@id":"https:\/\/lucianemonteiro.com\/index.php\/francophonie-aux-mille-couleurs\/","url":"https:\/\/lucianemonteiro.com\/index.php\/francophonie-aux-mille-couleurs\/","name":"Francophonie aux Mille Couleurs - Luciane Monteiro","isPartOf":{"@id":"https:\/\/lucianemonteiro.com\/#website"},"primaryImageOfPage":{"@id":"https:\/\/lucianemonteiro.com\/index.php\/francophonie-aux-mille-couleurs\/#primaryimage"},"image":{"@id":"https:\/\/lucianemonteiro.com\/index.php\/francophonie-aux-mille-couleurs\/#primaryimage"},"thumbnailUrl":"https:\/\/lucianemonteiro.com\/wp-content\/uploads\/2025\/03\/C3681ED6-506F-4078-8E6A-F57AFA6943E4.jpg","datePublished":"2025-03-25T20:54:59+00:00","description":"O espet\u00e1culo Francophonie aux Mille Couleurs celebrou o multiculturalismo ao mesmo tempo em que promoveu artistas locais e imigrantes","breadcrumb":{"@id":"https:\/\/lucianemonteiro.com\/index.php\/francophonie-aux-mille-couleurs\/#breadcrumb"},"inLanguage":"pt-BR","potentialAction":[{"@type":"ReadAction","target":["https:\/\/lucianemonteiro.com\/index.php\/francophonie-aux-mille-couleurs\/"]}]},{"@type":"ImageObject","inLanguage":"pt-BR","@id":"https:\/\/lucianemonteiro.com\/index.php\/francophonie-aux-mille-couleurs\/#primaryimage","url":"https:\/\/lucianemonteiro.com\/wp-content\/uploads\/2025\/03\/C3681ED6-506F-4078-8E6A-F57AFA6943E4.jpg","contentUrl":"https:\/\/lucianemonteiro.com\/wp-content\/uploads\/2025\/03\/C3681ED6-506F-4078-8E6A-F57AFA6943E4.jpg","width":590,"height":788},{"@type":"BreadcrumbList","@id":"https:\/\/lucianemonteiro.com\/index.php\/francophonie-aux-mille-couleurs\/#breadcrumb","itemListElement":[{"@type":"ListItem","position":1,"name":"In\u00edcio","item":"https:\/\/lucianemonteiro.com\/"},{"@type":"ListItem","position":2,"name":"Francophonie aux Mille Couleurs"}]},{"@type":"WebSite","@id":"https:\/\/lucianemonteiro.com\/#website","url":"https:\/\/lucianemonteiro.com\/","name":"Luciane Monteiro","description":"Escritos","potentialAction":[{"@type":"SearchAction","target":{"@type":"EntryPoint","urlTemplate":"https:\/\/lucianemonteiro.com\/?s={search_term_string}"},"query-input":{"@type":"PropertyValueSpecification","valueRequired":true,"valueName":"search_term_string"}}],"inLanguage":"pt-BR"}]}},"acf":[],"_links":{"self":[{"href":"https:\/\/lucianemonteiro.com\/index.php\/wp-json\/wp\/v2\/pages\/2135","targetHints":{"allow":["GET"]}}],"collection":[{"href":"https:\/\/lucianemonteiro.com\/index.php\/wp-json\/wp\/v2\/pages"}],"about":[{"href":"https:\/\/lucianemonteiro.com\/index.php\/wp-json\/wp\/v2\/types\/page"}],"author":[{"embeddable":true,"href":"https:\/\/lucianemonteiro.com\/index.php\/wp-json\/wp\/v2\/users\/1"}],"replies":[{"embeddable":true,"href":"https:\/\/lucianemonteiro.com\/index.php\/wp-json\/wp\/v2\/comments?post=2135"}],"version-history":[{"count":3,"href":"https:\/\/lucianemonteiro.com\/index.php\/wp-json\/wp\/v2\/pages\/2135\/revisions"}],"predecessor-version":[{"id":2142,"href":"https:\/\/lucianemonteiro.com\/index.php\/wp-json\/wp\/v2\/pages\/2135\/revisions\/2142"}],"wp:attachment":[{"href":"https:\/\/lucianemonteiro.com\/index.php\/wp-json\/wp\/v2\/media?parent=2135"}],"curies":[{"name":"wp","href":"https:\/\/api.w.org\/{rel}","templated":true}]}}