{"id":2063,"date":"2024-12-03T15:58:05","date_gmt":"2024-12-03T18:58:05","guid":{"rendered":"https:\/\/lucianemonteiro.com\/?page_id=2063"},"modified":"2025-01-07T21:07:16","modified_gmt":"2025-01-08T00:07:16","slug":"porta-voz-sqri-porta-parole-sqri","status":"publish","type":"page","link":"https:\/\/lucianemonteiro.com\/index.php\/porta-voz-sqri-porta-parole-sqri\/","title":{"rendered":"Porta-voz SQRI \/ Porta parole SQRI"},"content":{"rendered":"\n<figure class=\"wp-block-video\"><video height=\"1080\" style=\"aspect-ratio: 1920 \/ 1080;\" width=\"1920\" controls src=\"https:\/\/lucianemonteiro.com\/wp-content\/uploads\/2024\/12\/Dev-mauricie-nouvelle-fin-HD-1080p.mp4\"><\/video><figcaption>Video do lan\u00e7amento da SQRI<\/figcaption><\/figure>\n\n\n\n<p>No dia 29 de outubro, tive a honra de ser porta-voz durante o lan\u00e7amento da SQRI &#8211; Semana Quebequense de Encontros Interculturais, compartilhando minha trajet\u00f3ria e um poema. Fiquei muito feliz em participar deste evento, durante o qual v\u00e1rias atividades s\u00e3o organizadas para celebrar a diversidade cultural e a conviv\u00eancia!<\/p>\n\n\n\n<p>No v\u00eddeo, me apresento e explico o que \u00e9 a SQRI, mencionando algumas das atividades propostas, as parcerias envolvidas e convidando a comunidade a participar.<\/p>\n\n\n\n<p><em>Le 29 octobre, j&#8217;ai eu l&#8217;honneur d&#8217;\u00eatre porte-parole lors du lancement de la SQRI &#8211; Semaine qu\u00e9b\u00e9coise des rencontres interculturelles, o\u00f9 j&#8217;ai partag\u00e9 mon parcours et r\u00e9cit\u00e9 un po\u00e8me. Tr\u00e8s heureuse de participer \u00e0 cet \u00e9v\u00e9nement o\u00f9 de nombreuses activit\u00e9s sont organis\u00e9es pour c\u00e9l\u00e9brer la diversit\u00e9 culturel et le vivre-ensemble!<\/em><\/p>\n\n\n\n<p><em>Dans la vid\u00e9o, je vous invite \u00e0 participer \u00e0 la SQRI. Voici quelques organismes qui soutiennent ces activit\u00e9s ou qui partagent la programmation. N&#8217;oubliez pas de les suivre !<\/em><\/p>\n\n\n\n<figure class=\"wp-block-gallery columns-3 is-cropped wp-block-gallery-1 is-layout-flex wp-block-gallery-is-layout-flex\"><ul class=\"blocks-gallery-grid\"><li class=\"blocks-gallery-item\"><figure><img loading=\"lazy\" decoding=\"async\" width=\"503\" height=\"1024\" src=\"https:\/\/lucianemonteiro.com\/wp-content\/uploads\/2025\/01\/WhatsApp-Image-2025-01-07-at-18.45.39-1-503x1024.jpeg\" alt=\"\" data-id=\"2086\" data-full-url=\"https:\/\/lucianemonteiro.com\/wp-content\/uploads\/2025\/01\/WhatsApp-Image-2025-01-07-at-18.45.39-1.jpeg\" data-link=\"https:\/\/lucianemonteiro.com\/index.php\/porta-voz-sqri-porta-parole-sqri\/whatsapp-image-2025-01-07-at-18-45-39-1\/\" class=\"wp-image-2086\" srcset=\"https:\/\/lucianemonteiro.com\/wp-content\/uploads\/2025\/01\/WhatsApp-Image-2025-01-07-at-18.45.39-1-503x1024.jpeg 503w, https:\/\/lucianemonteiro.com\/wp-content\/uploads\/2025\/01\/WhatsApp-Image-2025-01-07-at-18.45.39-1-147x300.jpeg 147w, https:\/\/lucianemonteiro.com\/wp-content\/uploads\/2025\/01\/WhatsApp-Image-2025-01-07-at-18.45.39-1-600x1221.jpeg 600w, https:\/\/lucianemonteiro.com\/wp-content\/uploads\/2025\/01\/WhatsApp-Image-2025-01-07-at-18.45.39-1.jpeg 629w\" sizes=\"auto, (max-width: 503px) 100vw, 503px\" \/><\/figure><\/li><li class=\"blocks-gallery-item\"><figure><img loading=\"lazy\" decoding=\"async\" width=\"493\" height=\"1024\" src=\"https:\/\/lucianemonteiro.com\/wp-content\/uploads\/2025\/01\/WhatsApp-Image-2025-01-07-at-18.45.40-2-493x1024.jpeg\" alt=\"\" data-id=\"2085\" data-full-url=\"https:\/\/lucianemonteiro.com\/wp-content\/uploads\/2025\/01\/WhatsApp-Image-2025-01-07-at-18.45.40-2.jpeg\" data-link=\"https:\/\/lucianemonteiro.com\/index.php\/porta-voz-sqri-porta-parole-sqri\/whatsapp-image-2025-01-07-at-18-45-40-2\/\" class=\"wp-image-2085\" srcset=\"https:\/\/lucianemonteiro.com\/wp-content\/uploads\/2025\/01\/WhatsApp-Image-2025-01-07-at-18.45.40-2-493x1024.jpeg 493w, https:\/\/lucianemonteiro.com\/wp-content\/uploads\/2025\/01\/WhatsApp-Image-2025-01-07-at-18.45.40-2-144x300.jpeg 144w, https:\/\/lucianemonteiro.com\/wp-content\/uploads\/2025\/01\/WhatsApp-Image-2025-01-07-at-18.45.40-2-600x1247.jpeg 600w, https:\/\/lucianemonteiro.com\/wp-content\/uploads\/2025\/01\/WhatsApp-Image-2025-01-07-at-18.45.40-2.jpeg 616w\" sizes=\"auto, (max-width: 493px) 100vw, 493px\" \/><\/figure><\/li><li class=\"blocks-gallery-item\"><figure><img loading=\"lazy\" decoding=\"async\" width=\"720\" height=\"1024\" src=\"https:\/\/lucianemonteiro.com\/wp-content\/uploads\/2025\/01\/WhatsApp-Image-2025-01-07-at-18.45.40-7-720x1024.jpeg\" alt=\"\" data-id=\"2084\" data-full-url=\"https:\/\/lucianemonteiro.com\/wp-content\/uploads\/2025\/01\/WhatsApp-Image-2025-01-07-at-18.45.40-7.jpeg\" data-link=\"https:\/\/lucianemonteiro.com\/index.php\/porta-voz-sqri-porta-parole-sqri\/whatsapp-image-2025-01-07-at-18-45-40-7\/\" class=\"wp-image-2084\" srcset=\"https:\/\/lucianemonteiro.com\/wp-content\/uploads\/2025\/01\/WhatsApp-Image-2025-01-07-at-18.45.40-7-720x1024.jpeg 720w, https:\/\/lucianemonteiro.com\/wp-content\/uploads\/2025\/01\/WhatsApp-Image-2025-01-07-at-18.45.40-7-211x300.jpeg 211w, https:\/\/lucianemonteiro.com\/wp-content\/uploads\/2025\/01\/WhatsApp-Image-2025-01-07-at-18.45.40-7-600x854.jpeg 600w, https:\/\/lucianemonteiro.com\/wp-content\/uploads\/2025\/01\/WhatsApp-Image-2025-01-07-at-18.45.40-7.jpeg 750w\" sizes=\"auto, (max-width: 720px) 100vw, 720px\" \/><\/figure><\/li><\/ul><\/figure>\n","protected":false},"excerpt":{"rendered":"<p>No dia 29 de outubro, tive a honra de ser porta-voz durante o lan\u00e7amento da SQRI &#8211; Semana Quebequense de Encontros Interculturais, compartilhando minha trajet\u00f3ria e um poema. Fiquei muito feliz em participar deste evento, durante o qual v\u00e1rias atividades s\u00e3o organizadas para celebrar a diversidade cultural e a conviv\u00eancia! No v\u00eddeo, me apresento e explico o que \u00e9 a SQRI, mencionando algumas das atividades propostas, as parcerias envolvidas e convidando a comunidade a participar. Le 29 octobre, j&#8217;ai eu l&#8217;honneur d&#8217;\u00eatre porte-parole lors du lancement de la SQRI &#8211; Semaine qu\u00e9b\u00e9coise des rencontres interculturelles, o\u00f9 j&#8217;ai partag\u00e9 mon parcours et r\u00e9cit\u00e9 un po\u00e8me. Tr\u00e8s heureuse de participer \u00e0 cet \u00e9v\u00e9nement o\u00f9 de nombreuses activit\u00e9s sont organis\u00e9es pour c\u00e9l\u00e9brer la diversit\u00e9 culturel et le vivre-ensemble! Dans la vid\u00e9o, je vous invite \u00e0 participer \u00e0 la SQRI. Voici quelques organismes qui soutiennent ces activit\u00e9s ou qui partagent la programmation. N&#8217;oubliez pas de les suivre !<\/p>\n","protected":false},"author":1,"featured_media":0,"parent":0,"menu_order":0,"comment_status":"closed","ping_status":"closed","template":"","meta":{"footnotes":""},"class_list":["post-2063","page","type-page","status-publish","hentry"],"yoast_head":"<!-- This site is optimized with the Yoast SEO plugin v26.6 - https:\/\/yoast.com\/wordpress\/plugins\/seo\/ -->\n<title>Porta-voz SQRI \/ Porta parole SQRI - Luciane Monteiro<\/title>\n<meta name=\"robots\" content=\"index, follow, max-snippet:-1, max-image-preview:large, max-video-preview:-1\" \/>\n<link rel=\"canonical\" href=\"https:\/\/lucianemonteiro.com\/index.php\/porta-voz-sqri-porta-parole-sqri\/\" \/>\n<meta property=\"og:locale\" content=\"pt_BR\" \/>\n<meta property=\"og:type\" content=\"article\" \/>\n<meta property=\"og:title\" content=\"Porta-voz SQRI \/ Porta parole SQRI - Luciane Monteiro\" \/>\n<meta property=\"og:description\" content=\"No dia 29 de outubro, tive a honra de ser porta-voz durante o lan\u00e7amento da SQRI &#8211; Semana Quebequense de Encontros Interculturais, compartilhando minha trajet\u00f3ria e um poema. Fiquei muito feliz em participar deste evento, durante o qual v\u00e1rias atividades s\u00e3o organizadas para celebrar a diversidade cultural e a conviv\u00eancia! No v\u00eddeo, me apresento e explico o que \u00e9 a SQRI, mencionando algumas das atividades propostas, as parcerias envolvidas e convidando a comunidade a participar. Le 29 octobre, j&#8217;ai eu l&#8217;honneur d&#8217;\u00eatre porte-parole lors du lancement de la SQRI &#8211; Semaine qu\u00e9b\u00e9coise des rencontres interculturelles, o\u00f9 j&#8217;ai partag\u00e9 mon parcours et r\u00e9cit\u00e9 un po\u00e8me. Tr\u00e8s heureuse de participer \u00e0 cet \u00e9v\u00e9nement o\u00f9 de nombreuses activit\u00e9s sont organis\u00e9es pour c\u00e9l\u00e9brer la diversit\u00e9 culturel et le vivre-ensemble! Dans la vid\u00e9o, je vous invite \u00e0 participer \u00e0 la SQRI. Voici quelques organismes qui soutiennent ces activit\u00e9s ou qui partagent la programmation. N&#8217;oubliez pas de les suivre !\" \/>\n<meta property=\"og:url\" content=\"https:\/\/lucianemonteiro.com\/index.php\/porta-voz-sqri-porta-parole-sqri\/\" \/>\n<meta property=\"og:site_name\" content=\"Luciane Monteiro\" \/>\n<meta property=\"article:modified_time\" content=\"2025-01-08T00:07:16+00:00\" \/>\n<meta property=\"og:image\" content=\"https:\/\/lucianemonteiro.com\/wp-content\/uploads\/2025\/01\/WhatsApp-Image-2025-01-07-at-18.45.39-1-503x1024.jpeg\" \/>\n<meta name=\"twitter:card\" content=\"summary_large_image\" \/>\n<meta name=\"twitter:label1\" content=\"Est. tempo de leitura\" \/>\n\t<meta name=\"twitter:data1\" content=\"2 minutos\" \/>\n<script type=\"application\/ld+json\" class=\"yoast-schema-graph\">{\"@context\":\"https:\/\/schema.org\",\"@graph\":[{\"@type\":\"WebPage\",\"@id\":\"https:\/\/lucianemonteiro.com\/index.php\/porta-voz-sqri-porta-parole-sqri\/\",\"url\":\"https:\/\/lucianemonteiro.com\/index.php\/porta-voz-sqri-porta-parole-sqri\/\",\"name\":\"Porta-voz SQRI \/ Porta parole SQRI - Luciane Monteiro\",\"isPartOf\":{\"@id\":\"https:\/\/lucianemonteiro.com\/#website\"},\"primaryImageOfPage\":{\"@id\":\"https:\/\/lucianemonteiro.com\/index.php\/porta-voz-sqri-porta-parole-sqri\/#primaryimage\"},\"image\":{\"@id\":\"https:\/\/lucianemonteiro.com\/index.php\/porta-voz-sqri-porta-parole-sqri\/#primaryimage\"},\"thumbnailUrl\":\"https:\/\/lucianemonteiro.com\/wp-content\/uploads\/2025\/01\/WhatsApp-Image-2025-01-07-at-18.45.39-1-503x1024.jpeg\",\"datePublished\":\"2024-12-03T18:58:05+00:00\",\"dateModified\":\"2025-01-08T00:07:16+00:00\",\"breadcrumb\":{\"@id\":\"https:\/\/lucianemonteiro.com\/index.php\/porta-voz-sqri-porta-parole-sqri\/#breadcrumb\"},\"inLanguage\":\"pt-BR\",\"potentialAction\":[{\"@type\":\"ReadAction\",\"target\":[\"https:\/\/lucianemonteiro.com\/index.php\/porta-voz-sqri-porta-parole-sqri\/\"]}]},{\"@type\":\"ImageObject\",\"inLanguage\":\"pt-BR\",\"@id\":\"https:\/\/lucianemonteiro.com\/index.php\/porta-voz-sqri-porta-parole-sqri\/#primaryimage\",\"url\":\"https:\/\/lucianemonteiro.com\/wp-content\/uploads\/2025\/01\/WhatsApp-Image-2025-01-07-at-18.45.39-1.jpeg\",\"contentUrl\":\"https:\/\/lucianemonteiro.com\/wp-content\/uploads\/2025\/01\/WhatsApp-Image-2025-01-07-at-18.45.39-1.jpeg\",\"width\":629,\"height\":1280},{\"@type\":\"BreadcrumbList\",\"@id\":\"https:\/\/lucianemonteiro.com\/index.php\/porta-voz-sqri-porta-parole-sqri\/#breadcrumb\",\"itemListElement\":[{\"@type\":\"ListItem\",\"position\":1,\"name\":\"In\u00edcio\",\"item\":\"https:\/\/lucianemonteiro.com\/\"},{\"@type\":\"ListItem\",\"position\":2,\"name\":\"Porta-voz SQRI \/ Porta parole SQRI\"}]},{\"@type\":\"WebSite\",\"@id\":\"https:\/\/lucianemonteiro.com\/#website\",\"url\":\"https:\/\/lucianemonteiro.com\/\",\"name\":\"Luciane Monteiro\",\"description\":\"Escritos\",\"potentialAction\":[{\"@type\":\"SearchAction\",\"target\":{\"@type\":\"EntryPoint\",\"urlTemplate\":\"https:\/\/lucianemonteiro.com\/?s={search_term_string}\"},\"query-input\":{\"@type\":\"PropertyValueSpecification\",\"valueRequired\":true,\"valueName\":\"search_term_string\"}}],\"inLanguage\":\"pt-BR\"}]}<\/script>\n<!-- \/ Yoast SEO plugin. -->","yoast_head_json":{"title":"Porta-voz SQRI \/ Porta parole SQRI - Luciane Monteiro","robots":{"index":"index","follow":"follow","max-snippet":"max-snippet:-1","max-image-preview":"max-image-preview:large","max-video-preview":"max-video-preview:-1"},"canonical":"https:\/\/lucianemonteiro.com\/index.php\/porta-voz-sqri-porta-parole-sqri\/","og_locale":"pt_BR","og_type":"article","og_title":"Porta-voz SQRI \/ Porta parole SQRI - Luciane Monteiro","og_description":"No dia 29 de outubro, tive a honra de ser porta-voz durante o lan\u00e7amento da SQRI &#8211; Semana Quebequense de Encontros Interculturais, compartilhando minha trajet\u00f3ria e um poema. Fiquei muito feliz em participar deste evento, durante o qual v\u00e1rias atividades s\u00e3o organizadas para celebrar a diversidade cultural e a conviv\u00eancia! No v\u00eddeo, me apresento e explico o que \u00e9 a SQRI, mencionando algumas das atividades propostas, as parcerias envolvidas e convidando a comunidade a participar. Le 29 octobre, j&#8217;ai eu l&#8217;honneur d&#8217;\u00eatre porte-parole lors du lancement de la SQRI &#8211; Semaine qu\u00e9b\u00e9coise des rencontres interculturelles, o\u00f9 j&#8217;ai partag\u00e9 mon parcours et r\u00e9cit\u00e9 un po\u00e8me. Tr\u00e8s heureuse de participer \u00e0 cet \u00e9v\u00e9nement o\u00f9 de nombreuses activit\u00e9s sont organis\u00e9es pour c\u00e9l\u00e9brer la diversit\u00e9 culturel et le vivre-ensemble! Dans la vid\u00e9o, je vous invite \u00e0 participer \u00e0 la SQRI. Voici quelques organismes qui soutiennent ces activit\u00e9s ou qui partagent la programmation. N&#8217;oubliez pas de les suivre !","og_url":"https:\/\/lucianemonteiro.com\/index.php\/porta-voz-sqri-porta-parole-sqri\/","og_site_name":"Luciane Monteiro","article_modified_time":"2025-01-08T00:07:16+00:00","og_image":[{"url":"https:\/\/lucianemonteiro.com\/wp-content\/uploads\/2025\/01\/WhatsApp-Image-2025-01-07-at-18.45.39-1-503x1024.jpeg","type":"","width":"","height":""}],"twitter_card":"summary_large_image","twitter_misc":{"Est. tempo de leitura":"2 minutos"},"schema":{"@context":"https:\/\/schema.org","@graph":[{"@type":"WebPage","@id":"https:\/\/lucianemonteiro.com\/index.php\/porta-voz-sqri-porta-parole-sqri\/","url":"https:\/\/lucianemonteiro.com\/index.php\/porta-voz-sqri-porta-parole-sqri\/","name":"Porta-voz SQRI \/ Porta parole SQRI - Luciane Monteiro","isPartOf":{"@id":"https:\/\/lucianemonteiro.com\/#website"},"primaryImageOfPage":{"@id":"https:\/\/lucianemonteiro.com\/index.php\/porta-voz-sqri-porta-parole-sqri\/#primaryimage"},"image":{"@id":"https:\/\/lucianemonteiro.com\/index.php\/porta-voz-sqri-porta-parole-sqri\/#primaryimage"},"thumbnailUrl":"https:\/\/lucianemonteiro.com\/wp-content\/uploads\/2025\/01\/WhatsApp-Image-2025-01-07-at-18.45.39-1-503x1024.jpeg","datePublished":"2024-12-03T18:58:05+00:00","dateModified":"2025-01-08T00:07:16+00:00","breadcrumb":{"@id":"https:\/\/lucianemonteiro.com\/index.php\/porta-voz-sqri-porta-parole-sqri\/#breadcrumb"},"inLanguage":"pt-BR","potentialAction":[{"@type":"ReadAction","target":["https:\/\/lucianemonteiro.com\/index.php\/porta-voz-sqri-porta-parole-sqri\/"]}]},{"@type":"ImageObject","inLanguage":"pt-BR","@id":"https:\/\/lucianemonteiro.com\/index.php\/porta-voz-sqri-porta-parole-sqri\/#primaryimage","url":"https:\/\/lucianemonteiro.com\/wp-content\/uploads\/2025\/01\/WhatsApp-Image-2025-01-07-at-18.45.39-1.jpeg","contentUrl":"https:\/\/lucianemonteiro.com\/wp-content\/uploads\/2025\/01\/WhatsApp-Image-2025-01-07-at-18.45.39-1.jpeg","width":629,"height":1280},{"@type":"BreadcrumbList","@id":"https:\/\/lucianemonteiro.com\/index.php\/porta-voz-sqri-porta-parole-sqri\/#breadcrumb","itemListElement":[{"@type":"ListItem","position":1,"name":"In\u00edcio","item":"https:\/\/lucianemonteiro.com\/"},{"@type":"ListItem","position":2,"name":"Porta-voz SQRI \/ Porta parole SQRI"}]},{"@type":"WebSite","@id":"https:\/\/lucianemonteiro.com\/#website","url":"https:\/\/lucianemonteiro.com\/","name":"Luciane Monteiro","description":"Escritos","potentialAction":[{"@type":"SearchAction","target":{"@type":"EntryPoint","urlTemplate":"https:\/\/lucianemonteiro.com\/?s={search_term_string}"},"query-input":{"@type":"PropertyValueSpecification","valueRequired":true,"valueName":"search_term_string"}}],"inLanguage":"pt-BR"}]}},"acf":[],"_links":{"self":[{"href":"https:\/\/lucianemonteiro.com\/index.php\/wp-json\/wp\/v2\/pages\/2063","targetHints":{"allow":["GET"]}}],"collection":[{"href":"https:\/\/lucianemonteiro.com\/index.php\/wp-json\/wp\/v2\/pages"}],"about":[{"href":"https:\/\/lucianemonteiro.com\/index.php\/wp-json\/wp\/v2\/types\/page"}],"author":[{"embeddable":true,"href":"https:\/\/lucianemonteiro.com\/index.php\/wp-json\/wp\/v2\/users\/1"}],"replies":[{"embeddable":true,"href":"https:\/\/lucianemonteiro.com\/index.php\/wp-json\/wp\/v2\/comments?post=2063"}],"version-history":[{"count":9,"href":"https:\/\/lucianemonteiro.com\/index.php\/wp-json\/wp\/v2\/pages\/2063\/revisions"}],"predecessor-version":[{"id":2090,"href":"https:\/\/lucianemonteiro.com\/index.php\/wp-json\/wp\/v2\/pages\/2063\/revisions\/2090"}],"wp:attachment":[{"href":"https:\/\/lucianemonteiro.com\/index.php\/wp-json\/wp\/v2\/media?parent=2063"}],"curies":[{"name":"wp","href":"https:\/\/api.w.org\/{rel}","templated":true}]}}