{"id":2000,"date":"2024-09-11T12:52:27","date_gmt":"2024-09-11T15:52:27","guid":{"rendered":"https:\/\/lucianemonteiro.com\/?page_id=2000"},"modified":"2024-09-11T12:53:45","modified_gmt":"2024-09-11T15:53:45","slug":"lancamento-cordilheira","status":"publish","type":"page","link":"https:\/\/lucianemonteiro.com\/index.php\/lancamento-cordilheira\/","title":{"rendered":"Lan\u00e7amento Cordilheira"},"content":{"rendered":"\n<p>A publica\u00e7\u00e3o do \u201cCordilheira e outros descaminhos\u201d, pela Editora Folheando foi uma das minhas melhores realiza\u00e7\u00f5es em 2023. Depois de uma espera de mais de uma d\u00e9cada, juntando-se a novas hist\u00f3rias, os personagens masculinos viraram livro. Dupla formada com o Ta\u00e7a Escarlate: universo feminino e universo masculino em suas inquieta\u00e7\u00f5es.<\/p>\n\n\n\n<p>Caf\u00e9 Flor de Laranjeira, 10\/082023.<\/p>\n\n\n\n<figure class=\"wp-block-pullquote\"><blockquote><p>\u201cAli t\u00e3o pr\u00f3ximo, o s\u00edmbolo da semente que frutifica, que resulta. Que \u00e9. A vida. Vis\u00e3o que poderia ser apenas um acontecimento insignificante com o qual deparara tantas vezes, mas a vida tem cheiro, tem cor, sabor.\u201d<\/p><\/blockquote><\/figure>\n\n\n\n<p>Cordilheira e outros descaminhos<br>(Editora Folheando)<\/p>\n\n\n\n<p><br><\/p>\n\n\n\n<figure class=\"wp-block-gallery columns-3 is-cropped wp-block-gallery-1 is-layout-flex wp-block-gallery-is-layout-flex\"><ul class=\"blocks-gallery-grid\"><li class=\"blocks-gallery-item\"><figure><img decoding=\"async\" src=\"https:\/\/lucianemonteiro.com\/wp-content\/uploads\/2024\/09\/f5136cdd-255f-40e2-b05e-472ae437a05a-696x1024.jpeg\" alt=\"\" data-id=\"2001\" data-full-url=\"https:\/\/lucianemonteiro.com\/wp-content\/uploads\/2024\/09\/f5136cdd-255f-40e2-b05e-472ae437a05a.jpeg\" data-link=\"https:\/\/lucianemonteiro.com\/?attachment_id=2001\" class=\"wp-image-2001\"\/><\/figure><\/li><li class=\"blocks-gallery-item\"><figure><img loading=\"lazy\" decoding=\"async\" width=\"1024\" height=\"1024\" src=\"https:\/\/lucianemonteiro.com\/wp-content\/uploads\/2024\/09\/B3A7739E-E5E0-4B8A-8201-039BDBA4AF9D-1024x1024.jpeg\" alt=\"\" data-id=\"2009\" data-full-url=\"https:\/\/lucianemonteiro.com\/wp-content\/uploads\/2024\/09\/B3A7739E-E5E0-4B8A-8201-039BDBA4AF9D.jpeg\" data-link=\"https:\/\/lucianemonteiro.com\/?attachment_id=2009\" class=\"wp-image-2009\" srcset=\"https:\/\/lucianemonteiro.com\/wp-content\/uploads\/2024\/09\/B3A7739E-E5E0-4B8A-8201-039BDBA4AF9D-1024x1024.jpeg 1024w, https:\/\/lucianemonteiro.com\/wp-content\/uploads\/2024\/09\/B3A7739E-E5E0-4B8A-8201-039BDBA4AF9D-300x300.jpeg 300w, https:\/\/lucianemonteiro.com\/wp-content\/uploads\/2024\/09\/B3A7739E-E5E0-4B8A-8201-039BDBA4AF9D-150x150.jpeg 150w, https:\/\/lucianemonteiro.com\/wp-content\/uploads\/2024\/09\/B3A7739E-E5E0-4B8A-8201-039BDBA4AF9D-768x768.jpeg 768w, https:\/\/lucianemonteiro.com\/wp-content\/uploads\/2024\/09\/B3A7739E-E5E0-4B8A-8201-039BDBA4AF9D-75x75.jpeg 75w, https:\/\/lucianemonteiro.com\/wp-content\/uploads\/2024\/09\/B3A7739E-E5E0-4B8A-8201-039BDBA4AF9D-600x600.jpeg 600w, https:\/\/lucianemonteiro.com\/wp-content\/uploads\/2024\/09\/B3A7739E-E5E0-4B8A-8201-039BDBA4AF9D-100x100.jpeg 100w, https:\/\/lucianemonteiro.com\/wp-content\/uploads\/2024\/09\/B3A7739E-E5E0-4B8A-8201-039BDBA4AF9D.jpeg 1080w\" sizes=\"auto, (max-width: 1024px) 100vw, 1024px\" \/><\/figure><\/li><li class=\"blocks-gallery-item\"><figure><img loading=\"lazy\" decoding=\"async\" width=\"1024\" height=\"1024\" src=\"https:\/\/lucianemonteiro.com\/wp-content\/uploads\/2024\/09\/9883E4D5-EE87-4B0B-90D7-D1EBB896CCA1-1024x1024.jpeg\" alt=\"\" data-id=\"2008\" data-full-url=\"https:\/\/lucianemonteiro.com\/wp-content\/uploads\/2024\/09\/9883E4D5-EE87-4B0B-90D7-D1EBB896CCA1.jpeg\" data-link=\"https:\/\/lucianemonteiro.com\/?attachment_id=2008\" class=\"wp-image-2008\" srcset=\"https:\/\/lucianemonteiro.com\/wp-content\/uploads\/2024\/09\/9883E4D5-EE87-4B0B-90D7-D1EBB896CCA1-1024x1024.jpeg 1024w, https:\/\/lucianemonteiro.com\/wp-content\/uploads\/2024\/09\/9883E4D5-EE87-4B0B-90D7-D1EBB896CCA1-300x300.jpeg 300w, https:\/\/lucianemonteiro.com\/wp-content\/uploads\/2024\/09\/9883E4D5-EE87-4B0B-90D7-D1EBB896CCA1-150x150.jpeg 150w, https:\/\/lucianemonteiro.com\/wp-content\/uploads\/2024\/09\/9883E4D5-EE87-4B0B-90D7-D1EBB896CCA1-768x768.jpeg 768w, https:\/\/lucianemonteiro.com\/wp-content\/uploads\/2024\/09\/9883E4D5-EE87-4B0B-90D7-D1EBB896CCA1-75x75.jpeg 75w, https:\/\/lucianemonteiro.com\/wp-content\/uploads\/2024\/09\/9883E4D5-EE87-4B0B-90D7-D1EBB896CCA1-600x600.jpeg 600w, https:\/\/lucianemonteiro.com\/wp-content\/uploads\/2024\/09\/9883E4D5-EE87-4B0B-90D7-D1EBB896CCA1-100x100.jpeg 100w, https:\/\/lucianemonteiro.com\/wp-content\/uploads\/2024\/09\/9883E4D5-EE87-4B0B-90D7-D1EBB896CCA1.jpeg 1080w\" sizes=\"auto, (max-width: 1024px) 100vw, 1024px\" \/><\/figure><\/li><li class=\"blocks-gallery-item\"><figure><img loading=\"lazy\" decoding=\"async\" width=\"1024\" height=\"1024\" src=\"https:\/\/lucianemonteiro.com\/wp-content\/uploads\/2024\/09\/40386E3F-7F3E-499B-81FC-628DE994CA41-1024x1024.jpeg\" alt=\"\" data-id=\"2007\" data-full-url=\"https:\/\/lucianemonteiro.com\/wp-content\/uploads\/2024\/09\/40386E3F-7F3E-499B-81FC-628DE994CA41.jpeg\" data-link=\"https:\/\/lucianemonteiro.com\/?attachment_id=2007\" class=\"wp-image-2007\" srcset=\"https:\/\/lucianemonteiro.com\/wp-content\/uploads\/2024\/09\/40386E3F-7F3E-499B-81FC-628DE994CA41-1024x1024.jpeg 1024w, https:\/\/lucianemonteiro.com\/wp-content\/uploads\/2024\/09\/40386E3F-7F3E-499B-81FC-628DE994CA41-300x300.jpeg 300w, https:\/\/lucianemonteiro.com\/wp-content\/uploads\/2024\/09\/40386E3F-7F3E-499B-81FC-628DE994CA41-150x150.jpeg 150w, https:\/\/lucianemonteiro.com\/wp-content\/uploads\/2024\/09\/40386E3F-7F3E-499B-81FC-628DE994CA41-768x768.jpeg 768w, https:\/\/lucianemonteiro.com\/wp-content\/uploads\/2024\/09\/40386E3F-7F3E-499B-81FC-628DE994CA41-75x75.jpeg 75w, https:\/\/lucianemonteiro.com\/wp-content\/uploads\/2024\/09\/40386E3F-7F3E-499B-81FC-628DE994CA41-600x600.jpeg 600w, https:\/\/lucianemonteiro.com\/wp-content\/uploads\/2024\/09\/40386E3F-7F3E-499B-81FC-628DE994CA41-100x100.jpeg 100w, https:\/\/lucianemonteiro.com\/wp-content\/uploads\/2024\/09\/40386E3F-7F3E-499B-81FC-628DE994CA41.jpeg 1080w\" sizes=\"auto, (max-width: 1024px) 100vw, 1024px\" \/><\/figure><\/li><li class=\"blocks-gallery-item\"><figure><img loading=\"lazy\" decoding=\"async\" width=\"1024\" height=\"1024\" src=\"https:\/\/lucianemonteiro.com\/wp-content\/uploads\/2024\/09\/lanc\u0327amento-cordilheira-6-1024x1024.jpeg\" alt=\"\" data-id=\"2006\" data-full-url=\"https:\/\/lucianemonteiro.com\/wp-content\/uploads\/2024\/09\/lanc\u0327amento-cordilheira-6.jpeg\" data-link=\"https:\/\/lucianemonteiro.com\/?attachment_id=2006\" class=\"wp-image-2006\" srcset=\"https:\/\/lucianemonteiro.com\/wp-content\/uploads\/2024\/09\/lanc\u0327amento-cordilheira-6-1024x1024.jpeg 1024w, https:\/\/lucianemonteiro.com\/wp-content\/uploads\/2024\/09\/lanc\u0327amento-cordilheira-6-300x300.jpeg 300w, https:\/\/lucianemonteiro.com\/wp-content\/uploads\/2024\/09\/lanc\u0327amento-cordilheira-6-150x150.jpeg 150w, https:\/\/lucianemonteiro.com\/wp-content\/uploads\/2024\/09\/lanc\u0327amento-cordilheira-6-768x768.jpeg 768w, https:\/\/lucianemonteiro.com\/wp-content\/uploads\/2024\/09\/lanc\u0327amento-cordilheira-6-75x75.jpeg 75w, https:\/\/lucianemonteiro.com\/wp-content\/uploads\/2024\/09\/lanc\u0327amento-cordilheira-6-600x600.jpeg 600w, https:\/\/lucianemonteiro.com\/wp-content\/uploads\/2024\/09\/lanc\u0327amento-cordilheira-6-100x100.jpeg 100w, https:\/\/lucianemonteiro.com\/wp-content\/uploads\/2024\/09\/lanc\u0327amento-cordilheira-6.jpeg 1080w\" sizes=\"auto, (max-width: 1024px) 100vw, 1024px\" \/><\/figure><\/li><li class=\"blocks-gallery-item\"><figure><img loading=\"lazy\" decoding=\"async\" width=\"1024\" height=\"1024\" src=\"https:\/\/lucianemonteiro.com\/wp-content\/uploads\/2024\/09\/lanc\u0327amento-cordilheira-7-1024x1024.jpeg\" alt=\"\" data-id=\"2004\" data-full-url=\"https:\/\/lucianemonteiro.com\/wp-content\/uploads\/2024\/09\/lanc\u0327amento-cordilheira-7.jpeg\" data-link=\"https:\/\/lucianemonteiro.com\/?attachment_id=2004\" class=\"wp-image-2004\" srcset=\"https:\/\/lucianemonteiro.com\/wp-content\/uploads\/2024\/09\/lanc\u0327amento-cordilheira-7-1024x1024.jpeg 1024w, https:\/\/lucianemonteiro.com\/wp-content\/uploads\/2024\/09\/lanc\u0327amento-cordilheira-7-300x300.jpeg 300w, https:\/\/lucianemonteiro.com\/wp-content\/uploads\/2024\/09\/lanc\u0327amento-cordilheira-7-150x150.jpeg 150w, https:\/\/lucianemonteiro.com\/wp-content\/uploads\/2024\/09\/lanc\u0327amento-cordilheira-7-768x768.jpeg 768w, https:\/\/lucianemonteiro.com\/wp-content\/uploads\/2024\/09\/lanc\u0327amento-cordilheira-7-75x75.jpeg 75w, https:\/\/lucianemonteiro.com\/wp-content\/uploads\/2024\/09\/lanc\u0327amento-cordilheira-7-600x600.jpeg 600w, https:\/\/lucianemonteiro.com\/wp-content\/uploads\/2024\/09\/lanc\u0327amento-cordilheira-7-100x100.jpeg 100w, https:\/\/lucianemonteiro.com\/wp-content\/uploads\/2024\/09\/lanc\u0327amento-cordilheira-7.jpeg 1080w\" sizes=\"auto, (max-width: 1024px) 100vw, 1024px\" \/><\/figure><\/li><li class=\"blocks-gallery-item\"><figure><img loading=\"lazy\" decoding=\"async\" width=\"1024\" height=\"1024\" src=\"https:\/\/lucianemonteiro.com\/wp-content\/uploads\/2024\/09\/lanc\u0327amento-cordilheira-10-1024x1024.jpeg\" alt=\"\" data-id=\"2003\" data-full-url=\"https:\/\/lucianemonteiro.com\/wp-content\/uploads\/2024\/09\/lanc\u0327amento-cordilheira-10.jpeg\" data-link=\"https:\/\/lucianemonteiro.com\/?attachment_id=2003\" class=\"wp-image-2003\" srcset=\"https:\/\/lucianemonteiro.com\/wp-content\/uploads\/2024\/09\/lanc\u0327amento-cordilheira-10-1024x1024.jpeg 1024w, https:\/\/lucianemonteiro.com\/wp-content\/uploads\/2024\/09\/lanc\u0327amento-cordilheira-10-300x300.jpeg 300w, https:\/\/lucianemonteiro.com\/wp-content\/uploads\/2024\/09\/lanc\u0327amento-cordilheira-10-150x150.jpeg 150w, https:\/\/lucianemonteiro.com\/wp-content\/uploads\/2024\/09\/lanc\u0327amento-cordilheira-10-768x768.jpeg 768w, https:\/\/lucianemonteiro.com\/wp-content\/uploads\/2024\/09\/lanc\u0327amento-cordilheira-10-75x75.jpeg 75w, https:\/\/lucianemonteiro.com\/wp-content\/uploads\/2024\/09\/lanc\u0327amento-cordilheira-10-600x600.jpeg 600w, https:\/\/lucianemonteiro.com\/wp-content\/uploads\/2024\/09\/lanc\u0327amento-cordilheira-10-100x100.jpeg 100w, https:\/\/lucianemonteiro.com\/wp-content\/uploads\/2024\/09\/lanc\u0327amento-cordilheira-10.jpeg 1080w\" sizes=\"auto, (max-width: 1024px) 100vw, 1024px\" \/><\/figure><\/li><li class=\"blocks-gallery-item\"><figure><img loading=\"lazy\" decoding=\"async\" width=\"1024\" height=\"1024\" src=\"https:\/\/lucianemonteiro.com\/wp-content\/uploads\/2024\/09\/lanc\u0327amento-cordilheira-8-1024x1024.jpeg\" alt=\"\" data-id=\"2002\" data-full-url=\"https:\/\/lucianemonteiro.com\/wp-content\/uploads\/2024\/09\/lanc\u0327amento-cordilheira-8.jpeg\" data-link=\"https:\/\/lucianemonteiro.com\/?attachment_id=2002\" class=\"wp-image-2002\" srcset=\"https:\/\/lucianemonteiro.com\/wp-content\/uploads\/2024\/09\/lanc\u0327amento-cordilheira-8-1024x1024.jpeg 1024w, https:\/\/lucianemonteiro.com\/wp-content\/uploads\/2024\/09\/lanc\u0327amento-cordilheira-8-300x300.jpeg 300w, https:\/\/lucianemonteiro.com\/wp-content\/uploads\/2024\/09\/lanc\u0327amento-cordilheira-8-150x150.jpeg 150w, https:\/\/lucianemonteiro.com\/wp-content\/uploads\/2024\/09\/lanc\u0327amento-cordilheira-8-768x768.jpeg 768w, https:\/\/lucianemonteiro.com\/wp-content\/uploads\/2024\/09\/lanc\u0327amento-cordilheira-8-75x75.jpeg 75w, https:\/\/lucianemonteiro.com\/wp-content\/uploads\/2024\/09\/lanc\u0327amento-cordilheira-8-600x600.jpeg 600w, https:\/\/lucianemonteiro.com\/wp-content\/uploads\/2024\/09\/lanc\u0327amento-cordilheira-8-100x100.jpeg 100w, https:\/\/lucianemonteiro.com\/wp-content\/uploads\/2024\/09\/lanc\u0327amento-cordilheira-8.jpeg 1080w\" sizes=\"auto, (max-width: 1024px) 100vw, 1024px\" \/><\/figure><\/li><\/ul><\/figure>\n\n\n\n<p><\/p>\n","protected":false},"excerpt":{"rendered":"<p>A publica\u00e7\u00e3o do \u201cCordilheira e outros descaminhos\u201d, pela Editora Folheando foi uma das minhas melhores realiza\u00e7\u00f5es em 2023. Depois de uma espera de mais de uma d\u00e9cada, juntando-se a novas hist\u00f3rias, os personagens masculinos viraram livro. Dupla formada com o Ta\u00e7a Escarlate: universo feminino e universo masculino em suas inquieta\u00e7\u00f5es. Caf\u00e9 Flor de Laranjeira, 10\/082023. \u201cAli t\u00e3o pr\u00f3ximo, o s\u00edmbolo da semente que frutifica, que resulta. Que \u00e9. A vida. Vis\u00e3o que poderia ser apenas um acontecimento insignificante com o qual deparara tantas vezes, mas a vida tem cheiro, tem cor, sabor.\u201d Cordilheira e outros descaminhos(Editora Folheando)<\/p>\n","protected":false},"author":1,"featured_media":2021,"parent":0,"menu_order":0,"comment_status":"closed","ping_status":"closed","template":"","meta":{"footnotes":""},"class_list":["post-2000","page","type-page","status-publish","has-post-thumbnail","hentry"],"yoast_head":"<!-- This site is optimized with the Yoast SEO plugin v26.6 - https:\/\/yoast.com\/wordpress\/plugins\/seo\/ -->\n<title>Lan\u00e7amento Cordilheira - Luciane Monteiro<\/title>\n<meta name=\"description\" content=\"Lan\u00e7amento Cordilheira e Outros Descaminhos, um compilado de contos e cr\u00f4nicas sobre o universo masculino. Publicado pela Editora Folheando.\" \/>\n<meta name=\"robots\" content=\"index, follow, max-snippet:-1, max-image-preview:large, max-video-preview:-1\" \/>\n<link rel=\"canonical\" href=\"https:\/\/lucianemonteiro.com\/index.php\/lancamento-cordilheira\/\" \/>\n<meta property=\"og:locale\" content=\"pt_BR\" \/>\n<meta property=\"og:type\" content=\"article\" \/>\n<meta property=\"og:title\" content=\"Lan\u00e7amento Cordilheira - Luciane Monteiro\" \/>\n<meta property=\"og:description\" content=\"Lan\u00e7amento Cordilheira e Outros Descaminhos, um compilado de contos e cr\u00f4nicas sobre o universo masculino. Publicado pela Editora Folheando.\" \/>\n<meta property=\"og:url\" content=\"https:\/\/lucianemonteiro.com\/index.php\/lancamento-cordilheira\/\" \/>\n<meta property=\"og:site_name\" content=\"Luciane Monteiro\" \/>\n<meta property=\"article:modified_time\" content=\"2024-09-11T15:53:45+00:00\" \/>\n<meta property=\"og:image\" content=\"https:\/\/lucianemonteiro.com\/wp-content\/uploads\/2024\/09\/3842f6de-957e-488a-a3c4-719aefa6bd7e.jpeg\" \/>\n\t<meta property=\"og:image:width\" content=\"1600\" \/>\n\t<meta property=\"og:image:height\" content=\"1067\" \/>\n\t<meta property=\"og:image:type\" content=\"image\/jpeg\" \/>\n<meta name=\"twitter:card\" content=\"summary_large_image\" \/>\n<meta name=\"twitter:label1\" content=\"Est. tempo de leitura\" \/>\n\t<meta name=\"twitter:data1\" content=\"3 minutos\" \/>\n<script type=\"application\/ld+json\" class=\"yoast-schema-graph\">{\"@context\":\"https:\/\/schema.org\",\"@graph\":[{\"@type\":\"WebPage\",\"@id\":\"https:\/\/lucianemonteiro.com\/index.php\/lancamento-cordilheira\/\",\"url\":\"https:\/\/lucianemonteiro.com\/index.php\/lancamento-cordilheira\/\",\"name\":\"Lan\u00e7amento Cordilheira - Luciane Monteiro\",\"isPartOf\":{\"@id\":\"https:\/\/lucianemonteiro.com\/#website\"},\"primaryImageOfPage\":{\"@id\":\"https:\/\/lucianemonteiro.com\/index.php\/lancamento-cordilheira\/#primaryimage\"},\"image\":{\"@id\":\"https:\/\/lucianemonteiro.com\/index.php\/lancamento-cordilheira\/#primaryimage\"},\"thumbnailUrl\":\"https:\/\/lucianemonteiro.com\/wp-content\/uploads\/2024\/09\/3842f6de-957e-488a-a3c4-719aefa6bd7e.jpeg\",\"datePublished\":\"2024-09-11T15:52:27+00:00\",\"dateModified\":\"2024-09-11T15:53:45+00:00\",\"description\":\"Lan\u00e7amento Cordilheira e Outros Descaminhos, um compilado de contos e cr\u00f4nicas sobre o universo masculino. Publicado pela Editora Folheando.\",\"breadcrumb\":{\"@id\":\"https:\/\/lucianemonteiro.com\/index.php\/lancamento-cordilheira\/#breadcrumb\"},\"inLanguage\":\"pt-BR\",\"potentialAction\":[{\"@type\":\"ReadAction\",\"target\":[\"https:\/\/lucianemonteiro.com\/index.php\/lancamento-cordilheira\/\"]}]},{\"@type\":\"ImageObject\",\"inLanguage\":\"pt-BR\",\"@id\":\"https:\/\/lucianemonteiro.com\/index.php\/lancamento-cordilheira\/#primaryimage\",\"url\":\"https:\/\/lucianemonteiro.com\/wp-content\/uploads\/2024\/09\/3842f6de-957e-488a-a3c4-719aefa6bd7e.jpeg\",\"contentUrl\":\"https:\/\/lucianemonteiro.com\/wp-content\/uploads\/2024\/09\/3842f6de-957e-488a-a3c4-719aefa6bd7e.jpeg\",\"width\":1600,\"height\":1067},{\"@type\":\"BreadcrumbList\",\"@id\":\"https:\/\/lucianemonteiro.com\/index.php\/lancamento-cordilheira\/#breadcrumb\",\"itemListElement\":[{\"@type\":\"ListItem\",\"position\":1,\"name\":\"In\u00edcio\",\"item\":\"https:\/\/lucianemonteiro.com\/\"},{\"@type\":\"ListItem\",\"position\":2,\"name\":\"Lan\u00e7amento Cordilheira\"}]},{\"@type\":\"WebSite\",\"@id\":\"https:\/\/lucianemonteiro.com\/#website\",\"url\":\"https:\/\/lucianemonteiro.com\/\",\"name\":\"Luciane Monteiro\",\"description\":\"Escritos\",\"potentialAction\":[{\"@type\":\"SearchAction\",\"target\":{\"@type\":\"EntryPoint\",\"urlTemplate\":\"https:\/\/lucianemonteiro.com\/?s={search_term_string}\"},\"query-input\":{\"@type\":\"PropertyValueSpecification\",\"valueRequired\":true,\"valueName\":\"search_term_string\"}}],\"inLanguage\":\"pt-BR\"}]}<\/script>\n<!-- \/ Yoast SEO plugin. -->","yoast_head_json":{"title":"Lan\u00e7amento Cordilheira - Luciane Monteiro","description":"Lan\u00e7amento Cordilheira e Outros Descaminhos, um compilado de contos e cr\u00f4nicas sobre o universo masculino. Publicado pela Editora Folheando.","robots":{"index":"index","follow":"follow","max-snippet":"max-snippet:-1","max-image-preview":"max-image-preview:large","max-video-preview":"max-video-preview:-1"},"canonical":"https:\/\/lucianemonteiro.com\/index.php\/lancamento-cordilheira\/","og_locale":"pt_BR","og_type":"article","og_title":"Lan\u00e7amento Cordilheira - Luciane Monteiro","og_description":"Lan\u00e7amento Cordilheira e Outros Descaminhos, um compilado de contos e cr\u00f4nicas sobre o universo masculino. Publicado pela Editora Folheando.","og_url":"https:\/\/lucianemonteiro.com\/index.php\/lancamento-cordilheira\/","og_site_name":"Luciane Monteiro","article_modified_time":"2024-09-11T15:53:45+00:00","og_image":[{"width":1600,"height":1067,"url":"https:\/\/lucianemonteiro.com\/wp-content\/uploads\/2024\/09\/3842f6de-957e-488a-a3c4-719aefa6bd7e.jpeg","type":"image\/jpeg"}],"twitter_card":"summary_large_image","twitter_misc":{"Est. tempo de leitura":"3 minutos"},"schema":{"@context":"https:\/\/schema.org","@graph":[{"@type":"WebPage","@id":"https:\/\/lucianemonteiro.com\/index.php\/lancamento-cordilheira\/","url":"https:\/\/lucianemonteiro.com\/index.php\/lancamento-cordilheira\/","name":"Lan\u00e7amento Cordilheira - Luciane Monteiro","isPartOf":{"@id":"https:\/\/lucianemonteiro.com\/#website"},"primaryImageOfPage":{"@id":"https:\/\/lucianemonteiro.com\/index.php\/lancamento-cordilheira\/#primaryimage"},"image":{"@id":"https:\/\/lucianemonteiro.com\/index.php\/lancamento-cordilheira\/#primaryimage"},"thumbnailUrl":"https:\/\/lucianemonteiro.com\/wp-content\/uploads\/2024\/09\/3842f6de-957e-488a-a3c4-719aefa6bd7e.jpeg","datePublished":"2024-09-11T15:52:27+00:00","dateModified":"2024-09-11T15:53:45+00:00","description":"Lan\u00e7amento Cordilheira e Outros Descaminhos, um compilado de contos e cr\u00f4nicas sobre o universo masculino. Publicado pela Editora Folheando.","breadcrumb":{"@id":"https:\/\/lucianemonteiro.com\/index.php\/lancamento-cordilheira\/#breadcrumb"},"inLanguage":"pt-BR","potentialAction":[{"@type":"ReadAction","target":["https:\/\/lucianemonteiro.com\/index.php\/lancamento-cordilheira\/"]}]},{"@type":"ImageObject","inLanguage":"pt-BR","@id":"https:\/\/lucianemonteiro.com\/index.php\/lancamento-cordilheira\/#primaryimage","url":"https:\/\/lucianemonteiro.com\/wp-content\/uploads\/2024\/09\/3842f6de-957e-488a-a3c4-719aefa6bd7e.jpeg","contentUrl":"https:\/\/lucianemonteiro.com\/wp-content\/uploads\/2024\/09\/3842f6de-957e-488a-a3c4-719aefa6bd7e.jpeg","width":1600,"height":1067},{"@type":"BreadcrumbList","@id":"https:\/\/lucianemonteiro.com\/index.php\/lancamento-cordilheira\/#breadcrumb","itemListElement":[{"@type":"ListItem","position":1,"name":"In\u00edcio","item":"https:\/\/lucianemonteiro.com\/"},{"@type":"ListItem","position":2,"name":"Lan\u00e7amento Cordilheira"}]},{"@type":"WebSite","@id":"https:\/\/lucianemonteiro.com\/#website","url":"https:\/\/lucianemonteiro.com\/","name":"Luciane Monteiro","description":"Escritos","potentialAction":[{"@type":"SearchAction","target":{"@type":"EntryPoint","urlTemplate":"https:\/\/lucianemonteiro.com\/?s={search_term_string}"},"query-input":{"@type":"PropertyValueSpecification","valueRequired":true,"valueName":"search_term_string"}}],"inLanguage":"pt-BR"}]}},"acf":[],"_links":{"self":[{"href":"https:\/\/lucianemonteiro.com\/index.php\/wp-json\/wp\/v2\/pages\/2000","targetHints":{"allow":["GET"]}}],"collection":[{"href":"https:\/\/lucianemonteiro.com\/index.php\/wp-json\/wp\/v2\/pages"}],"about":[{"href":"https:\/\/lucianemonteiro.com\/index.php\/wp-json\/wp\/v2\/types\/page"}],"author":[{"embeddable":true,"href":"https:\/\/lucianemonteiro.com\/index.php\/wp-json\/wp\/v2\/users\/1"}],"replies":[{"embeddable":true,"href":"https:\/\/lucianemonteiro.com\/index.php\/wp-json\/wp\/v2\/comments?post=2000"}],"version-history":[{"count":10,"href":"https:\/\/lucianemonteiro.com\/index.php\/wp-json\/wp\/v2\/pages\/2000\/revisions"}],"predecessor-version":[{"id":2032,"href":"https:\/\/lucianemonteiro.com\/index.php\/wp-json\/wp\/v2\/pages\/2000\/revisions\/2032"}],"wp:featuredmedia":[{"embeddable":true,"href":"https:\/\/lucianemonteiro.com\/index.php\/wp-json\/wp\/v2\/media\/2021"}],"wp:attachment":[{"href":"https:\/\/lucianemonteiro.com\/index.php\/wp-json\/wp\/v2\/media?parent=2000"}],"curies":[{"name":"wp","href":"https:\/\/api.w.org\/{rel}","templated":true}]}}