{"id":1966,"date":"2024-09-11T11:35:29","date_gmt":"2024-09-11T14:35:29","guid":{"rendered":"https:\/\/lucianemonteiro.com\/?page_id=1966"},"modified":"2024-09-11T11:35:30","modified_gmt":"2024-09-11T14:35:30","slug":"heure-du-conte-fiesta","status":"publish","type":"page","link":"https:\/\/lucianemonteiro.com\/index.php\/heure-du-conte-fiesta\/","title":{"rendered":"Heure du Conte &#8211; Fiesta"},"content":{"rendered":"\n<p>Le samedi 24 ao\u00fbt, la litt\u00e9rature br\u00e9silienne a fait partie de la Fiesta, \u00e9v\u00e9nement organis\u00e9 par le <a href=\"https:\/\/www.facebook.com\/sanashawinigan?__cft__[0]=AZVOPH5Ed77peqCGBZ1xxm2k6cFALqN8uY0X-iUcAW0z3ofg6OqS4H7a_Dyc-V6d3oq7k9QcbnYqoL_dmHVHuX1LEygtIXdDGmZUp0ner9n624j2JVyoOHezWxH39X7hRlj3NbeLjCVEOaQn9lG3jX5ck1JpmVD1PYqMPfIuhTeho8IQ7Sz9-1Fso1WEJgtzvM0ayipXy-Tmv5Vox_t_-WJp&amp;__tn__=-]K-R\">SANA Shawinigan &#8211; Service d&#8217;accueil des nouveaux arrivants<\/a> pour mettre en valeur et partager la culture latine au Qu\u00e9bec. <\/p>\n\n\n\n<p>J\u2019ai particip\u00e9 \u00e0 l\u2019Heure du Conte \u00e0 la <a href=\"https:\/\/www.facebook.com\/LibrairiePoirier?__cft__[0]=AZVOPH5Ed77peqCGBZ1xxm2k6cFALqN8uY0X-iUcAW0z3ofg6OqS4H7a_Dyc-V6d3oq7k9QcbnYqoL_dmHVHuX1LEygtIXdDGmZUp0ner9n624j2JVyoOHezWxH39X7hRlj3NbeLjCVEOaQn9lG3jX5ck1JpmVD1PYqMPfIuhTeho8IQ7Sz9-1Fso1WEJgtzvM0ayipXy-Tmv5Vox_t_-WJp&amp;__tn__=-]K-R\">Librairie Poirier<\/a> en partageant la lecture du livre \u00ab Ce qui nous rend humain \u00bb, du br\u00e9silien Vitor D.O. Santos. L\u2019\u0153uvre a \u00e9t\u00e9 \u00e9crite en fran\u00e7ais et est disponible dans plus de vingt langues. Selon l\u2019auteur, \u201cplus il y a de diversit\u00e9 linguistique plus nous serons riches en tant qu\u2019\u00eatre humains. La conscience et le respect de la diversit\u00e9 humaine, comme l&#8217;affirme l\u2019UNESCO depuis sa fondation, sont la cl\u00e9 de la compr\u00e9hension mutuelle. (source: site UNESCO).<\/p>\n\n\n\n<p>En profitant de la diversit\u00e9 culturelle pr\u00e9sente dans ce contexte, j\u2019ai invit\u00e9 les enfants \u00e0 cr\u00e9er une couverture exclusive pour le livre afin de voir s\u2019ils avaient bien compris la lecture. J\u2019ai vraiment aim\u00e9 le r\u00e9sultat! Et le meilleur, c\u2019est qu\u2019\u00e0 la fin, j\u2019ai re\u00e7u le livre et un dessin exclusif d\u2019un des enfants pr\u00e9sents. <img loading=\"lazy\" decoding=\"async\" height=\"16\" width=\"16\" alt=\"\u2764\ufe0f\" src=\"https:\/\/static.xx.fbcdn.net\/images\/emoji.php\/v9\/t6c\/1\/16\/2764.png\"><\/p>\n\n\n\n<figure class=\"wp-block-gallery columns-3 is-cropped wp-block-gallery-1 is-layout-flex wp-block-gallery-is-layout-flex\"><ul class=\"blocks-gallery-grid\"><li class=\"blocks-gallery-item\"><figure><img loading=\"lazy\" decoding=\"async\" width=\"649\" height=\"1024\" src=\"https:\/\/lucianemonteiro.com\/wp-content\/uploads\/2024\/09\/IMG_8751-1-649x1024.jpeg\" alt=\"\" data-id=\"1976\" data-full-url=\"https:\/\/lucianemonteiro.com\/wp-content\/uploads\/2024\/09\/IMG_8751-1.jpeg\" data-link=\"https:\/\/lucianemonteiro.com\/?attachment_id=1976\" class=\"wp-image-1976\" srcset=\"https:\/\/lucianemonteiro.com\/wp-content\/uploads\/2024\/09\/IMG_8751-1-649x1024.jpeg 649w, https:\/\/lucianemonteiro.com\/wp-content\/uploads\/2024\/09\/IMG_8751-1-190x300.jpeg 190w, https:\/\/lucianemonteiro.com\/wp-content\/uploads\/2024\/09\/IMG_8751-1-600x947.jpeg 600w, https:\/\/lucianemonteiro.com\/wp-content\/uploads\/2024\/09\/IMG_8751-1.jpeg 750w\" sizes=\"auto, (max-width: 649px) 100vw, 649px\" \/><\/figure><\/li><li class=\"blocks-gallery-item\"><figure><img loading=\"lazy\" decoding=\"async\" width=\"768\" height=\"1024\" src=\"https:\/\/lucianemonteiro.com\/wp-content\/uploads\/2024\/09\/IMG_8755-768x1024.jpeg\" alt=\"\" data-id=\"1974\" data-full-url=\"https:\/\/lucianemonteiro.com\/wp-content\/uploads\/2024\/09\/IMG_8755.jpeg\" data-link=\"https:\/\/lucianemonteiro.com\/?attachment_id=1974\" class=\"wp-image-1974\" srcset=\"https:\/\/lucianemonteiro.com\/wp-content\/uploads\/2024\/09\/IMG_8755-768x1024.jpeg 768w, https:\/\/lucianemonteiro.com\/wp-content\/uploads\/2024\/09\/IMG_8755-225x300.jpeg 225w, https:\/\/lucianemonteiro.com\/wp-content\/uploads\/2024\/09\/IMG_8755-1152x1536.jpeg 1152w, https:\/\/lucianemonteiro.com\/wp-content\/uploads\/2024\/09\/IMG_8755-1140x1520.jpeg 1140w, https:\/\/lucianemonteiro.com\/wp-content\/uploads\/2024\/09\/IMG_8755-600x800.jpeg 600w, https:\/\/lucianemonteiro.com\/wp-content\/uploads\/2024\/09\/IMG_8755.jpeg 1536w\" sizes=\"auto, (max-width: 768px) 100vw, 768px\" \/><\/figure><\/li><li class=\"blocks-gallery-item\"><figure><img loading=\"lazy\" decoding=\"async\" width=\"768\" height=\"1024\" src=\"https:\/\/lucianemonteiro.com\/wp-content\/uploads\/2024\/09\/IMG_8756-768x1024.jpeg\" alt=\"\" data-id=\"1973\" data-full-url=\"https:\/\/lucianemonteiro.com\/wp-content\/uploads\/2024\/09\/IMG_8756.jpeg\" data-link=\"https:\/\/lucianemonteiro.com\/?attachment_id=1973\" class=\"wp-image-1973\" srcset=\"https:\/\/lucianemonteiro.com\/wp-content\/uploads\/2024\/09\/IMG_8756-768x1024.jpeg 768w, https:\/\/lucianemonteiro.com\/wp-content\/uploads\/2024\/09\/IMG_8756-225x300.jpeg 225w, https:\/\/lucianemonteiro.com\/wp-content\/uploads\/2024\/09\/IMG_8756-1152x1536.jpeg 1152w, https:\/\/lucianemonteiro.com\/wp-content\/uploads\/2024\/09\/IMG_8756-1140x1520.jpeg 1140w, https:\/\/lucianemonteiro.com\/wp-content\/uploads\/2024\/09\/IMG_8756-600x800.jpeg 600w, https:\/\/lucianemonteiro.com\/wp-content\/uploads\/2024\/09\/IMG_8756.jpeg 1536w\" sizes=\"auto, (max-width: 768px) 100vw, 768px\" \/><\/figure><\/li><li class=\"blocks-gallery-item\"><figure><img loading=\"lazy\" decoding=\"async\" width=\"768\" height=\"1024\" src=\"https:\/\/lucianemonteiro.com\/wp-content\/uploads\/2024\/09\/IMG_8758-768x1024.jpeg\" alt=\"\" data-id=\"1972\" data-full-url=\"https:\/\/lucianemonteiro.com\/wp-content\/uploads\/2024\/09\/IMG_8758.jpeg\" data-link=\"https:\/\/lucianemonteiro.com\/?attachment_id=1972\" class=\"wp-image-1972\" srcset=\"https:\/\/lucianemonteiro.com\/wp-content\/uploads\/2024\/09\/IMG_8758-768x1024.jpeg 768w, https:\/\/lucianemonteiro.com\/wp-content\/uploads\/2024\/09\/IMG_8758-225x300.jpeg 225w, https:\/\/lucianemonteiro.com\/wp-content\/uploads\/2024\/09\/IMG_8758-1152x1536.jpeg 1152w, https:\/\/lucianemonteiro.com\/wp-content\/uploads\/2024\/09\/IMG_8758-1140x1520.jpeg 1140w, https:\/\/lucianemonteiro.com\/wp-content\/uploads\/2024\/09\/IMG_8758-600x800.jpeg 600w, https:\/\/lucianemonteiro.com\/wp-content\/uploads\/2024\/09\/IMG_8758.jpeg 1536w\" sizes=\"auto, (max-width: 768px) 100vw, 768px\" \/><\/figure><\/li><li class=\"blocks-gallery-item\"><figure><img loading=\"lazy\" decoding=\"async\" width=\"768\" height=\"1024\" src=\"https:\/\/lucianemonteiro.com\/wp-content\/uploads\/2024\/09\/IMG_8760-768x1024.jpeg\" alt=\"\" data-id=\"1971\" data-full-url=\"https:\/\/lucianemonteiro.com\/wp-content\/uploads\/2024\/09\/IMG_8760.jpeg\" data-link=\"https:\/\/lucianemonteiro.com\/?attachment_id=1971\" class=\"wp-image-1971\" srcset=\"https:\/\/lucianemonteiro.com\/wp-content\/uploads\/2024\/09\/IMG_8760-768x1024.jpeg 768w, https:\/\/lucianemonteiro.com\/wp-content\/uploads\/2024\/09\/IMG_8760-225x300.jpeg 225w, https:\/\/lucianemonteiro.com\/wp-content\/uploads\/2024\/09\/IMG_8760-1152x1536.jpeg 1152w, https:\/\/lucianemonteiro.com\/wp-content\/uploads\/2024\/09\/IMG_8760-1140x1520.jpeg 1140w, https:\/\/lucianemonteiro.com\/wp-content\/uploads\/2024\/09\/IMG_8760-600x800.jpeg 600w, https:\/\/lucianemonteiro.com\/wp-content\/uploads\/2024\/09\/IMG_8760.jpeg 1536w\" sizes=\"auto, (max-width: 768px) 100vw, 768px\" \/><\/figure><\/li><li class=\"blocks-gallery-item\"><figure><img loading=\"lazy\" decoding=\"async\" width=\"768\" height=\"1024\" src=\"https:\/\/lucianemonteiro.com\/wp-content\/uploads\/2024\/09\/IMG_8754-768x1024.jpeg\" alt=\"\" data-id=\"1969\" data-full-url=\"https:\/\/lucianemonteiro.com\/wp-content\/uploads\/2024\/09\/IMG_8754.jpeg\" data-link=\"https:\/\/lucianemonteiro.com\/?attachment_id=1969\" class=\"wp-image-1969\" srcset=\"https:\/\/lucianemonteiro.com\/wp-content\/uploads\/2024\/09\/IMG_8754-768x1024.jpeg 768w, https:\/\/lucianemonteiro.com\/wp-content\/uploads\/2024\/09\/IMG_8754-225x300.jpeg 225w, https:\/\/lucianemonteiro.com\/wp-content\/uploads\/2024\/09\/IMG_8754-1152x1536.jpeg 1152w, https:\/\/lucianemonteiro.com\/wp-content\/uploads\/2024\/09\/IMG_8754-1140x1520.jpeg 1140w, https:\/\/lucianemonteiro.com\/wp-content\/uploads\/2024\/09\/IMG_8754-600x800.jpeg 600w, https:\/\/lucianemonteiro.com\/wp-content\/uploads\/2024\/09\/IMG_8754.jpeg 1536w\" sizes=\"auto, (max-width: 768px) 100vw, 768px\" \/><\/figure><\/li><\/ul><\/figure>\n\n\n\n<p>Mes livres \u00e9taient aussi pr\u00e9sents \u00e0 la \u201cFiesta\u201d du <a href=\"https:\/\/www.facebook.com\/sanashawinigan?__cft__[0]=AZVzaKBNf9putMxDaNlPMXfIp4fnGNjdWeLkW2Q_uf1mvnqlMQ8j6WanYs-T59cwbHdDJfSH9n4R0Z3HHrtdzBwpw6LSAyODbDYOEQJPgaLxqkBLxXaYw472YmjaN880Mbert6RB8Xu-ssn7pGQTJnoqSaD_Ln2M6ZgEsdmLR0R3Tt7cj1_1FR3iu3JHcoQ4fro&amp;__tn__=-]K-R\">SANA Shawinigan &#8211; Service d&#8217;accueil des nouveaux arrivants<\/a>. J&#8217;ai pu discuter avec quelques visiteurs de mes publications au Br\u00e9sil et de la fa\u00e7on dont je partage mes \u00e9crits lors des pr\u00e9sentations avec le <a href=\"https:\/\/www.facebook.com\/Voixdepasaj?__cft__[0]=AZVzaKBNf9putMxDaNlPMXfIp4fnGNjdWeLkW2Q_uf1mvnqlMQ8j6WanYs-T59cwbHdDJfSH9n4R0Z3HHrtdzBwpw6LSAyODbDYOEQJPgaLxqkBLxXaYw472YmjaN880Mbert6RB8Xu-ssn7pGQTJnoqSaD_Ln2M6ZgEsdmLR0R3Tt7cj1_1FR3iu3JHcoQ4fro&amp;__tn__=-]K-R\">Voix De Pasaj<\/a> au Qu\u00e9bec. Pour couronner le tout, j&#8217;ai eu l&#8217;occasion d&#8217;assister \u00e0 l&#8217;atelier cr\u00e9atif de masques anim\u00e9 par le sympathique Javier Escamilla !<\/p>\n\n\n\n<div class=\"wp-block-image is-style-default\"><figure class=\"aligncenter size-large is-resized\"><img loading=\"lazy\" decoding=\"async\" src=\"https:\/\/lucianemonteiro.com\/wp-content\/uploads\/2024\/09\/IMG_8764-768x1024.jpeg\" alt=\"\" class=\"wp-image-1970\" width=\"202\" height=\"269\" srcset=\"https:\/\/lucianemonteiro.com\/wp-content\/uploads\/2024\/09\/IMG_8764-768x1024.jpeg 768w, https:\/\/lucianemonteiro.com\/wp-content\/uploads\/2024\/09\/IMG_8764-225x300.jpeg 225w, https:\/\/lucianemonteiro.com\/wp-content\/uploads\/2024\/09\/IMG_8764-1152x1536.jpeg 1152w, https:\/\/lucianemonteiro.com\/wp-content\/uploads\/2024\/09\/IMG_8764-1140x1520.jpeg 1140w, https:\/\/lucianemonteiro.com\/wp-content\/uploads\/2024\/09\/IMG_8764-600x800.jpeg 600w, https:\/\/lucianemonteiro.com\/wp-content\/uploads\/2024\/09\/IMG_8764.jpeg 1536w\" sizes=\"auto, (max-width: 202px) 100vw, 202px\" \/><\/figure><\/div>\n\n\n\n<h2 class=\"wp-block-heading\">Hora do Conto &#8211; Fiesta<\/h2>\n\n\n\n<p>Trazendo um pouco da literatura brasileira na \u201cFiesta\u201d, evento promovido pelo SANA visando valorizar e compartilhar a cultura latina. <\/p>\n\n\n\n<p>Para a hora do conto, compartilhei a leitura do livro Ce qui nous rends humain (O que nos faz humanos), do brasileiro Vitor D.O. Santos, escrito em franc\u00eas, mas tamb\u00e9m dispon\u00edvel em portugu\u00eas e em mais de vinte l\u00ednguas. Uma leitura pertinente sobre a valoriza\u00e7\u00e3o da linguagem. \u201cSegundo Victor, quanto mais diversidade lingu\u00edstica houver, mais ricos n\u00f3s seremos como seres humanos. A consci\u00eancia e o respeito pela diversidade humana, como a UNESCO afirma desde a sua funda\u00e7\u00e3o, \u00e9 a chave para a compreens\u00e3o m\u00fatua.\u201d (fonte: site da UNESCO).<\/p>\n\n\n\n<p>E, aproveitando a diversidade cultural presente nesse contexto, convidei as crian\u00e7as a criarem uma capa exclusiva para o livro, a fim de ver se haviam compreendido a leitura. Nem preciso dizer que adorei o resultado. E o melhor \u00e9 que, no final, ganhei o livro e mais um desenho exclusivo de uma das crian\u00e7as.<\/p>\n\n\n\n<p>Meus livros tamb\u00e9m ficaram expostos na \u201cFiesta&#8221;. E ainda pude conversar com alguns visitantes sobre minhas publica\u00e7\u00f5es no Brasil e sobre como compartilho os escritos nas apresenta\u00e7\u00f5es com o Voix de Pasaj no Qu\u00e9bec.Para completar, consegui acompanhar o simp\u00e1tico Javier Escamilla no seu Atelier Criativo de m\u00e1scaras!<\/p>\n","protected":false},"excerpt":{"rendered":"<p>Le samedi 24 ao\u00fbt, la litt\u00e9rature br\u00e9silienne a fait partie de la Fiesta, \u00e9v\u00e9nement organis\u00e9 par le SANA Shawinigan &#8211; Service d&#8217;accueil des nouveaux arrivants pour mettre en valeur et partager la culture latine au Qu\u00e9bec. J\u2019ai particip\u00e9 \u00e0 l\u2019Heure du Conte \u00e0 la Librairie Poirier en partageant la lecture du livre \u00ab Ce qui nous rend humain \u00bb, du br\u00e9silien Vitor D.O. Santos. L\u2019\u0153uvre a \u00e9t\u00e9 \u00e9crite en fran\u00e7ais et est disponible dans plus de vingt langues. Selon l\u2019auteur, \u201cplus il y a de diversit\u00e9 linguistique plus nous serons riches en tant qu\u2019\u00eatre humains. La conscience et le respect de la diversit\u00e9 humaine, comme l&#8217;affirme l\u2019UNESCO depuis sa fondation, sont la cl\u00e9 de la compr\u00e9hension mutuelle. (source: site UNESCO). En profitant de la diversit\u00e9 culturelle pr\u00e9sente dans ce contexte, j\u2019ai invit\u00e9 les enfants \u00e0 cr\u00e9er une couverture exclusive pour le livre afin de voir s\u2019ils avaient bien compris la lecture. J\u2019ai vraiment aim\u00e9 le r\u00e9sultat! Et le meilleur, c\u2019est qu\u2019\u00e0 la fin, j\u2019ai re\u00e7u le livre et un dessin exclusif d\u2019un des enfants pr\u00e9sents. Mes livres \u00e9taient aussi pr\u00e9sents \u00e0 la \u201cFiesta\u201d du SANA Shawinigan &#8211; Service d&#8217;accueil des nouveaux arrivants. J&#8217;ai pu discuter avec quelques visiteurs de mes publications au Br\u00e9sil et de la fa\u00e7on dont je partage mes \u00e9crits lors des pr\u00e9sentations avec le Voix De Pasaj au Qu\u00e9bec. Pour couronner le tout, j&#8217;ai eu l&#8217;occasion d&#8217;assister \u00e0 l&#8217;atelier cr\u00e9atif de masques anim\u00e9 par le sympathique Javier Escamilla ! Hora do Conto &#8211; Fiesta Trazendo um pouco da literatura brasileira na \u201cFiesta\u201d, evento promovido pelo SANA visando valorizar e compartilhar a cultura latina. Para a hora do conto, compartilhei a leitura do livro Ce qui nous rends humain (O que nos faz humanos), do brasileiro Vitor D.O. Santos, escrito em franc\u00eas, mas tamb\u00e9m dispon\u00edvel em portugu\u00eas e em mais de vinte l\u00ednguas. Uma leitura pertinente sobre a valoriza\u00e7\u00e3o da linguagem. \u201cSegundo Victor, quanto mais diversidade lingu\u00edstica houver, mais ricos n\u00f3s seremos como seres humanos. A consci\u00eancia e o respeito pela diversidade humana, como a UNESCO afirma desde a sua funda\u00e7\u00e3o, \u00e9 a chave para a compreens\u00e3o m\u00fatua.\u201d (fonte: site da UNESCO). E, aproveitando a diversidade cultural presente nesse contexto, convidei as crian\u00e7as a criarem uma capa exclusiva para o livro, a fim de ver se haviam compreendido a leitura. Nem preciso dizer que adorei o resultado. E o melhor \u00e9 que, no final, ganhei o livro e mais um desenho exclusivo de uma das crian\u00e7as. Meus livros tamb\u00e9m ficaram expostos na \u201cFiesta&#8221;. E ainda pude conversar com alguns visitantes sobre minhas publica\u00e7\u00f5es no Brasil e sobre como compartilho os escritos nas apresenta\u00e7\u00f5es com o Voix de Pasaj no Qu\u00e9bec.Para completar, consegui acompanhar o simp\u00e1tico Javier Escamilla no seu Atelier Criativo de m\u00e1scaras!<\/p>\n","protected":false},"author":1,"featured_media":0,"parent":0,"menu_order":0,"comment_status":"closed","ping_status":"closed","template":"","meta":{"footnotes":""},"class_list":["post-1966","page","type-page","status-publish","hentry"],"yoast_head":"<!-- This site is optimized with the Yoast SEO plugin v26.6 - https:\/\/yoast.com\/wordpress\/plugins\/seo\/ -->\n<title>Heure du Conte - Fiesta - Luciane Monteiro<\/title>\n<meta name=\"description\" content=\"Trazendo um pouco da literatura brasileira na \u201cFiesta\u201d, evento promovido pelo SANA visando valorizar e compartilhar a cultura latina.\" \/>\n<meta name=\"robots\" content=\"index, follow, max-snippet:-1, max-image-preview:large, max-video-preview:-1\" \/>\n<link rel=\"canonical\" href=\"https:\/\/lucianemonteiro.com\/index.php\/heure-du-conte-fiesta\/\" \/>\n<meta property=\"og:locale\" content=\"pt_BR\" \/>\n<meta property=\"og:type\" content=\"article\" \/>\n<meta property=\"og:title\" content=\"Heure du Conte - Fiesta - Luciane Monteiro\" \/>\n<meta property=\"og:description\" content=\"Trazendo um pouco da literatura brasileira na \u201cFiesta\u201d, evento promovido pelo SANA visando valorizar e compartilhar a cultura latina.\" \/>\n<meta property=\"og:url\" content=\"https:\/\/lucianemonteiro.com\/index.php\/heure-du-conte-fiesta\/\" \/>\n<meta property=\"og:site_name\" content=\"Luciane Monteiro\" \/>\n<meta property=\"article:modified_time\" content=\"2024-09-11T14:35:30+00:00\" \/>\n<meta property=\"og:image\" content=\"https:\/\/static.xx.fbcdn.net\/images\/emoji.php\/v9\/t6c\/1\/16\/2764.png\" \/>\n<meta name=\"twitter:card\" content=\"summary_large_image\" \/>\n<meta name=\"twitter:label1\" content=\"Est. tempo de leitura\" \/>\n\t<meta name=\"twitter:data1\" content=\"4 minutos\" \/>\n<script type=\"application\/ld+json\" class=\"yoast-schema-graph\">{\"@context\":\"https:\/\/schema.org\",\"@graph\":[{\"@type\":\"WebPage\",\"@id\":\"https:\/\/lucianemonteiro.com\/index.php\/heure-du-conte-fiesta\/\",\"url\":\"https:\/\/lucianemonteiro.com\/index.php\/heure-du-conte-fiesta\/\",\"name\":\"Heure du Conte - Fiesta - Luciane Monteiro\",\"isPartOf\":{\"@id\":\"https:\/\/lucianemonteiro.com\/#website\"},\"primaryImageOfPage\":{\"@id\":\"https:\/\/lucianemonteiro.com\/index.php\/heure-du-conte-fiesta\/#primaryimage\"},\"image\":{\"@id\":\"https:\/\/lucianemonteiro.com\/index.php\/heure-du-conte-fiesta\/#primaryimage\"},\"thumbnailUrl\":\"https:\/\/static.xx.fbcdn.net\/images\/emoji.php\/v9\/t6c\/1\/16\/2764.png\",\"datePublished\":\"2024-09-11T14:35:29+00:00\",\"dateModified\":\"2024-09-11T14:35:30+00:00\",\"description\":\"Trazendo um pouco da literatura brasileira na \u201cFiesta\u201d, evento promovido pelo SANA visando valorizar e compartilhar a cultura latina.\",\"breadcrumb\":{\"@id\":\"https:\/\/lucianemonteiro.com\/index.php\/heure-du-conte-fiesta\/#breadcrumb\"},\"inLanguage\":\"pt-BR\",\"potentialAction\":[{\"@type\":\"ReadAction\",\"target\":[\"https:\/\/lucianemonteiro.com\/index.php\/heure-du-conte-fiesta\/\"]}]},{\"@type\":\"ImageObject\",\"inLanguage\":\"pt-BR\",\"@id\":\"https:\/\/lucianemonteiro.com\/index.php\/heure-du-conte-fiesta\/#primaryimage\",\"url\":\"https:\/\/static.xx.fbcdn.net\/images\/emoji.php\/v9\/t6c\/1\/16\/2764.png\",\"contentUrl\":\"https:\/\/static.xx.fbcdn.net\/images\/emoji.php\/v9\/t6c\/1\/16\/2764.png\"},{\"@type\":\"BreadcrumbList\",\"@id\":\"https:\/\/lucianemonteiro.com\/index.php\/heure-du-conte-fiesta\/#breadcrumb\",\"itemListElement\":[{\"@type\":\"ListItem\",\"position\":1,\"name\":\"In\u00edcio\",\"item\":\"https:\/\/lucianemonteiro.com\/\"},{\"@type\":\"ListItem\",\"position\":2,\"name\":\"Heure du Conte &#8211; Fiesta\"}]},{\"@type\":\"WebSite\",\"@id\":\"https:\/\/lucianemonteiro.com\/#website\",\"url\":\"https:\/\/lucianemonteiro.com\/\",\"name\":\"Luciane Monteiro\",\"description\":\"Escritos\",\"potentialAction\":[{\"@type\":\"SearchAction\",\"target\":{\"@type\":\"EntryPoint\",\"urlTemplate\":\"https:\/\/lucianemonteiro.com\/?s={search_term_string}\"},\"query-input\":{\"@type\":\"PropertyValueSpecification\",\"valueRequired\":true,\"valueName\":\"search_term_string\"}}],\"inLanguage\":\"pt-BR\"}]}<\/script>\n<!-- \/ Yoast SEO plugin. -->","yoast_head_json":{"title":"Heure du Conte - Fiesta - Luciane Monteiro","description":"Trazendo um pouco da literatura brasileira na \u201cFiesta\u201d, evento promovido pelo SANA visando valorizar e compartilhar a cultura latina.","robots":{"index":"index","follow":"follow","max-snippet":"max-snippet:-1","max-image-preview":"max-image-preview:large","max-video-preview":"max-video-preview:-1"},"canonical":"https:\/\/lucianemonteiro.com\/index.php\/heure-du-conte-fiesta\/","og_locale":"pt_BR","og_type":"article","og_title":"Heure du Conte - Fiesta - Luciane Monteiro","og_description":"Trazendo um pouco da literatura brasileira na \u201cFiesta\u201d, evento promovido pelo SANA visando valorizar e compartilhar a cultura latina.","og_url":"https:\/\/lucianemonteiro.com\/index.php\/heure-du-conte-fiesta\/","og_site_name":"Luciane Monteiro","article_modified_time":"2024-09-11T14:35:30+00:00","og_image":[{"url":"https:\/\/static.xx.fbcdn.net\/images\/emoji.php\/v9\/t6c\/1\/16\/2764.png","type":"","width":"","height":""}],"twitter_card":"summary_large_image","twitter_misc":{"Est. tempo de leitura":"4 minutos"},"schema":{"@context":"https:\/\/schema.org","@graph":[{"@type":"WebPage","@id":"https:\/\/lucianemonteiro.com\/index.php\/heure-du-conte-fiesta\/","url":"https:\/\/lucianemonteiro.com\/index.php\/heure-du-conte-fiesta\/","name":"Heure du Conte - Fiesta - Luciane Monteiro","isPartOf":{"@id":"https:\/\/lucianemonteiro.com\/#website"},"primaryImageOfPage":{"@id":"https:\/\/lucianemonteiro.com\/index.php\/heure-du-conte-fiesta\/#primaryimage"},"image":{"@id":"https:\/\/lucianemonteiro.com\/index.php\/heure-du-conte-fiesta\/#primaryimage"},"thumbnailUrl":"https:\/\/static.xx.fbcdn.net\/images\/emoji.php\/v9\/t6c\/1\/16\/2764.png","datePublished":"2024-09-11T14:35:29+00:00","dateModified":"2024-09-11T14:35:30+00:00","description":"Trazendo um pouco da literatura brasileira na \u201cFiesta\u201d, evento promovido pelo SANA visando valorizar e compartilhar a cultura latina.","breadcrumb":{"@id":"https:\/\/lucianemonteiro.com\/index.php\/heure-du-conte-fiesta\/#breadcrumb"},"inLanguage":"pt-BR","potentialAction":[{"@type":"ReadAction","target":["https:\/\/lucianemonteiro.com\/index.php\/heure-du-conte-fiesta\/"]}]},{"@type":"ImageObject","inLanguage":"pt-BR","@id":"https:\/\/lucianemonteiro.com\/index.php\/heure-du-conte-fiesta\/#primaryimage","url":"https:\/\/static.xx.fbcdn.net\/images\/emoji.php\/v9\/t6c\/1\/16\/2764.png","contentUrl":"https:\/\/static.xx.fbcdn.net\/images\/emoji.php\/v9\/t6c\/1\/16\/2764.png"},{"@type":"BreadcrumbList","@id":"https:\/\/lucianemonteiro.com\/index.php\/heure-du-conte-fiesta\/#breadcrumb","itemListElement":[{"@type":"ListItem","position":1,"name":"In\u00edcio","item":"https:\/\/lucianemonteiro.com\/"},{"@type":"ListItem","position":2,"name":"Heure du Conte &#8211; Fiesta"}]},{"@type":"WebSite","@id":"https:\/\/lucianemonteiro.com\/#website","url":"https:\/\/lucianemonteiro.com\/","name":"Luciane Monteiro","description":"Escritos","potentialAction":[{"@type":"SearchAction","target":{"@type":"EntryPoint","urlTemplate":"https:\/\/lucianemonteiro.com\/?s={search_term_string}"},"query-input":{"@type":"PropertyValueSpecification","valueRequired":true,"valueName":"search_term_string"}}],"inLanguage":"pt-BR"}]}},"acf":[],"_links":{"self":[{"href":"https:\/\/lucianemonteiro.com\/index.php\/wp-json\/wp\/v2\/pages\/1966","targetHints":{"allow":["GET"]}}],"collection":[{"href":"https:\/\/lucianemonteiro.com\/index.php\/wp-json\/wp\/v2\/pages"}],"about":[{"href":"https:\/\/lucianemonteiro.com\/index.php\/wp-json\/wp\/v2\/types\/page"}],"author":[{"embeddable":true,"href":"https:\/\/lucianemonteiro.com\/index.php\/wp-json\/wp\/v2\/users\/1"}],"replies":[{"embeddable":true,"href":"https:\/\/lucianemonteiro.com\/index.php\/wp-json\/wp\/v2\/comments?post=1966"}],"version-history":[{"count":9,"href":"https:\/\/lucianemonteiro.com\/index.php\/wp-json\/wp\/v2\/pages\/1966\/revisions"}],"predecessor-version":[{"id":1985,"href":"https:\/\/lucianemonteiro.com\/index.php\/wp-json\/wp\/v2\/pages\/1966\/revisions\/1985"}],"wp:attachment":[{"href":"https:\/\/lucianemonteiro.com\/index.php\/wp-json\/wp\/v2\/media?parent=1966"}],"curies":[{"name":"wp","href":"https:\/\/api.w.org\/{rel}","templated":true}]}}