{"id":1947,"date":"2024-09-11T00:49:13","date_gmt":"2024-09-11T03:49:13","guid":{"rendered":"https:\/\/lucianemonteiro.com\/?page_id=1947"},"modified":"2024-09-11T00:49:14","modified_gmt":"2024-09-11T03:49:14","slug":"unis-cites","status":"publish","type":"page","link":"https:\/\/lucianemonteiro.com\/index.php\/unis-cites\/","title":{"rendered":"Unis-cit\u00e9s"},"content":{"rendered":"\n<p>Ap\u00f3s tr\u00eas dias de oficinas: media\u00e7\u00e3o cultural com <a href=\"https:\/\/www.facebook.com\/eruoma?locale=fr_CA\" target=\"_blank\" rel=\"noreferrer noopener\">Eruoma Awashish<\/a> (artista do povo ind\u00edgina Atikamekw), oficina de escrita com <a href=\"https:\/\/www.facebook.com\/liliane.pellerin?locale=fr_CA\" target=\"_blank\" rel=\"noreferrer noopener\">Liliane Pellerin<\/a> (autora, compositora e int\u00e9rprete de Shawinigan) e oficina de cria\u00e7\u00e3o e encena\u00e7\u00e3o com <a href=\"https:\/\/www.facebook.com\/DoreSowloOfficiel?locale=fr_CA\" target=\"_blank\" rel=\"noreferrer noopener\">Dor\u00e9 Sowlo<\/a> (autor, compositor e int\u00e9rprete da Martinica), o resultado foi exibido numa noite de performance musical e po\u00e9tica na <a href=\"https:\/\/www.factrie701.com\/\" target=\"_blank\" rel=\"noreferrer noopener\">Factrie 701<\/a>. Uma experi\u00eancia memor\u00e1vel!<\/p>\n\n\n\n<p><em>Apr\u00e8s trois jours d&#8217;ateliers : m\u00e9diation culturelle avec <a href=\"https:\/\/www.facebook.com\/eruoma?locale=fr_CA\" target=\"_blank\" rel=\"noreferrer noopener\">Eruoma Awashish <\/a>(artiste du peuple autochtone Atikamekw), atelier d\u2019\u00e9criture avec <a href=\"https:\/\/www.facebook.com\/liliane.pellerin?locale=fr_CA\" target=\"_blank\" rel=\"noreferrer noopener\">Liliane Pellerin<\/a> (autrice, compositrice et interpr\u00e8te de Shawinigan) et atelier de cr\u00e9ation et de mise en sc\u00e8ne avec <a href=\"https:\/\/www.facebook.com\/DoreSowloOfficiel?locale=fr_CA\" target=\"_blank\" rel=\"noreferrer noopener\">Dor\u00e9 Sowlo<\/a> (auteur, compositeur et interpr\u00e8te de la Martinique), le r\u00e9sultat a \u00e9t\u00e9 pr\u00e9sent\u00e9 lors d\u2019une soir\u00e9e de performance musicale et po\u00e9tique \u00e0 la <a href=\"https:\/\/www.factrie701.com\/\" target=\"_blank\" rel=\"noreferrer noopener\">Factrie 701<\/a>. Une exp\u00e9rience m\u00e9morable !<\/em><\/p>\n\n\n\n<figure class=\"wp-block-gallery columns-3 is-cropped wp-block-gallery-1 is-layout-flex wp-block-gallery-is-layout-flex\"><ul class=\"blocks-gallery-grid\"><li class=\"blocks-gallery-item\"><figure><img loading=\"lazy\" decoding=\"async\" width=\"768\" height=\"1024\" src=\"https:\/\/lucianemonteiro.com\/wp-content\/uploads\/2024\/09\/IMG_7003-768x1024.jpeg\" alt=\"\" data-id=\"1949\" data-full-url=\"https:\/\/lucianemonteiro.com\/wp-content\/uploads\/2024\/09\/IMG_7003.jpeg\" data-link=\"https:\/\/lucianemonteiro.com\/?attachment_id=1949\" class=\"wp-image-1949\" srcset=\"https:\/\/lucianemonteiro.com\/wp-content\/uploads\/2024\/09\/IMG_7003-768x1024.jpeg 768w, https:\/\/lucianemonteiro.com\/wp-content\/uploads\/2024\/09\/IMG_7003-225x300.jpeg 225w, https:\/\/lucianemonteiro.com\/wp-content\/uploads\/2024\/09\/IMG_7003-1152x1536.jpeg 1152w, https:\/\/lucianemonteiro.com\/wp-content\/uploads\/2024\/09\/IMG_7003-1140x1520.jpeg 1140w, https:\/\/lucianemonteiro.com\/wp-content\/uploads\/2024\/09\/IMG_7003-600x800.jpeg 600w, https:\/\/lucianemonteiro.com\/wp-content\/uploads\/2024\/09\/IMG_7003.jpeg 1536w\" sizes=\"auto, (max-width: 768px) 100vw, 768px\" \/><\/figure><\/li><li class=\"blocks-gallery-item\"><figure><img loading=\"lazy\" decoding=\"async\" width=\"819\" height=\"1024\" src=\"https:\/\/lucianemonteiro.com\/wp-content\/uploads\/2024\/09\/IMG_7027-1-819x1024.jpeg\" alt=\"\" data-id=\"1951\" data-full-url=\"https:\/\/lucianemonteiro.com\/wp-content\/uploads\/2024\/09\/IMG_7027-1.jpeg\" data-link=\"https:\/\/lucianemonteiro.com\/?attachment_id=1951\" class=\"wp-image-1951\" srcset=\"https:\/\/lucianemonteiro.com\/wp-content\/uploads\/2024\/09\/IMG_7027-1-819x1024.jpeg 819w, https:\/\/lucianemonteiro.com\/wp-content\/uploads\/2024\/09\/IMG_7027-1-240x300.jpeg 240w, https:\/\/lucianemonteiro.com\/wp-content\/uploads\/2024\/09\/IMG_7027-1-768x960.jpeg 768w, https:\/\/lucianemonteiro.com\/wp-content\/uploads\/2024\/09\/IMG_7027-1-1140x1425.jpeg 1140w, https:\/\/lucianemonteiro.com\/wp-content\/uploads\/2024\/09\/IMG_7027-1-600x750.jpeg 600w, https:\/\/lucianemonteiro.com\/wp-content\/uploads\/2024\/09\/IMG_7027-1.jpeg 1200w\" sizes=\"auto, (max-width: 819px) 100vw, 819px\" \/><\/figure><\/li><li class=\"blocks-gallery-item\"><figure><img loading=\"lazy\" decoding=\"async\" width=\"768\" height=\"1024\" src=\"https:\/\/lucianemonteiro.com\/wp-content\/uploads\/2024\/09\/IMG_7006-768x1024.jpeg\" alt=\"\" data-id=\"1950\" data-full-url=\"https:\/\/lucianemonteiro.com\/wp-content\/uploads\/2024\/09\/IMG_7006.jpeg\" data-link=\"https:\/\/lucianemonteiro.com\/?attachment_id=1950\" class=\"wp-image-1950\" srcset=\"https:\/\/lucianemonteiro.com\/wp-content\/uploads\/2024\/09\/IMG_7006-768x1024.jpeg 768w, https:\/\/lucianemonteiro.com\/wp-content\/uploads\/2024\/09\/IMG_7006-225x300.jpeg 225w, https:\/\/lucianemonteiro.com\/wp-content\/uploads\/2024\/09\/IMG_7006-1152x1536.jpeg 1152w, https:\/\/lucianemonteiro.com\/wp-content\/uploads\/2024\/09\/IMG_7006-1140x1520.jpeg 1140w, https:\/\/lucianemonteiro.com\/wp-content\/uploads\/2024\/09\/IMG_7006-600x800.jpeg 600w, https:\/\/lucianemonteiro.com\/wp-content\/uploads\/2024\/09\/IMG_7006.jpeg 1536w\" sizes=\"auto, (max-width: 768px) 100vw, 768px\" \/><\/figure><\/li><\/ul><\/figure>\n\n\n\n<figure class=\"wp-block-image size-large is-style-default\"><img loading=\"lazy\" decoding=\"async\" width=\"1024\" height=\"768\" src=\"https:\/\/lucianemonteiro.com\/wp-content\/uploads\/2024\/09\/IMG_7012-1024x768.jpeg\" alt=\"\" class=\"wp-image-1956\" srcset=\"https:\/\/lucianemonteiro.com\/wp-content\/uploads\/2024\/09\/IMG_7012-1024x768.jpeg 1024w, https:\/\/lucianemonteiro.com\/wp-content\/uploads\/2024\/09\/IMG_7012-300x225.jpeg 300w, https:\/\/lucianemonteiro.com\/wp-content\/uploads\/2024\/09\/IMG_7012-768x576.jpeg 768w, https:\/\/lucianemonteiro.com\/wp-content\/uploads\/2024\/09\/IMG_7012-1536x1152.jpeg 1536w, https:\/\/lucianemonteiro.com\/wp-content\/uploads\/2024\/09\/IMG_7012-1140x855.jpeg 1140w, https:\/\/lucianemonteiro.com\/wp-content\/uploads\/2024\/09\/IMG_7012-600x450.jpeg 600w, https:\/\/lucianemonteiro.com\/wp-content\/uploads\/2024\/09\/IMG_7012.jpeg 2000w\" sizes=\"auto, (max-width: 1024px) 100vw, 1024px\" \/><\/figure>\n","protected":false},"excerpt":{"rendered":"<p>Ap\u00f3s tr\u00eas dias de oficinas: media\u00e7\u00e3o cultural com Eruoma Awashish (artista do povo ind\u00edgina Atikamekw), oficina de escrita com Liliane Pellerin (autora, compositora e int\u00e9rprete de Shawinigan) e oficina de cria\u00e7\u00e3o e encena\u00e7\u00e3o com Dor\u00e9 Sowlo (autor, compositor e int\u00e9rprete da Martinica), o resultado foi exibido numa noite de performance musical e po\u00e9tica na Factrie 701. Uma experi\u00eancia memor\u00e1vel! Apr\u00e8s trois jours d&#8217;ateliers : m\u00e9diation culturelle avec Eruoma Awashish (artiste du peuple autochtone Atikamekw), atelier d\u2019\u00e9criture avec Liliane Pellerin (autrice, compositrice et interpr\u00e8te de Shawinigan) et atelier de cr\u00e9ation et de mise en sc\u00e8ne avec Dor\u00e9 Sowlo (auteur, compositeur et interpr\u00e8te de la Martinique), le r\u00e9sultat a \u00e9t\u00e9 pr\u00e9sent\u00e9 lors d\u2019une soir\u00e9e de performance musicale et po\u00e9tique \u00e0 la Factrie 701. Une exp\u00e9rience m\u00e9morable !<\/p>\n","protected":false},"author":1,"featured_media":1954,"parent":0,"menu_order":0,"comment_status":"closed","ping_status":"closed","template":"","meta":{"footnotes":""},"class_list":["post-1947","page","type-page","status-publish","has-post-thumbnail","hentry"],"yoast_head":"<!-- This site is optimized with the Yoast SEO plugin v26.6 - https:\/\/yoast.com\/wordpress\/plugins\/seo\/ -->\n<title>Unis-cit\u00e9s - Luciane Monteiro<\/title>\n<meta name=\"description\" content=\"Media\u00e7\u00e3o cultural, oficina de escrita e oficina de cria\u00e7\u00e3o e encena\u00e7\u00e3o!\" \/>\n<meta name=\"robots\" content=\"index, follow, max-snippet:-1, max-image-preview:large, max-video-preview:-1\" \/>\n<link rel=\"canonical\" href=\"https:\/\/lucianemonteiro.com\/index.php\/unis-cites\/\" \/>\n<meta property=\"og:locale\" content=\"pt_BR\" \/>\n<meta property=\"og:type\" content=\"article\" \/>\n<meta property=\"og:title\" content=\"Unis-cit\u00e9s - Luciane Monteiro\" \/>\n<meta property=\"og:description\" content=\"Media\u00e7\u00e3o cultural, oficina de escrita e oficina de cria\u00e7\u00e3o e encena\u00e7\u00e3o!\" \/>\n<meta property=\"og:url\" content=\"https:\/\/lucianemonteiro.com\/index.php\/unis-cites\/\" \/>\n<meta property=\"og:site_name\" content=\"Luciane Monteiro\" \/>\n<meta property=\"article:modified_time\" content=\"2024-09-11T03:49:14+00:00\" \/>\n<meta property=\"og:image\" content=\"https:\/\/lucianemonteiro.com\/wp-content\/uploads\/2024\/09\/IMG_7014.jpeg\" \/>\n\t<meta property=\"og:image:width\" content=\"1436\" \/>\n\t<meta property=\"og:image:height\" content=\"1077\" \/>\n\t<meta property=\"og:image:type\" content=\"image\/jpeg\" \/>\n<meta name=\"twitter:card\" content=\"summary_large_image\" \/>\n<meta name=\"twitter:label1\" content=\"Est. tempo de leitura\" \/>\n\t<meta name=\"twitter:data1\" content=\"2 minutos\" \/>\n<script type=\"application\/ld+json\" class=\"yoast-schema-graph\">{\"@context\":\"https:\/\/schema.org\",\"@graph\":[{\"@type\":\"WebPage\",\"@id\":\"https:\/\/lucianemonteiro.com\/index.php\/unis-cites\/\",\"url\":\"https:\/\/lucianemonteiro.com\/index.php\/unis-cites\/\",\"name\":\"Unis-cit\u00e9s - Luciane Monteiro\",\"isPartOf\":{\"@id\":\"https:\/\/lucianemonteiro.com\/#website\"},\"primaryImageOfPage\":{\"@id\":\"https:\/\/lucianemonteiro.com\/index.php\/unis-cites\/#primaryimage\"},\"image\":{\"@id\":\"https:\/\/lucianemonteiro.com\/index.php\/unis-cites\/#primaryimage\"},\"thumbnailUrl\":\"https:\/\/lucianemonteiro.com\/wp-content\/uploads\/2024\/09\/IMG_7014.jpeg\",\"datePublished\":\"2024-09-11T03:49:13+00:00\",\"dateModified\":\"2024-09-11T03:49:14+00:00\",\"description\":\"Media\u00e7\u00e3o cultural, oficina de escrita e oficina de cria\u00e7\u00e3o e encena\u00e7\u00e3o!\",\"breadcrumb\":{\"@id\":\"https:\/\/lucianemonteiro.com\/index.php\/unis-cites\/#breadcrumb\"},\"inLanguage\":\"pt-BR\",\"potentialAction\":[{\"@type\":\"ReadAction\",\"target\":[\"https:\/\/lucianemonteiro.com\/index.php\/unis-cites\/\"]}]},{\"@type\":\"ImageObject\",\"inLanguage\":\"pt-BR\",\"@id\":\"https:\/\/lucianemonteiro.com\/index.php\/unis-cites\/#primaryimage\",\"url\":\"https:\/\/lucianemonteiro.com\/wp-content\/uploads\/2024\/09\/IMG_7014.jpeg\",\"contentUrl\":\"https:\/\/lucianemonteiro.com\/wp-content\/uploads\/2024\/09\/IMG_7014.jpeg\",\"width\":1436,\"height\":1077},{\"@type\":\"BreadcrumbList\",\"@id\":\"https:\/\/lucianemonteiro.com\/index.php\/unis-cites\/#breadcrumb\",\"itemListElement\":[{\"@type\":\"ListItem\",\"position\":1,\"name\":\"In\u00edcio\",\"item\":\"https:\/\/lucianemonteiro.com\/\"},{\"@type\":\"ListItem\",\"position\":2,\"name\":\"Unis-cit\u00e9s\"}]},{\"@type\":\"WebSite\",\"@id\":\"https:\/\/lucianemonteiro.com\/#website\",\"url\":\"https:\/\/lucianemonteiro.com\/\",\"name\":\"Luciane Monteiro\",\"description\":\"Escritos\",\"potentialAction\":[{\"@type\":\"SearchAction\",\"target\":{\"@type\":\"EntryPoint\",\"urlTemplate\":\"https:\/\/lucianemonteiro.com\/?s={search_term_string}\"},\"query-input\":{\"@type\":\"PropertyValueSpecification\",\"valueRequired\":true,\"valueName\":\"search_term_string\"}}],\"inLanguage\":\"pt-BR\"}]}<\/script>\n<!-- \/ Yoast SEO plugin. -->","yoast_head_json":{"title":"Unis-cit\u00e9s - Luciane Monteiro","description":"Media\u00e7\u00e3o cultural, oficina de escrita e oficina de cria\u00e7\u00e3o e encena\u00e7\u00e3o!","robots":{"index":"index","follow":"follow","max-snippet":"max-snippet:-1","max-image-preview":"max-image-preview:large","max-video-preview":"max-video-preview:-1"},"canonical":"https:\/\/lucianemonteiro.com\/index.php\/unis-cites\/","og_locale":"pt_BR","og_type":"article","og_title":"Unis-cit\u00e9s - Luciane Monteiro","og_description":"Media\u00e7\u00e3o cultural, oficina de escrita e oficina de cria\u00e7\u00e3o e encena\u00e7\u00e3o!","og_url":"https:\/\/lucianemonteiro.com\/index.php\/unis-cites\/","og_site_name":"Luciane Monteiro","article_modified_time":"2024-09-11T03:49:14+00:00","og_image":[{"width":1436,"height":1077,"url":"https:\/\/lucianemonteiro.com\/wp-content\/uploads\/2024\/09\/IMG_7014.jpeg","type":"image\/jpeg"}],"twitter_card":"summary_large_image","twitter_misc":{"Est. tempo de leitura":"2 minutos"},"schema":{"@context":"https:\/\/schema.org","@graph":[{"@type":"WebPage","@id":"https:\/\/lucianemonteiro.com\/index.php\/unis-cites\/","url":"https:\/\/lucianemonteiro.com\/index.php\/unis-cites\/","name":"Unis-cit\u00e9s - Luciane Monteiro","isPartOf":{"@id":"https:\/\/lucianemonteiro.com\/#website"},"primaryImageOfPage":{"@id":"https:\/\/lucianemonteiro.com\/index.php\/unis-cites\/#primaryimage"},"image":{"@id":"https:\/\/lucianemonteiro.com\/index.php\/unis-cites\/#primaryimage"},"thumbnailUrl":"https:\/\/lucianemonteiro.com\/wp-content\/uploads\/2024\/09\/IMG_7014.jpeg","datePublished":"2024-09-11T03:49:13+00:00","dateModified":"2024-09-11T03:49:14+00:00","description":"Media\u00e7\u00e3o cultural, oficina de escrita e oficina de cria\u00e7\u00e3o e encena\u00e7\u00e3o!","breadcrumb":{"@id":"https:\/\/lucianemonteiro.com\/index.php\/unis-cites\/#breadcrumb"},"inLanguage":"pt-BR","potentialAction":[{"@type":"ReadAction","target":["https:\/\/lucianemonteiro.com\/index.php\/unis-cites\/"]}]},{"@type":"ImageObject","inLanguage":"pt-BR","@id":"https:\/\/lucianemonteiro.com\/index.php\/unis-cites\/#primaryimage","url":"https:\/\/lucianemonteiro.com\/wp-content\/uploads\/2024\/09\/IMG_7014.jpeg","contentUrl":"https:\/\/lucianemonteiro.com\/wp-content\/uploads\/2024\/09\/IMG_7014.jpeg","width":1436,"height":1077},{"@type":"BreadcrumbList","@id":"https:\/\/lucianemonteiro.com\/index.php\/unis-cites\/#breadcrumb","itemListElement":[{"@type":"ListItem","position":1,"name":"In\u00edcio","item":"https:\/\/lucianemonteiro.com\/"},{"@type":"ListItem","position":2,"name":"Unis-cit\u00e9s"}]},{"@type":"WebSite","@id":"https:\/\/lucianemonteiro.com\/#website","url":"https:\/\/lucianemonteiro.com\/","name":"Luciane Monteiro","description":"Escritos","potentialAction":[{"@type":"SearchAction","target":{"@type":"EntryPoint","urlTemplate":"https:\/\/lucianemonteiro.com\/?s={search_term_string}"},"query-input":{"@type":"PropertyValueSpecification","valueRequired":true,"valueName":"search_term_string"}}],"inLanguage":"pt-BR"}]}},"acf":[],"_links":{"self":[{"href":"https:\/\/lucianemonteiro.com\/index.php\/wp-json\/wp\/v2\/pages\/1947","targetHints":{"allow":["GET"]}}],"collection":[{"href":"https:\/\/lucianemonteiro.com\/index.php\/wp-json\/wp\/v2\/pages"}],"about":[{"href":"https:\/\/lucianemonteiro.com\/index.php\/wp-json\/wp\/v2\/types\/page"}],"author":[{"embeddable":true,"href":"https:\/\/lucianemonteiro.com\/index.php\/wp-json\/wp\/v2\/users\/1"}],"replies":[{"embeddable":true,"href":"https:\/\/lucianemonteiro.com\/index.php\/wp-json\/wp\/v2\/comments?post=1947"}],"version-history":[{"count":7,"href":"https:\/\/lucianemonteiro.com\/index.php\/wp-json\/wp\/v2\/pages\/1947\/revisions"}],"predecessor-version":[{"id":1960,"href":"https:\/\/lucianemonteiro.com\/index.php\/wp-json\/wp\/v2\/pages\/1947\/revisions\/1960"}],"wp:featuredmedia":[{"embeddable":true,"href":"https:\/\/lucianemonteiro.com\/index.php\/wp-json\/wp\/v2\/media\/1954"}],"wp:attachment":[{"href":"https:\/\/lucianemonteiro.com\/index.php\/wp-json\/wp\/v2\/media?parent=1947"}],"curies":[{"name":"wp","href":"https:\/\/api.w.org\/{rel}","templated":true}]}}