{"id":1933,"date":"2024-09-11T00:29:51","date_gmt":"2024-09-11T03:29:51","guid":{"rendered":"https:\/\/lucianemonteiro.com\/?page_id=1933"},"modified":"2024-09-11T00:29:52","modified_gmt":"2024-09-11T03:29:52","slug":"marche-aux-refuges","status":"publish","type":"page","link":"https:\/\/lucianemonteiro.com\/index.php\/marche-aux-refuges\/","title":{"rendered":"Marche aux refug\u00e9s"},"content":{"rendered":"\n<p>\u201cNo fim do nada, h\u00e1 um recome\u00e7o\u201d (leitura do texto: No fim do t\u00fanel e da can\u00e7\u00e3o Au bord du temps, com Andreanne DuBois)<\/p>\n\n\n\n<p>Um momento gratificante de partilha po\u00e9tica com o Voix de Pasaj durante a caminhada dos refugiados 2024, em Trois-Rivi\u00e8res.<\/p>\n\n\n\n<p><em>Au bout du &#8220;rien&#8221;, il y a un recommencement \u00bb (lecture du texte : Au bout du tunnel et de la chanson Au bord du temps, avec Andreanne DuBois)<\/em><\/p>\n\n\n\n<p><em>Un moment gratifiant de partage po\u00e9tique avec Voix de Pasaj lors de la marche des r\u00e9fugi\u00e9s 2024, \u00e0 Trois-Rivi\u00e8res.<\/em><\/p>\n\n\n\n<figure class=\"wp-block-gallery columns-2 is-cropped wp-block-gallery-1 is-layout-flex wp-block-gallery-is-layout-flex\"><ul class=\"blocks-gallery-grid\"><li class=\"blocks-gallery-item\"><figure><img loading=\"lazy\" decoding=\"async\" width=\"768\" height=\"1024\" src=\"https:\/\/lucianemonteiro.com\/wp-content\/uploads\/2024\/09\/IMG_6938-768x1024.jpeg\" alt=\"\" data-id=\"1941\" data-full-url=\"https:\/\/lucianemonteiro.com\/wp-content\/uploads\/2024\/09\/IMG_6938.jpeg\" data-link=\"https:\/\/lucianemonteiro.com\/?attachment_id=1941\" class=\"wp-image-1941\" srcset=\"https:\/\/lucianemonteiro.com\/wp-content\/uploads\/2024\/09\/IMG_6938-768x1024.jpeg 768w, https:\/\/lucianemonteiro.com\/wp-content\/uploads\/2024\/09\/IMG_6938-225x300.jpeg 225w, https:\/\/lucianemonteiro.com\/wp-content\/uploads\/2024\/09\/IMG_6938-1152x1536.jpeg 1152w, https:\/\/lucianemonteiro.com\/wp-content\/uploads\/2024\/09\/IMG_6938-1140x1520.jpeg 1140w, https:\/\/lucianemonteiro.com\/wp-content\/uploads\/2024\/09\/IMG_6938-600x800.jpeg 600w, https:\/\/lucianemonteiro.com\/wp-content\/uploads\/2024\/09\/IMG_6938.jpeg 1536w\" sizes=\"auto, (max-width: 768px) 100vw, 768px\" \/><\/figure><\/li><li class=\"blocks-gallery-item\"><figure><img loading=\"lazy\" decoding=\"async\" width=\"512\" height=\"800\" src=\"https:\/\/lucianemonteiro.com\/wp-content\/uploads\/2024\/09\/442417093_827481366080934_870160206125496156_n-1.jpg\" alt=\"\" data-id=\"1935\" data-full-url=\"https:\/\/lucianemonteiro.com\/wp-content\/uploads\/2024\/09\/442417093_827481366080934_870160206125496156_n-1.jpg\" data-link=\"https:\/\/lucianemonteiro.com\/?attachment_id=1935\" class=\"wp-image-1935\" srcset=\"https:\/\/lucianemonteiro.com\/wp-content\/uploads\/2024\/09\/442417093_827481366080934_870160206125496156_n-1.jpg 512w, https:\/\/lucianemonteiro.com\/wp-content\/uploads\/2024\/09\/442417093_827481366080934_870160206125496156_n-1-192x300.jpg 192w\" sizes=\"auto, (max-width: 512px) 100vw, 512px\" \/><\/figure><\/li><\/ul><\/figure>\n\n\n\n<figure class=\"wp-block-image size-large is-style-default\"><img loading=\"lazy\" decoding=\"async\" width=\"1024\" height=\"682\" src=\"https:\/\/lucianemonteiro.com\/wp-content\/uploads\/2024\/09\/859D5B71-42D7-4ED5-89D7-EB57D359FA23-1024x682.jpeg\" alt=\"\" class=\"wp-image-1936\" srcset=\"https:\/\/lucianemonteiro.com\/wp-content\/uploads\/2024\/09\/859D5B71-42D7-4ED5-89D7-EB57D359FA23-1024x682.jpeg 1024w, https:\/\/lucianemonteiro.com\/wp-content\/uploads\/2024\/09\/859D5B71-42D7-4ED5-89D7-EB57D359FA23-300x200.jpeg 300w, https:\/\/lucianemonteiro.com\/wp-content\/uploads\/2024\/09\/859D5B71-42D7-4ED5-89D7-EB57D359FA23-768x511.jpeg 768w, https:\/\/lucianemonteiro.com\/wp-content\/uploads\/2024\/09\/859D5B71-42D7-4ED5-89D7-EB57D359FA23-1140x759.jpeg 1140w, https:\/\/lucianemonteiro.com\/wp-content\/uploads\/2024\/09\/859D5B71-42D7-4ED5-89D7-EB57D359FA23-600x399.jpeg 600w, https:\/\/lucianemonteiro.com\/wp-content\/uploads\/2024\/09\/859D5B71-42D7-4ED5-89D7-EB57D359FA23.jpeg 1364w\" sizes=\"auto, (max-width: 1024px) 100vw, 1024px\" \/><\/figure>\n","protected":false},"excerpt":{"rendered":"<p>\u201cNo fim do nada, h\u00e1 um recome\u00e7o\u201d (leitura do texto: No fim do t\u00fanel e da can\u00e7\u00e3o Au bord du temps, com Andreanne DuBois) Um momento gratificante de partilha po\u00e9tica com o Voix de Pasaj durante a caminhada dos refugiados 2024, em Trois-Rivi\u00e8res. Au bout du &#8220;rien&#8221;, il y a un recommencement \u00bb (lecture du texte : Au bout du tunnel et de la chanson Au bord du temps, avec Andreanne DuBois) Un moment gratifiant de partage po\u00e9tique avec Voix de Pasaj lors de la marche des r\u00e9fugi\u00e9s 2024, \u00e0 Trois-Rivi\u00e8res.<\/p>\n","protected":false},"author":1,"featured_media":1934,"parent":0,"menu_order":0,"comment_status":"closed","ping_status":"closed","template":"","meta":{"footnotes":""},"class_list":["post-1933","page","type-page","status-publish","has-post-thumbnail","hentry"],"yoast_head":"<!-- This site is optimized with the Yoast SEO plugin v26.6 - https:\/\/yoast.com\/wordpress\/plugins\/seo\/ -->\n<title>Marche aux refug\u00e9s - Luciane Monteiro<\/title>\n<meta name=\"description\" content=\"Um momento gratificante de partilha po\u00e9tica com o Voix de Pasaj durante a caminhada dos refugiados 2024, em Trois-Rivi\u00e8res.\" \/>\n<meta name=\"robots\" content=\"index, follow, max-snippet:-1, max-image-preview:large, max-video-preview:-1\" \/>\n<link rel=\"canonical\" href=\"https:\/\/lucianemonteiro.com\/index.php\/marche-aux-refuges\/\" \/>\n<meta property=\"og:locale\" content=\"pt_BR\" \/>\n<meta property=\"og:type\" content=\"article\" \/>\n<meta property=\"og:title\" content=\"Marche aux refug\u00e9s - Luciane Monteiro\" \/>\n<meta property=\"og:description\" content=\"Um momento gratificante de partilha po\u00e9tica com o Voix de Pasaj durante a caminhada dos refugiados 2024, em Trois-Rivi\u00e8res.\" \/>\n<meta property=\"og:url\" content=\"https:\/\/lucianemonteiro.com\/index.php\/marche-aux-refuges\/\" \/>\n<meta property=\"og:site_name\" content=\"Luciane Monteiro\" \/>\n<meta property=\"article:modified_time\" content=\"2024-09-11T03:29:52+00:00\" \/>\n<meta property=\"og:image\" content=\"https:\/\/lucianemonteiro.com\/wp-content\/uploads\/2024\/09\/5BDB13FC-86A4-4DFE-A512-12D045677C3F.jpeg\" \/>\n\t<meta property=\"og:image:width\" content=\"1364\" \/>\n\t<meta property=\"og:image:height\" content=\"908\" \/>\n\t<meta property=\"og:image:type\" content=\"image\/jpeg\" \/>\n<meta name=\"twitter:card\" content=\"summary_large_image\" \/>\n<meta name=\"twitter:label1\" content=\"Est. tempo de leitura\" \/>\n\t<meta name=\"twitter:data1\" content=\"1 minuto\" \/>\n<script type=\"application\/ld+json\" class=\"yoast-schema-graph\">{\"@context\":\"https:\/\/schema.org\",\"@graph\":[{\"@type\":\"WebPage\",\"@id\":\"https:\/\/lucianemonteiro.com\/index.php\/marche-aux-refuges\/\",\"url\":\"https:\/\/lucianemonteiro.com\/index.php\/marche-aux-refuges\/\",\"name\":\"Marche aux refug\u00e9s - Luciane Monteiro\",\"isPartOf\":{\"@id\":\"https:\/\/lucianemonteiro.com\/#website\"},\"primaryImageOfPage\":{\"@id\":\"https:\/\/lucianemonteiro.com\/index.php\/marche-aux-refuges\/#primaryimage\"},\"image\":{\"@id\":\"https:\/\/lucianemonteiro.com\/index.php\/marche-aux-refuges\/#primaryimage\"},\"thumbnailUrl\":\"https:\/\/lucianemonteiro.com\/wp-content\/uploads\/2024\/09\/5BDB13FC-86A4-4DFE-A512-12D045677C3F.jpeg\",\"datePublished\":\"2024-09-11T03:29:51+00:00\",\"dateModified\":\"2024-09-11T03:29:52+00:00\",\"description\":\"Um momento gratificante de partilha po\u00e9tica com o Voix de Pasaj durante a caminhada dos refugiados 2024, em Trois-Rivi\u00e8res.\",\"breadcrumb\":{\"@id\":\"https:\/\/lucianemonteiro.com\/index.php\/marche-aux-refuges\/#breadcrumb\"},\"inLanguage\":\"pt-BR\",\"potentialAction\":[{\"@type\":\"ReadAction\",\"target\":[\"https:\/\/lucianemonteiro.com\/index.php\/marche-aux-refuges\/\"]}]},{\"@type\":\"ImageObject\",\"inLanguage\":\"pt-BR\",\"@id\":\"https:\/\/lucianemonteiro.com\/index.php\/marche-aux-refuges\/#primaryimage\",\"url\":\"https:\/\/lucianemonteiro.com\/wp-content\/uploads\/2024\/09\/5BDB13FC-86A4-4DFE-A512-12D045677C3F.jpeg\",\"contentUrl\":\"https:\/\/lucianemonteiro.com\/wp-content\/uploads\/2024\/09\/5BDB13FC-86A4-4DFE-A512-12D045677C3F.jpeg\",\"width\":1364,\"height\":908},{\"@type\":\"BreadcrumbList\",\"@id\":\"https:\/\/lucianemonteiro.com\/index.php\/marche-aux-refuges\/#breadcrumb\",\"itemListElement\":[{\"@type\":\"ListItem\",\"position\":1,\"name\":\"In\u00edcio\",\"item\":\"https:\/\/lucianemonteiro.com\/\"},{\"@type\":\"ListItem\",\"position\":2,\"name\":\"Marche aux refug\u00e9s\"}]},{\"@type\":\"WebSite\",\"@id\":\"https:\/\/lucianemonteiro.com\/#website\",\"url\":\"https:\/\/lucianemonteiro.com\/\",\"name\":\"Luciane Monteiro\",\"description\":\"Escritos\",\"potentialAction\":[{\"@type\":\"SearchAction\",\"target\":{\"@type\":\"EntryPoint\",\"urlTemplate\":\"https:\/\/lucianemonteiro.com\/?s={search_term_string}\"},\"query-input\":{\"@type\":\"PropertyValueSpecification\",\"valueRequired\":true,\"valueName\":\"search_term_string\"}}],\"inLanguage\":\"pt-BR\"}]}<\/script>\n<!-- \/ Yoast SEO plugin. -->","yoast_head_json":{"title":"Marche aux refug\u00e9s - Luciane Monteiro","description":"Um momento gratificante de partilha po\u00e9tica com o Voix de Pasaj durante a caminhada dos refugiados 2024, em Trois-Rivi\u00e8res.","robots":{"index":"index","follow":"follow","max-snippet":"max-snippet:-1","max-image-preview":"max-image-preview:large","max-video-preview":"max-video-preview:-1"},"canonical":"https:\/\/lucianemonteiro.com\/index.php\/marche-aux-refuges\/","og_locale":"pt_BR","og_type":"article","og_title":"Marche aux refug\u00e9s - Luciane Monteiro","og_description":"Um momento gratificante de partilha po\u00e9tica com o Voix de Pasaj durante a caminhada dos refugiados 2024, em Trois-Rivi\u00e8res.","og_url":"https:\/\/lucianemonteiro.com\/index.php\/marche-aux-refuges\/","og_site_name":"Luciane Monteiro","article_modified_time":"2024-09-11T03:29:52+00:00","og_image":[{"width":1364,"height":908,"url":"https:\/\/lucianemonteiro.com\/wp-content\/uploads\/2024\/09\/5BDB13FC-86A4-4DFE-A512-12D045677C3F.jpeg","type":"image\/jpeg"}],"twitter_card":"summary_large_image","twitter_misc":{"Est. tempo de leitura":"1 minuto"},"schema":{"@context":"https:\/\/schema.org","@graph":[{"@type":"WebPage","@id":"https:\/\/lucianemonteiro.com\/index.php\/marche-aux-refuges\/","url":"https:\/\/lucianemonteiro.com\/index.php\/marche-aux-refuges\/","name":"Marche aux refug\u00e9s - Luciane Monteiro","isPartOf":{"@id":"https:\/\/lucianemonteiro.com\/#website"},"primaryImageOfPage":{"@id":"https:\/\/lucianemonteiro.com\/index.php\/marche-aux-refuges\/#primaryimage"},"image":{"@id":"https:\/\/lucianemonteiro.com\/index.php\/marche-aux-refuges\/#primaryimage"},"thumbnailUrl":"https:\/\/lucianemonteiro.com\/wp-content\/uploads\/2024\/09\/5BDB13FC-86A4-4DFE-A512-12D045677C3F.jpeg","datePublished":"2024-09-11T03:29:51+00:00","dateModified":"2024-09-11T03:29:52+00:00","description":"Um momento gratificante de partilha po\u00e9tica com o Voix de Pasaj durante a caminhada dos refugiados 2024, em Trois-Rivi\u00e8res.","breadcrumb":{"@id":"https:\/\/lucianemonteiro.com\/index.php\/marche-aux-refuges\/#breadcrumb"},"inLanguage":"pt-BR","potentialAction":[{"@type":"ReadAction","target":["https:\/\/lucianemonteiro.com\/index.php\/marche-aux-refuges\/"]}]},{"@type":"ImageObject","inLanguage":"pt-BR","@id":"https:\/\/lucianemonteiro.com\/index.php\/marche-aux-refuges\/#primaryimage","url":"https:\/\/lucianemonteiro.com\/wp-content\/uploads\/2024\/09\/5BDB13FC-86A4-4DFE-A512-12D045677C3F.jpeg","contentUrl":"https:\/\/lucianemonteiro.com\/wp-content\/uploads\/2024\/09\/5BDB13FC-86A4-4DFE-A512-12D045677C3F.jpeg","width":1364,"height":908},{"@type":"BreadcrumbList","@id":"https:\/\/lucianemonteiro.com\/index.php\/marche-aux-refuges\/#breadcrumb","itemListElement":[{"@type":"ListItem","position":1,"name":"In\u00edcio","item":"https:\/\/lucianemonteiro.com\/"},{"@type":"ListItem","position":2,"name":"Marche aux refug\u00e9s"}]},{"@type":"WebSite","@id":"https:\/\/lucianemonteiro.com\/#website","url":"https:\/\/lucianemonteiro.com\/","name":"Luciane Monteiro","description":"Escritos","potentialAction":[{"@type":"SearchAction","target":{"@type":"EntryPoint","urlTemplate":"https:\/\/lucianemonteiro.com\/?s={search_term_string}"},"query-input":{"@type":"PropertyValueSpecification","valueRequired":true,"valueName":"search_term_string"}}],"inLanguage":"pt-BR"}]}},"acf":[],"_links":{"self":[{"href":"https:\/\/lucianemonteiro.com\/index.php\/wp-json\/wp\/v2\/pages\/1933","targetHints":{"allow":["GET"]}}],"collection":[{"href":"https:\/\/lucianemonteiro.com\/index.php\/wp-json\/wp\/v2\/pages"}],"about":[{"href":"https:\/\/lucianemonteiro.com\/index.php\/wp-json\/wp\/v2\/types\/page"}],"author":[{"embeddable":true,"href":"https:\/\/lucianemonteiro.com\/index.php\/wp-json\/wp\/v2\/users\/1"}],"replies":[{"embeddable":true,"href":"https:\/\/lucianemonteiro.com\/index.php\/wp-json\/wp\/v2\/comments?post=1933"}],"version-history":[{"count":7,"href":"https:\/\/lucianemonteiro.com\/index.php\/wp-json\/wp\/v2\/pages\/1933\/revisions"}],"predecessor-version":[{"id":1944,"href":"https:\/\/lucianemonteiro.com\/index.php\/wp-json\/wp\/v2\/pages\/1933\/revisions\/1944"}],"wp:featuredmedia":[{"embeddable":true,"href":"https:\/\/lucianemonteiro.com\/index.php\/wp-json\/wp\/v2\/media\/1934"}],"wp:attachment":[{"href":"https:\/\/lucianemonteiro.com\/index.php\/wp-json\/wp\/v2\/media?parent=1933"}],"curies":[{"name":"wp","href":"https:\/\/api.w.org\/{rel}","templated":true}]}}