{"id":1912,"date":"2024-09-11T00:04:41","date_gmt":"2024-09-11T03:04:41","guid":{"rendered":"https:\/\/lucianemonteiro.com\/?page_id=1912"},"modified":"2024-09-11T00:04:42","modified_gmt":"2024-09-11T03:04:42","slug":"soiree-bresilienne","status":"publish","type":"page","link":"https:\/\/lucianemonteiro.com\/index.php\/soiree-bresilienne\/","title":{"rendered":"Soir\u00e9e Br\u00e9silienne"},"content":{"rendered":"\n<p><\/p>\n\n\n\n<p>Noite brasileira em Trois-Rivi\u00e8res. Uma noite de m\u00fasica brasileira, dan\u00e7a, poesia e exposi\u00e7\u00f5es diversas. <\/p>\n\n\n\n<p>Rep\u00e8res de Mauvaises Langues, 25\/05\/2024<\/p>\n\n\n\n<p><em>Soir\u00e9e br\u00e9silienne au Rep\u00e8res de Mauvaises Langues<\/em>, \u00e0 Trois-Rivi\u00e8res. Une soir\u00e9e de musique br\u00e9silienne, de danse, de po\u00e9sie et d&#8217;expositions vari\u00e9es.<\/p>\n\n\n\n<figure class=\"wp-block-gallery columns-3 is-cropped wp-block-gallery-1 is-layout-flex wp-block-gallery-is-layout-flex\"><ul class=\"blocks-gallery-grid\"><li class=\"blocks-gallery-item\"><figure><img loading=\"lazy\" decoding=\"async\" width=\"768\" height=\"1024\" src=\"https:\/\/lucianemonteiro.com\/wp-content\/uploads\/2024\/09\/IMG_6320-1-768x1024.jpeg\" alt=\"\" data-id=\"1917\" data-full-url=\"https:\/\/lucianemonteiro.com\/wp-content\/uploads\/2024\/09\/IMG_6320-1.jpeg\" data-link=\"https:\/\/lucianemonteiro.com\/?attachment_id=1917\" class=\"wp-image-1917\" srcset=\"https:\/\/lucianemonteiro.com\/wp-content\/uploads\/2024\/09\/IMG_6320-1-768x1024.jpeg 768w, https:\/\/lucianemonteiro.com\/wp-content\/uploads\/2024\/09\/IMG_6320-1-225x300.jpeg 225w, https:\/\/lucianemonteiro.com\/wp-content\/uploads\/2024\/09\/IMG_6320-1-1152x1536.jpeg 1152w, https:\/\/lucianemonteiro.com\/wp-content\/uploads\/2024\/09\/IMG_6320-1-1140x1520.jpeg 1140w, https:\/\/lucianemonteiro.com\/wp-content\/uploads\/2024\/09\/IMG_6320-1-600x800.jpeg 600w, https:\/\/lucianemonteiro.com\/wp-content\/uploads\/2024\/09\/IMG_6320-1.jpeg 1536w\" sizes=\"auto, (max-width: 768px) 100vw, 768px\" \/><\/figure><\/li><li class=\"blocks-gallery-item\"><figure><img loading=\"lazy\" decoding=\"async\" width=\"768\" height=\"1024\" src=\"https:\/\/lucianemonteiro.com\/wp-content\/uploads\/2024\/09\/IMG_6364-1-768x1024.jpeg\" alt=\"\" data-id=\"1925\" data-full-url=\"https:\/\/lucianemonteiro.com\/wp-content\/uploads\/2024\/09\/IMG_6364-1.jpeg\" data-link=\"https:\/\/lucianemonteiro.com\/?attachment_id=1925\" class=\"wp-image-1925\" srcset=\"https:\/\/lucianemonteiro.com\/wp-content\/uploads\/2024\/09\/IMG_6364-1-768x1024.jpeg 768w, https:\/\/lucianemonteiro.com\/wp-content\/uploads\/2024\/09\/IMG_6364-1-225x300.jpeg 225w, https:\/\/lucianemonteiro.com\/wp-content\/uploads\/2024\/09\/IMG_6364-1-1152x1536.jpeg 1152w, https:\/\/lucianemonteiro.com\/wp-content\/uploads\/2024\/09\/IMG_6364-1-1140x1520.jpeg 1140w, https:\/\/lucianemonteiro.com\/wp-content\/uploads\/2024\/09\/IMG_6364-1-600x800.jpeg 600w, https:\/\/lucianemonteiro.com\/wp-content\/uploads\/2024\/09\/IMG_6364-1.jpeg 1530w\" sizes=\"auto, (max-width: 768px) 100vw, 768px\" \/><\/figure><\/li><li class=\"blocks-gallery-item\"><figure><img loading=\"lazy\" decoding=\"async\" width=\"1024\" height=\"768\" src=\"https:\/\/lucianemonteiro.com\/wp-content\/uploads\/2024\/09\/IMG_6318-1-1024x768.jpeg\" alt=\"\" data-id=\"1918\" data-full-url=\"https:\/\/lucianemonteiro.com\/wp-content\/uploads\/2024\/09\/IMG_6318-1.jpeg\" data-link=\"https:\/\/lucianemonteiro.com\/?attachment_id=1918\" class=\"wp-image-1918\" srcset=\"https:\/\/lucianemonteiro.com\/wp-content\/uploads\/2024\/09\/IMG_6318-1-1024x768.jpeg 1024w, https:\/\/lucianemonteiro.com\/wp-content\/uploads\/2024\/09\/IMG_6318-1-300x225.jpeg 300w, https:\/\/lucianemonteiro.com\/wp-content\/uploads\/2024\/09\/IMG_6318-1-768x576.jpeg 768w, https:\/\/lucianemonteiro.com\/wp-content\/uploads\/2024\/09\/IMG_6318-1-1536x1152.jpeg 1536w, https:\/\/lucianemonteiro.com\/wp-content\/uploads\/2024\/09\/IMG_6318-1-1140x855.jpeg 1140w, https:\/\/lucianemonteiro.com\/wp-content\/uploads\/2024\/09\/IMG_6318-1-600x450.jpeg 600w, https:\/\/lucianemonteiro.com\/wp-content\/uploads\/2024\/09\/IMG_6318-1.jpeg 2048w\" sizes=\"auto, (max-width: 1024px) 100vw, 1024px\" \/><\/figure><\/li><\/ul><\/figure>\n","protected":false},"excerpt":{"rendered":"<p>Noite brasileira em Trois-Rivi\u00e8res. Uma noite de m\u00fasica brasileira, dan\u00e7a, poesia e exposi\u00e7\u00f5es diversas. Rep\u00e8res de Mauvaises Langues, 25\/05\/2024 Soir\u00e9e br\u00e9silienne au Rep\u00e8res de Mauvaises Langues, \u00e0 Trois-Rivi\u00e8res. Une soir\u00e9e de musique br\u00e9silienne, de danse, de po\u00e9sie et d&#8217;expositions vari\u00e9es.<\/p>\n","protected":false},"author":1,"featured_media":1927,"parent":0,"menu_order":0,"comment_status":"closed","ping_status":"closed","template":"","meta":{"footnotes":""},"class_list":["post-1912","page","type-page","status-publish","has-post-thumbnail","hentry"],"yoast_head":"<!-- This site is optimized with the Yoast SEO plugin v26.6 - https:\/\/yoast.com\/wordpress\/plugins\/seo\/ -->\n<title>Soir\u00e9e Br\u00e9silienne - Luciane Monteiro<\/title>\n<meta name=\"description\" content=\"Uma noite brasileira em Trois-Rivi\u00e8res, Quebec.\" \/>\n<meta name=\"robots\" content=\"index, follow, max-snippet:-1, max-image-preview:large, max-video-preview:-1\" \/>\n<link rel=\"canonical\" href=\"https:\/\/lucianemonteiro.com\/index.php\/soiree-bresilienne\/\" \/>\n<meta property=\"og:locale\" content=\"pt_BR\" \/>\n<meta property=\"og:type\" content=\"article\" \/>\n<meta property=\"og:title\" content=\"Soir\u00e9e Br\u00e9silienne - Luciane Monteiro\" \/>\n<meta property=\"og:description\" content=\"Uma noite brasileira em Trois-Rivi\u00e8res, Quebec.\" \/>\n<meta property=\"og:url\" content=\"https:\/\/lucianemonteiro.com\/index.php\/soiree-bresilienne\/\" \/>\n<meta property=\"og:site_name\" content=\"Luciane Monteiro\" \/>\n<meta property=\"article:modified_time\" content=\"2024-09-11T03:04:42+00:00\" \/>\n<meta property=\"og:image\" content=\"https:\/\/lucianemonteiro.com\/wp-content\/uploads\/2024\/09\/IMG_6345.jpeg\" \/>\n\t<meta property=\"og:image:width\" content=\"2040\" \/>\n\t<meta property=\"og:image:height\" content=\"1530\" \/>\n\t<meta property=\"og:image:type\" content=\"image\/jpeg\" \/>\n<meta name=\"twitter:card\" content=\"summary_large_image\" \/>\n<meta name=\"twitter:label1\" content=\"Est. tempo de leitura\" \/>\n\t<meta name=\"twitter:data1\" content=\"1 minuto\" \/>\n<script type=\"application\/ld+json\" class=\"yoast-schema-graph\">{\"@context\":\"https:\/\/schema.org\",\"@graph\":[{\"@type\":\"WebPage\",\"@id\":\"https:\/\/lucianemonteiro.com\/index.php\/soiree-bresilienne\/\",\"url\":\"https:\/\/lucianemonteiro.com\/index.php\/soiree-bresilienne\/\",\"name\":\"Soir\u00e9e Br\u00e9silienne - Luciane Monteiro\",\"isPartOf\":{\"@id\":\"https:\/\/lucianemonteiro.com\/#website\"},\"primaryImageOfPage\":{\"@id\":\"https:\/\/lucianemonteiro.com\/index.php\/soiree-bresilienne\/#primaryimage\"},\"image\":{\"@id\":\"https:\/\/lucianemonteiro.com\/index.php\/soiree-bresilienne\/#primaryimage\"},\"thumbnailUrl\":\"https:\/\/lucianemonteiro.com\/wp-content\/uploads\/2024\/09\/IMG_6345.jpeg\",\"datePublished\":\"2024-09-11T03:04:41+00:00\",\"dateModified\":\"2024-09-11T03:04:42+00:00\",\"description\":\"Uma noite brasileira em Trois-Rivi\u00e8res, Quebec.\",\"breadcrumb\":{\"@id\":\"https:\/\/lucianemonteiro.com\/index.php\/soiree-bresilienne\/#breadcrumb\"},\"inLanguage\":\"pt-BR\",\"potentialAction\":[{\"@type\":\"ReadAction\",\"target\":[\"https:\/\/lucianemonteiro.com\/index.php\/soiree-bresilienne\/\"]}]},{\"@type\":\"ImageObject\",\"inLanguage\":\"pt-BR\",\"@id\":\"https:\/\/lucianemonteiro.com\/index.php\/soiree-bresilienne\/#primaryimage\",\"url\":\"https:\/\/lucianemonteiro.com\/wp-content\/uploads\/2024\/09\/IMG_6345.jpeg\",\"contentUrl\":\"https:\/\/lucianemonteiro.com\/wp-content\/uploads\/2024\/09\/IMG_6345.jpeg\",\"width\":2040,\"height\":1530},{\"@type\":\"BreadcrumbList\",\"@id\":\"https:\/\/lucianemonteiro.com\/index.php\/soiree-bresilienne\/#breadcrumb\",\"itemListElement\":[{\"@type\":\"ListItem\",\"position\":1,\"name\":\"In\u00edcio\",\"item\":\"https:\/\/lucianemonteiro.com\/\"},{\"@type\":\"ListItem\",\"position\":2,\"name\":\"Soir\u00e9e Br\u00e9silienne\"}]},{\"@type\":\"WebSite\",\"@id\":\"https:\/\/lucianemonteiro.com\/#website\",\"url\":\"https:\/\/lucianemonteiro.com\/\",\"name\":\"Luciane Monteiro\",\"description\":\"Escritos\",\"potentialAction\":[{\"@type\":\"SearchAction\",\"target\":{\"@type\":\"EntryPoint\",\"urlTemplate\":\"https:\/\/lucianemonteiro.com\/?s={search_term_string}\"},\"query-input\":{\"@type\":\"PropertyValueSpecification\",\"valueRequired\":true,\"valueName\":\"search_term_string\"}}],\"inLanguage\":\"pt-BR\"}]}<\/script>\n<!-- \/ Yoast SEO plugin. -->","yoast_head_json":{"title":"Soir\u00e9e Br\u00e9silienne - Luciane Monteiro","description":"Uma noite brasileira em Trois-Rivi\u00e8res, Quebec.","robots":{"index":"index","follow":"follow","max-snippet":"max-snippet:-1","max-image-preview":"max-image-preview:large","max-video-preview":"max-video-preview:-1"},"canonical":"https:\/\/lucianemonteiro.com\/index.php\/soiree-bresilienne\/","og_locale":"pt_BR","og_type":"article","og_title":"Soir\u00e9e Br\u00e9silienne - Luciane Monteiro","og_description":"Uma noite brasileira em Trois-Rivi\u00e8res, Quebec.","og_url":"https:\/\/lucianemonteiro.com\/index.php\/soiree-bresilienne\/","og_site_name":"Luciane Monteiro","article_modified_time":"2024-09-11T03:04:42+00:00","og_image":[{"width":2040,"height":1530,"url":"https:\/\/lucianemonteiro.com\/wp-content\/uploads\/2024\/09\/IMG_6345.jpeg","type":"image\/jpeg"}],"twitter_card":"summary_large_image","twitter_misc":{"Est. tempo de leitura":"1 minuto"},"schema":{"@context":"https:\/\/schema.org","@graph":[{"@type":"WebPage","@id":"https:\/\/lucianemonteiro.com\/index.php\/soiree-bresilienne\/","url":"https:\/\/lucianemonteiro.com\/index.php\/soiree-bresilienne\/","name":"Soir\u00e9e Br\u00e9silienne - Luciane Monteiro","isPartOf":{"@id":"https:\/\/lucianemonteiro.com\/#website"},"primaryImageOfPage":{"@id":"https:\/\/lucianemonteiro.com\/index.php\/soiree-bresilienne\/#primaryimage"},"image":{"@id":"https:\/\/lucianemonteiro.com\/index.php\/soiree-bresilienne\/#primaryimage"},"thumbnailUrl":"https:\/\/lucianemonteiro.com\/wp-content\/uploads\/2024\/09\/IMG_6345.jpeg","datePublished":"2024-09-11T03:04:41+00:00","dateModified":"2024-09-11T03:04:42+00:00","description":"Uma noite brasileira em Trois-Rivi\u00e8res, Quebec.","breadcrumb":{"@id":"https:\/\/lucianemonteiro.com\/index.php\/soiree-bresilienne\/#breadcrumb"},"inLanguage":"pt-BR","potentialAction":[{"@type":"ReadAction","target":["https:\/\/lucianemonteiro.com\/index.php\/soiree-bresilienne\/"]}]},{"@type":"ImageObject","inLanguage":"pt-BR","@id":"https:\/\/lucianemonteiro.com\/index.php\/soiree-bresilienne\/#primaryimage","url":"https:\/\/lucianemonteiro.com\/wp-content\/uploads\/2024\/09\/IMG_6345.jpeg","contentUrl":"https:\/\/lucianemonteiro.com\/wp-content\/uploads\/2024\/09\/IMG_6345.jpeg","width":2040,"height":1530},{"@type":"BreadcrumbList","@id":"https:\/\/lucianemonteiro.com\/index.php\/soiree-bresilienne\/#breadcrumb","itemListElement":[{"@type":"ListItem","position":1,"name":"In\u00edcio","item":"https:\/\/lucianemonteiro.com\/"},{"@type":"ListItem","position":2,"name":"Soir\u00e9e Br\u00e9silienne"}]},{"@type":"WebSite","@id":"https:\/\/lucianemonteiro.com\/#website","url":"https:\/\/lucianemonteiro.com\/","name":"Luciane Monteiro","description":"Escritos","potentialAction":[{"@type":"SearchAction","target":{"@type":"EntryPoint","urlTemplate":"https:\/\/lucianemonteiro.com\/?s={search_term_string}"},"query-input":{"@type":"PropertyValueSpecification","valueRequired":true,"valueName":"search_term_string"}}],"inLanguage":"pt-BR"}]}},"acf":[],"_links":{"self":[{"href":"https:\/\/lucianemonteiro.com\/index.php\/wp-json\/wp\/v2\/pages\/1912","targetHints":{"allow":["GET"]}}],"collection":[{"href":"https:\/\/lucianemonteiro.com\/index.php\/wp-json\/wp\/v2\/pages"}],"about":[{"href":"https:\/\/lucianemonteiro.com\/index.php\/wp-json\/wp\/v2\/types\/page"}],"author":[{"embeddable":true,"href":"https:\/\/lucianemonteiro.com\/index.php\/wp-json\/wp\/v2\/users\/1"}],"replies":[{"embeddable":true,"href":"https:\/\/lucianemonteiro.com\/index.php\/wp-json\/wp\/v2\/comments?post=1912"}],"version-history":[{"count":9,"href":"https:\/\/lucianemonteiro.com\/index.php\/wp-json\/wp\/v2\/pages\/1912\/revisions"}],"predecessor-version":[{"id":1932,"href":"https:\/\/lucianemonteiro.com\/index.php\/wp-json\/wp\/v2\/pages\/1912\/revisions\/1932"}],"wp:featuredmedia":[{"embeddable":true,"href":"https:\/\/lucianemonteiro.com\/index.php\/wp-json\/wp\/v2\/media\/1927"}],"wp:attachment":[{"href":"https:\/\/lucianemonteiro.com\/index.php\/wp-json\/wp\/v2\/media?parent=1912"}],"curies":[{"name":"wp","href":"https:\/\/api.w.org\/{rel}","templated":true}]}}