{"id":1885,"date":"2024-09-10T22:36:36","date_gmt":"2024-09-11T01:36:36","guid":{"rendered":"https:\/\/lucianemonteiro.com\/?page_id=1885"},"modified":"2024-11-15T22:00:57","modified_gmt":"2024-11-16T01:00:57","slug":"pour-lamour-de-lhumanite","status":"publish","type":"page","link":"https:\/\/lucianemonteiro.com\/index.php\/pour-lamour-de-lhumanite\/","title":{"rendered":"Pour l&#8217;amour de l&#8217;humanit\u00e9"},"content":{"rendered":"\n<p>Espet\u00e1culo de conto, m\u00fasica e poesia.<\/p>\n\n\n\n<p>Ideia original de <a href=\"https:\/\/www.facebook.com\/king.maliba.officiel\/?locale=fr_CA\" target=\"_blank\" rel=\"noreferrer noopener\">King Maliba<\/a>. Uma viagem resultante de um processo no qual a poesia se pretende ser um ve\u00edculo da experi\u00eancia humana neste conto metaf\u00f3rico.<\/p>\n\n\n\n<ul class=\"wp-block-list\"><li><a href=\"https:\/\/matv.ca\/montreal\/mes-emissions\/le-printemps-des-beaux-parleurs\/voyage-au-coeur-de-l-humanite?fbclid=IwY2xjawGkzb9leHRuA2FlbQIxMAABHWK9jhgmbTDWhe5zbOW_dpnOBQetBI1pCT3O267VPLX5RCevgydDm8hCzw_aem_wwvT7rT0wxDTCh3rUUCgRw\" target=\"_blank\" rel=\"noreferrer noopener\">Tournage MATV Trois-Rivi\u00e8re<\/a>, 28\/04\/2024 (o link ficar\u00e1 dispon\u00edvel por algumas semanas). <\/li><\/ul>\n\n\n\n<ul class=\"wp-block-list\"><li>Le printemps des beux parleurs, Trois-Rivi\u00e8res, 20\/05\/2024<\/li><\/ul>\n\n\n\n<ul class=\"wp-block-list\"><li>Soir\u00e9e de contes, Batiscan, 07\/08\/2024<\/li><\/ul>\n\n\n\n<p>Spectacle de conte, musique et de po\u00e9sie.<\/p>\n\n\n\n<p>Ideia original de <a href=\"https:\/\/www.facebook.com\/king.maliba.officiel\/?locale=fr_CA\" target=\"_blank\" rel=\"noreferrer noopener\">King Maliba<\/a>. Une voyage r\u00e9sultant d\u2019une d\u00e9marche o\u00f9 la po\u00e9sie se veut un v\u00e9hicule de l\u2019exp\u00e9rience humaine pour ce conte m\u00e9taphorique.<\/p>\n\n\n\n<div class=\"wp-block-columns is-layout-flex wp-container-core-columns-is-layout-9d6595d7 wp-block-columns-is-layout-flex\">\n<div class=\"wp-block-column is-vertically-aligned-bottom is-layout-flow wp-block-column-is-layout-flow\">\n<div class=\"wp-block-columns is-layout-flex wp-container-core-columns-is-layout-9d6595d7 wp-block-columns-is-layout-flex\">\n<div class=\"wp-block-column is-vertically-aligned-center is-layout-flow wp-block-column-is-layout-flow\" style=\"flex-basis:100%\">\n<div class=\"wp-block-image is-style-default\"><figure class=\"aligncenter size-large is-resized\"><img loading=\"lazy\" decoding=\"async\" src=\"https:\/\/lucianemonteiro.com\/wp-content\/uploads\/2024\/09\/IMG_5834-1-edited-1024x640.jpeg\" alt=\"\" class=\"wp-image-1899\" width=\"512\" height=\"320\" srcset=\"https:\/\/lucianemonteiro.com\/wp-content\/uploads\/2024\/09\/IMG_5834-1-edited-1024x640.jpeg 1024w, https:\/\/lucianemonteiro.com\/wp-content\/uploads\/2024\/09\/IMG_5834-1-edited-300x188.jpeg 300w, https:\/\/lucianemonteiro.com\/wp-content\/uploads\/2024\/09\/IMG_5834-1-edited-768x480.jpeg 768w, https:\/\/lucianemonteiro.com\/wp-content\/uploads\/2024\/09\/IMG_5834-1-edited-1140x713.jpeg 1140w, https:\/\/lucianemonteiro.com\/wp-content\/uploads\/2024\/09\/IMG_5834-1-edited-600x375.jpeg 600w, https:\/\/lucianemonteiro.com\/wp-content\/uploads\/2024\/09\/IMG_5834-1-edited.jpeg 1500w\" sizes=\"auto, (max-width: 512px) 100vw, 512px\" \/><\/figure><\/div>\n\n\n\n<div class=\"wp-block-image is-style-default\"><figure class=\"aligncenter size-large is-resized\"><img loading=\"lazy\" decoding=\"async\" src=\"https:\/\/lucianemonteiro.com\/wp-content\/uploads\/2024\/09\/441304925_10232970760388722_7132610878802030221_n-1-1024x576.jpg\" alt=\"\" class=\"wp-image-1889\" width=\"512\" height=\"288\" srcset=\"https:\/\/lucianemonteiro.com\/wp-content\/uploads\/2024\/09\/441304925_10232970760388722_7132610878802030221_n-1-1024x576.jpg 1024w, https:\/\/lucianemonteiro.com\/wp-content\/uploads\/2024\/09\/441304925_10232970760388722_7132610878802030221_n-1-300x169.jpg 300w, https:\/\/lucianemonteiro.com\/wp-content\/uploads\/2024\/09\/441304925_10232970760388722_7132610878802030221_n-1-768x432.jpg 768w, https:\/\/lucianemonteiro.com\/wp-content\/uploads\/2024\/09\/441304925_10232970760388722_7132610878802030221_n-1-1536x864.jpg 1536w, https:\/\/lucianemonteiro.com\/wp-content\/uploads\/2024\/09\/441304925_10232970760388722_7132610878802030221_n-1-1140x642.jpg 1140w, https:\/\/lucianemonteiro.com\/wp-content\/uploads\/2024\/09\/441304925_10232970760388722_7132610878802030221_n-1-600x338.jpg 600w, https:\/\/lucianemonteiro.com\/wp-content\/uploads\/2024\/09\/441304925_10232970760388722_7132610878802030221_n-1.jpg 1624w\" sizes=\"auto, (max-width: 512px) 100vw, 512px\" \/><\/figure><\/div>\n\n\n\n<div class=\"wp-block-image is-style-default\"><figure class=\"aligncenter size-large is-resized\"><img loading=\"lazy\" decoding=\"async\" src=\"https:\/\/lucianemonteiro.com\/wp-content\/uploads\/2024\/09\/Design-sem-nome-1024x577.png\" alt=\"\" class=\"wp-image-1900\" width=\"512\" height=\"289\" srcset=\"https:\/\/lucianemonteiro.com\/wp-content\/uploads\/2024\/09\/Design-sem-nome-1024x577.png 1024w, https:\/\/lucianemonteiro.com\/wp-content\/uploads\/2024\/09\/Design-sem-nome-300x169.png 300w, https:\/\/lucianemonteiro.com\/wp-content\/uploads\/2024\/09\/Design-sem-nome-768x433.png 768w, https:\/\/lucianemonteiro.com\/wp-content\/uploads\/2024\/09\/Design-sem-nome-1536x865.png 1536w, https:\/\/lucianemonteiro.com\/wp-content\/uploads\/2024\/09\/Design-sem-nome-1140x642.png 1140w, https:\/\/lucianemonteiro.com\/wp-content\/uploads\/2024\/09\/Design-sem-nome-600x338.png 600w, https:\/\/lucianemonteiro.com\/wp-content\/uploads\/2024\/09\/Design-sem-nome.png 1640w\" sizes=\"auto, (max-width: 512px) 100vw, 512px\" \/><\/figure><\/div>\n<\/div>\n<\/div>\n<\/div>\n<\/div>\n\n\n\n<p><\/p>\n","protected":false},"excerpt":{"rendered":"<p>Espet\u00e1culo de conto, m\u00fasica e poesia. Ideia original de King Maliba. Uma viagem resultante de um processo no qual a poesia se pretende ser um ve\u00edculo da experi\u00eancia humana neste conto metaf\u00f3rico. Tournage MATV Trois-Rivi\u00e8re, 28\/04\/2024 (o link ficar\u00e1 dispon\u00edvel por algumas semanas). Le printemps des beux parleurs, Trois-Rivi\u00e8res, 20\/05\/2024 Soir\u00e9e de contes, Batiscan, 07\/08\/2024 Spectacle de conte, musique et de po\u00e9sie. Ideia original de King Maliba. Une voyage r\u00e9sultant d\u2019une d\u00e9marche o\u00f9 la po\u00e9sie se veut un v\u00e9hicule de l\u2019exp\u00e9rience humaine pour ce conte m\u00e9taphorique.<\/p>\n","protected":false},"author":1,"featured_media":0,"parent":0,"menu_order":0,"comment_status":"closed","ping_status":"closed","template":"","meta":{"footnotes":""},"class_list":["post-1885","page","type-page","status-publish","hentry"],"yoast_head":"<!-- This site is optimized with the Yoast SEO plugin v26.6 - https:\/\/yoast.com\/wordpress\/plugins\/seo\/ -->\n<title>Pour l&#039;amour de l&#039;humanit\u00e9 - Luciane Monteiro<\/title>\n<meta name=\"description\" content=\"Uma viagem resultante de um processo no qual a poesia se pretende ser um ve\u00edculo da experi\u00eancia humana neste conto metaf\u00f3rico.\" \/>\n<meta name=\"robots\" content=\"index, follow, max-snippet:-1, max-image-preview:large, max-video-preview:-1\" \/>\n<link rel=\"canonical\" href=\"https:\/\/lucianemonteiro.com\/index.php\/pour-lamour-de-lhumanite\/\" \/>\n<meta property=\"og:locale\" content=\"pt_BR\" \/>\n<meta property=\"og:type\" content=\"article\" \/>\n<meta property=\"og:title\" content=\"Pour l&#039;amour de l&#039;humanit\u00e9 - Luciane Monteiro\" \/>\n<meta property=\"og:description\" content=\"Uma viagem resultante de um processo no qual a poesia se pretende ser um ve\u00edculo da experi\u00eancia humana neste conto metaf\u00f3rico.\" \/>\n<meta property=\"og:url\" content=\"https:\/\/lucianemonteiro.com\/index.php\/pour-lamour-de-lhumanite\/\" \/>\n<meta property=\"og:site_name\" content=\"Luciane Monteiro\" \/>\n<meta property=\"article:modified_time\" content=\"2024-11-16T01:00:57+00:00\" \/>\n<meta property=\"og:image\" content=\"https:\/\/lucianemonteiro.com\/wp-content\/uploads\/2024\/09\/IMG_5834-1-edited-1024x640.jpeg\" \/>\n<meta name=\"twitter:card\" content=\"summary_large_image\" \/>\n<meta name=\"twitter:label1\" content=\"Est. tempo de leitura\" \/>\n\t<meta name=\"twitter:data1\" content=\"1 minuto\" \/>\n<script type=\"application\/ld+json\" class=\"yoast-schema-graph\">{\"@context\":\"https:\/\/schema.org\",\"@graph\":[{\"@type\":\"WebPage\",\"@id\":\"https:\/\/lucianemonteiro.com\/index.php\/pour-lamour-de-lhumanite\/\",\"url\":\"https:\/\/lucianemonteiro.com\/index.php\/pour-lamour-de-lhumanite\/\",\"name\":\"Pour l'amour de l'humanit\u00e9 - Luciane Monteiro\",\"isPartOf\":{\"@id\":\"https:\/\/lucianemonteiro.com\/#website\"},\"primaryImageOfPage\":{\"@id\":\"https:\/\/lucianemonteiro.com\/index.php\/pour-lamour-de-lhumanite\/#primaryimage\"},\"image\":{\"@id\":\"https:\/\/lucianemonteiro.com\/index.php\/pour-lamour-de-lhumanite\/#primaryimage\"},\"thumbnailUrl\":\"https:\/\/lucianemonteiro.com\/wp-content\/uploads\/2024\/09\/IMG_5834-1-edited-1024x640.jpeg\",\"datePublished\":\"2024-09-11T01:36:36+00:00\",\"dateModified\":\"2024-11-16T01:00:57+00:00\",\"description\":\"Uma viagem resultante de um processo no qual a poesia se pretende ser um ve\u00edculo da experi\u00eancia humana neste conto metaf\u00f3rico.\",\"breadcrumb\":{\"@id\":\"https:\/\/lucianemonteiro.com\/index.php\/pour-lamour-de-lhumanite\/#breadcrumb\"},\"inLanguage\":\"pt-BR\",\"potentialAction\":[{\"@type\":\"ReadAction\",\"target\":[\"https:\/\/lucianemonteiro.com\/index.php\/pour-lamour-de-lhumanite\/\"]}]},{\"@type\":\"ImageObject\",\"inLanguage\":\"pt-BR\",\"@id\":\"https:\/\/lucianemonteiro.com\/index.php\/pour-lamour-de-lhumanite\/#primaryimage\",\"url\":\"https:\/\/lucianemonteiro.com\/wp-content\/uploads\/2024\/09\/IMG_5834-1-edited.jpeg\",\"contentUrl\":\"https:\/\/lucianemonteiro.com\/wp-content\/uploads\/2024\/09\/IMG_5834-1-edited.jpeg\",\"width\":1500,\"height\":938},{\"@type\":\"BreadcrumbList\",\"@id\":\"https:\/\/lucianemonteiro.com\/index.php\/pour-lamour-de-lhumanite\/#breadcrumb\",\"itemListElement\":[{\"@type\":\"ListItem\",\"position\":1,\"name\":\"In\u00edcio\",\"item\":\"https:\/\/lucianemonteiro.com\/\"},{\"@type\":\"ListItem\",\"position\":2,\"name\":\"Pour l&#8217;amour de l&#8217;humanit\u00e9\"}]},{\"@type\":\"WebSite\",\"@id\":\"https:\/\/lucianemonteiro.com\/#website\",\"url\":\"https:\/\/lucianemonteiro.com\/\",\"name\":\"Luciane Monteiro\",\"description\":\"Escritos\",\"potentialAction\":[{\"@type\":\"SearchAction\",\"target\":{\"@type\":\"EntryPoint\",\"urlTemplate\":\"https:\/\/lucianemonteiro.com\/?s={search_term_string}\"},\"query-input\":{\"@type\":\"PropertyValueSpecification\",\"valueRequired\":true,\"valueName\":\"search_term_string\"}}],\"inLanguage\":\"pt-BR\"}]}<\/script>\n<!-- \/ Yoast SEO plugin. -->","yoast_head_json":{"title":"Pour l'amour de l'humanit\u00e9 - Luciane Monteiro","description":"Uma viagem resultante de um processo no qual a poesia se pretende ser um ve\u00edculo da experi\u00eancia humana neste conto metaf\u00f3rico.","robots":{"index":"index","follow":"follow","max-snippet":"max-snippet:-1","max-image-preview":"max-image-preview:large","max-video-preview":"max-video-preview:-1"},"canonical":"https:\/\/lucianemonteiro.com\/index.php\/pour-lamour-de-lhumanite\/","og_locale":"pt_BR","og_type":"article","og_title":"Pour l'amour de l'humanit\u00e9 - Luciane Monteiro","og_description":"Uma viagem resultante de um processo no qual a poesia se pretende ser um ve\u00edculo da experi\u00eancia humana neste conto metaf\u00f3rico.","og_url":"https:\/\/lucianemonteiro.com\/index.php\/pour-lamour-de-lhumanite\/","og_site_name":"Luciane Monteiro","article_modified_time":"2024-11-16T01:00:57+00:00","og_image":[{"url":"https:\/\/lucianemonteiro.com\/wp-content\/uploads\/2024\/09\/IMG_5834-1-edited-1024x640.jpeg","type":"","width":"","height":""}],"twitter_card":"summary_large_image","twitter_misc":{"Est. tempo de leitura":"1 minuto"},"schema":{"@context":"https:\/\/schema.org","@graph":[{"@type":"WebPage","@id":"https:\/\/lucianemonteiro.com\/index.php\/pour-lamour-de-lhumanite\/","url":"https:\/\/lucianemonteiro.com\/index.php\/pour-lamour-de-lhumanite\/","name":"Pour l'amour de l'humanit\u00e9 - Luciane Monteiro","isPartOf":{"@id":"https:\/\/lucianemonteiro.com\/#website"},"primaryImageOfPage":{"@id":"https:\/\/lucianemonteiro.com\/index.php\/pour-lamour-de-lhumanite\/#primaryimage"},"image":{"@id":"https:\/\/lucianemonteiro.com\/index.php\/pour-lamour-de-lhumanite\/#primaryimage"},"thumbnailUrl":"https:\/\/lucianemonteiro.com\/wp-content\/uploads\/2024\/09\/IMG_5834-1-edited-1024x640.jpeg","datePublished":"2024-09-11T01:36:36+00:00","dateModified":"2024-11-16T01:00:57+00:00","description":"Uma viagem resultante de um processo no qual a poesia se pretende ser um ve\u00edculo da experi\u00eancia humana neste conto metaf\u00f3rico.","breadcrumb":{"@id":"https:\/\/lucianemonteiro.com\/index.php\/pour-lamour-de-lhumanite\/#breadcrumb"},"inLanguage":"pt-BR","potentialAction":[{"@type":"ReadAction","target":["https:\/\/lucianemonteiro.com\/index.php\/pour-lamour-de-lhumanite\/"]}]},{"@type":"ImageObject","inLanguage":"pt-BR","@id":"https:\/\/lucianemonteiro.com\/index.php\/pour-lamour-de-lhumanite\/#primaryimage","url":"https:\/\/lucianemonteiro.com\/wp-content\/uploads\/2024\/09\/IMG_5834-1-edited.jpeg","contentUrl":"https:\/\/lucianemonteiro.com\/wp-content\/uploads\/2024\/09\/IMG_5834-1-edited.jpeg","width":1500,"height":938},{"@type":"BreadcrumbList","@id":"https:\/\/lucianemonteiro.com\/index.php\/pour-lamour-de-lhumanite\/#breadcrumb","itemListElement":[{"@type":"ListItem","position":1,"name":"In\u00edcio","item":"https:\/\/lucianemonteiro.com\/"},{"@type":"ListItem","position":2,"name":"Pour l&#8217;amour de l&#8217;humanit\u00e9"}]},{"@type":"WebSite","@id":"https:\/\/lucianemonteiro.com\/#website","url":"https:\/\/lucianemonteiro.com\/","name":"Luciane Monteiro","description":"Escritos","potentialAction":[{"@type":"SearchAction","target":{"@type":"EntryPoint","urlTemplate":"https:\/\/lucianemonteiro.com\/?s={search_term_string}"},"query-input":{"@type":"PropertyValueSpecification","valueRequired":true,"valueName":"search_term_string"}}],"inLanguage":"pt-BR"}]}},"acf":[],"_links":{"self":[{"href":"https:\/\/lucianemonteiro.com\/index.php\/wp-json\/wp\/v2\/pages\/1885","targetHints":{"allow":["GET"]}}],"collection":[{"href":"https:\/\/lucianemonteiro.com\/index.php\/wp-json\/wp\/v2\/pages"}],"about":[{"href":"https:\/\/lucianemonteiro.com\/index.php\/wp-json\/wp\/v2\/types\/page"}],"author":[{"embeddable":true,"href":"https:\/\/lucianemonteiro.com\/index.php\/wp-json\/wp\/v2\/users\/1"}],"replies":[{"embeddable":true,"href":"https:\/\/lucianemonteiro.com\/index.php\/wp-json\/wp\/v2\/comments?post=1885"}],"version-history":[{"count":10,"href":"https:\/\/lucianemonteiro.com\/index.php\/wp-json\/wp\/v2\/pages\/1885\/revisions"}],"predecessor-version":[{"id":2059,"href":"https:\/\/lucianemonteiro.com\/index.php\/wp-json\/wp\/v2\/pages\/1885\/revisions\/2059"}],"wp:attachment":[{"href":"https:\/\/lucianemonteiro.com\/index.php\/wp-json\/wp\/v2\/media?parent=1885"}],"curies":[{"name":"wp","href":"https:\/\/api.w.org\/{rel}","templated":true}]}}