{"id":1787,"date":"2023-06-15T18:46:32","date_gmt":"2023-06-15T21:46:32","guid":{"rendered":"https:\/\/lucianemonteiro.com\/?page_id=1787"},"modified":"2024-09-11T12:26:04","modified_gmt":"2024-09-11T15:26:04","slug":"cordilheira-e-outros-descaminhos","status":"publish","type":"page","link":"https:\/\/lucianemonteiro.com\/index.php\/cordilheira-e-outros-descaminhos\/","title":{"rendered":"Cordilheira e outros descaminhos"},"content":{"rendered":"\n<p>Foi com muita alegria que recebi o convite da Editora Folheando para publicar esse livro. Algumas hist\u00f3rias j\u00e1 existem h\u00e1 muito tempo. S\u00e3o narrativas que exploram sentimentos e inquieta\u00e7\u00f5es do ser humano. Contos que estavam com os do Ta\u00e7a Escarlate. Separados, transformaram-se em dois livros, um sobre o universo feminino e outro sobre o masculino. Ambos mergulhando na universalidade dos sentimentos inerentes a todos n\u00f3s.<\/p>\n\n\n\n<p>Somos permeados de emo\u00e7\u00f5es, sentimentos rasos ou intensos que, por vezes, manifestam-se como montanhas-russas a nos enlouquecer dentro de n\u00f3s mesmos. Como isso eclode ou se esconde debaixo do grito que n\u00e3o transcende \u00e9 o que me intriga.<\/p>\n\n\n\n<p>Ent\u00e3o, aqui est\u00e3o eles, meus personagens masculinos retratando as agruras de nossas batalhas internas entre o que somos e o que os outros esperam que sejamos.<\/p>\n\n\n\n<blockquote class=\"wp-block-quote is-layout-flow wp-block-quote-is-layout-flow\"><p>\u201cA vida passou sorrateiramente\u2026 Somente as mem\u00f3rias ficaram: do abra\u00e7o que n\u00e3o deu, da palavra que n\u00e3o disse, do sil\u00eancio desnecess\u00e1rio&#8230;\u201d<\/p><\/blockquote>\n\n\n\n<p class=\"has-text-align-left\">A obra tem como destaque a figura masculina, com suas ansiedades e insaciabilidades. O homem visto de muitos \u00e2ngulos, nem sempre raso, ou mascarado, apenas uma ess\u00eancia que tamb\u00e9m se busca, sente, \u00e0s vezes se desmerece, outras, se supera. Torna-se, em alguns casos, imenso para cumprir o seu papel, para engolir o mundo ou ser engolido por ele, engolindo, muitas vezes, o pr\u00f3prio sentimento na busca por seu espa\u00e7o&#8230;<\/p>\n\n\n\n<div class=\"wp-block-image\"><figure class=\"aligncenter size-large is-resized\"><img loading=\"lazy\" decoding=\"async\" src=\"https:\/\/lucianemonteiro.com\/wp-content\/uploads\/2023\/06\/WhatsApp-Image-2023-06-08-at-11.00.22-AM-1.jpeg\" alt=\"\" class=\"wp-image-1795\" width=\"390\" height=\"296\" srcset=\"https:\/\/lucianemonteiro.com\/wp-content\/uploads\/2023\/06\/WhatsApp-Image-2023-06-08-at-11.00.22-AM-1.jpeg 780w, https:\/\/lucianemonteiro.com\/wp-content\/uploads\/2023\/06\/WhatsApp-Image-2023-06-08-at-11.00.22-AM-1-300x228.jpeg 300w, https:\/\/lucianemonteiro.com\/wp-content\/uploads\/2023\/06\/WhatsApp-Image-2023-06-08-at-11.00.22-AM-1-768x583.jpeg 768w, https:\/\/lucianemonteiro.com\/wp-content\/uploads\/2023\/06\/WhatsApp-Image-2023-06-08-at-11.00.22-AM-1-600x455.jpeg 600w\" sizes=\"auto, (max-width: 390px) 100vw, 390px\" \/><\/figure><\/div>\n\n\n\n<p class=\"has-text-align-center\"><strong>Sinopse<\/strong><\/p>\n\n\n\n<p class=\"has-text-align-center\">Os textos aqui retratam o universo masculino, com suas alegrias e dissabores. Quando em primeira pessoa, s\u00e3o os homens que narram suas ang\u00fastias. Quando em terceira pessoa, o narrador explora, observa, invade cada personagem, desnudando seus pensamentos e inten\u00e7\u00f5es. \u00c9 a alma masculina que se revela como forte ou fr\u00e1gil, admir\u00e1vel ou repugnante. S\u00e3o os homens em suas pluralidades, anseios,verdades ou inverdades. Versos ou sil\u00eancio. Explora-se aqui a a\u00e7\u00e3o ou in\u00e9rcia, erros ou acertos. Explora-se, acima de tudo, a necessidade, inerente a qualquer ser humano, de existir e encontrar seu espa\u00e7o.<\/p>\n\n\n\n<p class=\"has-text-align-center\"><strong>Adquira a obra online:<\/strong><\/p>\n\n\n\n<p class=\"has-text-align-center\"><strong><a href=\"https:\/\/www.editorafolheando.com.br\/pd-94cbab-cordilheira-e-outros-descaminhos.html\" target=\"_blank\" rel=\"noreferrer noopener\">Editora Folheando<\/a><\/strong><\/p>\n\n\n\n<div class=\"wp-block-image\"><figure class=\"aligncenter size-large\"><img loading=\"lazy\" decoding=\"async\" width=\"1024\" height=\"437\" src=\"https:\/\/lucianemonteiro.com\/wp-content\/uploads\/2023\/06\/CORDILHEIRAS-CAPA-aberta-1024x437.jpg\" alt=\"\" class=\"wp-image-1800\" srcset=\"https:\/\/lucianemonteiro.com\/wp-content\/uploads\/2023\/06\/CORDILHEIRAS-CAPA-aberta-1024x437.jpg 1024w, https:\/\/lucianemonteiro.com\/wp-content\/uploads\/2023\/06\/CORDILHEIRAS-CAPA-aberta-300x128.jpg 300w, https:\/\/lucianemonteiro.com\/wp-content\/uploads\/2023\/06\/CORDILHEIRAS-CAPA-aberta-768x328.jpg 768w, https:\/\/lucianemonteiro.com\/wp-content\/uploads\/2023\/06\/CORDILHEIRAS-CAPA-aberta-1536x656.jpg 1536w, https:\/\/lucianemonteiro.com\/wp-content\/uploads\/2023\/06\/CORDILHEIRAS-CAPA-aberta-2048x875.jpg 2048w, https:\/\/lucianemonteiro.com\/wp-content\/uploads\/2023\/06\/CORDILHEIRAS-CAPA-aberta-1140x487.jpg 1140w, https:\/\/lucianemonteiro.com\/wp-content\/uploads\/2023\/06\/CORDILHEIRAS-CAPA-aberta-600x256.jpg 600w\" sizes=\"auto, (max-width: 1024px) 100vw, 1024px\" \/><\/figure><\/div>\n","protected":false},"excerpt":{"rendered":"<p>Foi com muita alegria que recebi o convite da Editora Folheando para publicar esse livro. Algumas hist\u00f3rias j\u00e1 existem h\u00e1 muito tempo. S\u00e3o narrativas que exploram sentimentos e inquieta\u00e7\u00f5es do ser humano. Contos que estavam com os do Ta\u00e7a Escarlate. Separados, transformaram-se em dois livros, um sobre o universo feminino e outro sobre o masculino. Ambos mergulhando na universalidade dos sentimentos inerentes a todos n\u00f3s. Somos permeados de emo\u00e7\u00f5es, sentimentos rasos ou intensos que, por vezes, manifestam-se como montanhas-russas a nos enlouquecer dentro de n\u00f3s mesmos. Como isso eclode ou se esconde debaixo do grito que n\u00e3o transcende \u00e9 o que me intriga. Ent\u00e3o, aqui est\u00e3o eles, meus personagens masculinos retratando as agruras de nossas batalhas internas entre o que somos e o que os outros esperam que sejamos. \u201cA vida passou sorrateiramente\u2026 Somente as mem\u00f3rias ficaram: do abra\u00e7o que n\u00e3o deu, da palavra que n\u00e3o disse, do sil\u00eancio desnecess\u00e1rio&#8230;\u201d A obra tem como destaque a figura masculina, com suas ansiedades e insaciabilidades. O homem visto de muitos \u00e2ngulos, nem sempre raso, ou mascarado, apenas uma ess\u00eancia que tamb\u00e9m se busca, sente, \u00e0s vezes se desmerece, outras, se supera. Torna-se, em alguns casos, imenso para cumprir o seu papel, para engolir o mundo ou ser engolido por ele, engolindo, muitas vezes, o pr\u00f3prio sentimento na busca por seu espa\u00e7o&#8230; Sinopse Os textos aqui retratam o universo masculino, com suas alegrias e dissabores. Quando em primeira pessoa, s\u00e3o os homens que narram suas ang\u00fastias. Quando em terceira pessoa, o narrador explora, observa, invade cada personagem, desnudando seus pensamentos e inten\u00e7\u00f5es. \u00c9 a alma masculina que se revela como forte ou fr\u00e1gil, admir\u00e1vel ou repugnante. S\u00e3o os homens em suas pluralidades, anseios,verdades ou inverdades. Versos ou sil\u00eancio. Explora-se aqui a a\u00e7\u00e3o ou in\u00e9rcia, erros ou acertos. Explora-se, acima de tudo, a necessidade, inerente a qualquer ser humano, de existir e encontrar seu espa\u00e7o. Adquira a obra online: Editora Folheando<\/p>\n","protected":false},"author":1,"featured_media":0,"parent":0,"menu_order":0,"comment_status":"closed","ping_status":"closed","template":"","meta":{"footnotes":""},"class_list":["post-1787","page","type-page","status-publish","hentry"],"yoast_head":"<!-- This site is optimized with the Yoast SEO plugin v26.6 - https:\/\/yoast.com\/wordpress\/plugins\/seo\/ -->\n<title>Cordilheira e outros descaminhos - Luciane Monteiro<\/title>\n<meta name=\"description\" content=\"Ent\u00e3o, aqui est\u00e3o eles, meus personagens masculinos retratando as agruras de nossas batalhas internas entre o que somos e o que os outros esperam que sejamos.\" \/>\n<meta name=\"robots\" content=\"index, follow, max-snippet:-1, max-image-preview:large, max-video-preview:-1\" \/>\n<link rel=\"canonical\" href=\"https:\/\/lucianemonteiro.com\/index.php\/cordilheira-e-outros-descaminhos\/\" \/>\n<meta property=\"og:locale\" content=\"pt_BR\" \/>\n<meta property=\"og:type\" content=\"article\" \/>\n<meta property=\"og:title\" content=\"Cordilheira e outros descaminhos - Luciane Monteiro\" \/>\n<meta property=\"og:description\" content=\"Ent\u00e3o, aqui est\u00e3o eles, meus personagens masculinos retratando as agruras de nossas batalhas internas entre o que somos e o que os outros esperam que sejamos.\" \/>\n<meta property=\"og:url\" content=\"https:\/\/lucianemonteiro.com\/index.php\/cordilheira-e-outros-descaminhos\/\" \/>\n<meta property=\"og:site_name\" content=\"Luciane Monteiro\" \/>\n<meta property=\"article:modified_time\" content=\"2024-09-11T15:26:04+00:00\" \/>\n<meta property=\"og:image\" content=\"https:\/\/lucianemonteiro.com\/wp-content\/uploads\/2023\/06\/WhatsApp-Image-2023-06-08-at-11.00.22-AM-1.jpeg\" \/>\n<meta name=\"twitter:card\" content=\"summary_large_image\" \/>\n<meta name=\"twitter:label1\" content=\"Est. tempo de leitura\" \/>\n\t<meta name=\"twitter:data1\" content=\"2 minutos\" \/>\n<script type=\"application\/ld+json\" class=\"yoast-schema-graph\">{\"@context\":\"https:\/\/schema.org\",\"@graph\":[{\"@type\":\"WebPage\",\"@id\":\"https:\/\/lucianemonteiro.com\/index.php\/cordilheira-e-outros-descaminhos\/\",\"url\":\"https:\/\/lucianemonteiro.com\/index.php\/cordilheira-e-outros-descaminhos\/\",\"name\":\"Cordilheira e outros descaminhos - Luciane Monteiro\",\"isPartOf\":{\"@id\":\"https:\/\/lucianemonteiro.com\/#website\"},\"primaryImageOfPage\":{\"@id\":\"https:\/\/lucianemonteiro.com\/index.php\/cordilheira-e-outros-descaminhos\/#primaryimage\"},\"image\":{\"@id\":\"https:\/\/lucianemonteiro.com\/index.php\/cordilheira-e-outros-descaminhos\/#primaryimage\"},\"thumbnailUrl\":\"https:\/\/lucianemonteiro.com\/wp-content\/uploads\/2023\/06\/WhatsApp-Image-2023-06-08-at-11.00.22-AM-1.jpeg\",\"datePublished\":\"2023-06-15T21:46:32+00:00\",\"dateModified\":\"2024-09-11T15:26:04+00:00\",\"description\":\"Ent\u00e3o, aqui est\u00e3o eles, meus personagens masculinos retratando as agruras de nossas batalhas internas entre o que somos e o que os outros esperam que sejamos.\",\"breadcrumb\":{\"@id\":\"https:\/\/lucianemonteiro.com\/index.php\/cordilheira-e-outros-descaminhos\/#breadcrumb\"},\"inLanguage\":\"pt-BR\",\"potentialAction\":[{\"@type\":\"ReadAction\",\"target\":[\"https:\/\/lucianemonteiro.com\/index.php\/cordilheira-e-outros-descaminhos\/\"]}]},{\"@type\":\"ImageObject\",\"inLanguage\":\"pt-BR\",\"@id\":\"https:\/\/lucianemonteiro.com\/index.php\/cordilheira-e-outros-descaminhos\/#primaryimage\",\"url\":\"https:\/\/lucianemonteiro.com\/wp-content\/uploads\/2023\/06\/WhatsApp-Image-2023-06-08-at-11.00.22-AM-1.jpeg\",\"contentUrl\":\"https:\/\/lucianemonteiro.com\/wp-content\/uploads\/2023\/06\/WhatsApp-Image-2023-06-08-at-11.00.22-AM-1.jpeg\",\"width\":780,\"height\":592},{\"@type\":\"BreadcrumbList\",\"@id\":\"https:\/\/lucianemonteiro.com\/index.php\/cordilheira-e-outros-descaminhos\/#breadcrumb\",\"itemListElement\":[{\"@type\":\"ListItem\",\"position\":1,\"name\":\"In\u00edcio\",\"item\":\"https:\/\/lucianemonteiro.com\/\"},{\"@type\":\"ListItem\",\"position\":2,\"name\":\"Cordilheira e outros descaminhos\"}]},{\"@type\":\"WebSite\",\"@id\":\"https:\/\/lucianemonteiro.com\/#website\",\"url\":\"https:\/\/lucianemonteiro.com\/\",\"name\":\"Luciane Monteiro\",\"description\":\"Escritos\",\"potentialAction\":[{\"@type\":\"SearchAction\",\"target\":{\"@type\":\"EntryPoint\",\"urlTemplate\":\"https:\/\/lucianemonteiro.com\/?s={search_term_string}\"},\"query-input\":{\"@type\":\"PropertyValueSpecification\",\"valueRequired\":true,\"valueName\":\"search_term_string\"}}],\"inLanguage\":\"pt-BR\"}]}<\/script>\n<!-- \/ Yoast SEO plugin. -->","yoast_head_json":{"title":"Cordilheira e outros descaminhos - Luciane Monteiro","description":"Ent\u00e3o, aqui est\u00e3o eles, meus personagens masculinos retratando as agruras de nossas batalhas internas entre o que somos e o que os outros esperam que sejamos.","robots":{"index":"index","follow":"follow","max-snippet":"max-snippet:-1","max-image-preview":"max-image-preview:large","max-video-preview":"max-video-preview:-1"},"canonical":"https:\/\/lucianemonteiro.com\/index.php\/cordilheira-e-outros-descaminhos\/","og_locale":"pt_BR","og_type":"article","og_title":"Cordilheira e outros descaminhos - Luciane Monteiro","og_description":"Ent\u00e3o, aqui est\u00e3o eles, meus personagens masculinos retratando as agruras de nossas batalhas internas entre o que somos e o que os outros esperam que sejamos.","og_url":"https:\/\/lucianemonteiro.com\/index.php\/cordilheira-e-outros-descaminhos\/","og_site_name":"Luciane Monteiro","article_modified_time":"2024-09-11T15:26:04+00:00","og_image":[{"url":"https:\/\/lucianemonteiro.com\/wp-content\/uploads\/2023\/06\/WhatsApp-Image-2023-06-08-at-11.00.22-AM-1.jpeg","type":"","width":"","height":""}],"twitter_card":"summary_large_image","twitter_misc":{"Est. tempo de leitura":"2 minutos"},"schema":{"@context":"https:\/\/schema.org","@graph":[{"@type":"WebPage","@id":"https:\/\/lucianemonteiro.com\/index.php\/cordilheira-e-outros-descaminhos\/","url":"https:\/\/lucianemonteiro.com\/index.php\/cordilheira-e-outros-descaminhos\/","name":"Cordilheira e outros descaminhos - Luciane Monteiro","isPartOf":{"@id":"https:\/\/lucianemonteiro.com\/#website"},"primaryImageOfPage":{"@id":"https:\/\/lucianemonteiro.com\/index.php\/cordilheira-e-outros-descaminhos\/#primaryimage"},"image":{"@id":"https:\/\/lucianemonteiro.com\/index.php\/cordilheira-e-outros-descaminhos\/#primaryimage"},"thumbnailUrl":"https:\/\/lucianemonteiro.com\/wp-content\/uploads\/2023\/06\/WhatsApp-Image-2023-06-08-at-11.00.22-AM-1.jpeg","datePublished":"2023-06-15T21:46:32+00:00","dateModified":"2024-09-11T15:26:04+00:00","description":"Ent\u00e3o, aqui est\u00e3o eles, meus personagens masculinos retratando as agruras de nossas batalhas internas entre o que somos e o que os outros esperam que sejamos.","breadcrumb":{"@id":"https:\/\/lucianemonteiro.com\/index.php\/cordilheira-e-outros-descaminhos\/#breadcrumb"},"inLanguage":"pt-BR","potentialAction":[{"@type":"ReadAction","target":["https:\/\/lucianemonteiro.com\/index.php\/cordilheira-e-outros-descaminhos\/"]}]},{"@type":"ImageObject","inLanguage":"pt-BR","@id":"https:\/\/lucianemonteiro.com\/index.php\/cordilheira-e-outros-descaminhos\/#primaryimage","url":"https:\/\/lucianemonteiro.com\/wp-content\/uploads\/2023\/06\/WhatsApp-Image-2023-06-08-at-11.00.22-AM-1.jpeg","contentUrl":"https:\/\/lucianemonteiro.com\/wp-content\/uploads\/2023\/06\/WhatsApp-Image-2023-06-08-at-11.00.22-AM-1.jpeg","width":780,"height":592},{"@type":"BreadcrumbList","@id":"https:\/\/lucianemonteiro.com\/index.php\/cordilheira-e-outros-descaminhos\/#breadcrumb","itemListElement":[{"@type":"ListItem","position":1,"name":"In\u00edcio","item":"https:\/\/lucianemonteiro.com\/"},{"@type":"ListItem","position":2,"name":"Cordilheira e outros descaminhos"}]},{"@type":"WebSite","@id":"https:\/\/lucianemonteiro.com\/#website","url":"https:\/\/lucianemonteiro.com\/","name":"Luciane Monteiro","description":"Escritos","potentialAction":[{"@type":"SearchAction","target":{"@type":"EntryPoint","urlTemplate":"https:\/\/lucianemonteiro.com\/?s={search_term_string}"},"query-input":{"@type":"PropertyValueSpecification","valueRequired":true,"valueName":"search_term_string"}}],"inLanguage":"pt-BR"}]}},"acf":[],"_links":{"self":[{"href":"https:\/\/lucianemonteiro.com\/index.php\/wp-json\/wp\/v2\/pages\/1787","targetHints":{"allow":["GET"]}}],"collection":[{"href":"https:\/\/lucianemonteiro.com\/index.php\/wp-json\/wp\/v2\/pages"}],"about":[{"href":"https:\/\/lucianemonteiro.com\/index.php\/wp-json\/wp\/v2\/types\/page"}],"author":[{"embeddable":true,"href":"https:\/\/lucianemonteiro.com\/index.php\/wp-json\/wp\/v2\/users\/1"}],"replies":[{"embeddable":true,"href":"https:\/\/lucianemonteiro.com\/index.php\/wp-json\/wp\/v2\/comments?post=1787"}],"version-history":[{"count":14,"href":"https:\/\/lucianemonteiro.com\/index.php\/wp-json\/wp\/v2\/pages\/1787\/revisions"}],"predecessor-version":[{"id":2016,"href":"https:\/\/lucianemonteiro.com\/index.php\/wp-json\/wp\/v2\/pages\/1787\/revisions\/2016"}],"wp:attachment":[{"href":"https:\/\/lucianemonteiro.com\/index.php\/wp-json\/wp\/v2\/media?parent=1787"}],"curies":[{"name":"wp","href":"https:\/\/api.w.org\/{rel}","templated":true}]}}