{"id":147,"date":"2021-01-17T00:38:47","date_gmt":"2021-01-17T03:38:47","guid":{"rendered":"https:\/\/lucianemonteiro.com\/?page_id=147"},"modified":"2021-09-17T13:22:45","modified_gmt":"2021-09-17T16:22:45","slug":"nas-montanhas-de-monte-verde","status":"publish","type":"page","link":"https:\/\/lucianemonteiro.com\/index.php\/nas-montanhas-de-monte-verde\/","title":{"rendered":"Nas montanhas de Monte Verde"},"content":{"rendered":"\n<p class=\"has-text-align-center\">&#8221;&nbsp;O problema de Helena n\u00e3o era apenas car\u00eancia, era uma sonhadora. Olhava a vida com olhos de vasta vis\u00e3o: a realidade, a possibilidade e o devaneio&#8221;<\/p>\n\n\n\n<p class=\"has-text-align-center\">Uma rom\u00e2ntica sonhadora tentando tentando amolecer o cora\u00e7\u00e3o de um espanhol rude e amargurado pela vida. Tudo isso sob a encantadora paisagem serrana de Monte Verde.<\/p>\n\n\n\n<div class=\"wp-block-image\"><figure class=\"aligncenter size-large is-resized\"><img loading=\"lazy\" decoding=\"async\" src=\"https:\/\/lucianemonteiro.com\/wp-content\/uploads\/2021\/01\/Nas-montanhas-de-Monte-Verde.-1024x1024.jpg\" alt=\"\" class=\"wp-image-150\" width=\"512\" height=\"512\" srcset=\"https:\/\/lucianemonteiro.com\/wp-content\/uploads\/2021\/01\/Nas-montanhas-de-Monte-Verde.-1024x1024.jpg 1024w, https:\/\/lucianemonteiro.com\/wp-content\/uploads\/2021\/01\/Nas-montanhas-de-Monte-Verde.-300x300.jpg 300w, https:\/\/lucianemonteiro.com\/wp-content\/uploads\/2021\/01\/Nas-montanhas-de-Monte-Verde.-150x150.jpg 150w, https:\/\/lucianemonteiro.com\/wp-content\/uploads\/2021\/01\/Nas-montanhas-de-Monte-Verde.-768x768.jpg 768w, https:\/\/lucianemonteiro.com\/wp-content\/uploads\/2021\/01\/Nas-montanhas-de-Monte-Verde.-75x75.jpg 75w, https:\/\/lucianemonteiro.com\/wp-content\/uploads\/2021\/01\/Nas-montanhas-de-Monte-Verde.-600x600.jpg 600w, https:\/\/lucianemonteiro.com\/wp-content\/uploads\/2021\/01\/Nas-montanhas-de-Monte-Verde.-100x100.jpg 100w, https:\/\/lucianemonteiro.com\/wp-content\/uploads\/2021\/01\/Nas-montanhas-de-Monte-Verde..jpg 1080w\" sizes=\"auto, (max-width: 512px) 100vw, 512px\" \/><\/figure><\/div>\n\n\n\n<p class=\"has-text-align-center\"><strong>Sinopse: <\/strong><\/p>\n\n\n\n<p class=\"has-text-align-center\">No sul de Minas Gerais, entre as montanhas do distrito de Monte Verde, a jornalista Helena Guimar\u00e3es descobriu mais que deslumbrantes paisagens ao estilo europeu. Encontrou um encantador condom\u00ednio que parecia uma alegre vila de camponeses, amigos ador\u00e1veis e um espanhol rude que se fechou para o mundo. O plano de viagem n\u00e3o saiu conforme planejado, e ela teria que se desligar de toda a magia vivida na pequena vila e seus chal\u00e9s aconchegantes. Al\u00e9m da lembran\u00e7a do delicioso aroma de fondue e chocolate quente e do sentimento despertado pelos extasiantes momentos vividos em terras mineiras&#8230;<\/p>\n\n\n\n<p class=\"has-text-align-center\"><strong>Adquira em formato e-book ou capa comum: <a href=\"https:\/\/www.amazon.ca\/NAS-MONTANHAS-MONTE-VERDE-Portuguese-ebook\/dp\/B08PPD3GB1\" data-type=\"URL\" data-id=\"https:\/\/www.amazon.ca\/NAS-MONTANHAS-MONTE-VERDE-Portuguese-ebook\/dp\/B08PPD3GB1\" target=\"_blank\" rel=\"noreferrer noopener\">Amazon <\/a><\/strong><\/p>\n\n\n\n<p class=\"has-text-align-center\"><strong>Resenhas:<\/strong><\/p>\n\n\n\n<p class=\"has-text-align-center\"><strong><a rel=\"noreferrer noopener\" href=\"https:\/\/www.instagram.com\/p\/CIl_Cuqjj0T\/?utm_source=ig_web_copy_link\" target=\"_blank\" data-type=\"URL\" data-id=\"https:\/\/www.instagram.com\/p\/CIl_Cuqjj0T\/?utm_source=ig_web_copy_link\">Nati Livros de Romance<\/a><\/strong> &#8211; <strong><a rel=\"noreferrer noopener\" href=\"https:\/\/www.instagram.com\/p\/CKkHBw1D1_v\/?utm_source=ig_web_copy_link\" data-type=\"URL\" data-id=\"https:\/\/www.instagram.com\/p\/CKkHBw1D1_v\/?utm_source=ig_web_copy_link\" target=\"_blank\">Minutos Liter\u00e1rios<\/a><\/strong><\/p>\n\n\n\n<p class=\"has-text-align-center\">E tem mais resenhas no <a href=\"https:\/\/www.instagram.com\/subjetiva.lmm\/\" target=\"_blank\" rel=\"noreferrer noopener\">Instagram<\/a>!<\/p>\n\n\n\n<p><\/p>\n\n\n\n<p>#romance #monteverde #minasgerais #hist\u00f3riadeamor #ebook #capacomum #amazon #recome\u00e7o<\/p>\n","protected":false},"excerpt":{"rendered":"<p>&#8221;&nbsp;O problema de Helena n\u00e3o era apenas car\u00eancia, era uma sonhadora. Olhava a vida com olhos de vasta vis\u00e3o: a realidade, a possibilidade e o devaneio&#8221; Uma rom\u00e2ntica sonhadora tentando tentando amolecer o cora\u00e7\u00e3o de um espanhol rude e amargurado pela vida. Tudo isso sob a encantadora paisagem serrana de Monte Verde. Sinopse: No sul de Minas Gerais, entre as montanhas do distrito de Monte Verde, a jornalista Helena Guimar\u00e3es descobriu mais que deslumbrantes paisagens ao estilo europeu. Encontrou um encantador condom\u00ednio que parecia uma alegre vila de camponeses, amigos ador\u00e1veis e um espanhol rude que se fechou para o mundo. O plano de viagem n\u00e3o saiu conforme planejado, e ela teria que se desligar de toda a magia vivida na pequena vila e seus chal\u00e9s aconchegantes. Al\u00e9m da lembran\u00e7a do delicioso aroma de fondue e chocolate quente e do sentimento despertado pelos extasiantes momentos vividos em terras mineiras&#8230; Adquira em formato e-book ou capa comum: Amazon Resenhas: Nati Livros de Romance &#8211; Minutos Liter\u00e1rios E tem mais resenhas no Instagram! #romance #monteverde #minasgerais #hist\u00f3riadeamor #ebook #capacomum #amazon #recome\u00e7o<\/p>\n","protected":false},"author":1,"featured_media":0,"parent":0,"menu_order":0,"comment_status":"closed","ping_status":"closed","template":"","meta":{"footnotes":""},"class_list":["post-147","page","type-page","status-publish","hentry"],"yoast_head":"<!-- This site is optimized with the Yoast SEO plugin v26.6 - https:\/\/yoast.com\/wordpress\/plugins\/seo\/ -->\n<title>Nas montanhas de Monte Verde - Luciane Monteiro<\/title>\n<meta name=\"robots\" content=\"index, follow, max-snippet:-1, max-image-preview:large, max-video-preview:-1\" \/>\n<link rel=\"canonical\" href=\"https:\/\/lucianemonteiro.com\/index.php\/nas-montanhas-de-monte-verde\/\" \/>\n<meta property=\"og:locale\" content=\"pt_BR\" \/>\n<meta property=\"og:type\" content=\"article\" \/>\n<meta property=\"og:title\" content=\"Nas montanhas de Monte Verde - Luciane Monteiro\" \/>\n<meta property=\"og:description\" content=\"&#8221;&nbsp;O problema de Helena n\u00e3o era apenas car\u00eancia, era uma sonhadora. Olhava a vida com olhos de vasta vis\u00e3o: a realidade, a possibilidade e o devaneio&#8221; Uma rom\u00e2ntica sonhadora tentando tentando amolecer o cora\u00e7\u00e3o de um espanhol rude e amargurado pela vida. Tudo isso sob a encantadora paisagem serrana de Monte Verde. Sinopse: No sul de Minas Gerais, entre as montanhas do distrito de Monte Verde, a jornalista Helena Guimar\u00e3es descobriu mais que deslumbrantes paisagens ao estilo europeu. Encontrou um encantador condom\u00ednio que parecia uma alegre vila de camponeses, amigos ador\u00e1veis e um espanhol rude que se fechou para o mundo. O plano de viagem n\u00e3o saiu conforme planejado, e ela teria que se desligar de toda a magia vivida na pequena vila e seus chal\u00e9s aconchegantes. Al\u00e9m da lembran\u00e7a do delicioso aroma de fondue e chocolate quente e do sentimento despertado pelos extasiantes momentos vividos em terras mineiras&#8230; Adquira em formato e-book ou capa comum: Amazon Resenhas: Nati Livros de Romance &#8211; Minutos Liter\u00e1rios E tem mais resenhas no Instagram! #romance #monteverde #minasgerais #hist\u00f3riadeamor #ebook #capacomum #amazon #recome\u00e7o\" \/>\n<meta property=\"og:url\" content=\"https:\/\/lucianemonteiro.com\/index.php\/nas-montanhas-de-monte-verde\/\" \/>\n<meta property=\"og:site_name\" content=\"Luciane Monteiro\" \/>\n<meta property=\"article:modified_time\" content=\"2021-09-17T16:22:45+00:00\" \/>\n<meta property=\"og:image\" content=\"https:\/\/lucianemonteiro.com\/wp-content\/uploads\/2021\/01\/Nas-montanhas-de-Monte-Verde.-1024x1024.jpg\" \/>\n<meta name=\"twitter:card\" content=\"summary_large_image\" \/>\n<meta name=\"twitter:label1\" content=\"Est. tempo de leitura\" \/>\n\t<meta name=\"twitter:data1\" content=\"1 minuto\" \/>\n<script type=\"application\/ld+json\" class=\"yoast-schema-graph\">{\"@context\":\"https:\/\/schema.org\",\"@graph\":[{\"@type\":\"WebPage\",\"@id\":\"https:\/\/lucianemonteiro.com\/index.php\/nas-montanhas-de-monte-verde\/\",\"url\":\"https:\/\/lucianemonteiro.com\/index.php\/nas-montanhas-de-monte-verde\/\",\"name\":\"Nas montanhas de Monte Verde - Luciane Monteiro\",\"isPartOf\":{\"@id\":\"https:\/\/lucianemonteiro.com\/#website\"},\"primaryImageOfPage\":{\"@id\":\"https:\/\/lucianemonteiro.com\/index.php\/nas-montanhas-de-monte-verde\/#primaryimage\"},\"image\":{\"@id\":\"https:\/\/lucianemonteiro.com\/index.php\/nas-montanhas-de-monte-verde\/#primaryimage\"},\"thumbnailUrl\":\"https:\/\/lucianemonteiro.com\/wp-content\/uploads\/2021\/01\/Nas-montanhas-de-Monte-Verde.-1024x1024.jpg\",\"datePublished\":\"2021-01-17T03:38:47+00:00\",\"dateModified\":\"2021-09-17T16:22:45+00:00\",\"breadcrumb\":{\"@id\":\"https:\/\/lucianemonteiro.com\/index.php\/nas-montanhas-de-monte-verde\/#breadcrumb\"},\"inLanguage\":\"pt-BR\",\"potentialAction\":[{\"@type\":\"ReadAction\",\"target\":[\"https:\/\/lucianemonteiro.com\/index.php\/nas-montanhas-de-monte-verde\/\"]}]},{\"@type\":\"ImageObject\",\"inLanguage\":\"pt-BR\",\"@id\":\"https:\/\/lucianemonteiro.com\/index.php\/nas-montanhas-de-monte-verde\/#primaryimage\",\"url\":\"https:\/\/lucianemonteiro.com\/wp-content\/uploads\/2021\/01\/Nas-montanhas-de-Monte-Verde..jpg\",\"contentUrl\":\"https:\/\/lucianemonteiro.com\/wp-content\/uploads\/2021\/01\/Nas-montanhas-de-Monte-Verde..jpg\",\"width\":1080,\"height\":1080},{\"@type\":\"BreadcrumbList\",\"@id\":\"https:\/\/lucianemonteiro.com\/index.php\/nas-montanhas-de-monte-verde\/#breadcrumb\",\"itemListElement\":[{\"@type\":\"ListItem\",\"position\":1,\"name\":\"In\u00edcio\",\"item\":\"https:\/\/lucianemonteiro.com\/\"},{\"@type\":\"ListItem\",\"position\":2,\"name\":\"Nas montanhas de Monte Verde\"}]},{\"@type\":\"WebSite\",\"@id\":\"https:\/\/lucianemonteiro.com\/#website\",\"url\":\"https:\/\/lucianemonteiro.com\/\",\"name\":\"Luciane Monteiro\",\"description\":\"Escritos\",\"potentialAction\":[{\"@type\":\"SearchAction\",\"target\":{\"@type\":\"EntryPoint\",\"urlTemplate\":\"https:\/\/lucianemonteiro.com\/?s={search_term_string}\"},\"query-input\":{\"@type\":\"PropertyValueSpecification\",\"valueRequired\":true,\"valueName\":\"search_term_string\"}}],\"inLanguage\":\"pt-BR\"}]}<\/script>\n<!-- \/ Yoast SEO plugin. -->","yoast_head_json":{"title":"Nas montanhas de Monte Verde - Luciane Monteiro","robots":{"index":"index","follow":"follow","max-snippet":"max-snippet:-1","max-image-preview":"max-image-preview:large","max-video-preview":"max-video-preview:-1"},"canonical":"https:\/\/lucianemonteiro.com\/index.php\/nas-montanhas-de-monte-verde\/","og_locale":"pt_BR","og_type":"article","og_title":"Nas montanhas de Monte Verde - Luciane Monteiro","og_description":"&#8221;&nbsp;O problema de Helena n\u00e3o era apenas car\u00eancia, era uma sonhadora. Olhava a vida com olhos de vasta vis\u00e3o: a realidade, a possibilidade e o devaneio&#8221; Uma rom\u00e2ntica sonhadora tentando tentando amolecer o cora\u00e7\u00e3o de um espanhol rude e amargurado pela vida. Tudo isso sob a encantadora paisagem serrana de Monte Verde. Sinopse: No sul de Minas Gerais, entre as montanhas do distrito de Monte Verde, a jornalista Helena Guimar\u00e3es descobriu mais que deslumbrantes paisagens ao estilo europeu. Encontrou um encantador condom\u00ednio que parecia uma alegre vila de camponeses, amigos ador\u00e1veis e um espanhol rude que se fechou para o mundo. O plano de viagem n\u00e3o saiu conforme planejado, e ela teria que se desligar de toda a magia vivida na pequena vila e seus chal\u00e9s aconchegantes. Al\u00e9m da lembran\u00e7a do delicioso aroma de fondue e chocolate quente e do sentimento despertado pelos extasiantes momentos vividos em terras mineiras&#8230; Adquira em formato e-book ou capa comum: Amazon Resenhas: Nati Livros de Romance &#8211; Minutos Liter\u00e1rios E tem mais resenhas no Instagram! #romance #monteverde #minasgerais #hist\u00f3riadeamor #ebook #capacomum #amazon #recome\u00e7o","og_url":"https:\/\/lucianemonteiro.com\/index.php\/nas-montanhas-de-monte-verde\/","og_site_name":"Luciane Monteiro","article_modified_time":"2021-09-17T16:22:45+00:00","og_image":[{"url":"https:\/\/lucianemonteiro.com\/wp-content\/uploads\/2021\/01\/Nas-montanhas-de-Monte-Verde.-1024x1024.jpg","type":"","width":"","height":""}],"twitter_card":"summary_large_image","twitter_misc":{"Est. tempo de leitura":"1 minuto"},"schema":{"@context":"https:\/\/schema.org","@graph":[{"@type":"WebPage","@id":"https:\/\/lucianemonteiro.com\/index.php\/nas-montanhas-de-monte-verde\/","url":"https:\/\/lucianemonteiro.com\/index.php\/nas-montanhas-de-monte-verde\/","name":"Nas montanhas de Monte Verde - Luciane Monteiro","isPartOf":{"@id":"https:\/\/lucianemonteiro.com\/#website"},"primaryImageOfPage":{"@id":"https:\/\/lucianemonteiro.com\/index.php\/nas-montanhas-de-monte-verde\/#primaryimage"},"image":{"@id":"https:\/\/lucianemonteiro.com\/index.php\/nas-montanhas-de-monte-verde\/#primaryimage"},"thumbnailUrl":"https:\/\/lucianemonteiro.com\/wp-content\/uploads\/2021\/01\/Nas-montanhas-de-Monte-Verde.-1024x1024.jpg","datePublished":"2021-01-17T03:38:47+00:00","dateModified":"2021-09-17T16:22:45+00:00","breadcrumb":{"@id":"https:\/\/lucianemonteiro.com\/index.php\/nas-montanhas-de-monte-verde\/#breadcrumb"},"inLanguage":"pt-BR","potentialAction":[{"@type":"ReadAction","target":["https:\/\/lucianemonteiro.com\/index.php\/nas-montanhas-de-monte-verde\/"]}]},{"@type":"ImageObject","inLanguage":"pt-BR","@id":"https:\/\/lucianemonteiro.com\/index.php\/nas-montanhas-de-monte-verde\/#primaryimage","url":"https:\/\/lucianemonteiro.com\/wp-content\/uploads\/2021\/01\/Nas-montanhas-de-Monte-Verde..jpg","contentUrl":"https:\/\/lucianemonteiro.com\/wp-content\/uploads\/2021\/01\/Nas-montanhas-de-Monte-Verde..jpg","width":1080,"height":1080},{"@type":"BreadcrumbList","@id":"https:\/\/lucianemonteiro.com\/index.php\/nas-montanhas-de-monte-verde\/#breadcrumb","itemListElement":[{"@type":"ListItem","position":1,"name":"In\u00edcio","item":"https:\/\/lucianemonteiro.com\/"},{"@type":"ListItem","position":2,"name":"Nas montanhas de Monte Verde"}]},{"@type":"WebSite","@id":"https:\/\/lucianemonteiro.com\/#website","url":"https:\/\/lucianemonteiro.com\/","name":"Luciane Monteiro","description":"Escritos","potentialAction":[{"@type":"SearchAction","target":{"@type":"EntryPoint","urlTemplate":"https:\/\/lucianemonteiro.com\/?s={search_term_string}"},"query-input":{"@type":"PropertyValueSpecification","valueRequired":true,"valueName":"search_term_string"}}],"inLanguage":"pt-BR"}]}},"acf":[],"_links":{"self":[{"href":"https:\/\/lucianemonteiro.com\/index.php\/wp-json\/wp\/v2\/pages\/147","targetHints":{"allow":["GET"]}}],"collection":[{"href":"https:\/\/lucianemonteiro.com\/index.php\/wp-json\/wp\/v2\/pages"}],"about":[{"href":"https:\/\/lucianemonteiro.com\/index.php\/wp-json\/wp\/v2\/types\/page"}],"author":[{"embeddable":true,"href":"https:\/\/lucianemonteiro.com\/index.php\/wp-json\/wp\/v2\/users\/1"}],"replies":[{"embeddable":true,"href":"https:\/\/lucianemonteiro.com\/index.php\/wp-json\/wp\/v2\/comments?post=147"}],"version-history":[{"count":10,"href":"https:\/\/lucianemonteiro.com\/index.php\/wp-json\/wp\/v2\/pages\/147\/revisions"}],"predecessor-version":[{"id":1461,"href":"https:\/\/lucianemonteiro.com\/index.php\/wp-json\/wp\/v2\/pages\/147\/revisions\/1461"}],"wp:attachment":[{"href":"https:\/\/lucianemonteiro.com\/index.php\/wp-json\/wp\/v2\/media?parent=147"}],"curies":[{"name":"wp","href":"https:\/\/api.w.org\/{rel}","templated":true}]}}