{"id":113,"date":"2021-01-17T00:33:54","date_gmt":"2021-01-17T03:33:54","guid":{"rendered":"https:\/\/lucianemonteiro.com\/?page_id=113"},"modified":"2025-05-12T17:21:40","modified_gmt":"2025-05-12T20:21:40","slug":"a-ultima-tempestade","status":"publish","type":"page","link":"https:\/\/lucianemonteiro.com\/index.php\/a-ultima-tempestade\/","title":{"rendered":"A \u00faltima tempestade"},"content":{"rendered":"\n<p>A obra aborda a viol\u00eancia dom\u00e9stica e psicol\u00f3gica contra a mulher, descrevendo uma dentre milhares de hist\u00f3rias que poderiam ter retratado dramas reais vivenciados por diferentes mulheres. Contudo, o foco desse livro n\u00e3o \u00e9 apenas a viol\u00eancia dom\u00e9stica, mas a esperan\u00e7a, o modo como a personagem renasce e recome\u00e7a, juntando os cacos de si mesma. O destaque \u00e9 o amor, a amizade, a persist\u00eancia. \u00c9 por isso que o livro traz dois momentos na vida da personagem, mostrando as tempestades e calmarias que intercalam nossas vidas.<\/p>\n\n\n\n<div class=\"wp-block-columns is-layout-flex wp-container-core-columns-is-layout-9d6595d7 wp-block-columns-is-layout-flex\">\n<div class=\"wp-block-column is-layout-flow wp-block-column-is-layout-flow\" style=\"flex-basis:100%\">\n<div class=\"wp-block-image\"><figure class=\"aligncenter size-medium\"><img loading=\"lazy\" decoding=\"async\" width=\"214\" height=\"300\" src=\"https:\/\/lucianemonteiro.com\/wp-content\/uploads\/2021\/01\/WhatsApp-Image-2020-02-20-at-6.46.22-PM-1-214x300.jpeg\" alt=\"\" class=\"wp-image-129\" srcset=\"https:\/\/lucianemonteiro.com\/wp-content\/uploads\/2021\/01\/WhatsApp-Image-2020-02-20-at-6.46.22-PM-1-214x300.jpeg 214w, https:\/\/lucianemonteiro.com\/wp-content\/uploads\/2021\/01\/WhatsApp-Image-2020-02-20-at-6.46.22-PM-1-730x1024.jpeg 730w, https:\/\/lucianemonteiro.com\/wp-content\/uploads\/2021\/01\/WhatsApp-Image-2020-02-20-at-6.46.22-PM-1-768x1077.jpeg 768w, https:\/\/lucianemonteiro.com\/wp-content\/uploads\/2021\/01\/WhatsApp-Image-2020-02-20-at-6.46.22-PM-1-600x841.jpeg 600w, https:\/\/lucianemonteiro.com\/wp-content\/uploads\/2021\/01\/WhatsApp-Image-2020-02-20-at-6.46.22-PM-1.jpeg 913w\" sizes=\"auto, (max-width: 214px) 100vw, 214px\" \/><\/figure><\/div>\n<\/div>\n<\/div>\n\n\n\n<p class=\"has-text-align-center\"><strong>Sinopse<\/strong><\/p>\n\n\n\n<p class=\"has-text-align-center\">Laura Viana cresceu nos Estados Unidos, por\u00e9m retornou ao Brasil para buscar suas ra\u00edzes e fugir de uma decep\u00e7\u00e3o amorosa. Contudo o destino n\u00e3o lhe reservou boas surpresas em sua terra natal e o Texas voltou a ser seu destino, onde teria que remexer velhas feridas e tentar sentir-se segura novamente.<\/p>\n\n\n\n<p class=\"has-text-align-center\"><strong>Spotify e YouTube<\/strong><\/p>\n\n\n\n<p class=\"has-text-align-center\"><a href=\"https:\/\/youtu.be\/o-7b7N7nlA0\" target=\"_blank\" rel=\"noreferrer noopener\"><strong>Do Livro N\u00e3o Me Livro &#8211; Podcast Liter\u00e1rio <\/strong><\/a><\/p>\n\n\n\n<p class=\"has-text-align-center\"><strong>Resenhas:<\/strong> <\/p>\n\n\n\n<p class=\"has-text-align-center\"><strong><a data-type=\"URL\" data-id=\"https:\/\/www.esquinadacultura.com.br\/post\/resenha-a-ultima-tempestade-e-livro-poderoso-e-necessario\" rel=\"noreferrer noopener\" href=\"https:\/\/www.esquinadacultura.com.br\/post\/resenha-a-ultima-tempestade-e-livro-poderoso-e-necessario\" target=\"_blank\">Esquina da Cultura<\/a><\/strong> &#8211; <strong><a data-type=\"URL\" data-id=\"https:\/\/www.cafecomleitura.com\/2020\/07\/432020-ultima-tempestade.html\" rel=\"noreferrer noopener\" href=\"https:\/\/www.cafecomleitura.com\/2020\/07\/432020-ultima-tempestade.html\" target=\"_blank\">Caf\u00e9 com Leitura<\/a><\/strong> &#8211; <strong><a data-type=\"URL\" data-id=\"http:\/\/www.pacoteliterario.com.br\/2020\/06\/resenha-da-karla-ultima-tempestade.html\" rel=\"noreferrer noopener\" href=\"http:\/\/www.pacoteliterario.com.br\/2020\/06\/resenha-da-karla-ultima-tempestade.html\" target=\"_blank\">Pacote Liter\u00e1rio<\/a><\/strong> &#8211; <strong><a data-type=\"URL\" data-id=\"http:\/\/intheskyblog.blogspot.com\/search?q=luciane+monteiro\" rel=\"noreferrer noopener\" href=\"http:\/\/intheskyblog.blogspot.com\/search?q=luciane+monteiro\" target=\"_blank\">In The Sky Blog<\/a><\/strong> &#8211; <strong><a href=\"https:\/\/www.instagram.com\/p\/CNbBRIgjwsm\/?utm_source=ig_web_copy_link\" target=\"_blank\" rel=\"noreferrer noopener\">Meu Mundo Liter\u00e1rio <\/a>&#8211;<\/strong>  <strong> <a href=\"https:\/\/tattooselivros.blogspot.com\/2021\/04\/a-ultima-tempestade-luciane-monteiro.html\" target=\"_blank\" rel=\"noreferrer noopener\">Tattoo e Livros<\/a><\/strong><\/p>\n\n\n\n<p class=\"has-text-align-center\">E tem muito mais resenhas no Instagram!<\/p>\n\n\n\n<figure class=\"wp-block-image size-large\"><img loading=\"lazy\" decoding=\"async\" width=\"1024\" height=\"469\" src=\"https:\/\/lucianemonteiro.com\/wp-content\/uploads\/2021\/02\/WhatsApp-Image-2020-02-28-at-12.32.36-PM-1024x469.jpeg\" alt=\"\" class=\"wp-image-811\" srcset=\"https:\/\/lucianemonteiro.com\/wp-content\/uploads\/2021\/02\/WhatsApp-Image-2020-02-28-at-12.32.36-PM-1024x469.jpeg 1024w, https:\/\/lucianemonteiro.com\/wp-content\/uploads\/2021\/02\/WhatsApp-Image-2020-02-28-at-12.32.36-PM-300x137.jpeg 300w, https:\/\/lucianemonteiro.com\/wp-content\/uploads\/2021\/02\/WhatsApp-Image-2020-02-28-at-12.32.36-PM-768x352.jpeg 768w, https:\/\/lucianemonteiro.com\/wp-content\/uploads\/2021\/02\/WhatsApp-Image-2020-02-28-at-12.32.36-PM-1140x522.jpeg 1140w, https:\/\/lucianemonteiro.com\/wp-content\/uploads\/2021\/02\/WhatsApp-Image-2020-02-28-at-12.32.36-PM-600x275.jpeg 600w, https:\/\/lucianemonteiro.com\/wp-content\/uploads\/2021\/02\/WhatsApp-Image-2020-02-28-at-12.32.36-PM.jpeg 1280w\" sizes=\"auto, (max-width: 1024px) 100vw, 1024px\" \/><\/figure>\n","protected":false},"excerpt":{"rendered":"<p>A obra aborda a viol\u00eancia dom\u00e9stica e psicol\u00f3gica contra a mulher, descrevendo uma dentre milhares de hist\u00f3rias que poderiam ter retratado dramas reais vivenciados por diferentes mulheres. Contudo, o foco desse livro n\u00e3o \u00e9 apenas a viol\u00eancia dom\u00e9stica, mas a esperan\u00e7a, o modo como a personagem renasce e recome\u00e7a, juntando os cacos de si mesma. O destaque \u00e9 o amor, a amizade, a persist\u00eancia. \u00c9 por isso que o livro traz dois momentos na vida da personagem, mostrando as tempestades e calmarias que intercalam nossas vidas. Sinopse Laura Viana cresceu nos Estados Unidos, por\u00e9m retornou ao Brasil para buscar suas ra\u00edzes e fugir de uma decep\u00e7\u00e3o amorosa. Contudo o destino n\u00e3o lhe reservou boas surpresas em sua terra natal e o Texas voltou a ser seu destino, onde teria que remexer velhas feridas e tentar sentir-se segura novamente. Spotify e YouTube Do Livro N\u00e3o Me Livro &#8211; Podcast Liter\u00e1rio Resenhas: Esquina da Cultura &#8211; Caf\u00e9 com Leitura &#8211; Pacote Liter\u00e1rio &#8211; In The Sky Blog &#8211; Meu Mundo Liter\u00e1rio &#8211; Tattoo e Livros E tem muito mais resenhas no Instagram!<\/p>\n","protected":false},"author":1,"featured_media":0,"parent":0,"menu_order":0,"comment_status":"closed","ping_status":"closed","template":"","meta":{"footnotes":""},"class_list":["post-113","page","type-page","status-publish","hentry"],"yoast_head":"<!-- This site is optimized with the Yoast SEO plugin v26.6 - https:\/\/yoast.com\/wordpress\/plugins\/seo\/ -->\n<title>A \u00faltima tempestade - Luciane Monteiro<\/title>\n<meta name=\"robots\" content=\"index, follow, max-snippet:-1, max-image-preview:large, max-video-preview:-1\" \/>\n<link rel=\"canonical\" href=\"https:\/\/lucianemonteiro.com\/index.php\/a-ultima-tempestade\/\" \/>\n<meta property=\"og:locale\" content=\"pt_BR\" \/>\n<meta property=\"og:type\" content=\"article\" \/>\n<meta property=\"og:title\" content=\"A \u00faltima tempestade - Luciane Monteiro\" \/>\n<meta property=\"og:description\" content=\"A obra aborda a viol\u00eancia dom\u00e9stica e psicol\u00f3gica contra a mulher, descrevendo uma dentre milhares de hist\u00f3rias que poderiam ter retratado dramas reais vivenciados por diferentes mulheres. Contudo, o foco desse livro n\u00e3o \u00e9 apenas a viol\u00eancia dom\u00e9stica, mas a esperan\u00e7a, o modo como a personagem renasce e recome\u00e7a, juntando os cacos de si mesma. O destaque \u00e9 o amor, a amizade, a persist\u00eancia. \u00c9 por isso que o livro traz dois momentos na vida da personagem, mostrando as tempestades e calmarias que intercalam nossas vidas. Sinopse Laura Viana cresceu nos Estados Unidos, por\u00e9m retornou ao Brasil para buscar suas ra\u00edzes e fugir de uma decep\u00e7\u00e3o amorosa. Contudo o destino n\u00e3o lhe reservou boas surpresas em sua terra natal e o Texas voltou a ser seu destino, onde teria que remexer velhas feridas e tentar sentir-se segura novamente. Spotify e YouTube Do Livro N\u00e3o Me Livro &#8211; Podcast Liter\u00e1rio Resenhas: Esquina da Cultura &#8211; Caf\u00e9 com Leitura &#8211; Pacote Liter\u00e1rio &#8211; In The Sky Blog &#8211; Meu Mundo Liter\u00e1rio &#8211; Tattoo e Livros E tem muito mais resenhas no Instagram!\" \/>\n<meta property=\"og:url\" content=\"https:\/\/lucianemonteiro.com\/index.php\/a-ultima-tempestade\/\" \/>\n<meta property=\"og:site_name\" content=\"Luciane Monteiro\" \/>\n<meta property=\"article:modified_time\" content=\"2025-05-12T20:21:40+00:00\" \/>\n<meta property=\"og:image\" content=\"https:\/\/lucianemonteiro.com\/wp-content\/uploads\/2021\/01\/WhatsApp-Image-2020-02-20-at-6.46.22-PM-1-214x300.jpeg\" \/>\n<meta name=\"twitter:card\" content=\"summary_large_image\" \/>\n<meta name=\"twitter:label1\" content=\"Est. tempo de leitura\" \/>\n\t<meta name=\"twitter:data1\" content=\"2 minutos\" \/>\n<script type=\"application\/ld+json\" class=\"yoast-schema-graph\">{\"@context\":\"https:\/\/schema.org\",\"@graph\":[{\"@type\":\"WebPage\",\"@id\":\"https:\/\/lucianemonteiro.com\/index.php\/a-ultima-tempestade\/\",\"url\":\"https:\/\/lucianemonteiro.com\/index.php\/a-ultima-tempestade\/\",\"name\":\"A \u00faltima tempestade - Luciane Monteiro\",\"isPartOf\":{\"@id\":\"https:\/\/lucianemonteiro.com\/#website\"},\"primaryImageOfPage\":{\"@id\":\"https:\/\/lucianemonteiro.com\/index.php\/a-ultima-tempestade\/#primaryimage\"},\"image\":{\"@id\":\"https:\/\/lucianemonteiro.com\/index.php\/a-ultima-tempestade\/#primaryimage\"},\"thumbnailUrl\":\"https:\/\/lucianemonteiro.com\/wp-content\/uploads\/2021\/01\/WhatsApp-Image-2020-02-20-at-6.46.22-PM-1-214x300.jpeg\",\"datePublished\":\"2021-01-17T03:33:54+00:00\",\"dateModified\":\"2025-05-12T20:21:40+00:00\",\"breadcrumb\":{\"@id\":\"https:\/\/lucianemonteiro.com\/index.php\/a-ultima-tempestade\/#breadcrumb\"},\"inLanguage\":\"pt-BR\",\"potentialAction\":[{\"@type\":\"ReadAction\",\"target\":[\"https:\/\/lucianemonteiro.com\/index.php\/a-ultima-tempestade\/\"]}]},{\"@type\":\"ImageObject\",\"inLanguage\":\"pt-BR\",\"@id\":\"https:\/\/lucianemonteiro.com\/index.php\/a-ultima-tempestade\/#primaryimage\",\"url\":\"https:\/\/lucianemonteiro.com\/wp-content\/uploads\/2021\/01\/WhatsApp-Image-2020-02-20-at-6.46.22-PM-1.jpeg\",\"contentUrl\":\"https:\/\/lucianemonteiro.com\/wp-content\/uploads\/2021\/01\/WhatsApp-Image-2020-02-20-at-6.46.22-PM-1.jpeg\",\"width\":913,\"height\":1280},{\"@type\":\"BreadcrumbList\",\"@id\":\"https:\/\/lucianemonteiro.com\/index.php\/a-ultima-tempestade\/#breadcrumb\",\"itemListElement\":[{\"@type\":\"ListItem\",\"position\":1,\"name\":\"In\u00edcio\",\"item\":\"https:\/\/lucianemonteiro.com\/\"},{\"@type\":\"ListItem\",\"position\":2,\"name\":\"A \u00faltima tempestade\"}]},{\"@type\":\"WebSite\",\"@id\":\"https:\/\/lucianemonteiro.com\/#website\",\"url\":\"https:\/\/lucianemonteiro.com\/\",\"name\":\"Luciane Monteiro\",\"description\":\"Escritos\",\"potentialAction\":[{\"@type\":\"SearchAction\",\"target\":{\"@type\":\"EntryPoint\",\"urlTemplate\":\"https:\/\/lucianemonteiro.com\/?s={search_term_string}\"},\"query-input\":{\"@type\":\"PropertyValueSpecification\",\"valueRequired\":true,\"valueName\":\"search_term_string\"}}],\"inLanguage\":\"pt-BR\"}]}<\/script>\n<!-- \/ Yoast SEO plugin. -->","yoast_head_json":{"title":"A \u00faltima tempestade - Luciane Monteiro","robots":{"index":"index","follow":"follow","max-snippet":"max-snippet:-1","max-image-preview":"max-image-preview:large","max-video-preview":"max-video-preview:-1"},"canonical":"https:\/\/lucianemonteiro.com\/index.php\/a-ultima-tempestade\/","og_locale":"pt_BR","og_type":"article","og_title":"A \u00faltima tempestade - Luciane Monteiro","og_description":"A obra aborda a viol\u00eancia dom\u00e9stica e psicol\u00f3gica contra a mulher, descrevendo uma dentre milhares de hist\u00f3rias que poderiam ter retratado dramas reais vivenciados por diferentes mulheres. Contudo, o foco desse livro n\u00e3o \u00e9 apenas a viol\u00eancia dom\u00e9stica, mas a esperan\u00e7a, o modo como a personagem renasce e recome\u00e7a, juntando os cacos de si mesma. O destaque \u00e9 o amor, a amizade, a persist\u00eancia. \u00c9 por isso que o livro traz dois momentos na vida da personagem, mostrando as tempestades e calmarias que intercalam nossas vidas. Sinopse Laura Viana cresceu nos Estados Unidos, por\u00e9m retornou ao Brasil para buscar suas ra\u00edzes e fugir de uma decep\u00e7\u00e3o amorosa. Contudo o destino n\u00e3o lhe reservou boas surpresas em sua terra natal e o Texas voltou a ser seu destino, onde teria que remexer velhas feridas e tentar sentir-se segura novamente. Spotify e YouTube Do Livro N\u00e3o Me Livro &#8211; Podcast Liter\u00e1rio Resenhas: Esquina da Cultura &#8211; Caf\u00e9 com Leitura &#8211; Pacote Liter\u00e1rio &#8211; In The Sky Blog &#8211; Meu Mundo Liter\u00e1rio &#8211; Tattoo e Livros E tem muito mais resenhas no Instagram!","og_url":"https:\/\/lucianemonteiro.com\/index.php\/a-ultima-tempestade\/","og_site_name":"Luciane Monteiro","article_modified_time":"2025-05-12T20:21:40+00:00","og_image":[{"url":"https:\/\/lucianemonteiro.com\/wp-content\/uploads\/2021\/01\/WhatsApp-Image-2020-02-20-at-6.46.22-PM-1-214x300.jpeg","type":"","width":"","height":""}],"twitter_card":"summary_large_image","twitter_misc":{"Est. tempo de leitura":"2 minutos"},"schema":{"@context":"https:\/\/schema.org","@graph":[{"@type":"WebPage","@id":"https:\/\/lucianemonteiro.com\/index.php\/a-ultima-tempestade\/","url":"https:\/\/lucianemonteiro.com\/index.php\/a-ultima-tempestade\/","name":"A \u00faltima tempestade - Luciane Monteiro","isPartOf":{"@id":"https:\/\/lucianemonteiro.com\/#website"},"primaryImageOfPage":{"@id":"https:\/\/lucianemonteiro.com\/index.php\/a-ultima-tempestade\/#primaryimage"},"image":{"@id":"https:\/\/lucianemonteiro.com\/index.php\/a-ultima-tempestade\/#primaryimage"},"thumbnailUrl":"https:\/\/lucianemonteiro.com\/wp-content\/uploads\/2021\/01\/WhatsApp-Image-2020-02-20-at-6.46.22-PM-1-214x300.jpeg","datePublished":"2021-01-17T03:33:54+00:00","dateModified":"2025-05-12T20:21:40+00:00","breadcrumb":{"@id":"https:\/\/lucianemonteiro.com\/index.php\/a-ultima-tempestade\/#breadcrumb"},"inLanguage":"pt-BR","potentialAction":[{"@type":"ReadAction","target":["https:\/\/lucianemonteiro.com\/index.php\/a-ultima-tempestade\/"]}]},{"@type":"ImageObject","inLanguage":"pt-BR","@id":"https:\/\/lucianemonteiro.com\/index.php\/a-ultima-tempestade\/#primaryimage","url":"https:\/\/lucianemonteiro.com\/wp-content\/uploads\/2021\/01\/WhatsApp-Image-2020-02-20-at-6.46.22-PM-1.jpeg","contentUrl":"https:\/\/lucianemonteiro.com\/wp-content\/uploads\/2021\/01\/WhatsApp-Image-2020-02-20-at-6.46.22-PM-1.jpeg","width":913,"height":1280},{"@type":"BreadcrumbList","@id":"https:\/\/lucianemonteiro.com\/index.php\/a-ultima-tempestade\/#breadcrumb","itemListElement":[{"@type":"ListItem","position":1,"name":"In\u00edcio","item":"https:\/\/lucianemonteiro.com\/"},{"@type":"ListItem","position":2,"name":"A \u00faltima tempestade"}]},{"@type":"WebSite","@id":"https:\/\/lucianemonteiro.com\/#website","url":"https:\/\/lucianemonteiro.com\/","name":"Luciane Monteiro","description":"Escritos","potentialAction":[{"@type":"SearchAction","target":{"@type":"EntryPoint","urlTemplate":"https:\/\/lucianemonteiro.com\/?s={search_term_string}"},"query-input":{"@type":"PropertyValueSpecification","valueRequired":true,"valueName":"search_term_string"}}],"inLanguage":"pt-BR"}]}},"acf":[],"_links":{"self":[{"href":"https:\/\/lucianemonteiro.com\/index.php\/wp-json\/wp\/v2\/pages\/113","targetHints":{"allow":["GET"]}}],"collection":[{"href":"https:\/\/lucianemonteiro.com\/index.php\/wp-json\/wp\/v2\/pages"}],"about":[{"href":"https:\/\/lucianemonteiro.com\/index.php\/wp-json\/wp\/v2\/types\/page"}],"author":[{"embeddable":true,"href":"https:\/\/lucianemonteiro.com\/index.php\/wp-json\/wp\/v2\/users\/1"}],"replies":[{"embeddable":true,"href":"https:\/\/lucianemonteiro.com\/index.php\/wp-json\/wp\/v2\/comments?post=113"}],"version-history":[{"count":22,"href":"https:\/\/lucianemonteiro.com\/index.php\/wp-json\/wp\/v2\/pages\/113\/revisions"}],"predecessor-version":[{"id":2227,"href":"https:\/\/lucianemonteiro.com\/index.php\/wp-json\/wp\/v2\/pages\/113\/revisions\/2227"}],"wp:attachment":[{"href":"https:\/\/lucianemonteiro.com\/index.php\/wp-json\/wp\/v2\/media?parent=113"}],"curies":[{"name":"wp","href":"https:\/\/api.w.org\/{rel}","templated":true}]}}