{"id":108,"date":"2021-01-17T00:42:00","date_gmt":"2021-01-17T03:42:00","guid":{"rendered":"https:\/\/lucianemonteiro.com\/?page_id=108"},"modified":"2025-05-12T17:20:03","modified_gmt":"2025-05-12T20:20:03","slug":"taca-escarlate","status":"publish","type":"page","link":"https:\/\/lucianemonteiro.com\/index.php\/taca-escarlate\/","title":{"rendered":"Ta\u00e7a Escarlate"},"content":{"rendered":"\n<p class=\"has-text-align-center\">Gosto muito de explorar a alma feminina, em seus anseios, seus recuos e retornos triunfais. Esse livro re\u00fane contos do universo feminino, onde o real e o psicol\u00f3gico se fundem o tempo todo. Guerreiras ou fr\u00e1geis, intensas ou rasas, todas merecem uma p\u00e1gina, duas, quantas forem necess\u00e1rias para bordar seus ensejos.<\/p>\n\n\n\n<div class=\"wp-block-image\"><figure class=\"aligncenter size-large is-resized\"><img loading=\"lazy\" decoding=\"async\" src=\"https:\/\/lucianemonteiro.com\/wp-content\/uploads\/2021\/01\/WhatsApp-Image-2019-11-25-at-00.09.43-1024x682.jpeg\" alt=\"\" class=\"wp-image-109\" width=\"512\" height=\"341\" srcset=\"https:\/\/lucianemonteiro.com\/wp-content\/uploads\/2021\/01\/WhatsApp-Image-2019-11-25-at-00.09.43-1024x682.jpeg 1024w, https:\/\/lucianemonteiro.com\/wp-content\/uploads\/2021\/01\/WhatsApp-Image-2019-11-25-at-00.09.43-300x200.jpeg 300w, https:\/\/lucianemonteiro.com\/wp-content\/uploads\/2021\/01\/WhatsApp-Image-2019-11-25-at-00.09.43-768x512.jpeg 768w, https:\/\/lucianemonteiro.com\/wp-content\/uploads\/2021\/01\/WhatsApp-Image-2019-11-25-at-00.09.43-1140x760.jpeg 1140w, https:\/\/lucianemonteiro.com\/wp-content\/uploads\/2021\/01\/WhatsApp-Image-2019-11-25-at-00.09.43-600x400.jpeg 600w, https:\/\/lucianemonteiro.com\/wp-content\/uploads\/2021\/01\/WhatsApp-Image-2019-11-25-at-00.09.43.jpeg 1280w\" sizes=\"auto, (max-width: 512px) 100vw, 512px\" \/><\/figure><\/div>\n\n\n\n<p class=\"has-text-align-center\"><strong>Sinopse:<\/strong> O livro traz contos com personagens femininos que retratam os anseios da mulher, suas buscas, batalhas e descobertas. S\u00e3o diferentes faces que se exp\u00f5em em cada narrativa ao longo da obra; umas apenas como mulheres que desfalecem em suas caminhadas, outras como lobas selvagens que se libertam e alcan\u00e7am sua plenitude.&nbsp;<\/p>\n\n\n\n<p class=\"has-text-align-center\"><strong>Leia um dos contos do Ta\u00e7a Escarlate  na revista Ser Mulher Arte:<\/strong><\/p>\n\n\n\n<p class=\"has-text-align-center\"><a href=\"http:\/\/www.sermulherarte.com\/2020\/04\/a-magia-do-conto-de-luciane-monteiro.html?fbclid=IwAR0la7ckhrY40OSpFrk2HFZekNEpdDe2vOrP1jTYRZwWrtvkmNseXLOfV4M\" target=\"_blank\" rel=\"noreferrer noopener\"><strong>&#8220;A caixa e o sonho&#8221;<\/strong><\/a><\/p>\n\n\n\n<p class=\"has-text-align-center\"><strong>Resenhas:<\/strong><\/p>\n\n\n\n<p class=\"has-text-align-center\"><strong><a data-type=\"URL\" data-id=\"https:\/\/www.esquinadacultura.com.br\/post\/resenha-taca-escarlate-se-aprofunda-na-forca-da-mulher\" rel=\"noreferrer noopener\" href=\"https:\/\/www.esquinadacultura.com.br\/post\/resenha-taca-escarlate-se-aprofunda-na-forca-da-mulher\" target=\"_blank\">Esquina da Cultura<\/a><\/strong>&nbsp;\u2013&nbsp;<a data-type=\"URL\" data-id=\"https:\/\/www.cafecomleitura.com\/2020\/05\/342020-taca-escarlate.html\" rel=\"noreferrer noopener\" href=\"https:\/\/www.cafecomleitura.com\/2020\/05\/342020-taca-escarlate.html\" target=\"_blank\"><strong>Caf\u00e9 com Leitura<\/strong>&nbsp;<\/a>\u2013&nbsp;<strong><a rel=\"noreferrer noopener\" href=\"http:\/\/www.pacoteliterario.com.br\/2020\/06\/resenha-da-karla-ultima-tempestade.html\" target=\"_blank\">P<\/a><a data-type=\"URL\" data-id=\"http:\/\/www.pacoteliterario.com.br\/2020\/08\/resenha-da-karla-taca-escarlate.html\" rel=\"noreferrer noopener\" href=\"http:\/\/www.pacoteliterario.com.br\/2020\/08\/resenha-da-karla-taca-escarlate.html\" target=\"_blank\">acot<\/a><a rel=\"noreferrer noopener\" href=\"http:\/\/www.pacoteliterario.com.br\/2020\/06\/resenha-da-karla-ultima-tempestade.html\" target=\"_blank\">e Liter\u00e1rio<\/a><\/strong>&nbsp;&#8211; <strong><a href=\"https:\/\/tattooselivros.blogspot.com\/search?q=ta%C3%A7a+escarlate\" target=\"_blank\" rel=\"noreferrer noopener\">Tattoo e Livros<\/a><\/strong><\/p>\n\n\n\n<p class=\"has-text-align-center\">E tem mais resenhas no Instagram!<\/p>\n\n\n\n<figure class=\"wp-block-image size-large\"><img loading=\"lazy\" decoding=\"async\" width=\"1024\" height=\"472\" src=\"https:\/\/lucianemonteiro.com\/wp-content\/uploads\/2021\/02\/capa-aberta-1024x472.jpg\" alt=\"\" class=\"wp-image-821\" srcset=\"https:\/\/lucianemonteiro.com\/wp-content\/uploads\/2021\/02\/capa-aberta-1024x472.jpg 1024w, https:\/\/lucianemonteiro.com\/wp-content\/uploads\/2021\/02\/capa-aberta-300x138.jpg 300w, https:\/\/lucianemonteiro.com\/wp-content\/uploads\/2021\/02\/capa-aberta-768x354.jpg 768w, https:\/\/lucianemonteiro.com\/wp-content\/uploads\/2021\/02\/capa-aberta-1140x525.jpg 1140w, https:\/\/lucianemonteiro.com\/wp-content\/uploads\/2021\/02\/capa-aberta-600x277.jpg 600w, https:\/\/lucianemonteiro.com\/wp-content\/uploads\/2021\/02\/capa-aberta.jpg 1280w\" sizes=\"auto, (max-width: 1024px) 100vw, 1024px\" \/><\/figure>\n\n\n\n<p class=\"has-text-align-center\">#contos #universofeminino #mulheres #aprendizagem #autoestima #recome\u00e7o #literaturanacional #capacomum #editorainverso<\/p>\n","protected":false},"excerpt":{"rendered":"<p>Gosto muito de explorar a alma feminina, em seus anseios, seus recuos e retornos triunfais. Esse livro re\u00fane contos do universo feminino, onde o real e o psicol\u00f3gico se fundem o tempo todo. Guerreiras ou fr\u00e1geis, intensas ou rasas, todas merecem uma p\u00e1gina, duas, quantas forem necess\u00e1rias para bordar seus ensejos. Sinopse: O livro traz contos com personagens femininos que retratam os anseios da mulher, suas buscas, batalhas e descobertas. S\u00e3o diferentes faces que se exp\u00f5em em cada narrativa ao longo da obra; umas apenas como mulheres que desfalecem em suas caminhadas, outras como lobas selvagens que se libertam e alcan\u00e7am sua plenitude.&nbsp; Leia um dos contos do Ta\u00e7a Escarlate na revista Ser Mulher Arte: &#8220;A caixa e o sonho&#8221; Resenhas: Esquina da Cultura&nbsp;\u2013&nbsp;Caf\u00e9 com Leitura&nbsp;\u2013&nbsp;Pacote Liter\u00e1rio&nbsp;&#8211; Tattoo e Livros E tem mais resenhas no Instagram! #contos #universofeminino #mulheres #aprendizagem #autoestima #recome\u00e7o #literaturanacional #capacomum #editorainverso<\/p>\n","protected":false},"author":1,"featured_media":0,"parent":0,"menu_order":0,"comment_status":"closed","ping_status":"closed","template":"","meta":{"footnotes":""},"class_list":["post-108","page","type-page","status-publish","hentry"],"yoast_head":"<!-- This site is optimized with the Yoast SEO plugin v26.6 - https:\/\/yoast.com\/wordpress\/plugins\/seo\/ -->\n<title>Ta\u00e7a Escarlate - Luciane Monteiro<\/title>\n<meta name=\"robots\" content=\"index, follow, max-snippet:-1, max-image-preview:large, max-video-preview:-1\" \/>\n<link rel=\"canonical\" href=\"https:\/\/lucianemonteiro.com\/index.php\/taca-escarlate\/\" \/>\n<meta property=\"og:locale\" content=\"pt_BR\" \/>\n<meta property=\"og:type\" content=\"article\" \/>\n<meta property=\"og:title\" content=\"Ta\u00e7a Escarlate - Luciane Monteiro\" \/>\n<meta property=\"og:description\" content=\"Gosto muito de explorar a alma feminina, em seus anseios, seus recuos e retornos triunfais. Esse livro re\u00fane contos do universo feminino, onde o real e o psicol\u00f3gico se fundem o tempo todo. Guerreiras ou fr\u00e1geis, intensas ou rasas, todas merecem uma p\u00e1gina, duas, quantas forem necess\u00e1rias para bordar seus ensejos. Sinopse: O livro traz contos com personagens femininos que retratam os anseios da mulher, suas buscas, batalhas e descobertas. S\u00e3o diferentes faces que se exp\u00f5em em cada narrativa ao longo da obra; umas apenas como mulheres que desfalecem em suas caminhadas, outras como lobas selvagens que se libertam e alcan\u00e7am sua plenitude.&nbsp; Leia um dos contos do Ta\u00e7a Escarlate na revista Ser Mulher Arte: &#8220;A caixa e o sonho&#8221; Resenhas: Esquina da Cultura&nbsp;\u2013&nbsp;Caf\u00e9 com Leitura&nbsp;\u2013&nbsp;Pacote Liter\u00e1rio&nbsp;&#8211; Tattoo e Livros E tem mais resenhas no Instagram! #contos #universofeminino #mulheres #aprendizagem #autoestima #recome\u00e7o #literaturanacional #capacomum #editorainverso\" \/>\n<meta property=\"og:url\" content=\"https:\/\/lucianemonteiro.com\/index.php\/taca-escarlate\/\" \/>\n<meta property=\"og:site_name\" content=\"Luciane Monteiro\" \/>\n<meta property=\"article:modified_time\" content=\"2025-05-12T20:20:03+00:00\" \/>\n<meta property=\"og:image\" content=\"https:\/\/lucianemonteiro.com\/wp-content\/uploads\/2021\/01\/WhatsApp-Image-2019-11-25-at-00.09.43-1024x682.jpeg\" \/>\n<meta name=\"twitter:card\" content=\"summary_large_image\" \/>\n<meta name=\"twitter:label1\" content=\"Est. tempo de leitura\" \/>\n\t<meta name=\"twitter:data1\" content=\"2 minutos\" \/>\n<script type=\"application\/ld+json\" class=\"yoast-schema-graph\">{\"@context\":\"https:\/\/schema.org\",\"@graph\":[{\"@type\":\"WebPage\",\"@id\":\"https:\/\/lucianemonteiro.com\/index.php\/taca-escarlate\/\",\"url\":\"https:\/\/lucianemonteiro.com\/index.php\/taca-escarlate\/\",\"name\":\"Ta\u00e7a Escarlate - Luciane Monteiro\",\"isPartOf\":{\"@id\":\"https:\/\/lucianemonteiro.com\/#website\"},\"primaryImageOfPage\":{\"@id\":\"https:\/\/lucianemonteiro.com\/index.php\/taca-escarlate\/#primaryimage\"},\"image\":{\"@id\":\"https:\/\/lucianemonteiro.com\/index.php\/taca-escarlate\/#primaryimage\"},\"thumbnailUrl\":\"https:\/\/lucianemonteiro.com\/wp-content\/uploads\/2021\/01\/WhatsApp-Image-2019-11-25-at-00.09.43-1024x682.jpeg\",\"datePublished\":\"2021-01-17T03:42:00+00:00\",\"dateModified\":\"2025-05-12T20:20:03+00:00\",\"breadcrumb\":{\"@id\":\"https:\/\/lucianemonteiro.com\/index.php\/taca-escarlate\/#breadcrumb\"},\"inLanguage\":\"pt-BR\",\"potentialAction\":[{\"@type\":\"ReadAction\",\"target\":[\"https:\/\/lucianemonteiro.com\/index.php\/taca-escarlate\/\"]}]},{\"@type\":\"ImageObject\",\"inLanguage\":\"pt-BR\",\"@id\":\"https:\/\/lucianemonteiro.com\/index.php\/taca-escarlate\/#primaryimage\",\"url\":\"https:\/\/lucianemonteiro.com\/wp-content\/uploads\/2021\/01\/WhatsApp-Image-2019-11-25-at-00.09.43.jpeg\",\"contentUrl\":\"https:\/\/lucianemonteiro.com\/wp-content\/uploads\/2021\/01\/WhatsApp-Image-2019-11-25-at-00.09.43.jpeg\",\"width\":1280,\"height\":853},{\"@type\":\"BreadcrumbList\",\"@id\":\"https:\/\/lucianemonteiro.com\/index.php\/taca-escarlate\/#breadcrumb\",\"itemListElement\":[{\"@type\":\"ListItem\",\"position\":1,\"name\":\"In\u00edcio\",\"item\":\"https:\/\/lucianemonteiro.com\/\"},{\"@type\":\"ListItem\",\"position\":2,\"name\":\"Ta\u00e7a Escarlate\"}]},{\"@type\":\"WebSite\",\"@id\":\"https:\/\/lucianemonteiro.com\/#website\",\"url\":\"https:\/\/lucianemonteiro.com\/\",\"name\":\"Luciane Monteiro\",\"description\":\"Escritos\",\"potentialAction\":[{\"@type\":\"SearchAction\",\"target\":{\"@type\":\"EntryPoint\",\"urlTemplate\":\"https:\/\/lucianemonteiro.com\/?s={search_term_string}\"},\"query-input\":{\"@type\":\"PropertyValueSpecification\",\"valueRequired\":true,\"valueName\":\"search_term_string\"}}],\"inLanguage\":\"pt-BR\"}]}<\/script>\n<!-- \/ Yoast SEO plugin. -->","yoast_head_json":{"title":"Ta\u00e7a Escarlate - Luciane Monteiro","robots":{"index":"index","follow":"follow","max-snippet":"max-snippet:-1","max-image-preview":"max-image-preview:large","max-video-preview":"max-video-preview:-1"},"canonical":"https:\/\/lucianemonteiro.com\/index.php\/taca-escarlate\/","og_locale":"pt_BR","og_type":"article","og_title":"Ta\u00e7a Escarlate - Luciane Monteiro","og_description":"Gosto muito de explorar a alma feminina, em seus anseios, seus recuos e retornos triunfais. Esse livro re\u00fane contos do universo feminino, onde o real e o psicol\u00f3gico se fundem o tempo todo. Guerreiras ou fr\u00e1geis, intensas ou rasas, todas merecem uma p\u00e1gina, duas, quantas forem necess\u00e1rias para bordar seus ensejos. Sinopse: O livro traz contos com personagens femininos que retratam os anseios da mulher, suas buscas, batalhas e descobertas. S\u00e3o diferentes faces que se exp\u00f5em em cada narrativa ao longo da obra; umas apenas como mulheres que desfalecem em suas caminhadas, outras como lobas selvagens que se libertam e alcan\u00e7am sua plenitude.&nbsp; Leia um dos contos do Ta\u00e7a Escarlate na revista Ser Mulher Arte: &#8220;A caixa e o sonho&#8221; Resenhas: Esquina da Cultura&nbsp;\u2013&nbsp;Caf\u00e9 com Leitura&nbsp;\u2013&nbsp;Pacote Liter\u00e1rio&nbsp;&#8211; Tattoo e Livros E tem mais resenhas no Instagram! #contos #universofeminino #mulheres #aprendizagem #autoestima #recome\u00e7o #literaturanacional #capacomum #editorainverso","og_url":"https:\/\/lucianemonteiro.com\/index.php\/taca-escarlate\/","og_site_name":"Luciane Monteiro","article_modified_time":"2025-05-12T20:20:03+00:00","og_image":[{"url":"https:\/\/lucianemonteiro.com\/wp-content\/uploads\/2021\/01\/WhatsApp-Image-2019-11-25-at-00.09.43-1024x682.jpeg","type":"","width":"","height":""}],"twitter_card":"summary_large_image","twitter_misc":{"Est. tempo de leitura":"2 minutos"},"schema":{"@context":"https:\/\/schema.org","@graph":[{"@type":"WebPage","@id":"https:\/\/lucianemonteiro.com\/index.php\/taca-escarlate\/","url":"https:\/\/lucianemonteiro.com\/index.php\/taca-escarlate\/","name":"Ta\u00e7a Escarlate - Luciane Monteiro","isPartOf":{"@id":"https:\/\/lucianemonteiro.com\/#website"},"primaryImageOfPage":{"@id":"https:\/\/lucianemonteiro.com\/index.php\/taca-escarlate\/#primaryimage"},"image":{"@id":"https:\/\/lucianemonteiro.com\/index.php\/taca-escarlate\/#primaryimage"},"thumbnailUrl":"https:\/\/lucianemonteiro.com\/wp-content\/uploads\/2021\/01\/WhatsApp-Image-2019-11-25-at-00.09.43-1024x682.jpeg","datePublished":"2021-01-17T03:42:00+00:00","dateModified":"2025-05-12T20:20:03+00:00","breadcrumb":{"@id":"https:\/\/lucianemonteiro.com\/index.php\/taca-escarlate\/#breadcrumb"},"inLanguage":"pt-BR","potentialAction":[{"@type":"ReadAction","target":["https:\/\/lucianemonteiro.com\/index.php\/taca-escarlate\/"]}]},{"@type":"ImageObject","inLanguage":"pt-BR","@id":"https:\/\/lucianemonteiro.com\/index.php\/taca-escarlate\/#primaryimage","url":"https:\/\/lucianemonteiro.com\/wp-content\/uploads\/2021\/01\/WhatsApp-Image-2019-11-25-at-00.09.43.jpeg","contentUrl":"https:\/\/lucianemonteiro.com\/wp-content\/uploads\/2021\/01\/WhatsApp-Image-2019-11-25-at-00.09.43.jpeg","width":1280,"height":853},{"@type":"BreadcrumbList","@id":"https:\/\/lucianemonteiro.com\/index.php\/taca-escarlate\/#breadcrumb","itemListElement":[{"@type":"ListItem","position":1,"name":"In\u00edcio","item":"https:\/\/lucianemonteiro.com\/"},{"@type":"ListItem","position":2,"name":"Ta\u00e7a Escarlate"}]},{"@type":"WebSite","@id":"https:\/\/lucianemonteiro.com\/#website","url":"https:\/\/lucianemonteiro.com\/","name":"Luciane Monteiro","description":"Escritos","potentialAction":[{"@type":"SearchAction","target":{"@type":"EntryPoint","urlTemplate":"https:\/\/lucianemonteiro.com\/?s={search_term_string}"},"query-input":{"@type":"PropertyValueSpecification","valueRequired":true,"valueName":"search_term_string"}}],"inLanguage":"pt-BR"}]}},"acf":[],"_links":{"self":[{"href":"https:\/\/lucianemonteiro.com\/index.php\/wp-json\/wp\/v2\/pages\/108","targetHints":{"allow":["GET"]}}],"collection":[{"href":"https:\/\/lucianemonteiro.com\/index.php\/wp-json\/wp\/v2\/pages"}],"about":[{"href":"https:\/\/lucianemonteiro.com\/index.php\/wp-json\/wp\/v2\/types\/page"}],"author":[{"embeddable":true,"href":"https:\/\/lucianemonteiro.com\/index.php\/wp-json\/wp\/v2\/users\/1"}],"replies":[{"embeddable":true,"href":"https:\/\/lucianemonteiro.com\/index.php\/wp-json\/wp\/v2\/comments?post=108"}],"version-history":[{"count":15,"href":"https:\/\/lucianemonteiro.com\/index.php\/wp-json\/wp\/v2\/pages\/108\/revisions"}],"predecessor-version":[{"id":2226,"href":"https:\/\/lucianemonteiro.com\/index.php\/wp-json\/wp\/v2\/pages\/108\/revisions\/2226"}],"wp:attachment":[{"href":"https:\/\/lucianemonteiro.com\/index.php\/wp-json\/wp\/v2\/media?parent=108"}],"curies":[{"name":"wp","href":"https:\/\/api.w.org\/{rel}","templated":true}]}}