{"id":100,"date":"2021-01-17T00:18:57","date_gmt":"2021-01-17T03:18:57","guid":{"rendered":"https:\/\/lucianemonteiro.com\/?page_id=100"},"modified":"2021-11-09T19:07:58","modified_gmt":"2021-11-09T22:07:58","slug":"criar-historias","status":"publish","type":"page","link":"https:\/\/lucianemonteiro.com\/index.php\/criar-historias\/","title":{"rendered":"Criar hist\u00f3rias"},"content":{"rendered":"\n<p class=\"has-text-align-center\">&#8220;N\u00e3o \u00e9 f\u00e1cil escrever um livro. Demanda tempo, inspira\u00e7\u00e3o, pesquisa. Exige desejo, urg\u00eancia, paix\u00e3o! \u00c9 preciso \u201cdar \u00e0 luz\u201d um sujeito, com ou sem nome, mas com personalidade pr\u00f3pria. Pensar o que ele faz, como pensa, qual \u00e9 a sua apar\u00eancia.<\/p>\n\n\n\n<p class=\"has-text-align-center\">E ir ainda mais fundo: descobrir quais s\u00e3o suas ang\u00fastias e desassossegos! Sentir suas dores enquanto as coloca no papel\u2026&#8221;<\/p>\n\n\n\n<div class=\"wp-block-image is-style-default\"><figure class=\"aligncenter size-large is-resized\"><img loading=\"lazy\" decoding=\"async\" src=\"https:\/\/lucianemonteiro.com\/wp-content\/uploads\/2021\/01\/book-863418_1920-1-1024x640.jpg\" alt=\"\" class=\"wp-image-104\" width=\"512\" height=\"320\" srcset=\"https:\/\/lucianemonteiro.com\/wp-content\/uploads\/2021\/01\/book-863418_1920-1-1024x640.jpg 1024w, https:\/\/lucianemonteiro.com\/wp-content\/uploads\/2021\/01\/book-863418_1920-1-300x188.jpg 300w, https:\/\/lucianemonteiro.com\/wp-content\/uploads\/2021\/01\/book-863418_1920-1-768x480.jpg 768w, https:\/\/lucianemonteiro.com\/wp-content\/uploads\/2021\/01\/book-863418_1920-1-1536x960.jpg 1536w, https:\/\/lucianemonteiro.com\/wp-content\/uploads\/2021\/01\/book-863418_1920-1-1140x713.jpg 1140w, https:\/\/lucianemonteiro.com\/wp-content\/uploads\/2021\/01\/book-863418_1920-1-600x375.jpg 600w, https:\/\/lucianemonteiro.com\/wp-content\/uploads\/2021\/01\/book-863418_1920-1.jpg 1920w\" sizes=\"auto, (max-width: 512px) 100vw, 512px\" \/><\/figure><\/div>\n\n\n\n<p>Desde crian\u00e7a gostava de criar personagens. Quando me aprofundei nas leituras, alguns finais n\u00e3o me agradavam. Foi ent\u00e3o que decidi escrever minhas pr\u00f3prias hist\u00f3rias, tendo minhas sobrinhas e amigas como leitoras fieis. Gosto de pensar sobre o que inquieta o ser humano e como cada um deles lida de forma diferente com seus percal\u00e7os. E assim v\u00e3o surgindo as hist\u00f3rias, \u00e0s vezes de uma cena que vem \u00e0 mente, uma m\u00fasica que me inspira, um personagem em sonho. <\/p>\n\n\n\n<p>A hist\u00f3ria surge com um imagem ou uma cena, quase uma sementinha. E a partir dali v\u00e3o surgindo os dramas, v\u00e3o tomando forma no papel, tornam-se quase uma obsess\u00e3o. Escrever, escrever, revisitar hist\u00f3rias, apegar-se, aprofundar-se. \u00c9 um v\u00edcio bom! Algumas viraram livro. Esse ano surgiram mais duas hist\u00f3rias. Mais duas que se juntaram a outras ainda na gaveta. E assim cada uma vai esperando sua hora de tornar-se um novo escrito formatado. <\/p>\n\n\n\n<p><strong>Romances publicados:<\/strong><\/p>\n\n\n\n<p class=\"has-text-align-center\"><a href=\"https:\/\/lucianemonteiro.com\/index.php\/a-ultima-tempestade\/\" target=\"_blank\" rel=\"noreferrer noopener\"><strong>A \u00faltima tempestade<\/strong><\/a><\/p>\n\n\n\n<div class=\"wp-block-image is-style-default\"><figure class=\"aligncenter size-large is-resized\"><img loading=\"lazy\" decoding=\"async\" src=\"https:\/\/lucianemonteiro.com\/wp-content\/uploads\/2021\/11\/WhatsApp-Image-2020-02-20-at-6.46.22-PM-730x1024.jpeg\" alt=\"\" class=\"wp-image-1587\" width=\"183\" height=\"256\" srcset=\"https:\/\/lucianemonteiro.com\/wp-content\/uploads\/2021\/11\/WhatsApp-Image-2020-02-20-at-6.46.22-PM-730x1024.jpeg 730w, https:\/\/lucianemonteiro.com\/wp-content\/uploads\/2021\/11\/WhatsApp-Image-2020-02-20-at-6.46.22-PM-214x300.jpeg 214w, https:\/\/lucianemonteiro.com\/wp-content\/uploads\/2021\/11\/WhatsApp-Image-2020-02-20-at-6.46.22-PM-768x1077.jpeg 768w, https:\/\/lucianemonteiro.com\/wp-content\/uploads\/2021\/11\/WhatsApp-Image-2020-02-20-at-6.46.22-PM-600x841.jpeg 600w, https:\/\/lucianemonteiro.com\/wp-content\/uploads\/2021\/11\/WhatsApp-Image-2020-02-20-at-6.46.22-PM.jpeg 913w\" sizes=\"auto, (max-width: 183px) 100vw, 183px\" \/><\/figure><\/div>\n\n\n\n<p class=\"has-text-align-center\"><a href=\"https:\/\/lucianemonteiro.com\/index.php\/fama-ao-avesso\/\" target=\"_blank\" rel=\"noreferrer noopener\"><strong>Fama ao avesso<\/strong><\/a><\/p>\n\n\n\n<div class=\"wp-block-image is-style-default\"><figure class=\"aligncenter size-large is-resized\"><img loading=\"lazy\" decoding=\"async\" src=\"https:\/\/lucianemonteiro.com\/wp-content\/uploads\/2021\/10\/WhatsApp-Image-2021-08-23-at-12.28.18-682x1024.jpeg\" alt=\"\" class=\"wp-image-1561\" width=\"171\" height=\"256\" srcset=\"https:\/\/lucianemonteiro.com\/wp-content\/uploads\/2021\/10\/WhatsApp-Image-2021-08-23-at-12.28.18-682x1024.jpeg 682w, https:\/\/lucianemonteiro.com\/wp-content\/uploads\/2021\/10\/WhatsApp-Image-2021-08-23-at-12.28.18-200x300.jpeg 200w, https:\/\/lucianemonteiro.com\/wp-content\/uploads\/2021\/10\/WhatsApp-Image-2021-08-23-at-12.28.18-768x1152.jpeg 768w, https:\/\/lucianemonteiro.com\/wp-content\/uploads\/2021\/10\/WhatsApp-Image-2021-08-23-at-12.28.18-600x900.jpeg 600w, https:\/\/lucianemonteiro.com\/wp-content\/uploads\/2021\/10\/WhatsApp-Image-2021-08-23-at-12.28.18.jpeg 853w\" sizes=\"auto, (max-width: 171px) 100vw, 171px\" \/><\/figure><\/div>\n\n\n\n<p class=\"has-text-align-center\"><a href=\"https:\/\/lucianemonteiro.com\/index.php\/nas-montanhas-de-monte-verde\/\" target=\"_blank\" rel=\"noreferrer noopener\"><strong>Nas montanhas de Monte Verde<\/strong><\/a><\/p>\n\n\n\n<div class=\"wp-block-image is-style-default\"><figure class=\"aligncenter size-large is-resized\"><img loading=\"lazy\" decoding=\"async\" src=\"https:\/\/lucianemonteiro.com\/wp-content\/uploads\/2021\/11\/montanhas_monte_verde_final_jpeg-639x1024.jpg\" alt=\"\" class=\"wp-image-1589\" width=\"160\" height=\"256\" srcset=\"https:\/\/lucianemonteiro.com\/wp-content\/uploads\/2021\/11\/montanhas_monte_verde_final_jpeg-639x1024.jpg 639w, https:\/\/lucianemonteiro.com\/wp-content\/uploads\/2021\/11\/montanhas_monte_verde_final_jpeg-187x300.jpg 187w, https:\/\/lucianemonteiro.com\/wp-content\/uploads\/2021\/11\/montanhas_monte_verde_final_jpeg-768x1230.jpg 768w, https:\/\/lucianemonteiro.com\/wp-content\/uploads\/2021\/11\/montanhas_monte_verde_final_jpeg-959x1536.jpg 959w, https:\/\/lucianemonteiro.com\/wp-content\/uploads\/2021\/11\/montanhas_monte_verde_final_jpeg-1140x1825.jpg 1140w, https:\/\/lucianemonteiro.com\/wp-content\/uploads\/2021\/11\/montanhas_monte_verde_final_jpeg-600x961.jpg 600w, https:\/\/lucianemonteiro.com\/wp-content\/uploads\/2021\/11\/montanhas_monte_verde_final_jpeg.jpg 1249w\" sizes=\"auto, (max-width: 160px) 100vw, 160px\" \/><\/figure><\/div>\n\n\n\n<p class=\"has-text-align-center\"><a href=\"https:\/\/lucianemonteiro.com\/index.php\/o-amor-e-demi-sec\/\" target=\"_blank\" rel=\"noreferrer noopener\"><strong>O amor \u00e9 demi-sec<\/strong><\/a><\/p>\n\n\n\n<div class=\"wp-block-image is-style-default\"><figure class=\"aligncenter size-large is-resized\"><img loading=\"lazy\" decoding=\"async\" src=\"https:\/\/lucianemonteiro.com\/wp-content\/uploads\/2021\/11\/2020-05-25-2.png\" alt=\"\" class=\"wp-image-1588\" width=\"169\" height=\"268\" srcset=\"https:\/\/lucianemonteiro.com\/wp-content\/uploads\/2021\/11\/2020-05-25-2.png 338w, https:\/\/lucianemonteiro.com\/wp-content\/uploads\/2021\/11\/2020-05-25-2-189x300.png 189w\" sizes=\"auto, (max-width: 169px) 100vw, 169px\" \/><\/figure><\/div>\n\n\n\n<p class=\"has-text-align-center\"><a href=\"https:\/\/lucianemonteiro.com\/index.php\/estela-becker-solitaria-e-intensa\/\" target=\"_blank\" rel=\"noreferrer noopener\"><strong>Estela Becker, solit\u00e1ria e intensa<\/strong><\/a><\/p>\n\n\n\n<div class=\"wp-block-image is-style-default\"><figure class=\"aligncenter size-large is-resized\"><img loading=\"lazy\" decoding=\"async\" src=\"https:\/\/lucianemonteiro.com\/wp-content\/uploads\/2021\/11\/2020-06-16-2.png\" alt=\"\" class=\"wp-image-1590\" width=\"159\" height=\"243\" srcset=\"https:\/\/lucianemonteiro.com\/wp-content\/uploads\/2021\/11\/2020-06-16-2.png 317w, https:\/\/lucianemonteiro.com\/wp-content\/uploads\/2021\/11\/2020-06-16-2-196x300.png 196w\" sizes=\"auto, (max-width: 159px) 100vw, 159px\" \/><\/figure><\/div>\n\n\n\n<p class=\"has-text-align-left\"><strong>Livro de mem\u00f3rias:<\/strong><\/p>\n\n\n\n<p class=\"has-text-align-center\"><a href=\"https:\/\/lucianemonteiro.com\/index.php\/historia-de-uma-vida-memorias-de-uma-vida\/\" target=\"_blank\" rel=\"noreferrer noopener\"><strong>Hist\u00f3ria de uma vida, mem\u00f3rias de Dona Nilce<\/strong><\/a><\/p>\n\n\n\n<div class=\"wp-block-image is-style-default\"><figure class=\"aligncenter size-large is-resized\"><img loading=\"lazy\" decoding=\"async\" src=\"https:\/\/lucianemonteiro.com\/wp-content\/uploads\/2021\/11\/41A3UOiR35L._SX331_BO1204203200_.jpg\" alt=\"\" class=\"wp-image-1591\" width=\"167\" height=\"250\" srcset=\"https:\/\/lucianemonteiro.com\/wp-content\/uploads\/2021\/11\/41A3UOiR35L._SX331_BO1204203200_.jpg 333w, https:\/\/lucianemonteiro.com\/wp-content\/uploads\/2021\/11\/41A3UOiR35L._SX331_BO1204203200_-200x300.jpg 200w\" sizes=\"auto, (max-width: 167px) 100vw, 167px\" \/><\/figure><\/div>\n","protected":false},"excerpt":{"rendered":"<p>&#8220;N\u00e3o \u00e9 f\u00e1cil escrever um livro. Demanda tempo, inspira\u00e7\u00e3o, pesquisa. Exige desejo, urg\u00eancia, paix\u00e3o! \u00c9 preciso \u201cdar \u00e0 luz\u201d um sujeito, com ou sem nome, mas com personalidade pr\u00f3pria. Pensar o que ele faz, como pensa, qual \u00e9 a sua apar\u00eancia. E ir ainda mais fundo: descobrir quais s\u00e3o suas ang\u00fastias e desassossegos! Sentir suas dores enquanto as coloca no papel\u2026&#8221; Desde crian\u00e7a gostava de criar personagens. Quando me aprofundei nas leituras, alguns finais n\u00e3o me agradavam. Foi ent\u00e3o que decidi escrever minhas pr\u00f3prias hist\u00f3rias, tendo minhas sobrinhas e amigas como leitoras fieis. Gosto de pensar sobre o que inquieta o ser humano e como cada um deles lida de forma diferente com seus percal\u00e7os. E assim v\u00e3o surgindo as hist\u00f3rias, \u00e0s vezes de uma cena que vem \u00e0 mente, uma m\u00fasica que me inspira, um personagem em sonho. A hist\u00f3ria surge com um imagem ou uma cena, quase uma sementinha. E a partir dali v\u00e3o surgindo os dramas, v\u00e3o tomando forma no papel, tornam-se quase uma obsess\u00e3o. Escrever, escrever, revisitar hist\u00f3rias, apegar-se, aprofundar-se. \u00c9 um v\u00edcio bom! Algumas viraram livro. Esse ano surgiram mais duas hist\u00f3rias. Mais duas que se juntaram a outras ainda na gaveta. E assim cada uma vai esperando sua hora de tornar-se um novo escrito formatado. Romances publicados: A \u00faltima tempestade Fama ao avesso Nas montanhas de Monte Verde O amor \u00e9 demi-sec Estela Becker, solit\u00e1ria e intensa Livro de mem\u00f3rias: Hist\u00f3ria de uma vida, mem\u00f3rias de Dona Nilce<\/p>\n","protected":false},"author":1,"featured_media":0,"parent":0,"menu_order":0,"comment_status":"closed","ping_status":"closed","template":"","meta":{"footnotes":""},"class_list":["post-100","page","type-page","status-publish","hentry"],"yoast_head":"<!-- This site is optimized with the Yoast SEO plugin v26.6 - https:\/\/yoast.com\/wordpress\/plugins\/seo\/ -->\n<title>Criar hist\u00f3rias - Luciane Monteiro<\/title>\n<meta name=\"robots\" content=\"index, follow, max-snippet:-1, max-image-preview:large, max-video-preview:-1\" \/>\n<link rel=\"canonical\" href=\"https:\/\/lucianemonteiro.com\/index.php\/criar-historias\/\" \/>\n<meta property=\"og:locale\" content=\"pt_BR\" \/>\n<meta property=\"og:type\" content=\"article\" \/>\n<meta property=\"og:title\" content=\"Criar hist\u00f3rias - Luciane Monteiro\" \/>\n<meta property=\"og:description\" content=\"&#8220;N\u00e3o \u00e9 f\u00e1cil escrever um livro. Demanda tempo, inspira\u00e7\u00e3o, pesquisa. Exige desejo, urg\u00eancia, paix\u00e3o! \u00c9 preciso \u201cdar \u00e0 luz\u201d um sujeito, com ou sem nome, mas com personalidade pr\u00f3pria. Pensar o que ele faz, como pensa, qual \u00e9 a sua apar\u00eancia. E ir ainda mais fundo: descobrir quais s\u00e3o suas ang\u00fastias e desassossegos! Sentir suas dores enquanto as coloca no papel\u2026&#8221; Desde crian\u00e7a gostava de criar personagens. Quando me aprofundei nas leituras, alguns finais n\u00e3o me agradavam. Foi ent\u00e3o que decidi escrever minhas pr\u00f3prias hist\u00f3rias, tendo minhas sobrinhas e amigas como leitoras fieis. Gosto de pensar sobre o que inquieta o ser humano e como cada um deles lida de forma diferente com seus percal\u00e7os. E assim v\u00e3o surgindo as hist\u00f3rias, \u00e0s vezes de uma cena que vem \u00e0 mente, uma m\u00fasica que me inspira, um personagem em sonho. A hist\u00f3ria surge com um imagem ou uma cena, quase uma sementinha. E a partir dali v\u00e3o surgindo os dramas, v\u00e3o tomando forma no papel, tornam-se quase uma obsess\u00e3o. Escrever, escrever, revisitar hist\u00f3rias, apegar-se, aprofundar-se. \u00c9 um v\u00edcio bom! Algumas viraram livro. Esse ano surgiram mais duas hist\u00f3rias. Mais duas que se juntaram a outras ainda na gaveta. E assim cada uma vai esperando sua hora de tornar-se um novo escrito formatado. Romances publicados: A \u00faltima tempestade Fama ao avesso Nas montanhas de Monte Verde O amor \u00e9 demi-sec Estela Becker, solit\u00e1ria e intensa Livro de mem\u00f3rias: Hist\u00f3ria de uma vida, mem\u00f3rias de Dona Nilce\" \/>\n<meta property=\"og:url\" content=\"https:\/\/lucianemonteiro.com\/index.php\/criar-historias\/\" \/>\n<meta property=\"og:site_name\" content=\"Luciane Monteiro\" \/>\n<meta property=\"article:modified_time\" content=\"2021-11-09T22:07:58+00:00\" \/>\n<meta property=\"og:image\" content=\"https:\/\/lucianemonteiro.com\/wp-content\/uploads\/2021\/01\/book-863418_1920-1-1024x640.jpg\" \/>\n<meta name=\"twitter:card\" content=\"summary_large_image\" \/>\n<meta name=\"twitter:label1\" content=\"Est. tempo de leitura\" \/>\n\t<meta name=\"twitter:data1\" content=\"3 minutos\" \/>\n<script type=\"application\/ld+json\" class=\"yoast-schema-graph\">{\"@context\":\"https:\/\/schema.org\",\"@graph\":[{\"@type\":\"WebPage\",\"@id\":\"https:\/\/lucianemonteiro.com\/index.php\/criar-historias\/\",\"url\":\"https:\/\/lucianemonteiro.com\/index.php\/criar-historias\/\",\"name\":\"Criar hist\u00f3rias - Luciane Monteiro\",\"isPartOf\":{\"@id\":\"https:\/\/lucianemonteiro.com\/#website\"},\"primaryImageOfPage\":{\"@id\":\"https:\/\/lucianemonteiro.com\/index.php\/criar-historias\/#primaryimage\"},\"image\":{\"@id\":\"https:\/\/lucianemonteiro.com\/index.php\/criar-historias\/#primaryimage\"},\"thumbnailUrl\":\"https:\/\/lucianemonteiro.com\/wp-content\/uploads\/2021\/01\/book-863418_1920-1-1024x640.jpg\",\"datePublished\":\"2021-01-17T03:18:57+00:00\",\"dateModified\":\"2021-11-09T22:07:58+00:00\",\"breadcrumb\":{\"@id\":\"https:\/\/lucianemonteiro.com\/index.php\/criar-historias\/#breadcrumb\"},\"inLanguage\":\"pt-BR\",\"potentialAction\":[{\"@type\":\"ReadAction\",\"target\":[\"https:\/\/lucianemonteiro.com\/index.php\/criar-historias\/\"]}]},{\"@type\":\"ImageObject\",\"inLanguage\":\"pt-BR\",\"@id\":\"https:\/\/lucianemonteiro.com\/index.php\/criar-historias\/#primaryimage\",\"url\":\"https:\/\/lucianemonteiro.com\/wp-content\/uploads\/2021\/01\/book-863418_1920-1.jpg\",\"contentUrl\":\"https:\/\/lucianemonteiro.com\/wp-content\/uploads\/2021\/01\/book-863418_1920-1.jpg\",\"width\":1920,\"height\":1200},{\"@type\":\"BreadcrumbList\",\"@id\":\"https:\/\/lucianemonteiro.com\/index.php\/criar-historias\/#breadcrumb\",\"itemListElement\":[{\"@type\":\"ListItem\",\"position\":1,\"name\":\"In\u00edcio\",\"item\":\"https:\/\/lucianemonteiro.com\/\"},{\"@type\":\"ListItem\",\"position\":2,\"name\":\"Criar hist\u00f3rias\"}]},{\"@type\":\"WebSite\",\"@id\":\"https:\/\/lucianemonteiro.com\/#website\",\"url\":\"https:\/\/lucianemonteiro.com\/\",\"name\":\"Luciane Monteiro\",\"description\":\"Escritos\",\"potentialAction\":[{\"@type\":\"SearchAction\",\"target\":{\"@type\":\"EntryPoint\",\"urlTemplate\":\"https:\/\/lucianemonteiro.com\/?s={search_term_string}\"},\"query-input\":{\"@type\":\"PropertyValueSpecification\",\"valueRequired\":true,\"valueName\":\"search_term_string\"}}],\"inLanguage\":\"pt-BR\"}]}<\/script>\n<!-- \/ Yoast SEO plugin. -->","yoast_head_json":{"title":"Criar hist\u00f3rias - Luciane Monteiro","robots":{"index":"index","follow":"follow","max-snippet":"max-snippet:-1","max-image-preview":"max-image-preview:large","max-video-preview":"max-video-preview:-1"},"canonical":"https:\/\/lucianemonteiro.com\/index.php\/criar-historias\/","og_locale":"pt_BR","og_type":"article","og_title":"Criar hist\u00f3rias - Luciane Monteiro","og_description":"&#8220;N\u00e3o \u00e9 f\u00e1cil escrever um livro. Demanda tempo, inspira\u00e7\u00e3o, pesquisa. Exige desejo, urg\u00eancia, paix\u00e3o! \u00c9 preciso \u201cdar \u00e0 luz\u201d um sujeito, com ou sem nome, mas com personalidade pr\u00f3pria. Pensar o que ele faz, como pensa, qual \u00e9 a sua apar\u00eancia. E ir ainda mais fundo: descobrir quais s\u00e3o suas ang\u00fastias e desassossegos! Sentir suas dores enquanto as coloca no papel\u2026&#8221; Desde crian\u00e7a gostava de criar personagens. Quando me aprofundei nas leituras, alguns finais n\u00e3o me agradavam. Foi ent\u00e3o que decidi escrever minhas pr\u00f3prias hist\u00f3rias, tendo minhas sobrinhas e amigas como leitoras fieis. Gosto de pensar sobre o que inquieta o ser humano e como cada um deles lida de forma diferente com seus percal\u00e7os. E assim v\u00e3o surgindo as hist\u00f3rias, \u00e0s vezes de uma cena que vem \u00e0 mente, uma m\u00fasica que me inspira, um personagem em sonho. A hist\u00f3ria surge com um imagem ou uma cena, quase uma sementinha. E a partir dali v\u00e3o surgindo os dramas, v\u00e3o tomando forma no papel, tornam-se quase uma obsess\u00e3o. Escrever, escrever, revisitar hist\u00f3rias, apegar-se, aprofundar-se. \u00c9 um v\u00edcio bom! Algumas viraram livro. Esse ano surgiram mais duas hist\u00f3rias. Mais duas que se juntaram a outras ainda na gaveta. E assim cada uma vai esperando sua hora de tornar-se um novo escrito formatado. Romances publicados: A \u00faltima tempestade Fama ao avesso Nas montanhas de Monte Verde O amor \u00e9 demi-sec Estela Becker, solit\u00e1ria e intensa Livro de mem\u00f3rias: Hist\u00f3ria de uma vida, mem\u00f3rias de Dona Nilce","og_url":"https:\/\/lucianemonteiro.com\/index.php\/criar-historias\/","og_site_name":"Luciane Monteiro","article_modified_time":"2021-11-09T22:07:58+00:00","og_image":[{"url":"https:\/\/lucianemonteiro.com\/wp-content\/uploads\/2021\/01\/book-863418_1920-1-1024x640.jpg","type":"","width":"","height":""}],"twitter_card":"summary_large_image","twitter_misc":{"Est. tempo de leitura":"3 minutos"},"schema":{"@context":"https:\/\/schema.org","@graph":[{"@type":"WebPage","@id":"https:\/\/lucianemonteiro.com\/index.php\/criar-historias\/","url":"https:\/\/lucianemonteiro.com\/index.php\/criar-historias\/","name":"Criar hist\u00f3rias - Luciane Monteiro","isPartOf":{"@id":"https:\/\/lucianemonteiro.com\/#website"},"primaryImageOfPage":{"@id":"https:\/\/lucianemonteiro.com\/index.php\/criar-historias\/#primaryimage"},"image":{"@id":"https:\/\/lucianemonteiro.com\/index.php\/criar-historias\/#primaryimage"},"thumbnailUrl":"https:\/\/lucianemonteiro.com\/wp-content\/uploads\/2021\/01\/book-863418_1920-1-1024x640.jpg","datePublished":"2021-01-17T03:18:57+00:00","dateModified":"2021-11-09T22:07:58+00:00","breadcrumb":{"@id":"https:\/\/lucianemonteiro.com\/index.php\/criar-historias\/#breadcrumb"},"inLanguage":"pt-BR","potentialAction":[{"@type":"ReadAction","target":["https:\/\/lucianemonteiro.com\/index.php\/criar-historias\/"]}]},{"@type":"ImageObject","inLanguage":"pt-BR","@id":"https:\/\/lucianemonteiro.com\/index.php\/criar-historias\/#primaryimage","url":"https:\/\/lucianemonteiro.com\/wp-content\/uploads\/2021\/01\/book-863418_1920-1.jpg","contentUrl":"https:\/\/lucianemonteiro.com\/wp-content\/uploads\/2021\/01\/book-863418_1920-1.jpg","width":1920,"height":1200},{"@type":"BreadcrumbList","@id":"https:\/\/lucianemonteiro.com\/index.php\/criar-historias\/#breadcrumb","itemListElement":[{"@type":"ListItem","position":1,"name":"In\u00edcio","item":"https:\/\/lucianemonteiro.com\/"},{"@type":"ListItem","position":2,"name":"Criar hist\u00f3rias"}]},{"@type":"WebSite","@id":"https:\/\/lucianemonteiro.com\/#website","url":"https:\/\/lucianemonteiro.com\/","name":"Luciane Monteiro","description":"Escritos","potentialAction":[{"@type":"SearchAction","target":{"@type":"EntryPoint","urlTemplate":"https:\/\/lucianemonteiro.com\/?s={search_term_string}"},"query-input":{"@type":"PropertyValueSpecification","valueRequired":true,"valueName":"search_term_string"}}],"inLanguage":"pt-BR"}]}},"acf":[],"_links":{"self":[{"href":"https:\/\/lucianemonteiro.com\/index.php\/wp-json\/wp\/v2\/pages\/100","targetHints":{"allow":["GET"]}}],"collection":[{"href":"https:\/\/lucianemonteiro.com\/index.php\/wp-json\/wp\/v2\/pages"}],"about":[{"href":"https:\/\/lucianemonteiro.com\/index.php\/wp-json\/wp\/v2\/types\/page"}],"author":[{"embeddable":true,"href":"https:\/\/lucianemonteiro.com\/index.php\/wp-json\/wp\/v2\/users\/1"}],"replies":[{"embeddable":true,"href":"https:\/\/lucianemonteiro.com\/index.php\/wp-json\/wp\/v2\/comments?post=100"}],"version-history":[{"count":10,"href":"https:\/\/lucianemonteiro.com\/index.php\/wp-json\/wp\/v2\/pages\/100\/revisions"}],"predecessor-version":[{"id":1596,"href":"https:\/\/lucianemonteiro.com\/index.php\/wp-json\/wp\/v2\/pages\/100\/revisions\/1596"}],"wp:attachment":[{"href":"https:\/\/lucianemonteiro.com\/index.php\/wp-json\/wp\/v2\/media?parent=100"}],"curies":[{"name":"wp","href":"https:\/\/api.w.org\/{rel}","templated":true}]}}